{"id":615,"date":"2022-09-03T12:19:21","date_gmt":"2022-09-03T11:19:21","guid":{"rendered":"https:\/\/blogsaverroes.juntadeandalucia.es\/ceipsanmarcosweb\/?page_id=615"},"modified":"2024-10-02T21:03:11","modified_gmt":"2024-10-02T19:03:11","slug":"proyecto-educativo","status":"publish","type":"page","link":"https:\/\/blogsaverroes.juntadeandalucia.es\/ceipsanmarcosweb\/proyecto-educativo\/","title":{"rendered":"Proyecto Educativo"},"content":{"rendered":"<p>Un centro se define en gran medida por su&nbsp;<strong>Proyecto Educativo<\/strong>. En \u00e9l se plasma el modelo educativo y la concreci\u00f3n de la normativa que un centro realiza respecto a las ense\u00f1anzas que imparte. Aspectos tales como las finales educativas, objetivos, atenci\u00f3n a la diversidad, etc.<\/p>\n<p>Que la web de un centro informe de su Proyecto Educativo es una apuesta clara por la&nbsp;<strong>transparencia<\/strong>.<\/p>\n<p>Este espacio puede mostrar tanto los aspectos esenciales del Proyecto como enlazar a otros documentos o secciones con informaci\u00f3n m\u00e1s detallada.<\/p>\n<p><a href=\"https:\/\/blogsaverroes.juntadeandalucia.es\/ceipgenarorincon\/files\/2015\/03\/proyecto.png\"><img loading=\"lazy\" decoding=\"async\" class=\"size-medium wp-image-1662 alignright\" src=\"https:\/\/blogsaverroes.juntadeandalucia.es\/ceipgenarorincon\/files\/2015\/03\/proyecto-300x266.png\" alt=\"\" width=\"300\" height=\"266\"><\/a><\/p>\n<p>&nbsp;<\/p>\n<blockquote><p>\u201cEl Proyecto Educativo de Centro es el instrumento que recoge y comunica una propuesta integral para orientar coherentemente las pr\u00e1cticas educativas que se llevan a cabo en una instituci\u00f3n escolar\u201d<\/p><\/blockquote>\n<p>&nbsp;<\/p>\n<p>&nbsp;<\/p>\n<h1><em><strong>CURSO 24-25<\/strong><\/em><\/h1>\n<p><iframe loading=\"lazy\" src=\"https:\/\/drive.google.com\/file\/d\/1F1It7e1oIYk2VtcyG7SKHOar35Z2-Jmt\/preview\" width=\"640\" height=\"480\"><span data-mce-type=\"bookmark\" style=\"width: 0px;overflow: hidden;line-height: 0\" class=\"mce_SELRES_start\">\ufeff<\/span><\/iframe><\/p>\n","protected":false},"excerpt":{"rendered":"<p>Un centro se define en gran medida por su&nbsp;Proyecto Educativo. En \u00e9l se plasma el modelo educativo y la concreci\u00f3n de la normativa que un centro realiza respecto a las ense\u00f1anzas que imparte. Aspectos&#46;&#46;&#46;<\/p>\n","protected":false},"author":10452,"featured_media":0,"parent":0,"menu_order":0,"comment_status":"closed","ping_status":"closed","template":"","meta":{"ngg_post_thumbnail":0,"footnotes":""},"aioseo_notices":[],"_links":{"self":[{"href":"https:\/\/blogsaverroes.juntadeandalucia.es\/ceipsanmarcosweb\/wp-json\/wp\/v2\/pages\/615"}],"collection":[{"href":"https:\/\/blogsaverroes.juntadeandalucia.es\/ceipsanmarcosweb\/wp-json\/wp\/v2\/pages"}],"about":[{"href":"https:\/\/blogsaverroes.juntadeandalucia.es\/ceipsanmarcosweb\/wp-json\/wp\/v2\/types\/page"}],"author":[{"embeddable":true,"href":"https:\/\/blogsaverroes.juntadeandalucia.es\/ceipsanmarcosweb\/wp-json\/wp\/v2\/users\/10452"}],"replies":[{"embeddable":true,"href":"https:\/\/blogsaverroes.juntadeandalucia.es\/ceipsanmarcosweb\/wp-json\/wp\/v2\/comments?post=615"}],"version-history":[{"count":4,"href":"https:\/\/blogsaverroes.juntadeandalucia.es\/ceipsanmarcosweb\/wp-json\/wp\/v2\/pages\/615\/revisions"}],"predecessor-version":[{"id":863,"href":"https:\/\/blogsaverroes.juntadeandalucia.es\/ceipsanmarcosweb\/wp-json\/wp\/v2\/pages\/615\/revisions\/863"}],"wp:attachment":[{"href":"https:\/\/blogsaverroes.juntadeandalucia.es\/ceipsanmarcosweb\/wp-json\/wp\/v2\/media?parent=615"}],"curies":[{"name":"wp","href":"https:\/\/api.w.org\/{rel}","templated":true}]}}