{"id":617,"date":"2022-09-03T12:19:50","date_gmt":"2022-09-03T11:19:50","guid":{"rendered":"https:\/\/blogsaverroes.juntadeandalucia.es\/ceipsanmarcosweb\/?page_id=617"},"modified":"2022-09-22T18:42:17","modified_gmt":"2022-09-22T16:42:17","slug":"r-o-f","status":"publish","type":"page","link":"https:\/\/blogsaverroes.juntadeandalucia.es\/ceipsanmarcosweb\/r-o-f\/","title":{"rendered":"R.O.F."},"content":{"rendered":"<p>La Ley de Educaci\u00f3n de Andaluc\u00eda establece en su art\u00edculo 128 que el reglamento de organizaci\u00f3n y funcionamiento recoger\u00e1 las normas organizativas y funcionales que faciliten la consecuci\u00f3n del clima adecuado para alcanzar los objetivos que el centro se haya propuesto y permitan mantener un ambiente de respeto, confianza y colaboraci\u00f3n entre todos los sectores de la comunidad educativa.<\/p>\n<p>El ROF pretende ser un instrumento al servicio de la comunidad educativa que garantice la mayor objetividad posible en el tratamiento de todos aquellos aspectos relacionados con la vida del centro y que no est\u00e9n suficientemente desarrollados en la normativa vigente por pertenecer a nuestro contexto particular.<\/p>\n<p><a href=\"https:\/\/blogsaverroes.juntadeandalucia.es\/ceipgenarorincon\/files\/2015\/03\/lapices3.jpg\"><img loading=\"lazy\" decoding=\"async\" class=\"wp-image-569 aligncenter\" src=\"https:\/\/blogsaverroes.juntadeandalucia.es\/ceipgenarorincon\/files\/2015\/03\/lapices3-300x199.jpg\" alt=\"\" width=\"182\" height=\"121\"><\/a><\/p>\n<p><iframe loading=\"lazy\" src=\"https:\/\/drive.google.com\/file\/d\/1zT4RWtsDev9__lU4lllpXmpA-udu3u7l\/preview\" width=\"640\" height=\"480\"><\/iframe><\/p>\n","protected":false},"excerpt":{"rendered":"<p>La Ley de Educaci\u00f3n de Andaluc\u00eda establece en su art\u00edculo 128 que el reglamento de organizaci\u00f3n y funcionamiento recoger\u00e1 las normas organizativas y funcionales que faciliten la consecuci\u00f3n del clima adecuado para alcanzar los&#46;&#46;&#46;<\/p>\n","protected":false},"author":10452,"featured_media":0,"parent":0,"menu_order":0,"comment_status":"closed","ping_status":"closed","template":"","meta":{"ngg_post_thumbnail":0,"footnotes":""},"aioseo_notices":[],"_links":{"self":[{"href":"https:\/\/blogsaverroes.juntadeandalucia.es\/ceipsanmarcosweb\/wp-json\/wp\/v2\/pages\/617"}],"collection":[{"href":"https:\/\/blogsaverroes.juntadeandalucia.es\/ceipsanmarcosweb\/wp-json\/wp\/v2\/pages"}],"about":[{"href":"https:\/\/blogsaverroes.juntadeandalucia.es\/ceipsanmarcosweb\/wp-json\/wp\/v2\/types\/page"}],"author":[{"embeddable":true,"href":"https:\/\/blogsaverroes.juntadeandalucia.es\/ceipsanmarcosweb\/wp-json\/wp\/v2\/users\/10452"}],"replies":[{"embeddable":true,"href":"https:\/\/blogsaverroes.juntadeandalucia.es\/ceipsanmarcosweb\/wp-json\/wp\/v2\/comments?post=617"}],"version-history":[{"count":3,"href":"https:\/\/blogsaverroes.juntadeandalucia.es\/ceipsanmarcosweb\/wp-json\/wp\/v2\/pages\/617\/revisions"}],"predecessor-version":[{"id":738,"href":"https:\/\/blogsaverroes.juntadeandalucia.es\/ceipsanmarcosweb\/wp-json\/wp\/v2\/pages\/617\/revisions\/738"}],"wp:attachment":[{"href":"https:\/\/blogsaverroes.juntadeandalucia.es\/ceipsanmarcosweb\/wp-json\/wp\/v2\/media?parent=617"}],"curies":[{"name":"wp","href":"https:\/\/api.w.org\/{rel}","templated":true}]}}