{"id":636,"date":"2022-09-03T12:29:07","date_gmt":"2022-09-03T11:29:07","guid":{"rendered":"https:\/\/blogsaverroes.juntadeandalucia.es\/ceipsanmarcosweb\/?page_id=636"},"modified":"2022-09-23T20:03:07","modified_gmt":"2022-09-23T18:03:07","slug":"aula-matinal","status":"publish","type":"page","link":"https:\/\/blogsaverroes.juntadeandalucia.es\/ceipsanmarcosweb\/aula-matinal\/","title":{"rendered":"Aula matinal"},"content":{"rendered":"<div class=\"module module-fancy-heading tb_2g0n533\">\n<h1 class=\"fancy-heading tf_textl\"><img loading=\"lazy\" decoding=\"async\" class=\"alignnone size-medium wp-image-748\" src=\"https:\/\/blogsaverroes.juntadeandalucia.es\/ceipsanmarcosweb\/files\/2022\/09\/aula-matinal1-300x134.jpg\" alt=\"\" width=\"300\" height=\"134\" srcset=\"https:\/\/blogsaverroes.juntadeandalucia.es\/ceipsanmarcosweb\/files\/2022\/09\/aula-matinal1-300x134.jpg 300w, https:\/\/blogsaverroes.juntadeandalucia.es\/ceipsanmarcosweb\/files\/2022\/09\/aula-matinal1.jpg 750w\" sizes=\"(max-width: 300px) 100vw, 300px\" \/><\/h1>\n<\/div>\n<div class=\"module module-text tb_f2s1337\">\n<div class=\"tb_text_wrap\">\n<p align=\"justify\"><strong>El Aula Matinal es el tiempo comprendido entre las 7:30 h. y las 9:00 h., hora de comienzo de la jornada lectiva.<\/strong><\/p>\n<p align=\"justify\"><strong>Las actividades a realizar durante este periodo&nbsp;<\/strong>de tiempo consistir\u00e1n en la apertura y puesta en marcha de las instalaciones, recepci\u00f3n de los ni\u00f1os y ni\u00f1as, desayuno (deber\u00e1n traerlo de casa) y realizaci\u00f3n de actividades complementarias a la formaci\u00f3n y animaci\u00f3n.<\/p>\n<p align=\"justify\"><strong>Los alumnos y alumnas que deseen hacer uso de este servicio se pueden inscribir en cualquier momento, rellenando un impreso de inscripci\u00f3n que se recoge en Direcci\u00f3n.<\/strong><\/p>\n<p><strong>Precio:&nbsp; &nbsp;D\u00edas sueltos 1,18\u20ac. Mes completo 15,40\u20ac<\/strong><\/p>\n<p align=\"justify\">La Consejer\u00eda de Educaci\u00f3n de la Junta de Andaluc\u00eda subvenciona, seg\u00fan renta, el precio del Aula Matinal. Las bonificaciones pueden ir del 10% al 100%.<\/p>\n<\/div>\n<\/div>\n","protected":false},"excerpt":{"rendered":"<p>El Aula Matinal es el tiempo comprendido entre las 7:30 h. y las 9:00 h., hora de comienzo de la jornada lectiva. Las actividades a realizar durante este periodo&nbsp;de tiempo consistir\u00e1n en la apertura&#46;&#46;&#46;<\/p>\n","protected":false},"author":10452,"featured_media":0,"parent":0,"menu_order":0,"comment_status":"closed","ping_status":"closed","template":"","meta":{"ngg_post_thumbnail":0,"footnotes":""},"aioseo_notices":[],"_links":{"self":[{"href":"https:\/\/blogsaverroes.juntadeandalucia.es\/ceipsanmarcosweb\/wp-json\/wp\/v2\/pages\/636"}],"collection":[{"href":"https:\/\/blogsaverroes.juntadeandalucia.es\/ceipsanmarcosweb\/wp-json\/wp\/v2\/pages"}],"about":[{"href":"https:\/\/blogsaverroes.juntadeandalucia.es\/ceipsanmarcosweb\/wp-json\/wp\/v2\/types\/page"}],"author":[{"embeddable":true,"href":"https:\/\/blogsaverroes.juntadeandalucia.es\/ceipsanmarcosweb\/wp-json\/wp\/v2\/users\/10452"}],"replies":[{"embeddable":true,"href":"https:\/\/blogsaverroes.juntadeandalucia.es\/ceipsanmarcosweb\/wp-json\/wp\/v2\/comments?post=636"}],"version-history":[{"count":3,"href":"https:\/\/blogsaverroes.juntadeandalucia.es\/ceipsanmarcosweb\/wp-json\/wp\/v2\/pages\/636\/revisions"}],"predecessor-version":[{"id":749,"href":"https:\/\/blogsaverroes.juntadeandalucia.es\/ceipsanmarcosweb\/wp-json\/wp\/v2\/pages\/636\/revisions\/749"}],"wp:attachment":[{"href":"https:\/\/blogsaverroes.juntadeandalucia.es\/ceipsanmarcosweb\/wp-json\/wp\/v2\/media?parent=636"}],"curies":[{"name":"wp","href":"https:\/\/api.w.org\/{rel}","templated":true}]}}