{"id":662,"date":"2022-09-04T18:08:54","date_gmt":"2022-09-04T17:08:54","guid":{"rendered":"https:\/\/blogsaverroes.juntadeandalucia.es\/ceipsanmarcosweb\/?page_id=662"},"modified":"2025-10-13T18:35:27","modified_gmt":"2025-10-13T16:35:27","slug":"planes-y-programas","status":"publish","type":"page","link":"https:\/\/blogsaverroes.juntadeandalucia.es\/ceipsanmarcosweb\/planes-y-programas\/","title":{"rendered":"Planes y Programas"},"content":{"rendered":"<p><span style=\"font-size: 14pt\">Cada centro personaliza y adapta su Proyecto Educativo adhiri\u00e9ndose a diferentes <strong>Planes y Programas<\/strong> promovidos desde la Consejer\u00eda de Educaci\u00f3n. En el C.E.I.P. San Marcos estamos llevando a cabo diversos Planes y Proyectos con el objetivo de enriquecer la educaci\u00f3n de nuestro alumnado.<\/span><\/p>\n<h3>&nbsp;<\/h3>\n<h3>PLAN DE IGUALDAD DE G\u00c9NERO EN EDUCACI\u00d3N<\/h3>\n<h3><img loading=\"lazy\" decoding=\"async\" class=\" wp-image-2284 alignleft\" src=\"https:\/\/blogsaverroes.juntadeandalucia.es\/ceipsanginesdelajara\/files\/2020\/10\/Plan-de-igualdad-300x209.jpg\" alt=\"\" width=\"171\" height=\"119\"><\/h3>\n<p><strong>Coordinadora<\/strong>: Inmaculada Molina Garc\u00eda<\/p>\n<p>&nbsp;<\/p>\n<p>&nbsp;<\/p>\n<p>&nbsp;<\/p>\n<h3>PLAN DE SALUD LABORAL Y PREVENCI\u00d3N DE RIESGOS LABORALES<\/h3>\n<p><img loading=\"lazy\" decoding=\"async\" class=\" wp-image-2285 alignleft\" src=\"https:\/\/blogsaverroes.juntadeandalucia.es\/ceipsanginesdelajara\/files\/2020\/10\/plan-salud-laboral.jpg\" alt=\"\" width=\"162\" height=\"122\"><\/p>\n<p><strong>Coordinadora<\/strong>: Marisa Hern\u00e1ndez Garc\u00eda<\/p>\n<p>&nbsp;<\/p>\n<p>&nbsp;<\/p>\n<p>&nbsp;<\/p>\n<h3>PLAN DE APERTURA DE CENTROS DOCENTES<\/h3>\n<p><img loading=\"lazy\" decoding=\"async\" class=\"wp-image-2286 alignleft\" src=\"https:\/\/blogsaverroes.juntadeandalucia.es\/ceipsanginesdelajara\/files\/2020\/10\/plan-de-apertura.jpg\" alt=\"\" width=\"175\" height=\"132\"><\/p>\n<p><strong>Coordinador<\/strong>: Francisco Amezcua Guerrero<\/p>\n<p>&nbsp;<\/p>\n<p>&nbsp;<\/p>\n<h3>&nbsp;<\/h3>\n<h3>PRACTICUM DEL GRADO DE MAESTRO<\/h3>\n<h3><img loading=\"lazy\" decoding=\"async\" class=\"wp-image-2287 alignleft\" src=\"https:\/\/blogsaverroes.juntadeandalucia.es\/ceipsanginesdelajara\/files\/2020\/10\/practicum-300x221.jpg\" alt=\"\" width=\"186\" height=\"137\"><\/h3>\n<p><strong>Coordinador<\/strong>: Francisco Amezcua Guerrero&nbsp;&nbsp;<\/p>\n<p>&nbsp;<\/p>\n<p>&nbsp;<\/p>\n<p>&nbsp;<\/p>\n<h3>&nbsp;<\/h3>\n<h3>RED ANDALUZA ESCUELA ESPACIO DE PAZ<\/h3>\n<h3><img loading=\"lazy\" decoding=\"async\" class=\"wp-image-2288 alignleft\" src=\"https:\/\/blogsaverroes.juntadeandalucia.es\/ceipsanginesdelajara\/files\/2020\/10\/plan-escuela-espacio-de-paz-300x191.jpg\" alt=\"\" width=\"193\" height=\"123\"><\/h3>\n<p><strong>Coordinadora<\/strong>: Alegr\u00eda S\u00e1nchez Le\u00f3n<\/p>\n<p>&nbsp;<\/p>\n<p>&nbsp;<\/p>\n<p>&nbsp;<\/p>\n<h3>PROGRAMA CRECIENDO EN SALUD<\/h3>\n<p><img loading=\"lazy\" decoding=\"async\" class=\"wp-image-2289 alignleft\" src=\"https:\/\/blogsaverroes.juntadeandalucia.es\/ceipsanginesdelajara\/files\/2020\/10\/proyecto-creciendo-en-salud-ceip-zurbarn-1-638-280x300.jpg\" alt=\"\" width=\"158\" height=\"170\"><\/p>\n<p><strong>Coordinadora<\/strong>: Carolina Valenzuela Cervantes<\/p>\n<p>&nbsp;<\/p>\n<p>&nbsp;<\/p>\n<p>&nbsp;<\/p>\n<p>&nbsp;<\/p>\n<h3>PROGRAMA PARA LA TRANSFORMACI\u00d3N DIGITAL EDUCATIVA<\/h3>\n<p><img loading=\"lazy\" decoding=\"async\" class=\"wp-image-2291 alignleft\" src=\"https:\/\/blogsaverroes.juntadeandalucia.es\/ceipsanginesdelajara\/files\/2020\/10\/logo_TDE-295x300.png\" alt=\"\" width=\"166\" height=\"169\"><\/p>\n<p><strong>Coordinador<\/strong>: Juan Carlos Chiach\u00edo Montilla<\/p>\n<p>&nbsp;<\/p>\n<p>&nbsp;<\/p>\n<p>&nbsp;<\/p>\n<p>&nbsp;<\/p>\n<h3>PROGRAMA PARA LA INNOVACI\u00d3N EDUCATIVA STEAM 4.0<\/h3>\n<p><span style=\"font-size: 16px\"><strong><img loading=\"lazy\" decoding=\"async\" class=\"wp-image-810 alignleft\" src=\"https:\/\/blogsaverroes.juntadeandalucia.es\/ceipsanmarcosweb\/files\/2022\/09\/DigCompEdu_logo_fondoblanco_V2.jpg\" alt=\"\" width=\"301\" height=\"107\" srcset=\"https:\/\/blogsaverroes.juntadeandalucia.es\/ceipsanmarcosweb\/files\/2022\/09\/DigCompEdu_logo_fondoblanco_V2.jpg 1624w, https:\/\/blogsaverroes.juntadeandalucia.es\/ceipsanmarcosweb\/files\/2022\/09\/DigCompEdu_logo_fondoblanco_V2-300x106.jpg 300w, https:\/\/blogsaverroes.juntadeandalucia.es\/ceipsanmarcosweb\/files\/2022\/09\/DigCompEdu_logo_fondoblanco_V2-1024x363.jpg 1024w, https:\/\/blogsaverroes.juntadeandalucia.es\/ceipsanmarcosweb\/files\/2022\/09\/DigCompEdu_logo_fondoblanco_V2-768x272.jpg 768w, https:\/\/blogsaverroes.juntadeandalucia.es\/ceipsanmarcosweb\/files\/2022\/09\/DigCompEdu_logo_fondoblanco_V2-1536x545.jpg 1536w\" sizes=\"(max-width: 301px) 100vw, 301px\" \/>Coordinador<\/strong>: Manuel Rosa Casas<\/span><\/p>\n<p>&nbsp;<\/p>\n<p>&nbsp;<\/p>\n<p>&nbsp;<\/p>\n<h3>PROGRAMA DE ORGANIZACI\u00d3N Y FUNCIONAMIENTO DE LAS BIBLIOTECAS ESCOLARES<\/h3>\n<p><img loading=\"lazy\" decoding=\"async\" class=\"wp-image-2296 alignleft\" src=\"https:\/\/blogsaverroes.juntadeandalucia.es\/ceipsanginesdelajara\/files\/2020\/10\/bibliotecas.jpg\" alt=\"\" width=\"210\" height=\"205\"><\/p>\n<p><strong>Coordinadora<\/strong>: Manuel Rosa Casas<\/p>\n<p>&nbsp;<\/p>\n<p>&nbsp;<\/p>\n<p>&nbsp;<\/p>\n<p>&nbsp;<\/p>\n<p>&nbsp;<\/p>\n<h3>PROGRAMA ESCUELAS DEPORTIVAS<\/h3>\n<p><img loading=\"lazy\" decoding=\"async\" class=\"wp-image-811 alignleft\" src=\"https:\/\/blogsaverroes.juntadeandalucia.es\/ceipsanmarcosweb\/files\/2022\/09\/banner-escuelas-deportivas.jpg\" alt=\"\" width=\"286\" height=\"92\" srcset=\"https:\/\/blogsaverroes.juntadeandalucia.es\/ceipsanmarcosweb\/files\/2022\/09\/banner-escuelas-deportivas.jpg 915w, https:\/\/blogsaverroes.juntadeandalucia.es\/ceipsanmarcosweb\/files\/2022\/09\/banner-escuelas-deportivas-300x97.jpg 300w, https:\/\/blogsaverroes.juntadeandalucia.es\/ceipsanmarcosweb\/files\/2022\/09\/banner-escuelas-deportivas-768x248.jpg 768w\" sizes=\"(max-width: 286px) 100vw, 286px\" \/><span style=\"font-size: 16px\"><strong>Coordinadora<\/strong>: Rosario Ana Zurita Garrido<\/span><\/p>\n<p>&nbsp;<\/p>\n<p>&nbsp;<\/p>\n<h3>&nbsp;<\/h3>\n<h3>PROGRAMA DE CONVIVENCIA ESCOLAR<\/h3>\n<p><span style=\"font-size: 16px\"><strong><img loading=\"lazy\" decoding=\"async\" class=\"wp-image-812 alignleft\" src=\"https:\/\/blogsaverroes.juntadeandalucia.es\/ceipsanmarcosweb\/files\/2022\/09\/plan-convivencia.jpg\" alt=\"\" width=\"260\" height=\"122\" srcset=\"https:\/\/blogsaverroes.juntadeandalucia.es\/ceipsanmarcosweb\/files\/2022\/09\/plan-convivencia.jpg 328w, https:\/\/blogsaverroes.juntadeandalucia.es\/ceipsanmarcosweb\/files\/2022\/09\/plan-convivencia-300x141.jpg 300w\" sizes=\"(max-width: 260px) 100vw, 260px\" \/>Coordinador<\/strong>: Juan Carlos Chiach\u00edo Montilla<\/span><\/p>\n<p>&nbsp;<\/p>\n<p>&nbsp;<\/p>\n<p>&nbsp;<\/p>\n<h3>PROGRAMA DE REFUERZO, ORIENTACI\u00d6N y APOYO (PROA)<\/h3>\n<h3 class=\"LC20lb MBeuO DKV0Md\"><img loading=\"lazy\" decoding=\"async\" class=\"wp-image-902 alignnone\" src=\"https:\/\/blogsaverroes.juntadeandalucia.es\/ceipsanmarcosweb\/files\/2025\/10\/proa-e1656055217729.jpg\" alt=\"\" width=\"292\" height=\"83\" srcset=\"https:\/\/blogsaverroes.juntadeandalucia.es\/ceipsanmarcosweb\/files\/2025\/10\/proa-e1656055217729.jpg 1258w, https:\/\/blogsaverroes.juntadeandalucia.es\/ceipsanmarcosweb\/files\/2025\/10\/proa-e1656055217729-300x85.jpg 300w, https:\/\/blogsaverroes.juntadeandalucia.es\/ceipsanmarcosweb\/files\/2025\/10\/proa-e1656055217729-1024x291.jpg 1024w, https:\/\/blogsaverroes.juntadeandalucia.es\/ceipsanmarcosweb\/files\/2025\/10\/proa-e1656055217729-768x219.jpg 768w\" sizes=\"(max-width: 292px) 100vw, 292px\" \/> <span style=\"font-size: 16px\"><strong>Coordinadora<\/strong>: <strong>M\u00aa Pilar Valero Planet<\/strong><\/span><\/h3>\n","protected":false},"excerpt":{"rendered":"<p>Cada centro personaliza y adapta su Proyecto Educativo adhiri\u00e9ndose a diferentes Planes y Programas promovidos desde la Consejer\u00eda de Educaci\u00f3n. En el C.E.I.P. San Marcos estamos llevando a cabo diversos Planes y Proyectos con&#46;&#46;&#46;<\/p>\n","protected":false},"author":10452,"featured_media":0,"parent":0,"menu_order":0,"comment_status":"closed","ping_status":"closed","template":"","meta":{"ngg_post_thumbnail":0,"footnotes":""},"aioseo_notices":[],"_links":{"self":[{"href":"https:\/\/blogsaverroes.juntadeandalucia.es\/ceipsanmarcosweb\/wp-json\/wp\/v2\/pages\/662"}],"collection":[{"href":"https:\/\/blogsaverroes.juntadeandalucia.es\/ceipsanmarcosweb\/wp-json\/wp\/v2\/pages"}],"about":[{"href":"https:\/\/blogsaverroes.juntadeandalucia.es\/ceipsanmarcosweb\/wp-json\/wp\/v2\/types\/page"}],"author":[{"embeddable":true,"href":"https:\/\/blogsaverroes.juntadeandalucia.es\/ceipsanmarcosweb\/wp-json\/wp\/v2\/users\/10452"}],"replies":[{"embeddable":true,"href":"https:\/\/blogsaverroes.juntadeandalucia.es\/ceipsanmarcosweb\/wp-json\/wp\/v2\/comments?post=662"}],"version-history":[{"count":13,"href":"https:\/\/blogsaverroes.juntadeandalucia.es\/ceipsanmarcosweb\/wp-json\/wp\/v2\/pages\/662\/revisions"}],"predecessor-version":[{"id":903,"href":"https:\/\/blogsaverroes.juntadeandalucia.es\/ceipsanmarcosweb\/wp-json\/wp\/v2\/pages\/662\/revisions\/903"}],"wp:attachment":[{"href":"https:\/\/blogsaverroes.juntadeandalucia.es\/ceipsanmarcosweb\/wp-json\/wp\/v2\/media?parent=662"}],"curies":[{"name":"wp","href":"https:\/\/api.w.org\/{rel}","templated":true}]}}