{"id":691,"date":"2022-09-08T16:48:44","date_gmt":"2022-09-08T14:48:44","guid":{"rendered":"https:\/\/blogsaverroes.juntadeandalucia.es\/ceipsanmarcosweb\/?page_id=691"},"modified":"2025-10-09T17:41:11","modified_gmt":"2025-10-09T15:41:11","slug":"claustro-24-25","status":"publish","type":"page","link":"https:\/\/blogsaverroes.juntadeandalucia.es\/ceipsanmarcosweb\/claustro-24-25\/","title":{"rendered":"Claustro curso 25-26"},"content":{"rendered":"<p style=\"text-align: center\"><span style=\"font-size: 18pt\"><strong>CLAUSTRO DE PROFESORADO PARA EL CURSO 25-26<\/strong><\/span><\/p>\n<table style=\"width: 100%;border-collapse: collapse;background-color: #2f92f5;height: 668px\">\n<tbody>\n<tr style=\"height: 24px\">\n<td style=\"width: 55.5152%;height: 24px\" width=\"288\"><strong>Francisco Amezcua Guerrero<\/strong><\/td>\n<td style=\"width: 44.3636%;height: 24px\" width=\"229\">Director \/ M\u00fasica<\/td>\n<\/tr>\n<tr style=\"height: 24px\">\n<td style=\"width: 55.5152%;height: 24px\" width=\"288\"><strong>Juan Carlos Chiach\u00edo Montilla<\/strong><\/td>\n<td style=\"width: 44.3636%;height: 24px\" width=\"229\">Jefe de Estudios \/ Educaci\u00f3n F\u00edsica<\/td>\n<\/tr>\n<tr style=\"height: 24px\">\n<td style=\"width: 55.5152%;height: 24px\" width=\"288\"><strong>M\u00aa Jos\u00e9 Fabrellas Jim\u00e9nez<\/strong><\/td>\n<td style=\"width: 44.3636%;height: 24px\" width=\"229\">Secretaria \/ 2\u00ba Primaria<\/td>\n<\/tr>\n<tr style=\"height: 24px\">\n<td style=\"width: 55.5152%;height: 24px\" width=\"288\"><strong>Antonia M\u00aa Jim\u00e9nez Tirado<\/strong><\/td>\n<td style=\"width: 44.3636%;height: 24px\" width=\"229\">Apoyo Infantil<\/td>\n<\/tr>\n<tr style=\"height: 24px\">\n<td style=\"width: 55.5152%;height: 24px\" width=\"288\"><strong>M\u00aa Elena del Pozo Guzm\u00e1n<\/strong><\/td>\n<td style=\"width: 44.3636%;height: 24px\" width=\"229\">Infantil 3 a\u00f1os<\/td>\n<\/tr>\n<tr style=\"height: 24px\">\n<td style=\"width: 55.5152%;height: 24px\" width=\"288\"><strong>M\u00aa Esther Fern\u00e1ndez Serrano<\/strong><\/td>\n<td style=\"width: 44.3636%;height: 24px\" width=\"229\">Infantil 3 a\u00f1os<\/td>\n<\/tr>\n<tr style=\"height: 24px\">\n<td style=\"width: 55.5152%;height: 24px\" width=\"288\"><strong>Silvia Og\u00e1yar Rosell\u00f3<\/strong><\/td>\n<td style=\"width: 44.3636%;height: 24px\" width=\"229\">Infantil 4 a\u00f1os<\/td>\n<\/tr>\n<tr style=\"height: 24px\">\n<td style=\"width: 55.5152%;height: 24px\" width=\"288\"><strong>F\u00e1tima Guti\u00e9rrez Vela<\/strong><\/td>\n<td style=\"width: 44.3636%;height: 24px\" width=\"229\">Infantil 4 a\u00f1os<\/td>\n<\/tr>\n<tr style=\"height: 24px\">\n<td style=\"width: 55.5152%;height: 24px\" width=\"288\"><strong>M\u00aa Pilar Le\u00f3n P\u00e9rez<\/strong><\/td>\n<td style=\"width: 44.3636%;height: 24px\" width=\"229\">Infantil 5 a\u00f1os<\/td>\n<\/tr>\n<tr style=\"height: 24px\">\n<td style=\"width: 55.5152%;height: 24px\" width=\"288\"><b>M\u00aa Iluminada Extremera Espinosa<\/b><\/td>\n<td style=\"width: 44.3636%;height: 24px\" width=\"229\">Infantil 5 a\u00f1os<\/td>\n<\/tr>\n<tr style=\"height: 10px\">\n<td style=\"width: 55.5152%;height: 10px\" width=\"288\"><strong>Vanessa Lara Fern\u00e1ndez<\/strong><\/td>\n<td style=\"width: 44.3636%;height: 10px\" width=\"229\">1\u00ba Primaria<\/td>\n<\/tr>\n<tr style=\"height: 10px\">\n<td style=\"width: 55.5152%;height: 10px\" width=\"288\"><b>M\u00aa Inmaculada Molina Garc\u00eda<\/b><\/td>\n<td style=\"width: 44.3636%;height: 10px\" width=\"229\">1\u00ba Primaria \/ M\u00fasica<\/td>\n<\/tr>\n<tr style=\"height: 10px\">\n<td style=\"width: 55.5152%;height: 10px\" width=\"288\"><strong>M\u00aa Alegr\u00eda S\u00e1nchez Le\u00f3n<\/strong><\/td>\n<td style=\"width: 44.3636%;height: 10px\" width=\"229\">2\u00ba Primaria<\/td>\n<\/tr>\n<tr style=\"height: 10px\">\n<td style=\"width: 55.5152%;height: 10px\" width=\"288\"><strong>Nazaret P\u00e1rraga Pat\u00f3n<\/strong><\/td>\n<td style=\"width: 44.3636%;height: 10px\" width=\"229\">3\u00ba Primaria \/ M\u00fasica<\/td>\n<\/tr>\n<tr style=\"height: 24px\">\n<td style=\"width: 55.5152%;height: 24px\" width=\"288\"><strong>M\u00aa Pilar Valero Planet<\/strong><\/td>\n<td style=\"width: 44.3636%;height: 24px\" width=\"229\">3\u00ba Primaria \/ Educaci\u00f3n F\u00edsica<\/td>\n<\/tr>\n<tr style=\"height: 10px\">\n<td style=\"width: 55.5152%;height: 10px\" width=\"288\"><strong>M\u00aa Carmen Valenzuela Garrido<\/strong><\/td>\n<td style=\"width: 44.3636%;height: 10px\" width=\"229\">3\u00ba Primaria<\/td>\n<\/tr>\n<tr style=\"height: 24px\">\n<td style=\"width: 55.5152%;height: 24px\" width=\"288\"><strong>M\u00aa Isabel Hern\u00e1ndez Garc\u00eda<\/strong><\/td>\n<td style=\"width: 44.3636%;height: 24px\" width=\"229\">4\u00ba Primaria&nbsp;<\/td>\n<\/tr>\n<tr style=\"height: 24px\">\n<td style=\"width: 55.5152%;height: 24px\" width=\"288\"><strong>Rafael Castellano Ortega<\/strong><\/td>\n<td style=\"width: 44.3636%;height: 24px\" width=\"229\">4\u00ba Primaria \/ Educaci\u00f3n F\u00edsica<\/td>\n<\/tr>\n<tr style=\"height: 24px\">\n<td style=\"width: 55.5152%;height: 24px\" width=\"288\"><strong>M\u00aa del Pilar L\u00f3pez Ca\u00f1as<\/strong><\/td>\n<td style=\"width: 44.3636%;height: 24px\" width=\"229\">5\u00ba Primaria \/ Ingl\u00e9s<\/td>\n<\/tr>\n<tr style=\"height: 24px\">\n<td style=\"width: 55.5152%;height: 24px\" width=\"288\"><strong>Manuel Rosa Casas<\/strong><\/td>\n<td style=\"width: 44.3636%;height: 24px\" width=\"229\">5\u00ba Primaria \/ Educaci\u00f3n F\u00edsica<\/td>\n<\/tr>\n<tr style=\"height: 24px\">\n<td style=\"width: 55.5152%;height: 24px\" width=\"288\"><strong>Miguel \u00c1ngel Arjona Cano&nbsp;<\/strong><\/td>\n<td style=\"width: 44.3636%;height: 24px\" width=\"229\">6\u00ba Primaria \/ Franc\u00e9s<\/td>\n<\/tr>\n<tr style=\"height: 24px\">\n<td style=\"width: 55.5152%;height: 24px\" width=\"288\"><strong>Rosario Ana Zurita Garrido<\/strong><\/td>\n<td style=\"width: 44.3636%;height: 24px\" width=\"229\">6\u00ba Primaria&nbsp;<\/td>\n<\/tr>\n<tr style=\"height: 24px\">\n<td style=\"width: 55.5152%;height: 24px\" width=\"288\"><strong>M\u00aa Luisa Castillo Nieto<\/strong><\/td>\n<td style=\"width: 44.3636%;height: 24px\" width=\"229\">Apoyo Primaria<\/td>\n<\/tr>\n<tr style=\"height: 24px\">\n<td style=\"width: 55.5152%;height: 24px\" width=\"288\"><strong>Carolina Valenzuela Cervantes<\/strong><\/td>\n<td style=\"width: 44.3636%;height: 24px\" width=\"229\">Ingl\u00e9s&nbsp;<\/td>\n<\/tr>\n<tr style=\"height: 24px\">\n<td style=\"width: 55.5152%;height: 24px\" width=\"288\"><strong>M\u00aa Rosa Sanju\u00e1n Gallardo<\/strong><\/td>\n<td style=\"width: 44.3636%;height: 24px\" width=\"229\">Religi\u00f3n Cat\u00f3lica<\/td>\n<\/tr>\n<tr style=\"height: 24px\">\n<td style=\"width: 55.5152%;height: 24px\" width=\"288\"><strong>Francisco Esteban Navas Ol\u00edas<\/strong><\/td>\n<td style=\"width: 44.3636%;height: 24px\" width=\"229\">Religi\u00f3n Cat\u00f3lica<\/td>\n<\/tr>\n<tr style=\"height: 24px\">\n<td style=\"width: 55.5152%;height: 24px\" width=\"288\"><strong>Fuensanta Garc\u00eda Gonz\u00e1lez<\/strong><\/td>\n<td style=\"width: 44.3636%;height: 24px\" width=\"229\">Pedagog\u00eda Terap\u00e9utica<\/td>\n<\/tr>\n<tr style=\"height: 24px\">\n<td style=\"width: 55.5152%;height: 24px\" width=\"288\"><strong>M\u00aa Luisa Fr\u00edas Mart\u00ednez<\/strong><\/td>\n<td style=\"width: 44.3636%;height: 24px\" width=\"229\">Aula Espec\u00edfica<\/td>\n<\/tr>\n<tr style=\"height: 24px\">\n<td style=\"width: 55.5152%;height: 24px\" width=\"288\"><b>Marta Vargas Salvador<\/b><\/td>\n<td style=\"width: 44.3636%;height: 24px\" width=\"229\">Audici\u00f3n y Lenguaje<\/td>\n<\/tr>\n<\/tbody>\n<\/table>\n","protected":false},"excerpt":{"rendered":"<p>CLAUSTRO DE PROFESORADO PARA EL CURSO 25-26 Francisco Amezcua Guerrero Director \/ M\u00fasica Juan Carlos Chiach\u00edo Montilla Jefe de Estudios \/ Educaci\u00f3n F\u00edsica M\u00aa Jos\u00e9 Fabrellas Jim\u00e9nez Secretaria \/ 2\u00ba Primaria Antonia M\u00aa Jim\u00e9nez&#46;&#46;&#46;<\/p>\n","protected":false},"author":10452,"featured_media":0,"parent":0,"menu_order":0,"comment_status":"closed","ping_status":"closed","template":"","meta":{"ngg_post_thumbnail":0,"footnotes":""},"aioseo_notices":[],"_links":{"self":[{"href":"https:\/\/blogsaverroes.juntadeandalucia.es\/ceipsanmarcosweb\/wp-json\/wp\/v2\/pages\/691"}],"collection":[{"href":"https:\/\/blogsaverroes.juntadeandalucia.es\/ceipsanmarcosweb\/wp-json\/wp\/v2\/pages"}],"about":[{"href":"https:\/\/blogsaverroes.juntadeandalucia.es\/ceipsanmarcosweb\/wp-json\/wp\/v2\/types\/page"}],"author":[{"embeddable":true,"href":"https:\/\/blogsaverroes.juntadeandalucia.es\/ceipsanmarcosweb\/wp-json\/wp\/v2\/users\/10452"}],"replies":[{"embeddable":true,"href":"https:\/\/blogsaverroes.juntadeandalucia.es\/ceipsanmarcosweb\/wp-json\/wp\/v2\/comments?post=691"}],"version-history":[{"count":10,"href":"https:\/\/blogsaverroes.juntadeandalucia.es\/ceipsanmarcosweb\/wp-json\/wp\/v2\/pages\/691\/revisions"}],"predecessor-version":[{"id":898,"href":"https:\/\/blogsaverroes.juntadeandalucia.es\/ceipsanmarcosweb\/wp-json\/wp\/v2\/pages\/691\/revisions\/898"}],"wp:attachment":[{"href":"https:\/\/blogsaverroes.juntadeandalucia.es\/ceipsanmarcosweb\/wp-json\/wp\/v2\/media?parent=691"}],"curies":[{"name":"wp","href":"https:\/\/api.w.org\/{rel}","templated":true}]}}