{"id":778,"date":"2022-09-25T12:04:07","date_gmt":"2022-09-25T10:04:07","guid":{"rendered":"https:\/\/blogsaverroes.juntadeandalucia.es\/ceipsanmarcosweb\/?page_id=778"},"modified":"2022-09-25T12:10:43","modified_gmt":"2022-09-25T10:10:43","slug":"e-i-noticias","status":"publish","type":"page","link":"https:\/\/blogsaverroes.juntadeandalucia.es\/ceipsanmarcosweb\/e-i-noticias\/","title":{"rendered":"E.I. Noticias"},"content":{"rendered":"<p>La Educaci\u00f3n Infantil&nbsp;es la etapa educativa que atiende a ni\u00f1as y ni\u00f1os&nbsp;<strong>desde el nacimiento hasta los seis a\u00f1os&nbsp;<\/strong>con la finalidad de contribuir a su desarrollo f\u00edsico, afectivo, social e intelectual. Se ordena en dos ciclos: el primero comprende hasta los tres a\u00f1os; el segundo, que es gratuito, va&nbsp;desde los tres a los seis a\u00f1os de edad.<\/p>\n<p>Teniendo&nbsp;<strong>car\u00e1cter voluntario<\/strong>, este segundo ciclo se ha generalizado en toda Espa\u00f1a, de modo que en la actualidad pr\u00e1cticamente el 100% de los ni\u00f1os y ni\u00f1as de 3 a 6 a\u00f1os acuden al colegio de manera gratuita. La escolarizaci\u00f3n temprana se considera un gran logro que incidir\u00e1 positivamente en la mejora del rendimiento escolar futuro, por eso otras iniciativas como el Programa Educa 3 fomentan ahora la creaci\u00f3n de nuevas plazas educativas para ni\u00f1os de menos de 3 a\u00f1os.<\/p>\n<p>En&nbsp;los dos&nbsp;ciclos de la Educaci\u00f3n Infantil se atiende progresivamente al desarrollo afectivo, al movimiento y a los h\u00e1bitos de control corporal, a las manifestaciones de la comunicaci\u00f3n y del lenguaje, a las pautas elementales de convivencia y relaci\u00f3n social, as\u00ed como al descubrimiento de las caracter\u00edsticas f\u00edsicas y sociales del medio. Adem\u00e1s se&nbsp;propicia que ni\u00f1as y ni\u00f1os&nbsp;logren una imagen positiva y equilibrada de s\u00ed mismos&nbsp;y adquieran autonom\u00eda personal.<\/p>\n<h4>\u00bfQu\u00e9 tiene que aprender un\/a alumno\/a de Educaci\u00f3n Infantil?<\/h4>\n<p>En el segundo ciclo de Educaci\u00f3n Infantil hay tres \u00e1reas fundamentales que atienden progresivamente &nbsp;al desarrollo afectivo, al movimiento y a los h\u00e1bitos de control corporal, a las manifestaciones de la comunicaci\u00f3n y del lenguaje, a las pautas elementales de convivencia y relaci\u00f3n social, as\u00ed como el descubrimiento de las caracter\u00edsticas f\u00edsicas y sociales del medio. Adem\u00e1s se propicia que ni\u00f1as y ni\u00f1os logren una imagen positiva y equilibrada de s\u00ed mismos y adquieran autonom\u00eda personal.<\/p>\n<p>Es muy importante tener en cuenta que a edades tan tempranas el desarrollo madurativo de cada persona var\u00eda mucho, por lo que es contraproducente el realizar comparaciones entre los ni\u00f1os y las ni\u00f1as. Cada alumno\/a alcanzar\u00e1 los objetivos cuando est\u00e9 preparado\/a y su desarrollo se lo permita, os podemos asegurar que antes o despu\u00e9s todos aprenden a leer, a escribir, a sumar\u2026 Por lo tanto es mucho m\u00e1s importante sentar las bases que les permitir\u00e1n realizar aprendizajes significativos en el futuro, que tratar de forzar situaciones para las que no est\u00e1n preparados\/as. Una palabra deber\u00eda estar siempre rondando en nuestra cabeza: \u00abpaciencia\u00bb.<\/p>\n","protected":false},"excerpt":{"rendered":"<p>La Educaci\u00f3n Infantil&nbsp;es la etapa educativa que atiende a ni\u00f1as y ni\u00f1os&nbsp;desde el nacimiento hasta los seis a\u00f1os&nbsp;con la finalidad de contribuir a su desarrollo f\u00edsico, afectivo, social e intelectual. Se ordena en dos&#46;&#46;&#46;<\/p>\n","protected":false},"author":10452,"featured_media":0,"parent":0,"menu_order":0,"comment_status":"closed","ping_status":"closed","template":"","meta":{"ngg_post_thumbnail":0,"footnotes":""},"aioseo_notices":[],"_links":{"self":[{"href":"https:\/\/blogsaverroes.juntadeandalucia.es\/ceipsanmarcosweb\/wp-json\/wp\/v2\/pages\/778"}],"collection":[{"href":"https:\/\/blogsaverroes.juntadeandalucia.es\/ceipsanmarcosweb\/wp-json\/wp\/v2\/pages"}],"about":[{"href":"https:\/\/blogsaverroes.juntadeandalucia.es\/ceipsanmarcosweb\/wp-json\/wp\/v2\/types\/page"}],"author":[{"embeddable":true,"href":"https:\/\/blogsaverroes.juntadeandalucia.es\/ceipsanmarcosweb\/wp-json\/wp\/v2\/users\/10452"}],"replies":[{"embeddable":true,"href":"https:\/\/blogsaverroes.juntadeandalucia.es\/ceipsanmarcosweb\/wp-json\/wp\/v2\/comments?post=778"}],"version-history":[{"count":2,"href":"https:\/\/blogsaverroes.juntadeandalucia.es\/ceipsanmarcosweb\/wp-json\/wp\/v2\/pages\/778\/revisions"}],"predecessor-version":[{"id":788,"href":"https:\/\/blogsaverroes.juntadeandalucia.es\/ceipsanmarcosweb\/wp-json\/wp\/v2\/pages\/778\/revisions\/788"}],"wp:attachment":[{"href":"https:\/\/blogsaverroes.juntadeandalucia.es\/ceipsanmarcosweb\/wp-json\/wp\/v2\/media?parent=778"}],"curies":[{"name":"wp","href":"https:\/\/api.w.org\/{rel}","templated":true}]}}