{"id":786,"date":"2022-09-25T12:09:08","date_gmt":"2022-09-25T10:09:08","guid":{"rendered":"https:\/\/blogsaverroes.juntadeandalucia.es\/ceipsanmarcosweb\/?page_id=786"},"modified":"2022-09-25T12:09:08","modified_gmt":"2022-09-25T10:09:08","slug":"materiales-y-recursos-para-e-i","status":"publish","type":"page","link":"https:\/\/blogsaverroes.juntadeandalucia.es\/ceipsanmarcosweb\/materiales-y-recursos-para-e-i\/","title":{"rendered":"Materiales y recursos para E.I."},"content":{"rendered":"<h4>El zoo de las letras<\/h4>\n<p><a title=\"Zoo Letras\" href=\"http:\/\/agrega.juntadeandalucia.es\/visualizador-1\/es\/pode\/presentacion\/visualizadorSinSecuencia\/visualizar-datos.jsp\" target=\"_blank\" rel=\"noopener noreferrer\"><img loading=\"lazy\" decoding=\"async\" class=\"alignnone size-medium wp-image-1605\" src=\"https:\/\/blogsaverroes.juntadeandalucia.es\/cprtorrejaral\/files\/2015\/03\/zoo_letras-300x225.jpg\" alt=\"zoo_letras\" width=\"300\" height=\"225\"><\/a><\/p>\n<p>Presentaci\u00f3n multimedia que utiliza un m\u00e9todo sint\u00e9tico para el aprendizaje de la lecto-escritura de los ni\u00f1os y ni\u00f1as de Educaci\u00f3n Infantil. A trav\u00e9s de la pantalla del ordenador, en la Web del zoo, mediante una animaci\u00f3n a base de canciones, cuentos y otros recursos interactivos el alumnado va introduci\u00e9ndose en el aprendizaje de la lectura y la escritura. MENCI\u00d3N ESPECIAL XXIII Edici\u00f3n PREMIOS ANTONIO DOM\u00cdNGUEZ ORTIZ a investigaciones, experiencias y materiales dirigidos a la innovaci\u00f3n y mejora de la pr\u00e1ctica educativa.<\/p>\n<p>&nbsp;<\/p>\n<h4>\u00bfJugamos?<\/h4>\n<p><a title=\"Jugamos geometr\u00eda\" href=\"http:\/\/agrega.juntadeandalucia.es\/visualizar\/es\/es_2008052713_0201200\/false\" target=\"_blank\" rel=\"noopener noreferrer\"><img loading=\"lazy\" decoding=\"async\" class=\"alignnone size-medium wp-image-1607\" src=\"https:\/\/blogsaverroes.juntadeandalucia.es\/cprtorrejaral\/files\/2015\/03\/jugamos_geometria-300x183.jpg\" alt=\"jugamos_geometria\" width=\"300\" height=\"183\"><\/a><\/p>\n<p>Secuencia did\u00e1ctica para trabajar las formas geom\u00e9tricas b\u00e1sicas, su situaci\u00f3n en el espacio y clasificaci\u00f3n en funci\u00f3n de los colores.<\/p>\n<p>&nbsp;<\/p>\n<h4>Plants and flowers<\/h4>\n<p><a title=\"Plants Flowers\" href=\"http:\/\/agrega.juntadeandalucia.es\/visualizar\/es\/es-an_2010032213_9104943\/false\" target=\"_blank\" rel=\"noopener noreferrer\"><img loading=\"lazy\" decoding=\"async\" class=\"alignnone size-medium wp-image-1608\" src=\"https:\/\/blogsaverroes.juntadeandalucia.es\/cprtorrejaral\/files\/2015\/03\/plants_flowers-300x225.jpg\" alt=\"plants_flowers\" width=\"300\" height=\"225\"><\/a><\/p>\n<p>A trav\u00e9s de canciones, historias y diarios los alumnos adquirir\u00e1n el vocabulario relativo a las diferentes partes de una planta y su ciclo vital.<\/p>\n","protected":false},"excerpt":{"rendered":"<p>El zoo de las letras Presentaci\u00f3n multimedia que utiliza un m\u00e9todo sint\u00e9tico para el aprendizaje de la lecto-escritura de los ni\u00f1os y ni\u00f1as de Educaci\u00f3n Infantil. A trav\u00e9s de la pantalla del ordenador, en&#46;&#46;&#46;<\/p>\n","protected":false},"author":10452,"featured_media":0,"parent":0,"menu_order":0,"comment_status":"closed","ping_status":"closed","template":"","meta":{"ngg_post_thumbnail":0,"footnotes":""},"aioseo_notices":[],"_links":{"self":[{"href":"https:\/\/blogsaverroes.juntadeandalucia.es\/ceipsanmarcosweb\/wp-json\/wp\/v2\/pages\/786"}],"collection":[{"href":"https:\/\/blogsaverroes.juntadeandalucia.es\/ceipsanmarcosweb\/wp-json\/wp\/v2\/pages"}],"about":[{"href":"https:\/\/blogsaverroes.juntadeandalucia.es\/ceipsanmarcosweb\/wp-json\/wp\/v2\/types\/page"}],"author":[{"embeddable":true,"href":"https:\/\/blogsaverroes.juntadeandalucia.es\/ceipsanmarcosweb\/wp-json\/wp\/v2\/users\/10452"}],"replies":[{"embeddable":true,"href":"https:\/\/blogsaverroes.juntadeandalucia.es\/ceipsanmarcosweb\/wp-json\/wp\/v2\/comments?post=786"}],"version-history":[{"count":1,"href":"https:\/\/blogsaverroes.juntadeandalucia.es\/ceipsanmarcosweb\/wp-json\/wp\/v2\/pages\/786\/revisions"}],"predecessor-version":[{"id":787,"href":"https:\/\/blogsaverroes.juntadeandalucia.es\/ceipsanmarcosweb\/wp-json\/wp\/v2\/pages\/786\/revisions\/787"}],"wp:attachment":[{"href":"https:\/\/blogsaverroes.juntadeandalucia.es\/ceipsanmarcosweb\/wp-json\/wp\/v2\/media?parent=786"}],"curies":[{"name":"wp","href":"https:\/\/api.w.org\/{rel}","templated":true}]}}