{"id":789,"date":"2022-09-25T12:12:57","date_gmt":"2022-09-25T10:12:57","guid":{"rendered":"https:\/\/blogsaverroes.juntadeandalucia.es\/ceipsanmarcosweb\/?page_id=789"},"modified":"2022-09-25T12:12:57","modified_gmt":"2022-09-25T10:12:57","slug":"materiales-y-recursos-para-1o-ciclo-e-p","status":"publish","type":"page","link":"https:\/\/blogsaverroes.juntadeandalucia.es\/ceipsanmarcosweb\/materiales-y-recursos-para-1o-ciclo-e-p\/","title":{"rendered":"Materiales y recursos para 1\u00ba ciclo E.P."},"content":{"rendered":"<header class=\"entry-header cf\">\n<h1 class=\"entry-title\"><a href=\"https:\/\/blogsaverroes.juntadeandalucia.es\/ceipsanginesdelajara\/ed-primaria-1o-ciclo\/materiales-recursos\/\">E.P. 1\u00ba ciclo. Materiales, recursos\u2026<\/a><\/h1>\n<\/header>\n<div class=\"entry-byline cf\">El Agua es importante<\/div>\n<div class=\"entry-content cf\">\n<p><a title=\"El agua\" href=\"http:\/\/agrega.juntadeandalucia.es\/visualizador-1\/Visualizar\/Visualizar.do?identificador=es-an_2010032613_9081528&amp;secuencia=true&amp;idioma=es\" target=\"_blank\" rel=\"noopener noreferrer\"><img loading=\"lazy\" decoding=\"async\" class=\"alignnone size-medium wp-image-1579\" src=\"https:\/\/blogsaverroes.juntadeandalucia.es\/ceipsanginesdelajara\/files\/2015\/03\/agua-300x225.jpg\" alt=\"agua\" width=\"300\" height=\"225\"><\/a><br \/>\nPartimos de ideas ya tratadas en otras \u00e1reas: los seres vivos y la necesidad del agua para sobrevivir. Usamos el entorno m\u00e1s cercano para mostrar los usos del agua y como ahorrar el consumo innecesario.<\/p>\n<h4>La energ\u00eda nuestra amiga m\u00e1s cercana<\/h4>\n<p><a title=\"Energ\u00eda\" href=\"http:\/\/agrega.juntadeandalucia.es\/visualizador-1\/Visualizar\/Visualizar.do?identificador=es-an_2010032613_9081617&amp;secuencia=true&amp;idioma=es\" target=\"_blank\" rel=\"noopener noreferrer\"><img loading=\"lazy\" decoding=\"async\" class=\"alignnone size-medium wp-image-1585\" src=\"https:\/\/blogsaverroes.juntadeandalucia.es\/ceipsanginesdelajara\/files\/2015\/03\/energia-300x225.jpg\" alt=\"energia\" width=\"300\" height=\"225\"><\/a><\/p>\n<p>Abordamos el conocimiento de la necesidad, uso, abuso, problemas de la energ\u00eda; conceptos de energ\u00eda solar, e\u00f3lica y el\u00e9ctrica, producidas por elementos muy conocidos: el sol, el viento, el agua. Usos de la energ\u00eda en el hogar y c\u00f3mo ahorrarla.<\/p>\n<h4>Problemas de 1\u00ba, 2\u00ba y 3\u00ba de Primaria<\/h4>\n<p><a href=\"http:\/\/agrega.educacion.es\/visualizador-1\/es\/pode\/presentacion\/visualizadorSinSecuencia\/visualizar-datos.jsp\" target=\"_blank\" rel=\"noopener noreferrer\"><img loading=\"lazy\" decoding=\"async\" class=\"alignnone size-medium wp-image-1587\" src=\"https:\/\/blogsaverroes.juntadeandalucia.es\/ceipsanginesdelajara\/files\/2015\/03\/noria-300x225.jpg\" alt=\"noria\" width=\"300\" height=\"225\"><\/a><\/p>\n<p>Trabaja razonamiento num\u00e9rico, pares e impares, problemas desde distintas metodolog\u00edas (visuales, para trabajar con pizarra, l\u00fadicas, etc.)<\/p>\n<\/div>\n","protected":false},"excerpt":{"rendered":"<p>E.P. 1\u00ba ciclo. Materiales, recursos\u2026 El Agua es importante Partimos de ideas ya tratadas en otras \u00e1reas: los seres vivos y la necesidad del agua para sobrevivir. Usamos el entorno m\u00e1s cercano para mostrar&#46;&#46;&#46;<\/p>\n","protected":false},"author":10452,"featured_media":0,"parent":0,"menu_order":0,"comment_status":"closed","ping_status":"closed","template":"","meta":{"ngg_post_thumbnail":0,"footnotes":""},"aioseo_notices":[],"_links":{"self":[{"href":"https:\/\/blogsaverroes.juntadeandalucia.es\/ceipsanmarcosweb\/wp-json\/wp\/v2\/pages\/789"}],"collection":[{"href":"https:\/\/blogsaverroes.juntadeandalucia.es\/ceipsanmarcosweb\/wp-json\/wp\/v2\/pages"}],"about":[{"href":"https:\/\/blogsaverroes.juntadeandalucia.es\/ceipsanmarcosweb\/wp-json\/wp\/v2\/types\/page"}],"author":[{"embeddable":true,"href":"https:\/\/blogsaverroes.juntadeandalucia.es\/ceipsanmarcosweb\/wp-json\/wp\/v2\/users\/10452"}],"replies":[{"embeddable":true,"href":"https:\/\/blogsaverroes.juntadeandalucia.es\/ceipsanmarcosweb\/wp-json\/wp\/v2\/comments?post=789"}],"version-history":[{"count":1,"href":"https:\/\/blogsaverroes.juntadeandalucia.es\/ceipsanmarcosweb\/wp-json\/wp\/v2\/pages\/789\/revisions"}],"predecessor-version":[{"id":790,"href":"https:\/\/blogsaverroes.juntadeandalucia.es\/ceipsanmarcosweb\/wp-json\/wp\/v2\/pages\/789\/revisions\/790"}],"wp:attachment":[{"href":"https:\/\/blogsaverroes.juntadeandalucia.es\/ceipsanmarcosweb\/wp-json\/wp\/v2\/media?parent=789"}],"curies":[{"name":"wp","href":"https:\/\/api.w.org\/{rel}","templated":true}]}}