{"id":791,"date":"2022-09-25T12:14:09","date_gmt":"2022-09-25T10:14:09","guid":{"rendered":"https:\/\/blogsaverroes.juntadeandalucia.es\/ceipsanmarcosweb\/?page_id=791"},"modified":"2022-09-25T12:14:09","modified_gmt":"2022-09-25T10:14:09","slug":"materiales-y-recursos-para-2o-ciclo-e-p","status":"publish","type":"page","link":"https:\/\/blogsaverroes.juntadeandalucia.es\/ceipsanmarcosweb\/materiales-y-recursos-para-2o-ciclo-e-p\/","title":{"rendered":"Materiales y recursos para 2\u00ba ciclo E.P."},"content":{"rendered":"<header class=\"entry-header cf\">\n<h1 class=\"entry-title\"><a href=\"https:\/\/blogsaverroes.juntadeandalucia.es\/ceipsanginesdelajara\/ed-primaria-2o-ciclo\/materiales-recursos\/\">E.P. 2\u00ba ciclo. Materiales, recursos\u2026<\/a><\/h1>\n<\/header>\n<div class=\"entry-byline cf\">Superficie<\/div>\n<div class=\"entry-content cf\">\n<p><a title=\"Superficie\" href=\"http:\/\/agrega.juntadeandalucia.es\/visualizador-1\/es\/pode\/presentacion\/visualizadorSinSecuencia\/visualizar-datos.jsp\" target=\"_blank\" rel=\"noopener noreferrer\"><img loading=\"lazy\" decoding=\"async\" class=\"alignnone size-medium wp-image-1589\" src=\"https:\/\/blogsaverroes.juntadeandalucia.es\/ceipsanginesdelajara\/files\/2015\/03\/superficie-256x300.jpg\" alt=\"superficie\" width=\"256\" height=\"300\"><\/a><\/p>\n<p>Realizaremos una primera aproximaci\u00f3n al concepto de superficie utilizando unidades de medida del SMD y unidades no convencionales.<\/p>\n<h4>Las plantas<\/h4>\n<p><a title=\"Plantas\" href=\"http:\/\/agrega.juntadeandalucia.es\/visualizador-1\/es\/pode\/presentacion\/visualizadorSinSecuencia\/visualizar-datos.jsp\" target=\"_blank\" rel=\"noopener noreferrer\"><img loading=\"lazy\" decoding=\"async\" class=\"alignnone size-medium wp-image-1595\" src=\"https:\/\/blogsaverroes.juntadeandalucia.es\/ceipsanginesdelajara\/files\/2015\/03\/plantas-300x225.jpg\" alt=\"plantas\" width=\"300\" height=\"225\"><\/a><\/p>\n<p>Secuencia did\u00e1ctica con actividades para trabajar las plantas.<\/p>\n<h4>El espacio. El Sistema Solar<\/h4>\n<p><a title=\"Sistema Solar\" href=\"http:\/\/agrega.juntadeandalucia.es\/visualizador-1\/Visualizar\/Visualizar.do?identificador=es-an_2015020913_9142518&amp;secuencia=true&amp;idioma=es\" target=\"_blank\" rel=\"noopener noreferrer\"><img loading=\"lazy\" decoding=\"async\" class=\"alignnone size-medium wp-image-1597\" src=\"https:\/\/blogsaverroes.juntadeandalucia.es\/ceipsanginesdelajara\/files\/2015\/03\/sistema_solar-300x188.jpg\" alt=\"sistema_solar\" width=\"300\" height=\"188\"><\/a><\/p>\n<p>El Sistema Solar. El universo es un tema muy atractivo para los ni\u00f1os, del que poseen algunos conocimientos previos, adem\u00e1s de sus propias observaciones. El objetivo de esta unidad es permitirles tener una visi\u00f3n global de c\u00f3mo es su planeta y del lugar que ocupa en el espacio, y en \u00faltimo t\u00e9rmino invitarlos a observar el cielo para comprender algunos de los conceptos sobre Astronom\u00eda.<\/p>\n<\/div>\n","protected":false},"excerpt":{"rendered":"<p>E.P. 2\u00ba ciclo. Materiales, recursos\u2026 Superficie Realizaremos una primera aproximaci\u00f3n al concepto de superficie utilizando unidades de medida del SMD y unidades no convencionales. Las plantas Secuencia did\u00e1ctica con actividades para trabajar las plantas.&#46;&#46;&#46;<\/p>\n","protected":false},"author":10452,"featured_media":0,"parent":0,"menu_order":0,"comment_status":"closed","ping_status":"closed","template":"","meta":{"ngg_post_thumbnail":0,"footnotes":""},"aioseo_notices":[],"_links":{"self":[{"href":"https:\/\/blogsaverroes.juntadeandalucia.es\/ceipsanmarcosweb\/wp-json\/wp\/v2\/pages\/791"}],"collection":[{"href":"https:\/\/blogsaverroes.juntadeandalucia.es\/ceipsanmarcosweb\/wp-json\/wp\/v2\/pages"}],"about":[{"href":"https:\/\/blogsaverroes.juntadeandalucia.es\/ceipsanmarcosweb\/wp-json\/wp\/v2\/types\/page"}],"author":[{"embeddable":true,"href":"https:\/\/blogsaverroes.juntadeandalucia.es\/ceipsanmarcosweb\/wp-json\/wp\/v2\/users\/10452"}],"replies":[{"embeddable":true,"href":"https:\/\/blogsaverroes.juntadeandalucia.es\/ceipsanmarcosweb\/wp-json\/wp\/v2\/comments?post=791"}],"version-history":[{"count":1,"href":"https:\/\/blogsaverroes.juntadeandalucia.es\/ceipsanmarcosweb\/wp-json\/wp\/v2\/pages\/791\/revisions"}],"predecessor-version":[{"id":792,"href":"https:\/\/blogsaverroes.juntadeandalucia.es\/ceipsanmarcosweb\/wp-json\/wp\/v2\/pages\/791\/revisions\/792"}],"wp:attachment":[{"href":"https:\/\/blogsaverroes.juntadeandalucia.es\/ceipsanmarcosweb\/wp-json\/wp\/v2\/media?parent=791"}],"curies":[{"name":"wp","href":"https:\/\/api.w.org\/{rel}","templated":true}]}}