{"id":793,"date":"2022-09-25T12:15:09","date_gmt":"2022-09-25T10:15:09","guid":{"rendered":"https:\/\/blogsaverroes.juntadeandalucia.es\/ceipsanmarcosweb\/?page_id=793"},"modified":"2022-09-25T12:15:09","modified_gmt":"2022-09-25T10:15:09","slug":"materiales-y-recursos-para-3o-ciclo-e-p","status":"publish","type":"page","link":"https:\/\/blogsaverroes.juntadeandalucia.es\/ceipsanmarcosweb\/materiales-y-recursos-para-3o-ciclo-e-p\/","title":{"rendered":"Materiales y recursos para 3\u00ba ciclo E.P."},"content":{"rendered":"<header class=\"entry-header cf\">\n<h1 class=\"entry-title\"><a href=\"https:\/\/blogsaverroes.juntadeandalucia.es\/ceipsanginesdelajara\/ed-primaria-3o-ciclo\/materiales-recursos\/\">E.P. 3\u00ba ciclo. Materiales, recursos\u2026<\/a><\/h1>\n<\/header>\n<div class=\"entry-byline cf\">Animals in our world<\/div>\n<div class=\"entry-content cf\">\n<p><a title=\"Animals\" href=\"http:\/\/agrega.juntadeandalucia.es\/visualizar\/es\/es-an_2010032213_9120327\/false\" target=\"_blank\" rel=\"noopener noreferrer\"><img loading=\"lazy\" decoding=\"async\" class=\"alignnone size-medium wp-image-1599\" src=\"https:\/\/blogsaverroes.juntadeandalucia.es\/ceipsanginesdelajara\/files\/2015\/03\/animales-300x225.jpg\" alt=\"animales\" width=\"300\" height=\"225\"><\/a><\/p>\n<p>En esta secuencia did\u00e1ctica utilizaremos el tema de los animales para trabajar el Present simple incidiendo especialmente en la forma interrogativa (preguntas y respuestas) y en la tercera persona del singular. L\u00f3gicamente incidiremos tambi\u00e9n en los pronombres interrogativos. Veremos c\u00f3mo y d\u00f3nde viven animales y mascotas (tambi\u00e9n de d\u00f3nde proceden) sus h\u00e1bitos lo que comen, los compararemos y describiremos.<\/p>\n<h4>Los valores democr\u00e1ticos<\/h4>\n<p><a title=\"Europa\" href=\"http:\/\/agrega.juntadeandalucia.es\/visualizar\/es\/es-an_2010040613_9102340\/false\" target=\"_blank\" rel=\"noopener noreferrer\"><img loading=\"lazy\" decoding=\"async\" class=\"alignnone size-medium wp-image-1601\" src=\"https:\/\/blogsaverroes.juntadeandalucia.es\/ceipsanginesdelajara\/files\/2015\/03\/europa-300x225.jpg\" alt=\"europa\" width=\"300\" height=\"225\"><\/a><\/p>\n<p>En esta secuencia did\u00e1ctica se trabajan las instituciones democr\u00e1ticas, la organizaci\u00f3n del estado democr\u00e1tico y los agentes y participaciones ciudadanas en el desarrollo y maduraci\u00f3n de la democracia, a partir del estudio, en algunos casos, de la historia democr\u00e1tica de Espa\u00f1a.<\/p>\n<h4>Llevarme bien conmigo mismo. Competencia emocional<\/h4>\n<p><a title=\"Conocerse\" href=\"http:\/\/agrega.juntadeandalucia.es\/visualizar\/es\/es-an_2010040613_9102918\/false\" target=\"_blank\" rel=\"noopener noreferrer\"><img loading=\"lazy\" decoding=\"async\" class=\"alignnone size-medium wp-image-1602\" src=\"https:\/\/blogsaverroes.juntadeandalucia.es\/ceipsanginesdelajara\/files\/2015\/03\/conocerse-300x225.jpg\" alt=\"conocerse\" width=\"300\" height=\"225\"><\/a><\/p>\n<p>Se pretende que el alumnado reconozca la importancia del autoconocimiento y el control de las emociones y los impulsos como elemento para su sentirse bien consigo mismo (autoestima)<\/p>\n<\/div>\n","protected":false},"excerpt":{"rendered":"<p>E.P. 3\u00ba ciclo. Materiales, recursos\u2026 Animals in our world En esta secuencia did\u00e1ctica utilizaremos el tema de los animales para trabajar el Present simple incidiendo especialmente en la forma interrogativa (preguntas y respuestas) y&#46;&#46;&#46;<\/p>\n","protected":false},"author":10452,"featured_media":0,"parent":0,"menu_order":0,"comment_status":"closed","ping_status":"closed","template":"","meta":{"ngg_post_thumbnail":0,"footnotes":""},"aioseo_notices":[],"_links":{"self":[{"href":"https:\/\/blogsaverroes.juntadeandalucia.es\/ceipsanmarcosweb\/wp-json\/wp\/v2\/pages\/793"}],"collection":[{"href":"https:\/\/blogsaverroes.juntadeandalucia.es\/ceipsanmarcosweb\/wp-json\/wp\/v2\/pages"}],"about":[{"href":"https:\/\/blogsaverroes.juntadeandalucia.es\/ceipsanmarcosweb\/wp-json\/wp\/v2\/types\/page"}],"author":[{"embeddable":true,"href":"https:\/\/blogsaverroes.juntadeandalucia.es\/ceipsanmarcosweb\/wp-json\/wp\/v2\/users\/10452"}],"replies":[{"embeddable":true,"href":"https:\/\/blogsaverroes.juntadeandalucia.es\/ceipsanmarcosweb\/wp-json\/wp\/v2\/comments?post=793"}],"version-history":[{"count":1,"href":"https:\/\/blogsaverroes.juntadeandalucia.es\/ceipsanmarcosweb\/wp-json\/wp\/v2\/pages\/793\/revisions"}],"predecessor-version":[{"id":794,"href":"https:\/\/blogsaverroes.juntadeandalucia.es\/ceipsanmarcosweb\/wp-json\/wp\/v2\/pages\/793\/revisions\/794"}],"wp:attachment":[{"href":"https:\/\/blogsaverroes.juntadeandalucia.es\/ceipsanmarcosweb\/wp-json\/wp\/v2\/media?parent=793"}],"curies":[{"name":"wp","href":"https:\/\/api.w.org\/{rel}","templated":true}]}}