{"id":2236,"date":"2022-04-16T16:59:28","date_gmt":"2022-04-16T16:59:28","guid":{"rendered":"https:\/\/blogsaverroes.juntadeandalucia.es\/ceipsanmatias\/?page_id=2236"},"modified":"2024-11-12T11:20:04","modified_gmt":"2024-11-12T11:20:04","slug":"claustro","status":"publish","type":"page","link":"https:\/\/blogsaverroes.juntadeandalucia.es\/ceipsanmatias\/claustro\/","title":{"rendered":"Claustro"},"content":{"rendered":"<p>Para este curso escolar 2024\/25, el profesorado est\u00e1 distribuido de la siguiente manera:<\/p>\n<p><b><span style=\"color: #ff0000\" data-keep-original-tag=\"false\" data-original-attrs=\"{&quot;style&quot;:&quot;&quot;}\">INFANTIL<\/span><\/b><\/p>\n<ul>\n<li>3 a\u00f1os :ANTONIA TRINIDAD GARC\u00cdA GONZ\u00c1LEZ<\/li>\n<li>4 a\u00f1os :JORGE SALOM\u00d3N ORTEGA<\/li>\n<li>5 a\u00f1os :MARIA DEL CARMEN G\u00d3MEZ TORRADO<\/li>\n<\/ul>\n<p><b><span style=\"color: #000000\" data-keep-original-tag=\"false\" data-original-attrs=\"{&quot;style&quot;:&quot;&quot;}\"><span style=\"color: #93c47d\" data-keep-original-tag=\"false\" data-original-attrs=\"{&quot;style&quot;:&quot;&quot;}\">PRIMER CICLO&nbsp;<\/span><\/span><\/b><\/p>\n<ul>\n<li>1\u00ba:&nbsp; ELENA MAR\u00cdA M\u00c1RQUEZ FERN\u00c1NDEZ<\/li>\n<li>2\u00ba A: TANIA MORGADO MART\u00cdN<\/li>\n<li>2\u00ba B: CATALINA DE JES\u00daS L\u00d3PEZ MAGRO<\/li>\n<\/ul>\n<p><span style=\"color: #cc0000\" data-keep-original-tag=\"false\" data-original-attrs=\"{&quot;style&quot;:&quot;&quot;}\"><b><br \/>\n<\/b><\/span><b data-original-attrs=\"{&quot;style&quot;:&quot;&quot;}\">SEGUNDO CICLO<\/b><span style=\"color: #cc0000\" data-keep-original-tag=\"false\" data-original-attrs=\"{&quot;style&quot;:&quot;&quot;}\">&nbsp;<\/span><\/p>\n<ul>\n<li>3\u00ba : LAURA ARIAS GONZ\u00c1LEZ<\/li>\n<li>4\u00ba A:&nbsp; PIEDRAS ALBA BURGA G\u00d3MEZ<\/li>\n<li>4\u00ba B:&nbsp; MAR\u00cdA JOS\u00c9 D\u00cdAZ MAC\u00cdAS<\/li>\n<\/ul>\n<p><span style=\"color: #000000\" data-keep-original-tag=\"false\" data-original-attrs=\"{&quot;style&quot;:&quot;&quot;}\"><span style=\"color: #93c47d\" data-keep-original-tag=\"false\" data-original-attrs=\"{&quot;style&quot;:&quot;&quot;}\">&nbsp;<\/span><\/span><span style=\"color: #d5a6bd\" data-keep-original-tag=\"false\" data-original-attrs=\"{&quot;style&quot;:&quot;&quot;}\"><b>TERCER CICLO<\/b><\/span><\/p>\n<ul>\n<li>5\u00ba: CAROLINA DOM\u00cdNGUEZ MONTIEL<\/li>\n<li>6\u00baA: JUANA MAR\u00cdA ROJAS PEDRO<\/li>\n<li>6\u00baB: ISMAEL PE\u00d1A VAZ<\/li>\n<\/ul>\n<p><span style=\"color: #d5a6bd\" data-keep-original-tag=\"false\" data-original-attrs=\"{&quot;style&quot;:&quot;&quot;}\"><span style=\"color: #000000\" data-keep-original-tag=\"false\" data-original-attrs=\"{&quot;style&quot;:&quot;&quot;}\">&nbsp;<span style=\"color: #ffd966\" data-keep-original-tag=\"false\" data-original-attrs=\"{&quot;style&quot;:&quot;&quot;}\"><b>ESPECIALISTAS<\/b><\/span><\/span><\/span><\/p>\n<ul>\n<li>REFUERZO EDUCATIVO: ROC\u00cdO FERIA RASTROJO y JUAN MANUEL FERIA MAESTRE<\/li>\n<li>M\u00daSICA: MAR\u00cdA JOS\u00c9 D\u00cdAZ MAC\u00cdAS<\/li>\n<li>EDUCACI\u00d3N F\u00cdSICA: 1\u00ba, 2\u00ba, 3\u00ba,4\u00ba y 5\u00ba: ANTONIO PINEDA GARC\u00cdA<\/li>\n<li>EDUCACI\u00d3N F\u00cdSICA: 6\u00ba: MIGUEL ANGEL MORA D\u00cdAZ<\/li>\n<li>PEDAGOG\u00cdA TERAP\u00c9UTICA: RA\u00daL FERIA RASTROJO<\/li>\n<li>PED. TERAP\u00c9UTICA, AULA ESPEC\u00cdFICA: CRISTINA RODR\u00cdGUEZ JUAN<\/li>\n<li>RELIGI\u00d3N: MANUEL VICENTE LORENZO MEDERO<\/li>\n<li>AUDICI\u00d3N Y LENGUAJE: JESSICA PONCE JUAN<\/li>\n<li>INGL\u00c9S 1\u00ba, 2\u00ba, 3\u00ba, 4\u00ba y 5\u00ba, E INFANTIL: ALBERTO PALMA BARROSO<\/li>\n<li>INGL\u00c9S 6\u00ba: JUANA MAR\u00cdA ROJAS PEDRO<\/li>\n<li>FRANC\u00c9S: CAROLINA DOM\u00cdNGUEZ MONTIEL<\/li>\n<\/ul>\n<p><span style=\"font-weight: 400\">&nbsp;<\/span><\/p>\n","protected":false},"excerpt":{"rendered":"<p>Para este curso escolar 2024\/25, el profesorado est\u00e1 distribuido de la siguiente manera: INFANTIL 3 a\u00f1os :ANTONIA TRINIDAD GARC\u00cdA GONZ\u00c1LEZ 4 a\u00f1os :JORGE SALOM\u00d3N ORTEGA 5 a\u00f1os :MARIA DEL CARMEN G\u00d3MEZ TORRADO PRIMER CICLO&nbsp;&#46;&#46;&#46;<\/p>\n","protected":false},"author":5804,"featured_media":0,"parent":0,"menu_order":0,"comment_status":"closed","ping_status":"closed","template":"page-templates\/child-menu.php","meta":{"ngg_post_thumbnail":0,"footnotes":"","_mc_calendar":[]},"aioseo_notices":[],"_links":{"self":[{"href":"https:\/\/blogsaverroes.juntadeandalucia.es\/ceipsanmatias\/wp-json\/wp\/v2\/pages\/2236"}],"collection":[{"href":"https:\/\/blogsaverroes.juntadeandalucia.es\/ceipsanmatias\/wp-json\/wp\/v2\/pages"}],"about":[{"href":"https:\/\/blogsaverroes.juntadeandalucia.es\/ceipsanmatias\/wp-json\/wp\/v2\/types\/page"}],"author":[{"embeddable":true,"href":"https:\/\/blogsaverroes.juntadeandalucia.es\/ceipsanmatias\/wp-json\/wp\/v2\/users\/5804"}],"replies":[{"embeddable":true,"href":"https:\/\/blogsaverroes.juntadeandalucia.es\/ceipsanmatias\/wp-json\/wp\/v2\/comments?post=2236"}],"version-history":[{"count":8,"href":"https:\/\/blogsaverroes.juntadeandalucia.es\/ceipsanmatias\/wp-json\/wp\/v2\/pages\/2236\/revisions"}],"predecessor-version":[{"id":2736,"href":"https:\/\/blogsaverroes.juntadeandalucia.es\/ceipsanmatias\/wp-json\/wp\/v2\/pages\/2236\/revisions\/2736"}],"wp:attachment":[{"href":"https:\/\/blogsaverroes.juntadeandalucia.es\/ceipsanmatias\/wp-json\/wp\/v2\/media?parent=2236"}],"curies":[{"name":"wp","href":"https:\/\/api.w.org\/{rel}","templated":true}]}}