{"id":2246,"date":"2022-04-16T17:24:56","date_gmt":"2022-04-16T17:24:56","guid":{"rendered":"https:\/\/blogsaverroes.juntadeandalucia.es\/ceipsanmatias\/?page_id=2246"},"modified":"2024-09-23T15:28:35","modified_gmt":"2024-09-23T15:28:35","slug":"programaciones-didacticas","status":"publish","type":"page","link":"https:\/\/blogsaverroes.juntadeandalucia.es\/ceipsanmatias\/programaciones-didacticas\/","title":{"rendered":"Programaciones Did\u00e1cticas Infantil"},"content":{"rendered":"<p><a title=\"programaci\u00f3n Did\u00e1ctica 3 a\u00f1os\" href=\"https:\/\/drive.google.com\/file\/d\/1bwOl_uLQvouW77ZavbJl5Viaw2poxBJL\/view?usp=sharing\" target=\"_blank\" rel=\"noopener noreferrer\"><img loading=\"lazy\" decoding=\"async\" class=\"alignnone wp-image-2293\" src=\"https:\/\/blogsaverroes.juntadeandalucia.es\/ceipsanmatias\/files\/2022\/04\/descarga.png\" alt=\"\" width=\"54\" height=\"67\">PROGRAMACI\u00d3N DID\u00c1CTICA DE 3 A\u00d1OS<\/a><\/p>\n<p><a title=\"programaci\u00f3n Did\u00e1ctica 4 a\u00f1os\" href=\"https:\/\/drive.google.com\/file\/d\/1ODdzyfJWhOPsFiWBv_NEF36lrShoU4Ya\/view?usp=sharing\" target=\"_blank\" rel=\"noopener noreferrer\"><img loading=\"lazy\" decoding=\"async\" class=\"alignnone wp-image-2293\" src=\"https:\/\/blogsaverroes.juntadeandalucia.es\/ceipsanmatias\/files\/2022\/04\/descarga.png\" alt=\"\" width=\"52\" height=\"64\"> Programaci\u00f3n Did\u00e1ctica de 4 a\u00f1os<\/a><\/p>\n<p>&nbsp;<\/p>\n<p><a href=\"https:\/\/docs.google.com\/document\/d\/1ayeH90buqao7WBDzRQs0Znxy9QFkuwj_\/edit?usp=drive_link&amp;ouid=101859162979496034779&amp;rtpof=true&amp;sd=true\" target=\"_blank\" rel=\"noopener\">Programaci\u00f3n Religi\u00f3n<\/a><\/p>\n","protected":false},"excerpt":{"rendered":"<p>PROGRAMACI\u00d3N DID\u00c1CTICA DE 3 A\u00d1OS Programaci\u00f3n Did\u00e1ctica de 4 a\u00f1os &nbsp; Programaci\u00f3n Religi\u00f3n<\/p>\n","protected":false},"author":5804,"featured_media":0,"parent":0,"menu_order":0,"comment_status":"closed","ping_status":"closed","template":"page-templates\/child-menu.php","meta":{"ngg_post_thumbnail":0,"footnotes":"","_mc_calendar":[]},"aioseo_notices":[],"_links":{"self":[{"href":"https:\/\/blogsaverroes.juntadeandalucia.es\/ceipsanmatias\/wp-json\/wp\/v2\/pages\/2246"}],"collection":[{"href":"https:\/\/blogsaverroes.juntadeandalucia.es\/ceipsanmatias\/wp-json\/wp\/v2\/pages"}],"about":[{"href":"https:\/\/blogsaverroes.juntadeandalucia.es\/ceipsanmatias\/wp-json\/wp\/v2\/types\/page"}],"author":[{"embeddable":true,"href":"https:\/\/blogsaverroes.juntadeandalucia.es\/ceipsanmatias\/wp-json\/wp\/v2\/users\/5804"}],"replies":[{"embeddable":true,"href":"https:\/\/blogsaverroes.juntadeandalucia.es\/ceipsanmatias\/wp-json\/wp\/v2\/comments?post=2246"}],"version-history":[{"count":5,"href":"https:\/\/blogsaverroes.juntadeandalucia.es\/ceipsanmatias\/wp-json\/wp\/v2\/pages\/2246\/revisions"}],"predecessor-version":[{"id":2723,"href":"https:\/\/blogsaverroes.juntadeandalucia.es\/ceipsanmatias\/wp-json\/wp\/v2\/pages\/2246\/revisions\/2723"}],"wp:attachment":[{"href":"https:\/\/blogsaverroes.juntadeandalucia.es\/ceipsanmatias\/wp-json\/wp\/v2\/media?parent=2246"}],"curies":[{"name":"wp","href":"https:\/\/api.w.org\/{rel}","templated":true}]}}