{"id":2372,"date":"2022-04-21T16:53:18","date_gmt":"2022-04-21T16:53:18","guid":{"rendered":"https:\/\/blogsaverroes.juntadeandalucia.es\/ceipsanmatias\/?page_id=2372"},"modified":"2022-12-01T15:22:58","modified_gmt":"2022-12-01T15:22:58","slug":"proyecto-educativo-2","status":"publish","type":"page","link":"https:\/\/blogsaverroes.juntadeandalucia.es\/ceipsanmatias\/proyecto-educativo-2\/","title":{"rendered":"Proyecto educativo 2"},"content":{"rendered":"<p><span data-keep-original-tag=\"false\" data-original-attrs=\"{&quot;style&quot;:&quot;&quot;}\"><a href=\"https:\/\/blogsaverroes.juntadeandalucia.es\/ceipsanmatias\/files\/2015\/03\/proyecto.png\"><img loading=\"lazy\" decoding=\"async\" class=\"alignnone size-medium wp-image-1662\" src=\"https:\/\/blogsaverroes.juntadeandalucia.es\/ceipsanmatias\/files\/2015\/03\/proyecto-300x266.png\" alt=\"\" width=\"300\" height=\"266\" srcset=\"https:\/\/blogsaverroes.juntadeandalucia.es\/ceipsanmatias\/files\/2015\/03\/proyecto-300x266.png 300w, https:\/\/blogsaverroes.juntadeandalucia.es\/ceipsanmatias\/files\/2015\/03\/proyecto.png 640w\" sizes=\"(max-width: 300px) 100vw, 300px\" \/><\/a>El Proyecto Educativo de Centro (PEC) define las finalidades de la Comunidad Educativa en cuanto al tipo de persona que queremos formar (valores, principios de identidad, pautas de conducta, etc.). En \u00e9l se recogen los planteamientos educativos de car\u00e1cter general: los principios de identidad, los objetivos institucionales y el organigrama general.<\/span><br \/>\n<span data-keep-original-tag=\"false\" data-original-attrs=\"{&quot;style&quot;:&quot;&quot;}\"><br \/>\n<\/span><span data-keep-original-tag=\"false\" data-original-attrs=\"{&quot;style&quot;:&quot;&quot;}\">Ha sido actualizado y aprobado el 8 de noviembre de 2021.<\/span><\/p>\n<div><span data-keep-original-tag=\"false\" data-original-attrs=\"{&quot;style&quot;:&quot;&quot;}\">&nbsp;<\/span><\/div>\n<div><span data-keep-original-tag=\"false\" data-original-attrs=\"{&quot;style&quot;:&quot;&quot;}\"><a title=\"Proyecto Educativo\" href=\"https:\/\/drive.google.com\/file\/d\/1b-vVxs9FYJDMwmebdlha5dIj9LzWqRZG\/view?usp=sharing\" target=\"_blank\" rel=\"noopener noreferrer\" data-original-attrs=\"{&quot;data-original-href&quot;:&quot;https:\/\/drive.google.com\/file\/d\/1b-vVxs9FYJDMwmebdlha5dIj9LzWqRZG\/view?usp=sharing&quot;}\">1. Concepto de Proyecto Educativo.<\/a><\/span><\/div>\n<div><span data-keep-original-tag=\"false\" data-original-attrs=\"{&quot;style&quot;:&quot;&quot;}\"><a title=\"Proyecto Educativo\" href=\"https:\/\/drive.google.com\/file\/d\/1C5LnCuwEHrMPuMY9aYenylUBt2OttHx5\/view?usp=sharing\" target=\"_blank\" rel=\"noopener noreferrer\" data-original-attrs=\"{&quot;data-original-href&quot;:&quot;https:\/\/drive.google.com\/file\/d\/1C5LnCuwEHrMPuMY9aYenylUBt2OttHx5\/view?usp=sharing&quot;}\">2. L\u00edneas generales de actuaci\u00f3n pedag\u00f3gica.<\/a><\/span><\/div>\n<div><span data-keep-original-tag=\"false\" data-original-attrs=\"{&quot;style&quot;:&quot;&quot;}\"><a title=\"Proyecto Educativo\" href=\"https:\/\/drive.google.com\/file\/d\/18C6K2Gjax2y1XYJFFJoGgf1raATS5UzL\/view?usp=sharing\" target=\"_blank\" rel=\"noopener noreferrer\" data-original-attrs=\"{&quot;data-original-href&quot;:&quot;https:\/\/drive.google.com\/file\/d\/18C6K2Gjax2y1XYJFFJoGgf1raATS5UzL\/view?usp=sharing&quot;}\">3. Objetivos educativos propios para la mejora del rendimiento escolar.<\/a><\/span><\/div>\n<div><span data-keep-original-tag=\"false\" data-original-attrs=\"{&quot;style&quot;:&quot;&quot;}\"><a title=\"Proyecto Educativo\" href=\"https:\/\/drive.google.com\/file\/d\/12XUf9xySMFn2nMEF_gzhCjX21W-Nailu\/view?usp=sharing\" target=\"_blank\" rel=\"noopener noreferrer\" data-original-attrs=\"{&quot;data-original-href&quot;:&quot;https:\/\/drive.google.com\/file\/d\/12XUf9xySMFn2nMEF_gzhCjX21W-Nailu\/view?usp=sharing&quot;}\">4. Criterios generales para la elaboraci\u00f3n de las Programaciones Did\u00e1cticas y Propuestas Pedag\u00f3gicas.<\/a><\/span><\/div>\n<div><span data-keep-original-tag=\"false\" data-original-attrs=\"{&quot;style&quot;:&quot;&quot;}\"><a title=\"Proyecto Educativo\" href=\"https:\/\/drive.google.com\/file\/d\/1n3v04zfNh3CtVdYF1l1K2XU3y1IaOTrL\/view?usp=sharing\" target=\"_blank\" rel=\"noopener noreferrer\" data-original-attrs=\"{&quot;data-original-href&quot;:&quot;https:\/\/drive.google.com\/file\/d\/1n3v04zfNh3CtVdYF1l1K2XU3y1IaOTrL\/view?usp=sharing&quot;}\">5. La evaluaci\u00f3n en Educaci\u00f3n Infantil y Primaria.<\/a><\/span><\/div>\n<div><span data-keep-original-tag=\"false\" data-original-attrs=\"{&quot;style&quot;:&quot;&quot;}\"><a title=\"Proyecto Educativo\" href=\"https:\/\/drive.google.com\/file\/d\/1aaDGbLUqcoul6Vaj14OA_IlAX8WEXWqg\/view?usp=sharing\" target=\"_blank\" rel=\"noopener noreferrer\" data-original-attrs=\"{&quot;data-original-href&quot;:&quot;https:\/\/drive.google.com\/file\/d\/1aaDGbLUqcoul6Vaj14OA_IlAX8WEXWqg\/view?usp=sharing&quot;}\">6. Criterios pedag\u00f3gicos para la determinaci\u00f3n del horario.<\/a><\/span><\/div>\n<div><span data-keep-original-tag=\"false\" data-original-attrs=\"{&quot;style&quot;:&quot;&quot;}\"><a title=\"Proyecto Educativo\" href=\"https:\/\/drive.google.com\/file\/d\/1OIkCNWauFK4FqzJhDFnr81W1FE7NolRw\/view?usp=sharing\" target=\"_blank\" rel=\"noopener noreferrer\" data-original-attrs=\"{&quot;data-original-href&quot;:&quot;https:\/\/drive.google.com\/file\/d\/1OIkCNWauFK4FqzJhDFnr81W1FE7NolRw\/view?usp=sharing&quot;}\">7. Criterios para organizar y distribuir el tiempo escolar.<\/a><\/span><\/div>\n<div><span data-keep-original-tag=\"false\" data-original-attrs=\"{&quot;style&quot;:&quot;&quot;}\"><a title=\"Proyecto Educativo\" href=\"https:\/\/drive.google.com\/file\/d\/1qHFMgH5OIUYw9lCc4e1IVqoKrpAIW0Ij\/view?usp=sharing\" target=\"_blank\" rel=\"noopener noreferrer\" data-original-attrs=\"{&quot;data-original-href&quot;:&quot;https:\/\/drive.google.com\/file\/d\/1OmzI7gyEfycptTo5LF1REcTHBfvdgXrg\/view?usp=sharing&quot;}\">8. Plan de atenci\u00f3n a la diversidad.<\/a><\/span><\/div>\n<div><span data-keep-original-tag=\"false\" data-original-attrs=\"{&quot;style&quot;:&quot;&quot;}\"><a title=\"Proyecto Educativo\" href=\"https:\/\/drive.google.com\/file\/d\/1buC2UXBk2tfJUP5HFeakN44R6Zs2FgIp\/view?usp=sharing\" target=\"_blank\" rel=\"noopener noreferrer\" data-original-attrs=\"{&quot;data-original-href&quot;:&quot;https:\/\/drive.google.com\/file\/d\/1buC2UXBk2tfJUP5HFeakN44R6Zs2FgIp\/view?usp=sharing&quot;}\">9. Plan de orientaci\u00f3n y acci\u00f3n tutorial.<\/a><\/span><\/div>\n<div><span data-keep-original-tag=\"false\" data-original-attrs=\"{&quot;style&quot;:&quot;&quot;}\"><a title=\"Proyecto Educativo\" href=\"https:\/\/drive.google.com\/file\/d\/1WDoHjjsulBghT6nalrgCBvgCtQ5oWPUC\/view?usp=sharing\" target=\"_blank\" rel=\"noopener noreferrer\" data-original-attrs=\"{&quot;data-original-href&quot;:&quot;https:\/\/drive.google.com\/file\/d\/1WDoHjjsulBghT6nalrgCBvgCtQ5oWPUC\/view?usp=sharing&quot;}\">10. Plan de Convivencia.<\/a><\/span><\/div>\n<div><span data-keep-original-tag=\"false\" data-original-attrs=\"{&quot;style&quot;:&quot;&quot;}\"><a title=\"Proyecto Educativo\" href=\"https:\/\/drive.google.com\/file\/d\/1gy3aU6JT--_0m3_Hya-AuUehsiz-YZV5\/view?usp=sharing\" target=\"_blank\" rel=\"noopener noreferrer\" data-original-attrs=\"{&quot;data-original-href&quot;:&quot;https:\/\/drive.google.com\/file\/d\/1TGrXEkyKyL4dyHwSFyeDosoPu6s_ENTv\/view?usp=sharing&quot;}\">11. Plan de Formaci\u00f3n del profesorado.<\/a><\/span><\/div>\n<div><span data-keep-original-tag=\"false\" data-original-attrs=\"{&quot;style&quot;:&quot;&quot;}\"><a title=\"Proyecto Educativo\" href=\"https:\/\/drive.google.com\/file\/d\/12o-QnEu8g7JuQMfIWK79PdbnJ38KiOPo\/view?usp=sharing\" target=\"_blank\" rel=\"noopener noreferrer\" data-original-attrs=\"{&quot;data-original-href&quot;:&quot;https:\/\/drive.google.com\/file\/d\/12o-QnEu8g7JuQMfIWK79PdbnJ38KiOPo\/view?usp=sharing&quot;}\">12. Evaluaci\u00f3n interna.<\/a><\/span><\/div>\n<div><span data-keep-original-tag=\"false\" data-original-attrs=\"{&quot;style&quot;:&quot;&quot;}\"><a title=\"Proyecto Educativo\" href=\"https:\/\/drive.google.com\/file\/d\/13LDnvYGN0bPoEYyHVBcoMrEVUkkMQG0M\/view?usp=sharing\" target=\"_blank\" rel=\"noopener noreferrer\" data-original-attrs=\"{&quot;data-original-href&quot;:&quot;https:\/\/drive.google.com\/file\/d\/1IXrdwvpP4XLZ_R-Bo2HaQSjY7uvG7HZD\/view?usp=sharing&quot;}\">13. Plan de Mejora.<\/a><\/span><\/div>\n<div><span data-keep-original-tag=\"false\" data-original-attrs=\"{&quot;style&quot;:&quot;&quot;}\"><a title=\"Proyecto Educativo\" href=\"https:\/\/drive.google.com\/file\/d\/1kuwDAGc7bd0qlM00c2IaPT3SlKq0AeJA\/view?usp=sharing\" target=\"_blank\" rel=\"noopener noreferrer\" data-original-attrs=\"{&quot;data-original-href&quot;:&quot;https:\/\/drive.google.com\/file\/d\/1kuwDAGc7bd0qlM00c2IaPT3SlKq0AeJA\/view?usp=sharing&quot;}\">14. Plan de Igualdad.<\/a><\/span><\/div>\n<div><span data-keep-original-tag=\"false\" data-original-attrs=\"{&quot;style&quot;:&quot;&quot;}\"><a title=\"Proyecto Educativo\" href=\"https:\/\/drive.google.com\/file\/d\/1Ku-OJPfawB618hBOq9lc8Fz47JVWk3b8\/view?usp=sharing\" target=\"_blank\" rel=\"noopener noreferrer\" data-original-attrs=\"{&quot;data-original-href&quot;:&quot;https:\/\/drive.google.com\/file\/d\/1NgOUIFIU8O6FUJ34wuYsOxFBYmb2WUJF\/view?usp=sharing&quot;}\">15. Plan de Biblioteca.<\/a><\/span><\/div>\n<div><span data-keep-original-tag=\"false\" data-original-attrs=\"{&quot;style&quot;:&quot;&quot;}\"><a title=\"Proyecto Educativo\" href=\"https:\/\/drive.google.com\/file\/d\/1qRd7sN1ougVBa6Dr9C6wT_WM9KStP9nv\/view?usp=sharing\" target=\"_blank\" rel=\"noopener noreferrer\" data-original-attrs=\"{&quot;data-original-href&quot;:&quot;https:\/\/drive.google.com\/file\/d\/1GXrBgJhmIJLR626BcEVOL0s7esC42cTq\/view?usp=sharing&quot;}\">16. Plan de Transformaci\u00f3n Digital.<\/a><\/span><\/div>\n<div><span data-keep-original-tag=\"false\" data-original-attrs=\"{&quot;style&quot;:&quot;&quot;}\"><a title=\"Proyecto Educativo\" href=\"https:\/\/drive.google.com\/file\/d\/1a2UTZO0zacO-DY8mhM7AF96NW6FLbiNe\/view?usp=sharing\" target=\"_blank\" rel=\"noopener noreferrer\" data-original-attrs=\"{&quot;data-original-href&quot;:&quot;https:\/\/drive.google.com\/file\/d\/1a2UTZO0zacO-DY8mhM7AF96NW6FLbiNe\/view?usp=sharing&quot;}\">17. Programas de Tr\u00e1nsito.<\/a><\/span><\/div>\n<div><span data-keep-original-tag=\"false\" data-original-attrs=\"{&quot;style&quot;:&quot;&quot;}\"><a title=\"Proyecto Educativo\" href=\"https:\/\/drive.google.com\/file\/d\/1na-o9okJWup6KpOrsByi_5SKDe8EjC1W\/view?usp=sharing\" target=\"_blank\" rel=\"noopener noreferrer\" data-original-attrs=\"{&quot;data-original-href&quot;:&quot;https:\/\/drive.google.com\/file\/d\/1na-o9okJWup6KpOrsByi_5SKDe8EjC1W\/view?usp=sharing&quot;}\">18. Plan Ling\u00fc\u00edstico de Centro.<\/a><\/span><\/div>\n","protected":false},"excerpt":{"rendered":"<p>El Proyecto Educativo de Centro (PEC) define las finalidades de la Comunidad Educativa en cuanto al tipo de persona que queremos formar (valores, principios de identidad, pautas de conducta, etc.). En \u00e9l se recogen&#46;&#46;&#46;<\/p>\n","protected":false},"author":5804,"featured_media":0,"parent":0,"menu_order":0,"comment_status":"closed","ping_status":"closed","template":"","meta":{"ngg_post_thumbnail":0,"footnotes":"","_mc_calendar":[]},"aioseo_notices":[],"_links":{"self":[{"href":"https:\/\/blogsaverroes.juntadeandalucia.es\/ceipsanmatias\/wp-json\/wp\/v2\/pages\/2372"}],"collection":[{"href":"https:\/\/blogsaverroes.juntadeandalucia.es\/ceipsanmatias\/wp-json\/wp\/v2\/pages"}],"about":[{"href":"https:\/\/blogsaverroes.juntadeandalucia.es\/ceipsanmatias\/wp-json\/wp\/v2\/types\/page"}],"author":[{"embeddable":true,"href":"https:\/\/blogsaverroes.juntadeandalucia.es\/ceipsanmatias\/wp-json\/wp\/v2\/users\/5804"}],"replies":[{"embeddable":true,"href":"https:\/\/blogsaverroes.juntadeandalucia.es\/ceipsanmatias\/wp-json\/wp\/v2\/comments?post=2372"}],"version-history":[{"count":3,"href":"https:\/\/blogsaverroes.juntadeandalucia.es\/ceipsanmatias\/wp-json\/wp\/v2\/pages\/2372\/revisions"}],"predecessor-version":[{"id":2592,"href":"https:\/\/blogsaverroes.juntadeandalucia.es\/ceipsanmatias\/wp-json\/wp\/v2\/pages\/2372\/revisions\/2592"}],"wp:attachment":[{"href":"https:\/\/blogsaverroes.juntadeandalucia.es\/ceipsanmatias\/wp-json\/wp\/v2\/media?parent=2372"}],"curies":[{"name":"wp","href":"https:\/\/api.w.org\/{rel}","templated":true}]}}