{"id":77,"date":"2015-03-16T06:54:56","date_gmt":"2015-03-16T06:54:56","guid":{"rendered":"http:\/\/blogsaverroes.juntadeandalucia.es\/pre\/ceip\/?page_id=77"},"modified":"2024-01-10T16:24:01","modified_gmt":"2024-01-10T16:24:01","slug":"secretaria","status":"publish","type":"page","link":"https:\/\/blogsaverroes.juntadeandalucia.es\/ceipsanmatias\/secretaria\/","title":{"rendered":"Secretar\u00eda"},"content":{"rendered":"<p>La <strong>Secretar\u00eda<\/strong> desarrolla muchas funciones importantes en la vida de un centro, especialmente en la relaci\u00f3n que mantiene con las familias en los diferentes tr\u00e1mites administrativos a lo largo de la escolarizaci\u00f3n: admisi\u00f3n, matr\u00edcula, comedor escolar, becas, etc.<\/p>\n<p>Podr\u00e1n ponerse en contacto con este centro de la siguiente forma:<br \/>\nTel\u00e9fonos: 959 48 99 26 &#8211; 671537718<br \/>\nCorporativo: 294926<\/p>\n<p>M\u00f3vil direcci\u00f3n: 671566115- 766115<br \/>\nM\u00f3vil Infantil: 671566116- 766116<br \/>\nFax: 959 48 99 27- 294927<\/p>\n<p>Correo electr\u00f3nico: 21003050.edu@juntadeandalucia.es<\/p>\n<p>P\u00e1gina web: https:\/\/blogsaverroes.juntadeandalucia.es\/ceipsanmatias\/<\/p>\n<p>A trav\u00e9s de nuestro blog: http:\/\/ceip-sanmatias.blogspot.com.es<\/p>\n<div>Facebook: https:\/\/www.facebook.com\/ceip.matias<\/div>\n<p>&nbsp;<\/p>\n","protected":false},"excerpt":{"rendered":"<p>La Secretar\u00eda desarrolla muchas funciones importantes en la vida de un centro, especialmente en la relaci\u00f3n que mantiene con las familias en los diferentes tr\u00e1mites administrativos a lo largo de la escolarizaci\u00f3n: admisi\u00f3n, matr\u00edcula,&#46;&#46;&#46;<\/p>\n","protected":false},"author":1,"featured_media":0,"parent":0,"menu_order":0,"comment_status":"open","ping_status":"open","template":"page-templates\/child-menu.php","meta":{"ngg_post_thumbnail":0,"footnotes":"","_mc_calendar":[]},"aioseo_notices":[],"_links":{"self":[{"href":"https:\/\/blogsaverroes.juntadeandalucia.es\/ceipsanmatias\/wp-json\/wp\/v2\/pages\/77"}],"collection":[{"href":"https:\/\/blogsaverroes.juntadeandalucia.es\/ceipsanmatias\/wp-json\/wp\/v2\/pages"}],"about":[{"href":"https:\/\/blogsaverroes.juntadeandalucia.es\/ceipsanmatias\/wp-json\/wp\/v2\/types\/page"}],"author":[{"embeddable":true,"href":"https:\/\/blogsaverroes.juntadeandalucia.es\/ceipsanmatias\/wp-json\/wp\/v2\/users\/1"}],"replies":[{"embeddable":true,"href":"https:\/\/blogsaverroes.juntadeandalucia.es\/ceipsanmatias\/wp-json\/wp\/v2\/comments?post=77"}],"version-history":[{"count":7,"href":"https:\/\/blogsaverroes.juntadeandalucia.es\/ceipsanmatias\/wp-json\/wp\/v2\/pages\/77\/revisions"}],"predecessor-version":[{"id":2704,"href":"https:\/\/blogsaverroes.juntadeandalucia.es\/ceipsanmatias\/wp-json\/wp\/v2\/pages\/77\/revisions\/2704"}],"wp:attachment":[{"href":"https:\/\/blogsaverroes.juntadeandalucia.es\/ceipsanmatias\/wp-json\/wp\/v2\/media?parent=77"}],"curies":[{"name":"wp","href":"https:\/\/api.w.org\/{rel}","templated":true}]}}