{"id":99,"date":"2015-03-16T07:22:54","date_gmt":"2015-03-16T07:22:54","guid":{"rendered":"http:\/\/blogsaverroes.juntadeandalucia.es\/pre\/ceip\/?page_id=99"},"modified":"2024-11-13T12:10:06","modified_gmt":"2024-11-13T12:10:06","slug":"comedor-escolar","status":"publish","type":"page","link":"https:\/\/blogsaverroes.juntadeandalucia.es\/ceipsanmatias\/comedor-escolar\/","title":{"rendered":"Comedor escolar"},"content":{"rendered":"<p>Los comedores escolares son un servicio complementario que resulta de gran utilidad a padres y madres para ayudarles a&nbsp;conciliar la vida laboral y familiar. Tienen una duraci\u00f3n de hasta dos horas desde que acaba la jornada escolar de la ma\u00f1ana (de 14.00 a 16.00 horas).<\/p>\n<p>Los comedores son adem\u00e1s una pieza importante en todas las medidas dirigidas a mejorar los h\u00e1bitos alimenticios de los ni\u00f1os y ni\u00f1as y prevenir problemas de salud como la obesidad.&nbsp; Promueven una alimentaci\u00f3n saludable que est\u00e1 supervisada por nutricionistas y que, entre otros aspectos, se caracteriza por:<\/p>\n<ul style=\"list-style-type: square\">\n<li>Una mayor proporci\u00f3n de verdura en los men\u00fas.<\/li>\n<li>Fruta fresca como postre al menos cuatro d\u00edas a la semana.<\/li>\n<li>Uso de aceite de oliva virgen extra.<\/li>\n<li>M\u00e1s pescado que carne, que debe ser magra.<\/li>\n<li>Prohibici\u00f3n de los alimentos precocinados y limitaci\u00f3n de los fritos.<\/li>\n<li>Apuesta por la dieta mediterr\u00e1nea y los productos ecol\u00f3gicos.<\/li>\n<\/ul>\n<p>&nbsp;<\/p>\n<p>El Plan de Apertura de Centro se aplica fuera del horario lectivo y presenta los siguientes objetivos:<\/p>\n<ol>\n<li>Atender al alumnado de nuestro entorno en horario no lectivo del centro.<\/li>\n<li>Favorecer la acogida de alumnos con problemas de horario por motivos de trabajo de los padres y\/o madres.<\/li>\n<li>Fomentar desde el centro una alimentaci\u00f3n sana y saludable.<\/li>\n<li>Completar la formaci\u00f3n del alumnado y que \u00e9stos aprendan a utilizar de manera educativa y provechosa su tiempo libre.<\/li>\n<\/ol>\n<p>Dentro de este plan se prestan dos servicios, cuales son comedor y actividades extraescolares.<\/p>\n<p>&nbsp;<\/p>\n<p>COMEDOR<\/p>\n<p>El servicio ha sido adjudicado en la modalidad de catering.&nbsp;<\/p>\n<p>En cuanto a su funcionamiento, el servicio est\u00e1 organizado para permanecer en el centro hasta las 16 horas, en lo que unos\/as se ir\u00e1n a casa y otros\/as a las distintas actividades extraescolares.<\/p>\n<p>El alumnado de infantil es recogido a la hora del comedor por sus monitoras en las respectivas aulas.<\/p>\n<p><strong><em>Plan de actividades a realizar durante el horario del comedor:<\/em><\/strong><\/p>\n<p><strong><em>&nbsp;<\/em><\/strong>&#8211; Aseo anterior y posterior a las comidas.<\/p>\n<p>&#8211; Entrenamiento en el uso del cubierto para ni\u00f1os de Educaci\u00f3n Infantil y con necesidades educativas especiales.<\/p>\n<p><strong>Actividades de tiempo libre:<\/strong><\/p>\n<p>&#8211; Juegos al aire libre: baloncesto, f\u00fatbol, cuerdas, saltos etc.<\/p>\n<p>&#8211; Juegos de mesa: ajedrez, damas, parch\u00eds, oca, cinco en raya, etc.<\/p>\n<p>&#8211; Proyecci\u00f3n de v\u00eddeos de pel\u00edculas infantiles en el sal\u00f3n de actos durante los d\u00edas de mal tiempo.<\/p>\n<p>Los <strong>recursos <\/strong>disponibles son: sal\u00f3n comedor con espacio para unos 50 comensales y la dotaci\u00f3n de cocina y menaje dotada en parte por el ISE y por la empresa adjudicataria. La persona administrativa del centro comunica mensualmente a la empresa el n\u00famero de comensales.<\/p>\n<p>&nbsp;La <strong>evaluaci\u00f3n y seguimiento <\/strong>se lleva por una parte por la empresa con controles de calidad, sanidad con inspecciones peri\u00f3dicas, la direcci\u00f3n del centro con observaciones directas, el Consejo Escolar mediante informes, auditor\u00edas aleatorias por parte del ISE.<\/p>\n<p>La grabaci\u00f3n de solicitudes se hace en el centro escolar y el control de usos por parte del centro y de la empresa.<\/p>\n<p>La empresa suministradora es Comertel.<\/p>\n<p>&nbsp;<\/p>\n<p>&nbsp;<\/p>\n","protected":false},"excerpt":{"rendered":"<p>Los comedores escolares son un servicio complementario que resulta de gran utilidad a padres y madres para ayudarles a&nbsp;conciliar la vida laboral y familiar. Tienen una duraci\u00f3n de hasta dos horas desde que acaba&#46;&#46;&#46;<\/p>\n","protected":false},"author":1,"featured_media":0,"parent":0,"menu_order":0,"comment_status":"open","ping_status":"open","template":"page-templates\/child-menu.php","meta":{"ngg_post_thumbnail":0,"footnotes":"","_mc_calendar":[]},"aioseo_notices":[],"_links":{"self":[{"href":"https:\/\/blogsaverroes.juntadeandalucia.es\/ceipsanmatias\/wp-json\/wp\/v2\/pages\/99"}],"collection":[{"href":"https:\/\/blogsaverroes.juntadeandalucia.es\/ceipsanmatias\/wp-json\/wp\/v2\/pages"}],"about":[{"href":"https:\/\/blogsaverroes.juntadeandalucia.es\/ceipsanmatias\/wp-json\/wp\/v2\/types\/page"}],"author":[{"embeddable":true,"href":"https:\/\/blogsaverroes.juntadeandalucia.es\/ceipsanmatias\/wp-json\/wp\/v2\/users\/1"}],"replies":[{"embeddable":true,"href":"https:\/\/blogsaverroes.juntadeandalucia.es\/ceipsanmatias\/wp-json\/wp\/v2\/comments?post=99"}],"version-history":[{"count":8,"href":"https:\/\/blogsaverroes.juntadeandalucia.es\/ceipsanmatias\/wp-json\/wp\/v2\/pages\/99\/revisions"}],"predecessor-version":[{"id":2741,"href":"https:\/\/blogsaverroes.juntadeandalucia.es\/ceipsanmatias\/wp-json\/wp\/v2\/pages\/99\/revisions\/2741"}],"wp:attachment":[{"href":"https:\/\/blogsaverroes.juntadeandalucia.es\/ceipsanmatias\/wp-json\/wp\/v2\/media?parent=99"}],"curies":[{"name":"wp","href":"https:\/\/api.w.org\/{rel}","templated":true}]}}