{"id":35,"date":"2020-01-09T12:42:54","date_gmt":"2020-01-09T11:42:54","guid":{"rendered":"http:\/\/blogsaverroes.juntadeandalucia.es\/pre\/nuevoceip2v2\/?page_id=35"},"modified":"2023-04-16T17:39:01","modified_gmt":"2023-04-16T16:39:01","slug":"biblioteca","status":"publish","type":"page","link":"https:\/\/blogsaverroes.juntadeandalucia.es\/ceipsanmiguelalmunecar\/biblioteca\/","title":{"rendered":"BIBLIOTECA"},"content":{"rendered":"<p style=\"text-align: center\"><strong><span style=\"color: #0000ff\"><span style=\"font-family: 'comic sans ms', sans-serif\">RECREOS ACTIVOS EN LA BIBLIOTECA: LOS VIERNES ACTIVIDADES DIVERTIDAS<\/span><\/span><\/strong><\/p>\n<p style=\"text-align: center\"><strong><span style=\"font-family: 'comic sans ms', sans-serif;color: #0000ff\">EL CUENTO CONGELADO ES UNA DE LAS ACTIVDADES A REALIZAR QUE MEZCLA LA LECTURA Y LA ESCENIFICACI\u00d3N, ADEM\u00c1S DEL TRABAJO EN EQUIPO Y LA CONFIANZA EN EL GRUPO<\/span><\/strong><\/p>\n<div style=\"width: 1280px;\" class=\"wp-video\"><!--[if lt IE 9]><script>document.createElement('video');<\/script><![endif]-->\n<video class=\"wp-video-shortcode\" id=\"video-35-1\" width=\"1280\" height=\"576\" preload=\"metadata\" controls=\"controls\"><source type=\"video\/mp4\" src=\"https:\/\/blogsaverroes.juntadeandalucia.es\/ceipsanmiguelalmunecar\/files\/2022\/11\/WhatsApp-Video-2022-11-09-at-22.40.56.mp4?_=1\" \/><a href=\"https:\/\/blogsaverroes.juntadeandalucia.es\/ceipsanmiguelalmunecar\/files\/2022\/11\/WhatsApp-Video-2022-11-09-at-22.40.56.mp4\">https:\/\/blogsaverroes.juntadeandalucia.es\/ceipsanmiguelalmunecar\/files\/2022\/11\/WhatsApp-Video-2022-11-09-at-22.40.56.mp4<\/a><\/video><\/div>\n<p>&nbsp;<\/p>\n<p><span style=\"font-family: 'comic sans ms', sans-serif;font-size: 14pt\"><strong>La Biblioteca es mucho m\u00e1s que un espacio, es el lugar en el que toman vida iniciativas, proyectos, actividades y donde la interacci\u00f3n y la comunicaci\u00f3n toman la palabra.<\/strong><\/span><\/p>\n<p><span style=\"font-family: 'comic sans ms', sans-serif;font-size: 14pt\"><strong> Inauguramos nuestra Biblioteca, poni\u00e9ndole nombre &#8220;El lugar de la imaginaci\u00f3n&#8221;, elegido por concurso en la semana de las bibliotecas.<\/strong><\/span><\/p>\n<p><img loading=\"lazy\" decoding=\"async\" class=\"alignnone size-medium wp-image-788\" src=\"https:\/\/blogsaverroes.juntadeandalucia.es\/ceipsanmiguelalmunecar\/files\/2022\/11\/IMG_20221026_134325-300x114.jpg\" alt=\"\" width=\"300\" height=\"114\" srcset=\"https:\/\/blogsaverroes.juntadeandalucia.es\/ceipsanmiguelalmunecar\/files\/2022\/11\/IMG_20221026_134325-300x114.jpg 300w, https:\/\/blogsaverroes.juntadeandalucia.es\/ceipsanmiguelalmunecar\/files\/2022\/11\/IMG_20221026_134325-1024x391.jpg 1024w, https:\/\/blogsaverroes.juntadeandalucia.es\/ceipsanmiguelalmunecar\/files\/2022\/11\/IMG_20221026_134325-768x293.jpg 768w, https:\/\/blogsaverroes.juntadeandalucia.es\/ceipsanmiguelalmunecar\/files\/2022\/11\/IMG_20221026_134325-1536x586.jpg 1536w, https:\/\/blogsaverroes.juntadeandalucia.es\/ceipsanmiguelalmunecar\/files\/2022\/11\/IMG_20221026_134325-2048x781.jpg 2048w\" sizes=\"(max-width: 300px) 100vw, 300px\" \/> <img loading=\"lazy\" decoding=\"async\" class=\"alignnone size-medium wp-image-783\" src=\"https:\/\/blogsaverroes.juntadeandalucia.es\/ceipsanmiguelalmunecar\/files\/2022\/11\/IMG_20221024_100310-300x135.jpg\" alt=\"\" width=\"300\" height=\"135\" srcset=\"https:\/\/blogsaverroes.juntadeandalucia.es\/ceipsanmiguelalmunecar\/files\/2022\/11\/IMG_20221024_100310-300x135.jpg 300w, https:\/\/blogsaverroes.juntadeandalucia.es\/ceipsanmiguelalmunecar\/files\/2022\/11\/IMG_20221024_100310-1024x461.jpg 1024w, https:\/\/blogsaverroes.juntadeandalucia.es\/ceipsanmiguelalmunecar\/files\/2022\/11\/IMG_20221024_100310-768x346.jpg 768w, https:\/\/blogsaverroes.juntadeandalucia.es\/ceipsanmiguelalmunecar\/files\/2022\/11\/IMG_20221024_100310-1536x691.jpg 1536w, https:\/\/blogsaverroes.juntadeandalucia.es\/ceipsanmiguelalmunecar\/files\/2022\/11\/IMG_20221024_100310-2048x922.jpg 2048w\" sizes=\"(max-width: 300px) 100vw, 300px\" \/><img loading=\"lazy\" decoding=\"async\" class=\"alignnone size-medium wp-image-785\" src=\"https:\/\/blogsaverroes.juntadeandalucia.es\/ceipsanmiguelalmunecar\/files\/2022\/11\/IMG_20221025_095615-300x135.jpg\" alt=\"\" width=\"300\" height=\"135\" srcset=\"https:\/\/blogsaverroes.juntadeandalucia.es\/ceipsanmiguelalmunecar\/files\/2022\/11\/IMG_20221025_095615-300x135.jpg 300w, https:\/\/blogsaverroes.juntadeandalucia.es\/ceipsanmiguelalmunecar\/files\/2022\/11\/IMG_20221025_095615-1024x461.jpg 1024w, https:\/\/blogsaverroes.juntadeandalucia.es\/ceipsanmiguelalmunecar\/files\/2022\/11\/IMG_20221025_095615-768x346.jpg 768w, https:\/\/blogsaverroes.juntadeandalucia.es\/ceipsanmiguelalmunecar\/files\/2022\/11\/IMG_20221025_095615-1536x691.jpg 1536w, https:\/\/blogsaverroes.juntadeandalucia.es\/ceipsanmiguelalmunecar\/files\/2022\/11\/IMG_20221025_095615-2048x922.jpg 2048w\" sizes=\"(max-width: 300px) 100vw, 300px\" \/> <img loading=\"lazy\" decoding=\"async\" class=\"alignnone size-medium wp-image-786\" src=\"https:\/\/blogsaverroes.juntadeandalucia.es\/ceipsanmiguelalmunecar\/files\/2022\/11\/IMG_20221025_095732-300x135.jpg\" alt=\"\" width=\"300\" height=\"135\" srcset=\"https:\/\/blogsaverroes.juntadeandalucia.es\/ceipsanmiguelalmunecar\/files\/2022\/11\/IMG_20221025_095732-300x135.jpg 300w, https:\/\/blogsaverroes.juntadeandalucia.es\/ceipsanmiguelalmunecar\/files\/2022\/11\/IMG_20221025_095732-1024x461.jpg 1024w, https:\/\/blogsaverroes.juntadeandalucia.es\/ceipsanmiguelalmunecar\/files\/2022\/11\/IMG_20221025_095732-768x346.jpg 768w, https:\/\/blogsaverroes.juntadeandalucia.es\/ceipsanmiguelalmunecar\/files\/2022\/11\/IMG_20221025_095732-1536x691.jpg 1536w, https:\/\/blogsaverroes.juntadeandalucia.es\/ceipsanmiguelalmunecar\/files\/2022\/11\/IMG_20221025_095732-2048x922.jpg 2048w\" sizes=\"(max-width: 300px) 100vw, 300px\" \/><\/p>\n<p>TODO LO RELACIONADO CON LA BIBLIOTECA PODR\u00c1S SEGUIRLO EN EL BLOG <a href=\"https:\/\/losduendesdelsaber.blogspot.com\/\" target=\"_blank\" rel=\"noopener noreferrer\">LOS DUENDES DEL SABER<\/a><\/p>\n<p>EN EL BLOG PODR\u00c1S SEGUIR LAS ACTIVIDADES, CONCURSOS, PREMIOS, RECREOS LECTORES Y TODOS LOS PROYECTOS QUE TENEMOS PARA ESTE CURSO.<\/p>\n<p>&nbsp;<\/p>\n","protected":false},"excerpt":{"rendered":"<p>RECREOS ACTIVOS EN LA BIBLIOTECA: LOS VIERNES ACTIVIDADES DIVERTIDAS EL CUENTO CONGELADO ES UNA DE LAS ACTIVDADES A REALIZAR QUE MEZCLA LA LECTURA Y LA ESCENIFICACI\u00d3N, ADEM\u00c1S DEL TRABAJO EN EQUIPO Y LA CONFIANZA&#46;&#46;&#46;<\/p>\n","protected":false},"author":15473,"featured_media":0,"parent":0,"menu_order":0,"comment_status":"closed","ping_status":"closed","template":"","meta":{"ngg_post_thumbnail":0,"footnotes":""},"aioseo_notices":[],"_links":{"self":[{"href":"https:\/\/blogsaverroes.juntadeandalucia.es\/ceipsanmiguelalmunecar\/wp-json\/wp\/v2\/pages\/35"}],"collection":[{"href":"https:\/\/blogsaverroes.juntadeandalucia.es\/ceipsanmiguelalmunecar\/wp-json\/wp\/v2\/pages"}],"about":[{"href":"https:\/\/blogsaverroes.juntadeandalucia.es\/ceipsanmiguelalmunecar\/wp-json\/wp\/v2\/types\/page"}],"author":[{"embeddable":true,"href":"https:\/\/blogsaverroes.juntadeandalucia.es\/ceipsanmiguelalmunecar\/wp-json\/wp\/v2\/users\/15473"}],"replies":[{"embeddable":true,"href":"https:\/\/blogsaverroes.juntadeandalucia.es\/ceipsanmiguelalmunecar\/wp-json\/wp\/v2\/comments?post=35"}],"version-history":[{"count":9,"href":"https:\/\/blogsaverroes.juntadeandalucia.es\/ceipsanmiguelalmunecar\/wp-json\/wp\/v2\/pages\/35\/revisions"}],"predecessor-version":[{"id":1064,"href":"https:\/\/blogsaverroes.juntadeandalucia.es\/ceipsanmiguelalmunecar\/wp-json\/wp\/v2\/pages\/35\/revisions\/1064"}],"wp:attachment":[{"href":"https:\/\/blogsaverroes.juntadeandalucia.es\/ceipsanmiguelalmunecar\/wp-json\/wp\/v2\/media?parent=35"}],"curies":[{"name":"wp","href":"https:\/\/api.w.org\/{rel}","templated":true}]}}