{"id":41,"date":"2020-01-09T12:45:03","date_gmt":"2020-01-09T11:45:03","guid":{"rendered":"http:\/\/blogsaverroes.juntadeandalucia.es\/pre\/nuevoceip2v2\/?page_id=41"},"modified":"2023-03-13T22:37:38","modified_gmt":"2023-03-13T21:37:38","slug":"el-centro","status":"publish","type":"page","link":"https:\/\/blogsaverroes.juntadeandalucia.es\/ceipsanmiguelalmunecar\/el-centro\/","title":{"rendered":"\u00bfQUI\u00c9NES SOMOS?"},"content":{"rendered":"<p><span style=\"color: #000080\"><strong>El CEIP San Miguel se encuentra en Almu\u00f1\u00e9car, ciudad que vive en gran parte del sector servicios, gracias a su clima y oferta cultural. Por otro lado, tambi\u00e9n cuenta con una fuente de ingresos importante que proviene de la agricultura.<\/strong><\/span><\/p>\n<div>\n<p><span style=\"color: #000080\"><strong>Tenemos la gran fortuna de estar situados en una zona en la que la historia de las civilizaciones que pasaron por Almu\u00f1\u00e9car se puede estudiar en la calle, como recurso material a nuestro alcance.<\/strong><\/span><\/p>\n<p><strong><span style=\"color: #000080\">Nuestro colegio se caracteriza desde sus inicios, por ser un centro innovador, usando diferentes metodolog\u00edas para hacer de su alumnado ni\u00f1os y ni\u00f1as capaces de poner en pr\u00e1ctica lo aprendido.<\/span><\/strong><\/p>\n<p><strong><span style=\"color: #000080\">Aprender por descubrimiento, investigaci\u00f3n, bas\u00e1ndonos en proyectos y experiencias, son muchas de las formas en las que ense\u00f1amos a aprender.<\/span><\/strong><\/p>\n<p><strong>DESDE ESTE <a href=\"https:\/\/view.genial.ly\/63184aac15689c001840fa5d\">ENLACE<\/a> ACCEDER\u00c1S AL PROYECTO DE CADA TRIMESTRE<\/strong><\/p>\n<p><strong><span style=\"color: #000080\">En el CEIP San Miguel, creemos que hay tantas formas de ense\u00f1ar como de aprender, por lo que la evaluaci\u00f3n es otra de nuestras prioridades, para garantizar que sea justa y flexible, usamos diferentes herramientas e instrumentos que nos aporte suficiente informaci\u00f3n de nuestro alumnado.<\/span><\/strong><\/p>\n<p><span style=\"color: #000080\"><strong>En el colegio organizamos anualmente salidas al entorno, para visitar tramos del acueducto romano, restos de termas y calzada. Tambi\u00e9n solemos visitar la cueva Siete Palacios y la Factor\u00eda de Salaz\u00f3n, as\u00ed como el Castillo de San Miguel, guiados por el equipo de Arque\u00f3logos del Ayuntamiento, y en otras ocasiones por familiares colaboradores que se ofrecen del colegio o de la Asociaci\u00f3n de Vecinos del Barrio de San Miguel. A esto unimos la posibilidad de realizar las visitas pedag\u00f3gicas, \u201cun mar de historias\u201d, destinadas a todos los escolares desde Infantil.<\/strong><\/span><\/p>\n<p><span style=\"color: #000080\"><strong>Tambi\u00e9n participamos en cert\u00e1menes literarios de la Biblioteca Municipal, y en concursos de la Concejal\u00eda de Bienestar Social e Igualdad, as\u00ed como en actividades promovidas por la Concejal\u00eda de Deportes, entre otras. Estas actividades ayudan a estrechar los lazos con las distintas administraciones de la localidad y en el alumnado provoca motivaci\u00f3n por participar y recibir premios que cada a\u00f1o logran con sus buenos trabajos.<\/strong><\/span><\/p>\n<p>&nbsp;<\/p>\n<p>&nbsp;<\/p>\n<\/div>\n","protected":false},"excerpt":{"rendered":"<p>El CEIP San Miguel se encuentra en Almu\u00f1\u00e9car, ciudad que vive en gran parte del sector servicios, gracias a su clima y oferta cultural. Por otro lado, tambi\u00e9n cuenta con una fuente de ingresos&#46;&#46;&#46;<\/p>\n","protected":false},"author":15473,"featured_media":0,"parent":0,"menu_order":0,"comment_status":"closed","ping_status":"closed","template":"","meta":{"ngg_post_thumbnail":0,"footnotes":""},"aioseo_notices":[],"_links":{"self":[{"href":"https:\/\/blogsaverroes.juntadeandalucia.es\/ceipsanmiguelalmunecar\/wp-json\/wp\/v2\/pages\/41"}],"collection":[{"href":"https:\/\/blogsaverroes.juntadeandalucia.es\/ceipsanmiguelalmunecar\/wp-json\/wp\/v2\/pages"}],"about":[{"href":"https:\/\/blogsaverroes.juntadeandalucia.es\/ceipsanmiguelalmunecar\/wp-json\/wp\/v2\/types\/page"}],"author":[{"embeddable":true,"href":"https:\/\/blogsaverroes.juntadeandalucia.es\/ceipsanmiguelalmunecar\/wp-json\/wp\/v2\/users\/15473"}],"replies":[{"embeddable":true,"href":"https:\/\/blogsaverroes.juntadeandalucia.es\/ceipsanmiguelalmunecar\/wp-json\/wp\/v2\/comments?post=41"}],"version-history":[{"count":8,"href":"https:\/\/blogsaverroes.juntadeandalucia.es\/ceipsanmiguelalmunecar\/wp-json\/wp\/v2\/pages\/41\/revisions"}],"predecessor-version":[{"id":1031,"href":"https:\/\/blogsaverroes.juntadeandalucia.es\/ceipsanmiguelalmunecar\/wp-json\/wp\/v2\/pages\/41\/revisions\/1031"}],"wp:attachment":[{"href":"https:\/\/blogsaverroes.juntadeandalucia.es\/ceipsanmiguelalmunecar\/wp-json\/wp\/v2\/media?parent=41"}],"curies":[{"name":"wp","href":"https:\/\/api.w.org\/{rel}","templated":true}]}}