{"id":2123,"date":"2016-09-16T22:29:29","date_gmt":"2016-09-16T20:29:29","guid":{"rendered":"http:\/\/blogsaverroes.juntadeandalucia.es\/ceipsanmiguelnerja\/?page_id=2123"},"modified":"2024-02-20T11:25:16","modified_gmt":"2024-02-20T10:25:16","slug":"autoproteccion","status":"publish","type":"page","link":"https:\/\/blogsaverroes.juntadeandalucia.es\/ceipsanmiguelnerja\/proyectos\/autoproteccion\/","title":{"rendered":"Autoprotecci\u00f3n"},"content":{"rendered":"<p><a href=\"https:\/\/blogsaverroes.juntadeandalucia.es\/ceipsanmiguelnerja\/files\/2016\/09\/AUTOPROTECCI\u00d3N.png\"><img loading=\"lazy\" decoding=\"async\" class=\"alignnone size-full wp-image-2372\" src=\"https:\/\/blogsaverroes.juntadeandalucia.es\/ceipsanmiguelnerja\/files\/2016\/09\/AUTOPROTECCI\u00d3N.png\" alt=\"\" width=\"2240\" height=\"446\" srcset=\"https:\/\/blogsaverroes.juntadeandalucia.es\/ceipsanmiguelnerja\/files\/2016\/09\/AUTOPROTECCI\u00d3N.png 1600w, https:\/\/blogsaverroes.juntadeandalucia.es\/ceipsanmiguelnerja\/files\/2016\/09\/AUTOPROTECCI\u00d3N-300x60.png 300w, https:\/\/blogsaverroes.juntadeandalucia.es\/ceipsanmiguelnerja\/files\/2016\/09\/AUTOPROTECCI\u00d3N-768x153.png 768w, https:\/\/blogsaverroes.juntadeandalucia.es\/ceipsanmiguelnerja\/files\/2016\/09\/AUTOPROTECCI\u00d3N-1024x204.png 1024w, https:\/\/blogsaverroes.juntadeandalucia.es\/ceipsanmiguelnerja\/files\/2016\/09\/AUTOPROTECCI\u00d3N-24x5.png 24w, https:\/\/blogsaverroes.juntadeandalucia.es\/ceipsanmiguelnerja\/files\/2016\/09\/AUTOPROTECCI\u00d3N-36x7.png 36w, https:\/\/blogsaverroes.juntadeandalucia.es\/ceipsanmiguelnerja\/files\/2016\/09\/AUTOPROTECCI\u00d3N-48x10.png 48w\" sizes=\"(max-width: 2240px) 100vw, 2240px\" \/><\/a>La seguridad y el bienestar de nuestra comunidad educativa son nuestra m\u00e1xima prioridad. Por ello, contamos con un riguroso plan de autoprotecci\u00f3n y salud laboral que garantiza un entorno seguro y saludable para todos. Nuestro personal est\u00e1 debidamente formado en medidas de prevenci\u00f3n y actuaci\u00f3n en casos de emergencia, y llevamos a cabo inspecciones regulares para asegurar el cumplimiento de las normativas de seguridad y salud en todas nuestras instalaciones. Adem\u00e1s, fomentamos una cultura de cuidado mutuo y colaboraci\u00f3n para promover el bienestar integral de toda la comunidad educativa.<\/p>\n","protected":false},"excerpt":{"rendered":"<p>La seguridad y el bienestar de nuestra comunidad educativa son nuestra m\u00e1xima prioridad. Por ello, contamos con un riguroso plan de autoprotecci\u00f3n y salud laboral que garantiza un entorno seguro y saludable para todos.&#46;&#46;&#46;<\/p>\n","protected":false},"author":3886,"featured_media":0,"parent":2108,"menu_order":0,"comment_status":"closed","ping_status":"closed","template":"","meta":{"ngg_post_thumbnail":0,"footnotes":"","_mc_calendar":[]},"aioseo_notices":[],"_links":{"self":[{"href":"https:\/\/blogsaverroes.juntadeandalucia.es\/ceipsanmiguelnerja\/wp-json\/wp\/v2\/pages\/2123"}],"collection":[{"href":"https:\/\/blogsaverroes.juntadeandalucia.es\/ceipsanmiguelnerja\/wp-json\/wp\/v2\/pages"}],"about":[{"href":"https:\/\/blogsaverroes.juntadeandalucia.es\/ceipsanmiguelnerja\/wp-json\/wp\/v2\/types\/page"}],"author":[{"embeddable":true,"href":"https:\/\/blogsaverroes.juntadeandalucia.es\/ceipsanmiguelnerja\/wp-json\/wp\/v2\/users\/3886"}],"replies":[{"embeddable":true,"href":"https:\/\/blogsaverroes.juntadeandalucia.es\/ceipsanmiguelnerja\/wp-json\/wp\/v2\/comments?post=2123"}],"version-history":[{"count":4,"href":"https:\/\/blogsaverroes.juntadeandalucia.es\/ceipsanmiguelnerja\/wp-json\/wp\/v2\/pages\/2123\/revisions"}],"predecessor-version":[{"id":2697,"href":"https:\/\/blogsaverroes.juntadeandalucia.es\/ceipsanmiguelnerja\/wp-json\/wp\/v2\/pages\/2123\/revisions\/2697"}],"up":[{"embeddable":true,"href":"https:\/\/blogsaverroes.juntadeandalucia.es\/ceipsanmiguelnerja\/wp-json\/wp\/v2\/pages\/2108"}],"wp:attachment":[{"href":"https:\/\/blogsaverroes.juntadeandalucia.es\/ceipsanmiguelnerja\/wp-json\/wp\/v2\/media?parent=2123"}],"curies":[{"name":"wp","href":"https:\/\/api.w.org\/{rel}","templated":true}]}}