{"id":2328,"date":"2019-02-15T11:36:49","date_gmt":"2019-02-15T10:36:49","guid":{"rendered":"http:\/\/blogsaverroes.juntadeandalucia.es\/ceipsanmiguelnerja\/?page_id=2328"},"modified":"2025-01-20T17:04:16","modified_gmt":"2025-01-20T16:04:16","slug":"profesorado-20182019","status":"publish","type":"page","link":"https:\/\/blogsaverroes.juntadeandalucia.es\/ceipsanmiguelnerja\/profesorado-20182019\/","title":{"rendered":"Profesorado"},"content":{"rendered":"<div class=\"et_pb_row et_pb_row_1\">&nbsp;<\/div>\n<div class=\"et_pb_row et_pb_row_3\">\n<div class=\"et_pb_column et_pb_column_1_3 et_pb_column_3 et_pb_css_mix_blend_mode_passthrough\">\n<div class=\"et_pb_module et_pb_text et_pb_text_3 et_pb_bg_layout_light et_pb_text_align_left\">\n<div class=\"et_pb_text_inner\">\n<h3><a href=\"https:\/\/blogsaverroes.juntadeandalucia.es\/ceipsanmiguelnerja\/files\/2019\/02\/Screenshot_20190215_113612.png\"><img loading=\"lazy\" decoding=\"async\" class=\"alignnone size-full wp-image-2329\" src=\"https:\/\/blogsaverroes.juntadeandalucia.es\/ceipsanmiguelnerja\/files\/2019\/02\/Screenshot_20190215_113612.png\" alt=\"\" width=\"1305\" height=\"229\" srcset=\"https:\/\/blogsaverroes.juntadeandalucia.es\/ceipsanmiguelnerja\/files\/2019\/02\/Screenshot_20190215_113612.png 1305w, https:\/\/blogsaverroes.juntadeandalucia.es\/ceipsanmiguelnerja\/files\/2019\/02\/Screenshot_20190215_113612-300x53.png 300w, https:\/\/blogsaverroes.juntadeandalucia.es\/ceipsanmiguelnerja\/files\/2019\/02\/Screenshot_20190215_113612-768x135.png 768w, https:\/\/blogsaverroes.juntadeandalucia.es\/ceipsanmiguelnerja\/files\/2019\/02\/Screenshot_20190215_113612-1024x180.png 1024w, https:\/\/blogsaverroes.juntadeandalucia.es\/ceipsanmiguelnerja\/files\/2019\/02\/Screenshot_20190215_113612-24x4.png 24w, https:\/\/blogsaverroes.juntadeandalucia.es\/ceipsanmiguelnerja\/files\/2019\/02\/Screenshot_20190215_113612-36x6.png 36w, https:\/\/blogsaverroes.juntadeandalucia.es\/ceipsanmiguelnerja\/files\/2019\/02\/Screenshot_20190215_113612-48x8.png 48w\" sizes=\"(max-width: 1305px) 100vw, 1305px\" \/><\/a><\/h3>\n<h3><span style=\"color: #10419c\">Tutor\u00edas Infantil<\/span><\/h3>\n<\/div>\n<\/div>\n<div class=\"et_pb_module et_pb_text et_pb_text_4 et_pb_bg_layout_light et_pb_text_align_left\">\n<div class=\"et_pb_text_inner\">\n<p class=\"p1\"><strong>3 a\u00f1os A:<\/strong> Natalia Medina Herrera<\/p>\n<p><strong>3 a\u00f1os B:<\/strong> Mar\u00eda Ascensi\u00f3n Aguilera P\u00e9rez<\/p>\n<p class=\"p1\"><strong>4 a\u00f1os: <\/strong>M\u00aa Jos\u00e9 Rodr\u00edguez Escobosa<\/p>\n<p><strong>5 a\u00f1os :<\/strong> Miguel \u00c1ngel Mart\u00edn Trivi\u00f1o<\/p>\n<p><strong>Apoyo:<\/strong> Carmen Escobar M\u00e1rquez<\/p>\n<\/div>\n<\/div>\n<\/div>\n<div class=\"et_pb_column et_pb_column_1_3 et_pb_column_4 et_pb_css_mix_blend_mode_passthrough\">\n<div class=\"et_pb_module et_pb_text et_pb_text_5 et_pb_bg_layout_light et_pb_text_align_left\">\n<div class=\"et_pb_text_inner\">\n<h3><span style=\"color: #10419c\">Tutor\u00edas Primaria<\/span><\/h3>\n<\/div>\n<\/div>\n<div class=\"et_pb_module et_pb_text et_pb_text_6 et_pb_bg_layout_light et_pb_text_align_left\">\n<div class=\"et_pb_text_inner\">\n<p class=\"p1\"><strong>1\u00ba Primaria A:<\/strong> Ignacio Espinilla Gallardo<br \/>\n<strong>1\u00ba Primaria B:&nbsp;<\/strong>Jorge Manzano Lagunas<\/p>\n<p class=\"p1\"><strong>2\u00ba Primaria A:<\/strong>Yolanda Pel\u00e1ez Garc\u00eda<br \/>\n<strong>2\u00ba Primaria B: <\/strong>Mar\u00eda Ascensi\u00f3n Romero Le\u00f3n<\/p>\n<p class=\"p1\"><strong>3\u00ba Primaria A:<\/strong>Carmen M\u00aa Robles V\u00e1zquez<br \/>\n<strong>3\u00ba Primaria B:<\/strong> Marisol Ortiz Torres<\/p>\n<p><strong>4\u00ba Primaria A: <\/strong>Sonia Bel\u00e9n Garc\u00eda Romero<br \/>\n<strong>4\u00ba Primaria B:&nbsp;<\/strong>Encarnaci\u00f3n Montalvo Hita<\/p>\n<p><strong>5\u00ba Primaria A: <\/strong>Marta L\u00f3pez Hurtado<br \/>\n<strong>5\u00ba Primaria B: <\/strong>Mar\u00eda Alicia del Rosal Padial<\/p>\n<p class=\"p1\"><strong>6\u00ba Primaria A:<\/strong>Lioba Mar\u00eda Benavides L\u00f3pez<br \/>\n<strong>6\u00ba Primaria B: <\/strong>Antonia Gaspar P\u00e9rez<\/p>\n<p><strong>Apoyo:<\/strong> Mar\u00eda Dolores Garc\u00eda G\u00f3mez<\/p>\n<p>&nbsp;<\/p>\n<h3><span style=\"color: #10419c\">Apoyo y Orientaci\u00f3n:<\/span><\/h3>\n<p><strong>Pedagog\u00eda Terap\u00e9utica:<\/strong> Abel Pe\u00f1a Sola, Lourdes Guerrero Jim\u00e9nez, Estela Gonz\u00e1lez P\u00e9rez-Rej\u00f3n<\/p>\n<p><strong>Audici\u00f3n y Lenguaje:<\/strong> Mar\u00eda de los \u00c1ngeles Gil Recio, Yolanda Calzado Ruiz<\/p>\n<p><strong>Orientadora:<\/strong> Irene Mar\u00eda S\u00e1nchez Gonz\u00e1lez<\/p>\n<\/div>\n<\/div>\n<\/div>\n<\/div>\n<div class=\"et_pb_row et_pb_row_4\">\n<div class=\"et_pb_column et_pb_column_4_4 et_pb_column_6 et_pb_css_mix_blend_mode_passthrough et-last-child\">\n<div class=\"et_pb_module et_pb_text et_pb_text_9 et_pb_bg_layout_light et_pb_text_align_left\">\n<div class=\"et_pb_text_inner\">\n<h3><span style=\"color: #10419c\">Departamentos<\/span><\/h3>\n<\/div>\n<\/div>\n<div class=\"et_pb_module et_pb_text et_pb_text_10 et_pb_bg_layout_light et_pb_text_align_left\">\n<div class=\"et_pb_text_inner\">\n<p><strong>Ingl\u00e9s:<\/strong> Marta L\u00f3pez Hurtado, Lioba Mar\u00eda Benavides L\u00f3pez, Marisol Ortiz Torres<\/p>\n<p><strong>Franc\u00e9s:&nbsp;<\/strong>Mar\u00eda Ascensi\u00f3n Romero Le\u00f3n<\/p>\n<p><strong>M\u00fasica:<\/strong> David S\u00e1nchez Lob\u00f3n, Yolanda Pel\u00e1ez Garc\u00eda<\/p>\n<p><strong>Educaci\u00f3n F\u00edsica: <\/strong>Olivier Casares Robles, Jorge Manzano Lagunas, Jose Aguilar Rodr\u00edguez<\/p>\n<p><strong>STEAM:<\/strong> David S\u00e1nchez Lob\u00f3n<\/p>\n<p><strong>Religi\u00f3n:<\/strong> Nuria del Carmen Pareja Ruiz, Irene Perianes Mart\u00ednez<\/p>\n<p>&nbsp;<\/p>\n<\/div>\n<\/div>\n<\/div>\n<\/div>\n","protected":false},"excerpt":{"rendered":"<p>&nbsp; Tutor\u00edas Infantil 3 a\u00f1os A: Natalia Medina Herrera 3 a\u00f1os B: Mar\u00eda Ascensi\u00f3n Aguilera P\u00e9rez 4 a\u00f1os: M\u00aa Jos\u00e9 Rodr\u00edguez Escobosa 5 a\u00f1os : Miguel \u00c1ngel Mart\u00edn Trivi\u00f1o Apoyo: Carmen Escobar M\u00e1rquez Tutor\u00edas&#46;&#46;&#46;<\/p>\n","protected":false},"author":3861,"featured_media":0,"parent":0,"menu_order":0,"comment_status":"closed","ping_status":"closed","template":"","meta":{"ngg_post_thumbnail":0,"footnotes":"","_mc_calendar":[]},"aioseo_notices":[],"_links":{"self":[{"href":"https:\/\/blogsaverroes.juntadeandalucia.es\/ceipsanmiguelnerja\/wp-json\/wp\/v2\/pages\/2328"}],"collection":[{"href":"https:\/\/blogsaverroes.juntadeandalucia.es\/ceipsanmiguelnerja\/wp-json\/wp\/v2\/pages"}],"about":[{"href":"https:\/\/blogsaverroes.juntadeandalucia.es\/ceipsanmiguelnerja\/wp-json\/wp\/v2\/types\/page"}],"author":[{"embeddable":true,"href":"https:\/\/blogsaverroes.juntadeandalucia.es\/ceipsanmiguelnerja\/wp-json\/wp\/v2\/users\/3861"}],"replies":[{"embeddable":true,"href":"https:\/\/blogsaverroes.juntadeandalucia.es\/ceipsanmiguelnerja\/wp-json\/wp\/v2\/comments?post=2328"}],"version-history":[{"count":8,"href":"https:\/\/blogsaverroes.juntadeandalucia.es\/ceipsanmiguelnerja\/wp-json\/wp\/v2\/pages\/2328\/revisions"}],"predecessor-version":[{"id":2718,"href":"https:\/\/blogsaverroes.juntadeandalucia.es\/ceipsanmiguelnerja\/wp-json\/wp\/v2\/pages\/2328\/revisions\/2718"}],"wp:attachment":[{"href":"https:\/\/blogsaverroes.juntadeandalucia.es\/ceipsanmiguelnerja\/wp-json\/wp\/v2\/media?parent=2328"}],"curies":[{"name":"wp","href":"https:\/\/api.w.org\/{rel}","templated":true}]}}