{"id":2524,"date":"2020-06-21T14:33:16","date_gmt":"2020-06-21T12:33:16","guid":{"rendered":"http:\/\/blogsaverroes.juntadeandalucia.es\/ceipsanmiguelnerja\/?page_id=2524"},"modified":"2020-06-21T14:33:16","modified_gmt":"2020-06-21T12:33:16","slug":"planes-o-programas-de-apoyo-y-refuerzo","status":"publish","type":"page","link":"https:\/\/blogsaverroes.juntadeandalucia.es\/ceipsanmiguelnerja\/planes-o-programas-de-apoyo-y-refuerzo\/","title":{"rendered":"PLANES O PROGRAMAS DE APOYO Y REFUERZO"},"content":{"rendered":"<h1>PLANES O PROGRAMAS DE APOYO Y REFUERZO<\/h1>\n<h2>\u00bfQu\u00e9 es?<\/h2>\n<p>Es un documento que recoge informaci\u00f3n relevante del alumnado sobre aprendizajes no adquiridos y dificultades en las \u00e1reas de lengua, matem\u00e1ticas e ingl\u00e9s.<\/p>\n<h2>\u00bfA qui\u00e9n va dirigido?<\/h2>\n<p>A todo aquel alumnado que repita o tenga en junio la evaluaci\u00f3n ordinaria suspensa.<\/p>\n<h2>\u00bfQui\u00e9n lo rellena?<\/h2>\n<p>El tutor cumplimentar\u00e1 el documento <a href=\"https:\/\/blogsaverroes.juntadeandalucia.es\/ceipsanmiguelnerja\/files\/2020\/06\/PLANES-O-PROGRAMAS-DE-APOYO-Y-REFUERZO.pdf\">PLANES O PROGRAMAS DE APOYO Y REFUERZO<\/a><\/p>\n<p>Los profesores que den Lengua, Matem\u00e1ticas o&nbsp; Ingl\u00e9s a ese alumno\/a rellenar\u00e1 su documento correspondiente.<\/p>\n<h2>\u00bfCu\u00e1ndo se entrega?<\/h2>\n<p>En junio se entregar\u00e1 a Jefatura de Estudios, para que en septiembre se traslade al nuevo tutor\/a y al profesorado de apoyo y refuerzo.<\/p>\n<h2>Documentaci\u00f3n en PDF rellenable<\/h2>\n<p><a href=\"https:\/\/blogsaverroes.juntadeandalucia.es\/ceipsanmiguelnerja\/files\/2020\/06\/PLANES-O-PROGRAMAS-DE-APOYO-Y-REFUERZO.pdf\">PLANES O PROGRAMAS DE APOYO Y REFUERZO<\/a><\/p>\n<table style=\"height: 589px\" width=\"408\" cellspacing=\"0\" cellpadding=\"2\">\n<colgroup>\n<col width=\"65\">\n<col width=\"106\">\n<col width=\"62\"> <\/colgroup>\n<tbody>\n<tr>\n<td style=\"width: 110.567px\" height=\"34\">\n<h3 class=\"western\" align=\"center\">Lengua<\/h3>\n<\/td>\n<td style=\"width: 184.267px\">\n<h3 class=\"western\" align=\"center\">Matem\u00e1ticas<\/h3>\n<\/td>\n<td style=\"width: 93.8333px\">\n<h3 class=\"western\" align=\"center\">Ingl\u00e9s<\/h3>\n<\/td>\n<\/tr>\n<tr>\n<td style=\"width: 110.567px;text-align: center\" height=\"34\"><a href=\"https:\/\/blogsaverroes.juntadeandalucia.es\/ceipsanmiguelnerja\/files\/2020\/06\/Criterios-evaluaci\u00f3n-1\u00ba-Lengua-Castellana-y-Literatura.pdf\" target=\"_blank\" rel=\"noopener noreferrer\">1\u00ba Lengua<\/a><\/td>\n<td style=\"width: 184.267px;text-align: center\"><a href=\"https:\/\/blogsaverroes.juntadeandalucia.es\/ceipsanmiguelnerja\/files\/2020\/06\/Criterios-evaluaci\u00f3n-1\u00ba-Matem\u00e1ticas.pdf\" target=\"_blank\" rel=\"noopener noreferrer\">1\u00ba Matem\u00e1ticas<\/a><\/td>\n<td style=\"width: 93.8333px;text-align: center\">\n<p align=\"center\"><a href=\"https:\/\/blogsaverroes.juntadeandalucia.es\/ceipsanmiguelnerja\/files\/2020\/06\/Criterios-evaluaci%C3%B3n-1%C2%BA-Ingles.pdf\" target=\"_blank\" rel=\"noopener noreferrer\">1\u00ba Ingl\u00e9s<\/a><\/p>\n<\/td>\n<\/tr>\n<tr>\n<td style=\"width: 110.567px;text-align: center\" height=\"34\"><a href=\"https:\/\/blogsaverroes.juntadeandalucia.es\/ceipsanmiguelnerja\/files\/2020\/06\/Criterios-evaluaci\u00f3n-2\u00ba-Lengua-Castellana-y-Literatura.pdf\" target=\"_blank\" rel=\"noopener noreferrer\">2\u00ba Lengua<\/a><\/td>\n<td style=\"width: 184.267px;text-align: center\"><a href=\"https:\/\/blogsaverroes.juntadeandalucia.es\/ceipsanmiguelnerja\/files\/2020\/06\/Criterios-evaluaci\u00f3n-2\u00ba-Matem\u00e1ticas.pdf\" target=\"_blank\" rel=\"noopener noreferrer\">2\u00ba Matem\u00e1ticas<\/a><\/td>\n<td style=\"width: 93.8333px;text-align: center\">\n<p align=\"center\"><a href=\"https:\/\/blogsaverroes.juntadeandalucia.es\/ceipsanmiguelnerja\/files\/2020\/06\/Criterios-evaluaci%C3%B3n-2%C2%BA-Ingles.pdf\" target=\"_blank\" rel=\"noopener noreferrer\">2\u00ba Ingl\u00e9s<\/a><\/p>\n<\/td>\n<\/tr>\n<tr>\n<td style=\"width: 110.567px;text-align: center\" height=\"34\"><a href=\"https:\/\/blogsaverroes.juntadeandalucia.es\/ceipsanmiguelnerja\/files\/2020\/06\/Criterios-evaluaci\u00f3n-3\u00ba-Lengua-Castellana-y-Literatura.pdf\" target=\"_blank\" rel=\"noopener noreferrer\">3\u00ba Lengua<\/a><\/td>\n<td style=\"width: 184.267px;text-align: center\"><a href=\"https:\/\/blogsaverroes.juntadeandalucia.es\/ceipsanmiguelnerja\/files\/2020\/06\/Criterios-evaluaci\u00f3n-3\u00ba-Matem\u00e1ticas.pdf\" target=\"_blank\" rel=\"noopener noreferrer\">3\u00ba Matem\u00e1ticas<\/a><\/td>\n<td style=\"width: 93.8333px;text-align: center\">\n<p align=\"center\"><a href=\"https:\/\/blogsaverroes.juntadeandalucia.es\/ceipsanmiguelnerja\/files\/2020\/06\/Criterios-evaluaci%C3%B3n-3%C2%BA-Ingles.pdf\" target=\"_blank\" rel=\"noopener noreferrer\">3\u00ba Ingl\u00e9s<\/a><\/p>\n<\/td>\n<\/tr>\n<tr>\n<td style=\"width: 110.567px;text-align: center\" height=\"34\"><a href=\"https:\/\/blogsaverroes.juntadeandalucia.es\/ceipsanmiguelnerja\/files\/2020\/06\/Criterios-evaluaci\u00f3n-4\u00ba-Lengua-Castellana-y-Literatura.pdf\" target=\"_blank\" rel=\"noopener noreferrer\">4\u00ba Lengua<\/a><\/td>\n<td style=\"width: 184.267px;text-align: center\"><a href=\"https:\/\/blogsaverroes.juntadeandalucia.es\/ceipsanmiguelnerja\/files\/2020\/06\/Criterios-evaluaci\u00f3n-4\u00ba-Matem\u00e1ticas.pdf\" target=\"_blank\" rel=\"noopener noreferrer\">4\u00ba Matem\u00e1ticas<\/a><\/td>\n<td style=\"width: 93.8333px;text-align: center\">\n<p align=\"center\"><a href=\"https:\/\/blogsaverroes.juntadeandalucia.es\/ceipsanmiguelnerja\/files\/2020\/06\/Criterios-evaluaci%C3%B3n-4%C2%BA-Ingles.pdf\" target=\"_blank\" rel=\"noopener noreferrer\">4\u00ba Ingl\u00e9s<\/a><\/p>\n<\/td>\n<\/tr>\n<tr>\n<td style=\"width: 110.567px;text-align: center\" height=\"34\"><a href=\"https:\/\/blogsaverroes.juntadeandalucia.es\/ceipsanmiguelnerja\/files\/2020\/06\/Criterios-evaluaci\u00f3n-5\u00ba-Lengua-Castellana-y-Literatura.pdf\" target=\"_blank\" rel=\"noopener noreferrer\">5\u00ba Lengua<\/a><\/td>\n<td style=\"width: 184.267px;text-align: center\"><a href=\"https:\/\/blogsaverroes.juntadeandalucia.es\/ceipsanmiguelnerja\/files\/2020\/06\/Criterios-evaluaci\u00f3n-5\u00ba-Matem\u00e1ticas.pdf\" target=\"_blank\" rel=\"noopener noreferrer\">5\u00ba Matem\u00e1ticas<\/a><\/td>\n<td style=\"width: 93.8333px;text-align: center\">\n<p align=\"center\"><a href=\"https:\/\/blogsaverroes.juntadeandalucia.es\/ceipsanmiguelnerja\/files\/2020\/06\/Criterios-evaluaci%C3%B3n-5%C2%BA-Ingles.pdf\" target=\"_blank\" rel=\"noopener noreferrer\">5\u00ba Ingl\u00e9s<\/a><\/p>\n<\/td>\n<\/tr>\n<tr>\n<td style=\"width: 110.567px;text-align: center\" height=\"34\"><a href=\"https:\/\/blogsaverroes.juntadeandalucia.es\/ceipsanmiguelnerja\/files\/2020\/06\/Criterios-evaluaci\u00f3n-6\u00ba-Lengua-Castellana-y-Literatura.pdf\" target=\"_blank\" rel=\"noopener noreferrer\">6\u00ba Lengua<\/a><\/td>\n<td style=\"width: 184.267px;text-align: center\"><a href=\"https:\/\/blogsaverroes.juntadeandalucia.es\/ceipsanmiguelnerja\/files\/2020\/06\/Criterios-evaluaci\u00f3n-6\u00ba-Matem\u00e1ticas.pdf\" target=\"_blank\" rel=\"noopener noreferrer\">6\u00ba Matem\u00e1ticas<\/a><\/td>\n<td style=\"width: 93.8333px;text-align: center\">\n<p align=\"center\"><a href=\"https:\/\/blogsaverroes.juntadeandalucia.es\/ceipsanmiguelnerja\/files\/2020\/06\/Criterios-evaluaci%C3%B3n-6%C2%BA-Ingles.pdf\" target=\"_blank\" rel=\"noopener noreferrer\">6\u00ba Ingl\u00e9s<\/a><\/p>\n<\/td>\n<\/tr>\n<\/tbody>\n<\/table>\n<p>&nbsp;<\/p>\n<p>&nbsp;<\/p>\n","protected":false},"excerpt":{"rendered":"<p>PLANES O PROGRAMAS DE APOYO Y REFUERZO \u00bfQu\u00e9 es? Es un documento que recoge informaci\u00f3n relevante del alumnado sobre aprendizajes no adquiridos y dificultades en las \u00e1reas de lengua, matem\u00e1ticas e ingl\u00e9s. \u00bfA qui\u00e9n&#46;&#46;&#46;<\/p>\n","protected":false},"author":3861,"featured_media":0,"parent":0,"menu_order":0,"comment_status":"closed","ping_status":"closed","template":"","meta":{"ngg_post_thumbnail":0,"footnotes":"","_mc_calendar":[]},"aioseo_notices":[],"_links":{"self":[{"href":"https:\/\/blogsaverroes.juntadeandalucia.es\/ceipsanmiguelnerja\/wp-json\/wp\/v2\/pages\/2524"}],"collection":[{"href":"https:\/\/blogsaverroes.juntadeandalucia.es\/ceipsanmiguelnerja\/wp-json\/wp\/v2\/pages"}],"about":[{"href":"https:\/\/blogsaverroes.juntadeandalucia.es\/ceipsanmiguelnerja\/wp-json\/wp\/v2\/types\/page"}],"author":[{"embeddable":true,"href":"https:\/\/blogsaverroes.juntadeandalucia.es\/ceipsanmiguelnerja\/wp-json\/wp\/v2\/users\/3861"}],"replies":[{"embeddable":true,"href":"https:\/\/blogsaverroes.juntadeandalucia.es\/ceipsanmiguelnerja\/wp-json\/wp\/v2\/comments?post=2524"}],"version-history":[{"count":1,"href":"https:\/\/blogsaverroes.juntadeandalucia.es\/ceipsanmiguelnerja\/wp-json\/wp\/v2\/pages\/2524\/revisions"}],"predecessor-version":[{"id":2525,"href":"https:\/\/blogsaverroes.juntadeandalucia.es\/ceipsanmiguelnerja\/wp-json\/wp\/v2\/pages\/2524\/revisions\/2525"}],"wp:attachment":[{"href":"https:\/\/blogsaverroes.juntadeandalucia.es\/ceipsanmiguelnerja\/wp-json\/wp\/v2\/media?parent=2524"}],"curies":[{"name":"wp","href":"https:\/\/api.w.org\/{rel}","templated":true}]}}