{"id":2552,"date":"2020-11-11T10:17:54","date_gmt":"2020-11-11T09:17:54","guid":{"rendered":"http:\/\/blogsaverroes.juntadeandalucia.es\/ceipsanmiguelnerja\/?page_id=2552"},"modified":"2020-11-11T10:27:33","modified_gmt":"2020-11-11T09:27:33","slug":"pasen-ipasen","status":"publish","type":"page","link":"https:\/\/blogsaverroes.juntadeandalucia.es\/ceipsanmiguelnerja\/pasen-ipasen\/","title":{"rendered":"PASEN\/IPASEN"},"content":{"rendered":"<p>A trav\u00e9s de esta p\u00e1gina ofreceremos informaci\u00f3n y recursos sobre la herramienta que la Junta de Andaluc\u00eda pone a disposici\u00f3n de las familias.<\/p>\n<p>Pasen e IPasen tiene un gran poder informativo, comunicativo y de gesti\u00f3n que no debemos desaprovechar. Os animamos a que la us\u00e9is, es f\u00e1cil de utilizar.<\/p>\n<p>Os dejamos una infograf\u00eda con unos peque\u00f1os e ilustrativos videotutoriales realizados por nuestro director, Olivier Casares, que os ser\u00e1 de gran ayuda.<\/p>\n<div style=\"width: 90%\">\n<div style=\"padding-bottom: 56.25%;padding-top: 0;height: 0\">\n<iframe loading=\"lazy\" src=\"https:\/\/view.genial.ly\/5f760aecf8bf4d102a26739c\" scrolling=\"yes\" width=\"1000px\" height=\"563px\" frameborder=\"0\"><\/iframe><\/div>\n<\/div>\n","protected":false},"excerpt":{"rendered":"<p>A trav\u00e9s de esta p\u00e1gina ofreceremos informaci\u00f3n y recursos sobre la herramienta que la Junta de Andaluc\u00eda pone a disposici\u00f3n de las familias. Pasen e IPasen tiene un gran poder informativo, comunicativo y de&#46;&#46;&#46;<\/p>\n","protected":false},"author":3861,"featured_media":0,"parent":0,"menu_order":0,"comment_status":"closed","ping_status":"closed","template":"","meta":{"ngg_post_thumbnail":0,"footnotes":"","_mc_calendar":[]},"aioseo_notices":[],"_links":{"self":[{"href":"https:\/\/blogsaverroes.juntadeandalucia.es\/ceipsanmiguelnerja\/wp-json\/wp\/v2\/pages\/2552"}],"collection":[{"href":"https:\/\/blogsaverroes.juntadeandalucia.es\/ceipsanmiguelnerja\/wp-json\/wp\/v2\/pages"}],"about":[{"href":"https:\/\/blogsaverroes.juntadeandalucia.es\/ceipsanmiguelnerja\/wp-json\/wp\/v2\/types\/page"}],"author":[{"embeddable":true,"href":"https:\/\/blogsaverroes.juntadeandalucia.es\/ceipsanmiguelnerja\/wp-json\/wp\/v2\/users\/3861"}],"replies":[{"embeddable":true,"href":"https:\/\/blogsaverroes.juntadeandalucia.es\/ceipsanmiguelnerja\/wp-json\/wp\/v2\/comments?post=2552"}],"version-history":[{"count":5,"href":"https:\/\/blogsaverroes.juntadeandalucia.es\/ceipsanmiguelnerja\/wp-json\/wp\/v2\/pages\/2552\/revisions"}],"predecessor-version":[{"id":2559,"href":"https:\/\/blogsaverroes.juntadeandalucia.es\/ceipsanmiguelnerja\/wp-json\/wp\/v2\/pages\/2552\/revisions\/2559"}],"wp:attachment":[{"href":"https:\/\/blogsaverroes.juntadeandalucia.es\/ceipsanmiguelnerja\/wp-json\/wp\/v2\/media?parent=2552"}],"curies":[{"name":"wp","href":"https:\/\/api.w.org\/{rel}","templated":true}]}}