{"id":35,"date":"2015-03-13T08:21:43","date_gmt":"2015-03-13T08:21:43","guid":{"rendered":"http:\/\/blogsaverroes.juntadeandalucia.es\/pre\/ceip\/?page_id=35"},"modified":"2022-12-15T18:02:10","modified_gmt":"2022-12-15T17:02:10","slug":"el-centro-2","status":"publish","type":"page","link":"https:\/\/blogsaverroes.juntadeandalucia.es\/ceipsanmiguelnerja\/el-centro-2\/","title":{"rendered":"Datos del centro"},"content":{"rendered":"<h4><strong><a href=\"https:\/\/blogsaverroes.juntadeandalucia.es\/ceipsanmiguelnerja\/files\/2015\/03\/Screenshot_20190215_114902.png\"><img loading=\"lazy\" decoding=\"async\" class=\"alignnone size-full wp-image-2338\" src=\"https:\/\/blogsaverroes.juntadeandalucia.es\/ceipsanmiguelnerja\/files\/2015\/03\/Screenshot_20190215_114902.png\" alt=\"\" width=\"1185\" height=\"194\" srcset=\"https:\/\/blogsaverroes.juntadeandalucia.es\/ceipsanmiguelnerja\/files\/2015\/03\/Screenshot_20190215_114902.png 1185w, https:\/\/blogsaverroes.juntadeandalucia.es\/ceipsanmiguelnerja\/files\/2015\/03\/Screenshot_20190215_114902-300x49.png 300w, https:\/\/blogsaverroes.juntadeandalucia.es\/ceipsanmiguelnerja\/files\/2015\/03\/Screenshot_20190215_114902-768x126.png 768w, https:\/\/blogsaverroes.juntadeandalucia.es\/ceipsanmiguelnerja\/files\/2015\/03\/Screenshot_20190215_114902-1024x168.png 1024w, https:\/\/blogsaverroes.juntadeandalucia.es\/ceipsanmiguelnerja\/files\/2015\/03\/Screenshot_20190215_114902-24x4.png 24w, https:\/\/blogsaverroes.juntadeandalucia.es\/ceipsanmiguelnerja\/files\/2015\/03\/Screenshot_20190215_114902-36x6.png 36w, https:\/\/blogsaverroes.juntadeandalucia.es\/ceipsanmiguelnerja\/files\/2015\/03\/Screenshot_20190215_114902-48x8.png 48w\" sizes=\"(max-width: 1185px) 100vw, 1185px\" \/><\/a><\/strong><\/h4>\n<h4><strong>Datos de contacto<\/strong><\/h4>\n<p>CEIP San Miguel<\/p>\n<p><strong>C\u00f3digo:<\/strong> 29007238<\/p>\n<p><strong>Direcci\u00f3n:<\/strong>&nbsp; Avenida Castilla P\u00e9rez n\u00ba9&nbsp; Nerja&nbsp; 29780&nbsp; M\u00e1laga<\/p>\n<p><strong>Tel\u00e9fono:<\/strong> 951 28 95 63<strong><br \/>\n<\/strong><\/p>\n<p><strong>FAX: <\/strong>951 28 95 65<\/p>\n<p><strong>Email:<\/strong> 29007238.edu@juntadeandalucia.es<br \/>\n<iframe loading=\"lazy\" src=\"https:\/\/www.google.com\/maps\/embed?pb=!1m18!1m12!1m3!1d3196.9965254700614!2d-3.8816905489402562!3d36.746654479861284!2m3!1f0!2f0!3f0!3m2!1i1024!2i768!4f13.1!3m3!1m2!1s0xd72251115abc9b3%3A0xfcc346a47727a4c4!2sColegio+P%C3%BAblico+San+Miguel!5e0!3m2!1ses!2ses!4v1474537633524\" width=\"600\" height=\"450\" frameborder=\"0\"><\/iframe><\/p>\n","protected":false},"excerpt":{"rendered":"<p>Datos de contacto CEIP San Miguel C\u00f3digo: 29007238 Direcci\u00f3n:&nbsp; Avenida Castilla P\u00e9rez n\u00ba9&nbsp; Nerja&nbsp; 29780&nbsp; M\u00e1laga Tel\u00e9fono: 951 28 95 63 FAX: 951 28 95 65 Email: 29007238.edu@juntadeandalucia.es<\/p>\n","protected":false},"author":1,"featured_media":0,"parent":0,"menu_order":0,"comment_status":"closed","ping_status":"open","template":"","meta":{"ngg_post_thumbnail":0,"footnotes":"","_mc_calendar":[]},"aioseo_notices":[],"_links":{"self":[{"href":"https:\/\/blogsaverroes.juntadeandalucia.es\/ceipsanmiguelnerja\/wp-json\/wp\/v2\/pages\/35"}],"collection":[{"href":"https:\/\/blogsaverroes.juntadeandalucia.es\/ceipsanmiguelnerja\/wp-json\/wp\/v2\/pages"}],"about":[{"href":"https:\/\/blogsaverroes.juntadeandalucia.es\/ceipsanmiguelnerja\/wp-json\/wp\/v2\/types\/page"}],"author":[{"embeddable":true,"href":"https:\/\/blogsaverroes.juntadeandalucia.es\/ceipsanmiguelnerja\/wp-json\/wp\/v2\/users\/1"}],"replies":[{"embeddable":true,"href":"https:\/\/blogsaverroes.juntadeandalucia.es\/ceipsanmiguelnerja\/wp-json\/wp\/v2\/comments?post=35"}],"version-history":[{"count":32,"href":"https:\/\/blogsaverroes.juntadeandalucia.es\/ceipsanmiguelnerja\/wp-json\/wp\/v2\/pages\/35\/revisions"}],"predecessor-version":[{"id":2622,"href":"https:\/\/blogsaverroes.juntadeandalucia.es\/ceipsanmiguelnerja\/wp-json\/wp\/v2\/pages\/35\/revisions\/2622"}],"wp:attachment":[{"href":"https:\/\/blogsaverroes.juntadeandalucia.es\/ceipsanmiguelnerja\/wp-json\/wp\/v2\/media?parent=35"}],"curies":[{"name":"wp","href":"https:\/\/api.w.org\/{rel}","templated":true}]}}