{"id":44,"date":"2015-03-13T08:42:15","date_gmt":"2015-03-13T08:42:15","guid":{"rendered":"http:\/\/blogsaverroes.juntadeandalucia.es\/pre\/ceip\/?page_id=44"},"modified":"2025-01-20T16:38:43","modified_gmt":"2025-01-20T15:38:43","slug":"planes-y-proyectos","status":"publish","type":"page","link":"https:\/\/blogsaverroes.juntadeandalucia.es\/ceipsanmiguelnerja\/planes-y-proyectos\/","title":{"rendered":"Planes y Programas"},"content":{"rendered":"<p><a href=\"https:\/\/blogsaverroes.juntadeandalucia.es\/ceipsanmiguelnerja\/files\/2015\/03\/PLANES-Y-PROGRAMAS.png\"><img loading=\"lazy\" decoding=\"async\" class=\"alignnone size-full wp-image-2340\" src=\"https:\/\/blogsaverroes.juntadeandalucia.es\/ceipsanmiguelnerja\/files\/2015\/03\/PLANES-Y-PROGRAMAS.png\" alt=\"\" width=\"1142\" height=\"221\" srcset=\"https:\/\/blogsaverroes.juntadeandalucia.es\/ceipsanmiguelnerja\/files\/2015\/03\/PLANES-Y-PROGRAMAS.png 1142w, https:\/\/blogsaverroes.juntadeandalucia.es\/ceipsanmiguelnerja\/files\/2015\/03\/PLANES-Y-PROGRAMAS-300x58.png 300w, https:\/\/blogsaverroes.juntadeandalucia.es\/ceipsanmiguelnerja\/files\/2015\/03\/PLANES-Y-PROGRAMAS-768x149.png 768w, https:\/\/blogsaverroes.juntadeandalucia.es\/ceipsanmiguelnerja\/files\/2015\/03\/PLANES-Y-PROGRAMAS-1024x198.png 1024w, https:\/\/blogsaverroes.juntadeandalucia.es\/ceipsanmiguelnerja\/files\/2015\/03\/PLANES-Y-PROGRAMAS-24x5.png 24w, https:\/\/blogsaverroes.juntadeandalucia.es\/ceipsanmiguelnerja\/files\/2015\/03\/PLANES-Y-PROGRAMAS-36x7.png 36w, https:\/\/blogsaverroes.juntadeandalucia.es\/ceipsanmiguelnerja\/files\/2015\/03\/PLANES-Y-PROGRAMAS-48x9.png 48w\" sizes=\"(max-width: 1142px) 100vw, 1142px\" \/><\/a><\/p>\n<ul style=\"list-style-type: disc\">\n<li>Plan de igualdad de g\u00e9nero en educaci\u00f3n<\/li>\n<li>Plan de apertura de centros docentes<\/li>\n<li>Plan de Salud Laboral y P.R.L.<\/li>\n<li>Organizaci\u00f3n y funcionamiento de las Bibliotecas Escolares<\/li>\n<li>Convivencia Escolar<\/li>\n<li>M\u00e1s Equidad<\/li>\n<li>Pr\u00e1cticum Grado Maestro<\/li>\n<li>Red Andaluza Escuela \u00abEspacio de Paz\u00bb<\/li>\n<li>Transformaci\u00f3n Digital Educativa (<a href=\"https:\/\/blogsaverroes.juntadeandalucia.es\/ceipsanmiguelnerja\/files\/2025\/01\/Plan-de-Actuacion-Digital-24-25.pdf\" target=\"_blank\" rel=\"noopener\">Plan de Actuaci\u00f3n Digital 24-25<\/a>)<\/li>\n<li>Plan de apertura:<br \/>\n\u2022 Aula Matinal: 7:30h a 9:00h<br \/>\n\u2022 Comedor Escolar: 14:00h a 16:00h<br \/>\n\u2022 Actividades Extraescolares: Ingl\u00e9s, Artes Marciales (kenpo). De Lunes a Jueves de 16:00h a 18:00h<\/li>\n<\/ul>\n","protected":false},"excerpt":{"rendered":"<p>Plan de igualdad de g\u00e9nero en educaci\u00f3n Plan de apertura de centros docentes Plan de Salud Laboral y P.R.L. Organizaci\u00f3n y funcionamiento de las Bibliotecas Escolares Convivencia Escolar M\u00e1s Equidad Pr\u00e1cticum Grado Maestro Red&#46;&#46;&#46;<\/p>\n","protected":false},"author":1,"featured_media":0,"parent":0,"menu_order":0,"comment_status":"closed","ping_status":"closed","template":"","meta":{"ngg_post_thumbnail":0,"footnotes":"","_mc_calendar":[]},"aioseo_notices":[],"_links":{"self":[{"href":"https:\/\/blogsaverroes.juntadeandalucia.es\/ceipsanmiguelnerja\/wp-json\/wp\/v2\/pages\/44"}],"collection":[{"href":"https:\/\/blogsaverroes.juntadeandalucia.es\/ceipsanmiguelnerja\/wp-json\/wp\/v2\/pages"}],"about":[{"href":"https:\/\/blogsaverroes.juntadeandalucia.es\/ceipsanmiguelnerja\/wp-json\/wp\/v2\/types\/page"}],"author":[{"embeddable":true,"href":"https:\/\/blogsaverroes.juntadeandalucia.es\/ceipsanmiguelnerja\/wp-json\/wp\/v2\/users\/1"}],"replies":[{"embeddable":true,"href":"https:\/\/blogsaverroes.juntadeandalucia.es\/ceipsanmiguelnerja\/wp-json\/wp\/v2\/comments?post=44"}],"version-history":[{"count":12,"href":"https:\/\/blogsaverroes.juntadeandalucia.es\/ceipsanmiguelnerja\/wp-json\/wp\/v2\/pages\/44\/revisions"}],"predecessor-version":[{"id":2716,"href":"https:\/\/blogsaverroes.juntadeandalucia.es\/ceipsanmiguelnerja\/wp-json\/wp\/v2\/pages\/44\/revisions\/2716"}],"wp:attachment":[{"href":"https:\/\/blogsaverroes.juntadeandalucia.es\/ceipsanmiguelnerja\/wp-json\/wp\/v2\/media?parent=44"}],"curies":[{"name":"wp","href":"https:\/\/api.w.org\/{rel}","templated":true}]}}