{"id":870,"date":"2015-03-16T07:24:27","date_gmt":"2015-03-16T07:24:27","guid":{"rendered":"http:\/\/blogsaverroes.juntadeandalucia.es\/pre\/ceip\/?page_id=103"},"modified":"2024-02-20T10:42:33","modified_gmt":"2024-02-20T09:42:33","slug":"aula-matinal","status":"publish","type":"page","link":"https:\/\/blogsaverroes.juntadeandalucia.es\/ceipsanmiguelnerja\/aula-matinal\/","title":{"rendered":"Aula Matinal"},"content":{"rendered":"<p><a href=\"https:\/\/blogsaverroes.juntadeandalucia.es\/ceipsanmiguelnerja\/files\/2015\/03\/AULA-MATINAL2.png\"><img loading=\"lazy\" decoding=\"async\" class=\"alignnone size-full wp-image-2367\" src=\"https:\/\/blogsaverroes.juntadeandalucia.es\/ceipsanmiguelnerja\/files\/2015\/03\/AULA-MATINAL2.png\" alt=\"\" width=\"2240\" height=\"446\" srcset=\"https:\/\/blogsaverroes.juntadeandalucia.es\/ceipsanmiguelnerja\/files\/2015\/03\/AULA-MATINAL2.png 1600w, https:\/\/blogsaverroes.juntadeandalucia.es\/ceipsanmiguelnerja\/files\/2015\/03\/AULA-MATINAL2-300x60.png 300w, https:\/\/blogsaverroes.juntadeandalucia.es\/ceipsanmiguelnerja\/files\/2015\/03\/AULA-MATINAL2-768x153.png 768w, https:\/\/blogsaverroes.juntadeandalucia.es\/ceipsanmiguelnerja\/files\/2015\/03\/AULA-MATINAL2-1024x204.png 1024w, https:\/\/blogsaverroes.juntadeandalucia.es\/ceipsanmiguelnerja\/files\/2015\/03\/AULA-MATINAL2-24x5.png 24w, https:\/\/blogsaverroes.juntadeandalucia.es\/ceipsanmiguelnerja\/files\/2015\/03\/AULA-MATINAL2-36x7.png 36w, https:\/\/blogsaverroes.juntadeandalucia.es\/ceipsanmiguelnerja\/files\/2015\/03\/AULA-MATINAL2-48x10.png 48w\" sizes=\"(max-width: 2240px) 100vw, 2240px\" \/><\/a><\/p>\n<p>Para facilitar la conciliaci\u00f3n de la vida laboral y familiar, ofrecemos el servicio de aula matinal. Nuestro personal cualificado se encarga de recibir a los alumnos de manera temprana, proporcionando un ambiente seguro y acogedor donde pueden comenzar el d\u00eda de manera tranquila. Adem\u00e1s, ofrecemos actividades l\u00fadicas y educativas para que los estudiantes empiecen el d\u00eda con energ\u00eda y entusiasmo.<\/p>\n<p>El <strong>Aula Matinal<\/strong> abre a las 7.30 horas de lunes a viernes, ofreciendo actividades diversas a los estudiantes hasta el comienzo del horario lectivo.<\/p>\n<p>&nbsp;<\/p>\n","protected":false},"excerpt":{"rendered":"<p>Para facilitar la conciliaci\u00f3n de la vida laboral y familiar, ofrecemos el servicio de aula matinal. Nuestro personal cualificado se encarga de recibir a los alumnos de manera temprana, proporcionando un ambiente seguro y&#46;&#46;&#46;<\/p>\n","protected":false},"author":1,"featured_media":0,"parent":0,"menu_order":0,"comment_status":"closed","ping_status":"open","template":"","meta":{"ngg_post_thumbnail":0,"footnotes":"","_mc_calendar":[]},"aioseo_notices":[],"_links":{"self":[{"href":"https:\/\/blogsaverroes.juntadeandalucia.es\/ceipsanmiguelnerja\/wp-json\/wp\/v2\/pages\/870"}],"collection":[{"href":"https:\/\/blogsaverroes.juntadeandalucia.es\/ceipsanmiguelnerja\/wp-json\/wp\/v2\/pages"}],"about":[{"href":"https:\/\/blogsaverroes.juntadeandalucia.es\/ceipsanmiguelnerja\/wp-json\/wp\/v2\/types\/page"}],"author":[{"embeddable":true,"href":"https:\/\/blogsaverroes.juntadeandalucia.es\/ceipsanmiguelnerja\/wp-json\/wp\/v2\/users\/1"}],"replies":[{"embeddable":true,"href":"https:\/\/blogsaverroes.juntadeandalucia.es\/ceipsanmiguelnerja\/wp-json\/wp\/v2\/comments?post=870"}],"version-history":[{"count":9,"href":"https:\/\/blogsaverroes.juntadeandalucia.es\/ceipsanmiguelnerja\/wp-json\/wp\/v2\/pages\/870\/revisions"}],"predecessor-version":[{"id":2696,"href":"https:\/\/blogsaverroes.juntadeandalucia.es\/ceipsanmiguelnerja\/wp-json\/wp\/v2\/pages\/870\/revisions\/2696"}],"wp:attachment":[{"href":"https:\/\/blogsaverroes.juntadeandalucia.es\/ceipsanmiguelnerja\/wp-json\/wp\/v2\/media?parent=870"}],"curies":[{"name":"wp","href":"https:\/\/api.w.org\/{rel}","templated":true}]}}