{"id":871,"date":"2015-03-16T07:25:46","date_gmt":"2015-03-16T07:25:46","guid":{"rendered":"http:\/\/blogsaverroes.juntadeandalucia.es\/pre\/ceip\/?page_id=106"},"modified":"2024-02-20T10:41:01","modified_gmt":"2024-02-20T09:41:01","slug":"actividades-extraescolares","status":"publish","type":"page","link":"https:\/\/blogsaverroes.juntadeandalucia.es\/ceipsanmiguelnerja\/actividades-extraescolares\/","title":{"rendered":"Actividades extraescolares"},"content":{"rendered":"<h4><a href=\"https:\/\/blogsaverroes.juntadeandalucia.es\/ceipsanmiguelnerja\/files\/2015\/03\/EXTRAESCOLARES.png\"><img loading=\"lazy\" decoding=\"async\" class=\"alignnone size-full wp-image-2369\" src=\"https:\/\/blogsaverroes.juntadeandalucia.es\/ceipsanmiguelnerja\/files\/2015\/03\/EXTRAESCOLARES.png\" alt=\"\" width=\"2240\" height=\"446\" srcset=\"https:\/\/blogsaverroes.juntadeandalucia.es\/ceipsanmiguelnerja\/files\/2015\/03\/EXTRAESCOLARES.png 1600w, https:\/\/blogsaverroes.juntadeandalucia.es\/ceipsanmiguelnerja\/files\/2015\/03\/EXTRAESCOLARES-300x60.png 300w, https:\/\/blogsaverroes.juntadeandalucia.es\/ceipsanmiguelnerja\/files\/2015\/03\/EXTRAESCOLARES-768x153.png 768w, https:\/\/blogsaverroes.juntadeandalucia.es\/ceipsanmiguelnerja\/files\/2015\/03\/EXTRAESCOLARES-1024x204.png 1024w, https:\/\/blogsaverroes.juntadeandalucia.es\/ceipsanmiguelnerja\/files\/2015\/03\/EXTRAESCOLARES-24x5.png 24w, https:\/\/blogsaverroes.juntadeandalucia.es\/ceipsanmiguelnerja\/files\/2015\/03\/EXTRAESCOLARES-36x7.png 36w, https:\/\/blogsaverroes.juntadeandalucia.es\/ceipsanmiguelnerja\/files\/2015\/03\/EXTRAESCOLARES-48x10.png 48w\" sizes=\"(max-width: 2240px) 100vw, 2240px\" \/><\/a><\/h4>\n<p>Enriquecemos la experiencia educativa de nuestros alumnos con una amplia variedad de actividades extraescolares. Desde deportes hasta m\u00fasica, arte, idiomas y tecnolog\u00eda, ofrecemos opciones para todos los intereses y edades. Nuestro objetivo es promover el desarrollo integral de los estudiantes, brind\u00e1ndoles oportunidades para explorar sus pasiones, desarrollar habilidades y fomentar la creatividad.<\/p>\n<p style=\"text-align: left\">Las actividades extraescolares tienen lugar en horario de tarde, hasta las 18.00, y abarcan aspectos como la lectura, el deporte, la m\u00fasica, la inform\u00e1tica, los idiomas, la danza o el teatro, entre otras actividades l\u00fadicas y formativas.<\/p>\n<p>Para hacer posible la realizaci\u00f3n de estas actividades fuera del horario lectivo, el centros abre sus instalaciones hasta las 18.00 todos los d\u00edas lectivos con excepci\u00f3n de los viernes, en los que el cierre se establece a las 16.00.<\/p>\n<p>&nbsp;<\/p>\n<p>&nbsp;<\/p>\n","protected":false},"excerpt":{"rendered":"<p>Enriquecemos la experiencia educativa de nuestros alumnos con una amplia variedad de actividades extraescolares. Desde deportes hasta m\u00fasica, arte, idiomas y tecnolog\u00eda, ofrecemos opciones para todos los intereses y edades. Nuestro objetivo es promover&#46;&#46;&#46;<\/p>\n","protected":false},"author":1,"featured_media":0,"parent":0,"menu_order":0,"comment_status":"closed","ping_status":"open","template":"","meta":{"ngg_post_thumbnail":0,"footnotes":"","_mc_calendar":[]},"aioseo_notices":[],"_links":{"self":[{"href":"https:\/\/blogsaverroes.juntadeandalucia.es\/ceipsanmiguelnerja\/wp-json\/wp\/v2\/pages\/871"}],"collection":[{"href":"https:\/\/blogsaverroes.juntadeandalucia.es\/ceipsanmiguelnerja\/wp-json\/wp\/v2\/pages"}],"about":[{"href":"https:\/\/blogsaverroes.juntadeandalucia.es\/ceipsanmiguelnerja\/wp-json\/wp\/v2\/types\/page"}],"author":[{"embeddable":true,"href":"https:\/\/blogsaverroes.juntadeandalucia.es\/ceipsanmiguelnerja\/wp-json\/wp\/v2\/users\/1"}],"replies":[{"embeddable":true,"href":"https:\/\/blogsaverroes.juntadeandalucia.es\/ceipsanmiguelnerja\/wp-json\/wp\/v2\/comments?post=871"}],"version-history":[{"count":11,"href":"https:\/\/blogsaverroes.juntadeandalucia.es\/ceipsanmiguelnerja\/wp-json\/wp\/v2\/pages\/871\/revisions"}],"predecessor-version":[{"id":2695,"href":"https:\/\/blogsaverroes.juntadeandalucia.es\/ceipsanmiguelnerja\/wp-json\/wp\/v2\/pages\/871\/revisions\/2695"}],"wp:attachment":[{"href":"https:\/\/blogsaverroes.juntadeandalucia.es\/ceipsanmiguelnerja\/wp-json\/wp\/v2\/media?parent=871"}],"curies":[{"name":"wp","href":"https:\/\/api.w.org\/{rel}","templated":true}]}}