{"id":99,"date":"2015-03-16T07:22:54","date_gmt":"2015-03-16T07:22:54","guid":{"rendered":"http:\/\/blogsaverroes.juntadeandalucia.es\/pre\/ceip\/?page_id=99"},"modified":"2024-02-20T10:39:48","modified_gmt":"2024-02-20T09:39:48","slug":"comedor-escolar","status":"publish","type":"page","link":"https:\/\/blogsaverroes.juntadeandalucia.es\/ceipsanmiguelnerja\/comedor-escolar\/","title":{"rendered":"Comedor escolar"},"content":{"rendered":"<h4><a href=\"https:\/\/blogsaverroes.juntadeandalucia.es\/ceipsanmiguelnerja\/files\/2015\/03\/COMEDOR.png\"><img loading=\"lazy\" decoding=\"async\" class=\"alignnone size-full wp-image-2356\" src=\"https:\/\/blogsaverroes.juntadeandalucia.es\/ceipsanmiguelnerja\/files\/2015\/03\/COMEDOR.png\" alt=\"\" width=\"2240\" height=\"446\" srcset=\"https:\/\/blogsaverroes.juntadeandalucia.es\/ceipsanmiguelnerja\/files\/2015\/03\/COMEDOR.png 1600w, https:\/\/blogsaverroes.juntadeandalucia.es\/ceipsanmiguelnerja\/files\/2015\/03\/COMEDOR-300x60.png 300w, https:\/\/blogsaverroes.juntadeandalucia.es\/ceipsanmiguelnerja\/files\/2015\/03\/COMEDOR-768x153.png 768w, https:\/\/blogsaverroes.juntadeandalucia.es\/ceipsanmiguelnerja\/files\/2015\/03\/COMEDOR-1024x204.png 1024w, https:\/\/blogsaverroes.juntadeandalucia.es\/ceipsanmiguelnerja\/files\/2015\/03\/COMEDOR-24x5.png 24w, https:\/\/blogsaverroes.juntadeandalucia.es\/ceipsanmiguelnerja\/files\/2015\/03\/COMEDOR-36x7.png 36w, https:\/\/blogsaverroes.juntadeandalucia.es\/ceipsanmiguelnerja\/files\/2015\/03\/COMEDOR-48x10.png 48w\" sizes=\"(max-width: 2240px) 100vw, 2240px\" \/><\/a><\/h4>\n<p>En nuestro colegio, entendemos la importancia de una alimentaci\u00f3n equilibrada para el desarrollo integral de nuestros alumnos. Nuestro comedor escolar ofrece men\u00fas saludables y variados, elaborados por profesionales en nutrici\u00f3n, con productos frescos y de calidad. Adem\u00e1s, contamos con un equipo de monitores cualificados que supervisan y acompa\u00f1an a los estudiantes durante el tiempo de comida, fomentando h\u00e1bitos alimenticios saludables y un ambiente positivo.<\/p>\n<p>Los comedores escolares son un servicio complementario que resulta de gran utilidad a padres y madres para ayudarles a&nbsp;conciliar la vida laboral y familiar. Tienen una duraci\u00f3n de hasta dos horas desde que acaba la jornada escolar de la ma\u00f1ana (de 14.00 a 16.00 horas).<\/p>\n<p>Los comedores son adem\u00e1s una pieza importante&nbsp;en todas las medidas dirigidas a mejorar los h\u00e1bitos alimenticios de los ni\u00f1os y ni\u00f1as y prevenir problemas de salud como la obesidad.<\/p>\n<p><img loading=\"lazy\" decoding=\"async\" class=\"wp-image-2358 alignleft\" src=\"https:\/\/blogsaverroes.juntadeandalucia.es\/ceipsanmiguelnerja\/files\/2015\/03\/CATERING.jpg\" alt=\"\" width=\"237\" height=\"237\" srcset=\"https:\/\/blogsaverroes.juntadeandalucia.es\/ceipsanmiguelnerja\/files\/2015\/03\/CATERING.jpg 1600w, https:\/\/blogsaverroes.juntadeandalucia.es\/ceipsanmiguelnerja\/files\/2015\/03\/CATERING-150x150.jpg 150w, https:\/\/blogsaverroes.juntadeandalucia.es\/ceipsanmiguelnerja\/files\/2015\/03\/CATERING-300x300.jpg 300w, https:\/\/blogsaverroes.juntadeandalucia.es\/ceipsanmiguelnerja\/files\/2015\/03\/CATERING-768x768.jpg 768w, https:\/\/blogsaverroes.juntadeandalucia.es\/ceipsanmiguelnerja\/files\/2015\/03\/CATERING-1024x1024.jpg 1024w, https:\/\/blogsaverroes.juntadeandalucia.es\/ceipsanmiguelnerja\/files\/2015\/03\/CATERING-100x100.jpg 100w, https:\/\/blogsaverroes.juntadeandalucia.es\/ceipsanmiguelnerja\/files\/2015\/03\/CATERING-24x24.jpg 24w, https:\/\/blogsaverroes.juntadeandalucia.es\/ceipsanmiguelnerja\/files\/2015\/03\/CATERING-36x36.jpg 36w, https:\/\/blogsaverroes.juntadeandalucia.es\/ceipsanmiguelnerja\/files\/2015\/03\/CATERING-48x48.jpg 48w\" sizes=\"(max-width: 237px) 100vw, 237px\" \/><\/p>\n<p>&nbsp;<\/p>\n<p>&nbsp;<\/p>\n<p>&nbsp;<\/p>\n<p>&nbsp;<\/p>\n<p>&nbsp;<\/p>\n<p>&nbsp;<\/p>\n<p>&nbsp;<\/p>\n<p>La metodolog\u00eda de esta empresa es original y pionera en M\u00e1laga, se cocina y se transporta diariamente, utilizando el abatimiento de temperatura de la comida como m\u00e1xima de seguridad e higiene. Este m\u00e9todo consiste en enfriar la comida de una manera r\u00e1pida, pasando de una temperatura de 70 a 2 \u00baC y el posterior transporte en fr\u00edo en camiones refrigerados. Una vez en las escuelas la comida se conserva en neveras y se calienta en hornos, lo que permite darle al alumno un men\u00fa con garant\u00eda de seguridad con una textura y sabor de calidad.<\/p>\n<h2><span style=\"color: #000080\">DATOS DE CONTACTO<\/span><\/h2>\n<p><strong>Tfno:<\/strong> 951 10 27 48<\/p>\n<p><strong>Web:<\/strong>www.cateringelcantaro.com<\/p>\n<p><strong>Email:<\/strong>&nbsp;info@cateringelcantaro.com<\/p>\n","protected":false},"excerpt":{"rendered":"<p>En nuestro colegio, entendemos la importancia de una alimentaci\u00f3n equilibrada para el desarrollo integral de nuestros alumnos. Nuestro comedor escolar ofrece men\u00fas saludables y variados, elaborados por profesionales en nutrici\u00f3n, con productos frescos y&#46;&#46;&#46;<\/p>\n","protected":false},"author":1,"featured_media":0,"parent":0,"menu_order":0,"comment_status":"closed","ping_status":"open","template":"","meta":{"ngg_post_thumbnail":0,"footnotes":"","_mc_calendar":[]},"aioseo_notices":[],"_links":{"self":[{"href":"https:\/\/blogsaverroes.juntadeandalucia.es\/ceipsanmiguelnerja\/wp-json\/wp\/v2\/pages\/99"}],"collection":[{"href":"https:\/\/blogsaverroes.juntadeandalucia.es\/ceipsanmiguelnerja\/wp-json\/wp\/v2\/pages"}],"about":[{"href":"https:\/\/blogsaverroes.juntadeandalucia.es\/ceipsanmiguelnerja\/wp-json\/wp\/v2\/types\/page"}],"author":[{"embeddable":true,"href":"https:\/\/blogsaverroes.juntadeandalucia.es\/ceipsanmiguelnerja\/wp-json\/wp\/v2\/users\/1"}],"replies":[{"embeddable":true,"href":"https:\/\/blogsaverroes.juntadeandalucia.es\/ceipsanmiguelnerja\/wp-json\/wp\/v2\/comments?post=99"}],"version-history":[{"count":8,"href":"https:\/\/blogsaverroes.juntadeandalucia.es\/ceipsanmiguelnerja\/wp-json\/wp\/v2\/pages\/99\/revisions"}],"predecessor-version":[{"id":2694,"href":"https:\/\/blogsaverroes.juntadeandalucia.es\/ceipsanmiguelnerja\/wp-json\/wp\/v2\/pages\/99\/revisions\/2694"}],"wp:attachment":[{"href":"https:\/\/blogsaverroes.juntadeandalucia.es\/ceipsanmiguelnerja\/wp-json\/wp\/v2\/media?parent=99"}],"curies":[{"name":"wp","href":"https:\/\/api.w.org\/{rel}","templated":true}]}}