{"id":1190,"date":"2022-02-15T10:46:45","date_gmt":"2022-02-15T09:46:45","guid":{"rendered":"https:\/\/blogsaverroes.juntadeandalucia.es\/ceipsanpablosevilla\/?page_id=1190"},"modified":"2022-10-10T16:55:51","modified_gmt":"2022-10-10T15:55:51","slug":"horarios-y-profesores-4-anos","status":"publish","type":"page","link":"https:\/\/blogsaverroes.juntadeandalucia.es\/ceipsanpablosevilla\/horarios-y-profesores-4-anos\/","title":{"rendered":"Horarios y Profesores 4 A\u00f1os"},"content":{"rendered":"<p><strong>HORARIO ALUMNADO 4 A\u00d1OS<br \/>\n<\/strong><\/p>\n<table class=\"aligncenter\" cellpadding=\"1\" border=\"1\">\n<tbody>\n<tr>\n<td style=\"width: 16.5%;text-align: center\"><strong>HORAS<\/strong><\/td>\n<td style=\"width: 16.5%;text-align: center\"><strong>LUNES<\/strong><\/td>\n<td style=\"width: 16.5%;text-align: center\"><strong>MARTES<\/strong><\/td>\n<td style=\"width: 16.5%;text-align: center\"><strong>MI\u00c9RCOLES<\/strong><\/td>\n<td style=\"width: 16.5%;text-align: center\"><strong>JUEVES<\/strong><\/td>\n<td style=\"width: 16.5%;text-align: center\"><strong>VIERNES<\/strong><\/td>\n<\/tr>\n<tr>\n<td style=\"width: 16.5%;text-align: center\"><strong>9:00\u20139:30<\/strong><\/td>\n<td style=\"width: 16.5%;text-align: center\">CA<\/td>\n<td style=\"width: 16.5%;text-align: center\">CA<\/td>\n<td style=\"width: 16.5%;text-align: center\">CA<\/td>\n<td style=\"width: 16.5%;text-align: center\">CA<\/td>\n<td style=\"width: 16.5%;text-align: center\">CA<\/td>\n<\/tr>\n<tr>\n<td style=\"width: 16.5%;text-align: center\"><strong>9:30\u201310:10<\/strong><\/td>\n<td style=\"width: 16.5%;text-align: center\">CRR<\/td>\n<td style=\"width: 16.5%;text-align: center\">CRR<\/td>\n<td style=\"width: 16.5%;text-align: center\">CRR<\/td>\n<td style=\"width: 16.5%;text-align: center\">CRR<\/td>\n<td style=\"width: 16.5%;text-align: center\">CRR<\/td>\n<\/tr>\n<tr>\n<td style=\"width: 16.5%;text-align: center\"><strong>10:00\u201311:00<\/strong><\/td>\n<td style=\"width: 16.5%;text-align: center\">DEE<\/td>\n<td style=\"width: 16.5%;text-align: center\">DEE<\/td>\n<td style=\"width: 16.5%;text-align: center\">DEE<\/td>\n<td style=\"width: 16.5%;text-align: center\">CRR (COORDINACI\u00d3N)<\/td>\n<td style=\"width: 16.5%;text-align: center\">DEE<\/td>\n<\/tr>\n<tr>\n<td style=\"width: 16.5%;text-align: center\"><strong>11:00\u201312:00<\/strong><\/td>\n<td style=\"width: 16.5%;text-align: center\">CRR<\/td>\n<td style=\"width: 16.5%;text-align: center\">CA<\/td>\n<td style=\"width: 16.5%;text-align: center\">CA<\/td>\n<td style=\"width: 16.5%;text-align: center\">CA<\/td>\n<td style=\"width: 16.5%;text-align: center\">CA<\/td>\n<\/tr>\n<tr>\n<td style=\"width: 16.5%;text-align: center\"><strong>12:00\u201312:30<\/strong><\/td>\n<td style=\"width: 16.5%;text-align: center\" colspan=\"5\">RECREO<\/td>\n<\/tr>\n<tr>\n<td style=\"width: 16.5%;text-align: center\"><strong>12:30\u201313:15<\/strong><\/td>\n<td style=\"width: 16.5%;text-align: center\">CRR<\/td>\n<td style=\"width: 16.5%;text-align: center\">INGL\u00c9S<\/td>\n<td style=\"width: 16.5%;text-align: center\">REL\/ATENDU<\/td>\n<td style=\"width: 16.5%;text-align: center\">INGL\u00c9S<\/td>\n<td style=\"width: 16.5%;text-align: center\">REL\/ATENDU<\/td>\n<\/tr>\n<tr>\n<td style=\"width: 16.5%;text-align: center\"><strong>13:15\u201314:00<\/strong><\/td>\n<td style=\"width: 16.5%;text-align: center\">CRR<\/td>\n<td style=\"width: 16.5%;text-align: center\">DEE<\/td>\n<td style=\"width: 16.5%;text-align: center\">DEE<\/td>\n<td style=\"width: 16.5%;text-align: center\">DEE<\/td>\n<td style=\"width: 16.5%;text-align: center\">CRR<\/td>\n<\/tr>\n<\/tbody>\n<\/table>\n<p><strong>\u00c1reas:<br \/>\nCA: Crecimiento en Armon\u00eda.<br \/>\nDEE: Descubrimiento y Exploraci\u00f3n del Entorno.<br \/>\nCRR: Comunicaci\u00f3n y Representaci\u00f3n de la Realidad<\/strong><\/p>\n<p><b>PROFESORES 4 A\u00d1OS&nbsp; CURSO 22\/23<\/b><\/p>\n<ul>\n<li><b>Tutora<\/b>: M\u00aa \u00c1ngeles Rodr\u00edguez Garc\u00eda<\/li>\n<li><b>Ingl\u00e9s<\/b>: Rosario Mir\u00f3 Vega<\/li>\n<li><b>M\u00fasica<\/b>: Nuria Rodr\u00edguez Mart\u00edn<\/li>\n<li><b>Religi\u00f3n<\/b>: Lourdes Ramos Jim\u00e9nez<\/li>\n<\/ul>\n<p>&nbsp;<\/p>\n","protected":false},"excerpt":{"rendered":"<p>HORARIO ALUMNADO 4 A\u00d1OS HORAS LUNES MARTES MI\u00c9RCOLES JUEVES VIERNES 9:00\u20139:30 CA CA CA CA CA 9:30\u201310:10 CRR CRR CRR CRR CRR 10:00\u201311:00 DEE DEE DEE CRR (COORDINACI\u00d3N) DEE 11:00\u201312:00 CRR CA CA CA CA 12:00\u201312:30 RECREO 12:30\u201313:15 CRR INGL\u00c9S REL\/ATENDU INGL\u00c9S REL\/ATENDU 13:15\u201314:00 CRR DEE DEE DEE CRR \u00c1reas: CA: Crecimiento en Armon\u00eda. DEE: [&hellip;]<\/p>\n","protected":false},"author":13548,"featured_media":0,"parent":0,"menu_order":0,"comment_status":"closed","ping_status":"closed","template":"","meta":{"_et_pb_use_builder":"","_et_pb_old_content":"","_et_gb_content_width":"","ngg_post_thumbnail":0,"footnotes":""},"aioseo_notices":[],"_links":{"self":[{"href":"https:\/\/blogsaverroes.juntadeandalucia.es\/ceipsanpablosevilla\/wp-json\/wp\/v2\/pages\/1190"}],"collection":[{"href":"https:\/\/blogsaverroes.juntadeandalucia.es\/ceipsanpablosevilla\/wp-json\/wp\/v2\/pages"}],"about":[{"href":"https:\/\/blogsaverroes.juntadeandalucia.es\/ceipsanpablosevilla\/wp-json\/wp\/v2\/types\/page"}],"author":[{"embeddable":true,"href":"https:\/\/blogsaverroes.juntadeandalucia.es\/ceipsanpablosevilla\/wp-json\/wp\/v2\/users\/13548"}],"replies":[{"embeddable":true,"href":"https:\/\/blogsaverroes.juntadeandalucia.es\/ceipsanpablosevilla\/wp-json\/wp\/v2\/comments?post=1190"}],"version-history":[{"count":7,"href":"https:\/\/blogsaverroes.juntadeandalucia.es\/ceipsanpablosevilla\/wp-json\/wp\/v2\/pages\/1190\/revisions"}],"predecessor-version":[{"id":1531,"href":"https:\/\/blogsaverroes.juntadeandalucia.es\/ceipsanpablosevilla\/wp-json\/wp\/v2\/pages\/1190\/revisions\/1531"}],"wp:attachment":[{"href":"https:\/\/blogsaverroes.juntadeandalucia.es\/ceipsanpablosevilla\/wp-json\/wp\/v2\/media?parent=1190"}],"curies":[{"name":"wp","href":"https:\/\/api.w.org\/{rel}","templated":true}]}}