{"id":1224,"date":"2022-02-15T11:02:35","date_gmt":"2022-02-15T10:02:35","guid":{"rendered":"https:\/\/blogsaverroes.juntadeandalucia.es\/ceipsanpablosevilla\/?page_id=1224"},"modified":"2022-09-20T09:47:05","modified_gmt":"2022-09-20T08:47:05","slug":"horarios-y-profesores-1o-e-p","status":"publish","type":"page","link":"https:\/\/blogsaverroes.juntadeandalucia.es\/ceipsanpablosevilla\/horarios-y-profesores-1o-e-p\/","title":{"rendered":"Horarios y Profesores 1\u00ba E.P."},"content":{"rendered":"<p><strong>HORARIO 1\u00ba EP<\/strong><\/p>\n<table style=\"height: 460px;width: 103.282%;border-color: #000000\" width=\"103.282%\" cellpadding=\"2\" border=\"2\">\n<thead>\n<tr style=\"height: 51px\">\n<td style=\"width: 109.283px;height: 51px;text-align: center\">&nbsp;<\/td>\n<td style=\"width: 113.367px;height: 51px;text-align: center\"><strong>LUNES<\/strong><\/td>\n<td style=\"width: 113.367px;height: 51px;text-align: center\"><strong>MARTES<\/strong><\/td>\n<td style=\"width: 115.267px;height: 51px;text-align: center\"><strong>MI\u00c9RCOLES<\/strong><\/td>\n<td style=\"width: 113.367px;height: 51px;text-align: center\"><strong>JUEVES<\/strong><\/td>\n<td style=\"width: 113.35px;height: 51px;text-align: center\"><strong>VIERNES<\/strong><\/td>\n<\/tr>\n<tr style=\"height: 51px\">\n<td style=\"width: 109.283px;height: 51px;text-align: center\"><strong>9: 00 &#8211; 9:30<\/strong><\/td>\n<td style=\"width: 113.367px;height: 51px;text-align: center\">C. MEDIO<\/td>\n<td style=\"width: 113.367px;height: 51px;text-align: center\">E. F.<\/td>\n<td style=\"width: 115.267px;height: 51px;text-align: center\">LENGUA<\/td>\n<td style=\"width: 113.367px;height: 51px;text-align: center\">MATEM\u00c1T.<\/td>\n<td style=\"width: 113.35px;height: 51px;text-align: center\">C. MEDIO<\/td>\n<\/tr>\n<tr style=\"height: 51px\">\n<td style=\"width: 109.283px;height: 51px;text-align: center\"><strong>9:30 &#8211; 10:00<\/strong><\/td>\n<td style=\"width: 113.367px;height: 51px;text-align: center\">RELIGI\u00d3N \/ ATED<\/td>\n<td style=\"width: 113.367px;height: 51px;text-align: center\">E. F.<\/td>\n<td style=\"width: 115.267px;height: 51px;text-align: center\">LENGUA<\/td>\n<td style=\"width: 113.367px;height: 51px;text-align: center\">MATEM\u00c1T.<\/td>\n<td style=\"width: 113.35px;height: 51px;text-align: center\">LENGUA<\/td>\n<\/tr>\n<tr style=\"height: 103px\">\n<td style=\"width: 109.283px;height: 103px;text-align: center\"><strong>10:00 &#8211; 11:00<\/strong><\/td>\n<td style=\"width: 113.367px;height: 103px;text-align: center\">LENGUA<\/p>\n<p>&nbsp;<\/td>\n<td style=\"width: 113.367px;height: 103px;text-align: center\">LENGUA<\/td>\n<td style=\"width: 115.267px;height: 103px;text-align: center\">MATEM\u00c1T.<\/td>\n<td style=\"width: 113.367px;height: 103px;text-align: center\">E. F.<\/td>\n<td style=\"width: 113.35px;height: 103px;text-align: center\">E. F.<\/td>\n<\/tr>\n<tr style=\"height: 51px\">\n<td style=\"width: 109.283px;height: 51px;text-align: center\"><strong>11:00 &#8211; 12:00<\/strong><\/td>\n<td style=\"width: 113.367px;height: 51px;text-align: center\">LENGUA<\/td>\n<td style=\"width: 113.367px;height: 51px;text-align: center\">MATEM\u00c1T.<\/td>\n<td style=\"width: 115.267px;height: 51px;text-align: center\">RELIGI\u00d3N \/ ATED<\/td>\n<td style=\"width: 113.367px;height: 51px;text-align: center\">INGL\u00c9S<\/td>\n<td style=\"width: 113.35px;height: 51px;text-align: center\">MATEM\u00c1T.<\/td>\n<\/tr>\n<tr style=\"height: 51px\">\n<td style=\"width: 109.283px;height: 51px;text-align: center\"><strong>12:00 &#8211; 12:30<\/strong><\/td>\n<td style=\"width: 592.717px;height: 51px;text-align: center\" colspan=\"5\">RECREO<\/td>\n<\/tr>\n<tr style=\"height: 51px\">\n<td style=\"width: 109.283px;height: 51px;text-align: center\"><strong>12:30 &#8211; 13:15<\/strong><\/td>\n<td style=\"width: 113.367px;height: 51px;text-align: center\">MATEM\u00c1T.<\/td>\n<td style=\"width: 113.367px;height: 51px;text-align: center\">M\u00daSICA<\/td>\n<td style=\"width: 115.267px;height: 51px;text-align: center\">C. MEDIO<\/td>\n<td style=\"width: 113.367px;height: 51px;text-align: center\">LENGUA<\/td>\n<td style=\"width: 113.35px;height: 51px;text-align: center\">PL\u00c1STICA<\/td>\n<\/tr>\n<tr style=\"height: 51px\">\n<td style=\"width: 109.283px;height: 51px;text-align: center\"><strong>13:15 &#8211; 14:00<\/strong><\/td>\n<td style=\"width: 113.367px;height: 51px;text-align: center\">MATEM\u00c1T.<\/td>\n<td style=\"width: 113.367px;height: 51px;text-align: center\">LENGUA<\/td>\n<td style=\"width: 115.267px;height: 51px;text-align: center\">INGL\u00c9S<\/td>\n<td style=\"width: 113.367px;height: 51px;text-align: center\">C. MEDIO<\/td>\n<td style=\"width: 113.35px;height: 51px;text-align: center\">INGL\u00c9S<\/td>\n<\/tr>\n<\/thead>\n<\/table>\n<p>&nbsp;<\/p>\n<p><strong>PROFESORES 1\u00ba E.P. CURSO 22\/23<\/strong><\/p>\n<ul>\n<li><b>Tutora<\/b>: Marta Cobacho Reina<\/li>\n<li><b>Ingl\u00e9s<\/b>: Rosario Mir\u00f3 Vega<\/li>\n<li><b>EF: <\/b>Sara Mor\u00e1n Fag\u00fandez<\/li>\n<li><b>M\u00fasica<\/b>: Nuria Rodr\u00edguez Mart\u00edn<\/li>\n<li><b>Religi\u00f3n<\/b>: Lourdes Ramos Jim\u00e9nez<\/li>\n<\/ul>\n","protected":false},"excerpt":{"rendered":"<p>HORARIO 1\u00ba EP &nbsp; LUNES MARTES MI\u00c9RCOLES JUEVES VIERNES 9: 00 &#8211; 9:30 C. MEDIO E. F. LENGUA MATEM\u00c1T. C. MEDIO 9:30 &#8211; 10:00 RELIGI\u00d3N \/ ATED E. F. LENGUA MATEM\u00c1T. LENGUA 10:00 &#8211; 11:00 LENGUA &nbsp; LENGUA MATEM\u00c1T. E. F. E. F. 11:00 &#8211; 12:00 LENGUA MATEM\u00c1T. RELIGI\u00d3N \/ ATED INGL\u00c9S MATEM\u00c1T. 12:00 &#8211; [&hellip;]<\/p>\n","protected":false},"author":13548,"featured_media":0,"parent":0,"menu_order":0,"comment_status":"closed","ping_status":"closed","template":"","meta":{"_et_pb_use_builder":"","_et_pb_old_content":"","_et_gb_content_width":"","ngg_post_thumbnail":0,"footnotes":""},"aioseo_notices":[],"_links":{"self":[{"href":"https:\/\/blogsaverroes.juntadeandalucia.es\/ceipsanpablosevilla\/wp-json\/wp\/v2\/pages\/1224"}],"collection":[{"href":"https:\/\/blogsaverroes.juntadeandalucia.es\/ceipsanpablosevilla\/wp-json\/wp\/v2\/pages"}],"about":[{"href":"https:\/\/blogsaverroes.juntadeandalucia.es\/ceipsanpablosevilla\/wp-json\/wp\/v2\/types\/page"}],"author":[{"embeddable":true,"href":"https:\/\/blogsaverroes.juntadeandalucia.es\/ceipsanpablosevilla\/wp-json\/wp\/v2\/users\/13548"}],"replies":[{"embeddable":true,"href":"https:\/\/blogsaverroes.juntadeandalucia.es\/ceipsanpablosevilla\/wp-json\/wp\/v2\/comments?post=1224"}],"version-history":[{"count":5,"href":"https:\/\/blogsaverroes.juntadeandalucia.es\/ceipsanpablosevilla\/wp-json\/wp\/v2\/pages\/1224\/revisions"}],"predecessor-version":[{"id":1484,"href":"https:\/\/blogsaverroes.juntadeandalucia.es\/ceipsanpablosevilla\/wp-json\/wp\/v2\/pages\/1224\/revisions\/1484"}],"wp:attachment":[{"href":"https:\/\/blogsaverroes.juntadeandalucia.es\/ceipsanpablosevilla\/wp-json\/wp\/v2\/media?parent=1224"}],"curies":[{"name":"wp","href":"https:\/\/api.w.org\/{rel}","templated":true}]}}