{"id":1226,"date":"2022-02-15T11:02:52","date_gmt":"2022-02-15T10:02:52","guid":{"rendered":"https:\/\/blogsaverroes.juntadeandalucia.es\/ceipsanpablosevilla\/?page_id=1226"},"modified":"2022-09-20T09:41:25","modified_gmt":"2022-09-20T08:41:25","slug":"horarios-y-profesores-2o-e-p","status":"publish","type":"page","link":"https:\/\/blogsaverroes.juntadeandalucia.es\/ceipsanpablosevilla\/horarios-y-profesores-2o-e-p\/","title":{"rendered":"Horarios y Profesores 2\u00ba E.P."},"content":{"rendered":"<p><strong>HORARIO 2\u00ba EP<\/strong><\/p>\n<table style=\"border-color: #000000;width: 718px\" width=\"718\" cellpadding=\"2\" border=\"2\">\n<thead>\n<tr>\n<td style=\"text-align: center\" width=\"120\">&nbsp;<\/td>\n<td style=\"text-align: center\" width=\"120\"><strong>LUNES<\/strong><\/td>\n<td style=\"text-align: center\" width=\"120\"><strong>MARTES<\/strong><\/td>\n<td style=\"text-align: center\" width=\"120\"><strong>MI\u00c9RCOLES<\/strong><\/td>\n<td style=\"text-align: center\" width=\"120\"><strong>JUEVES<\/strong><\/td>\n<td style=\"text-align: center\" width=\"120\"><strong>VIERNES<\/strong><\/td>\n<\/tr>\n<tr>\n<td style=\"text-align: center\" width=\"120\"><strong>9: 00 &#8211; 9:30<\/strong><\/td>\n<td style=\"text-align: center\" width=\"120\">RELIGI\u00d3N \/ ATED<\/td>\n<td style=\"text-align: center\" width=\"120\">LENGUA<\/td>\n<td style=\"text-align: center\" width=\"120\">LENGUA<\/td>\n<td style=\"text-align: center\" width=\"120\">LENGUA<\/td>\n<td style=\"text-align: center\" width=\"120\">LENGUA<\/td>\n<\/tr>\n<tr>\n<td style=\"text-align: center\" width=\"120\"><strong>9:30 &#8211; 10:00<\/strong><\/td>\n<td style=\"text-align: center\" width=\"120\">INGL\u00c9S<\/td>\n<td style=\"text-align: center\" width=\"120\">LENGUA<\/td>\n<td style=\"text-align: center\" width=\"120\">LENGUA<\/td>\n<td style=\"text-align: center\" width=\"120\">LENGUA<\/td>\n<td style=\"text-align: center\" width=\"120\">LENGUA<\/td>\n<\/tr>\n<tr>\n<td style=\"text-align: center\" width=\"120\"><strong>10:00 &#8211; 11:00<\/strong><\/td>\n<td style=\"text-align: center\" width=\"120\">LENGUA<\/p>\n<p>&nbsp;<\/td>\n<td style=\"text-align: center\" width=\"120\">LENGUA<\/td>\n<td style=\"text-align: center\" width=\"120\">MATEM\u00c1T.<\/td>\n<td style=\"text-align: center\" width=\"120\">INGL\u00c9S<\/td>\n<td style=\"text-align: center\" width=\"120\">RELIGI\u00d3N \/ ATED<\/td>\n<\/tr>\n<tr>\n<td style=\"text-align: center\" width=\"120\"><strong>11:00 &#8211; 12:00<\/strong><\/td>\n<td style=\"text-align: center\" width=\"120\">MATEM\u00c1T.<\/td>\n<td style=\"text-align: center\" width=\"120\">MATEM\u00c1T.<\/td>\n<td style=\"text-align: center\" width=\"120\">MATEM\u00c1T.<\/td>\n<td style=\"text-align: center\" width=\"120\">MATEM\u00c1T.<\/td>\n<td style=\"text-align: center\" width=\"120\">INGL\u00c9S<\/td>\n<\/tr>\n<tr>\n<td style=\"text-align: center\" width=\"120\"><strong>12:00 &#8211; 12:30<\/strong><\/td>\n<td style=\"text-align: center\" colspan=\"5\" width=\"599\">RECREO<\/td>\n<\/tr>\n<tr>\n<td style=\"text-align: center\" width=\"120\"><strong>12:30 &#8211; 13:15<\/strong><\/td>\n<td style=\"text-align: center\" width=\"120\">CC. NN.<\/td>\n<td style=\"text-align: center\" width=\"120\">E. F.<\/td>\n<td style=\"text-align: center\" width=\"120\">E. F.<\/td>\n<td style=\"text-align: center\" width=\"120\">CC. SS.<\/td>\n<td style=\"text-align: center\" width=\"120\">CC. NN.<\/td>\n<\/tr>\n<tr>\n<td style=\"text-align: center\" width=\"120\"><strong>13:15 &#8211; 14:00<\/strong><\/td>\n<td style=\"text-align: center\" width=\"120\">E. F.<\/td>\n<td style=\"text-align: center\" width=\"120\">M\u00daSICA<\/td>\n<td style=\"text-align: center\" width=\"120\">CC. SS.<\/td>\n<td style=\"text-align: center\" width=\"120\">E. F.<\/td>\n<td style=\"text-align: center\" width=\"120\">PL\u00c1STICA<\/td>\n<\/tr>\n<\/thead>\n<\/table>\n<p>&nbsp;<\/p>\n<p><strong>PROFESORES 2\u00ba E.P. CURSO 22\/23<\/strong><\/p>\n<ul>\n<li><b>Tutora<\/b>: M\u00aa Jos\u00e9 P\u00e9rez Ram\u00edrez<\/li>\n<li><b>Ingl\u00e9s<\/b>: Rosario Mir\u00f3 Vega<\/li>\n<li><b>EF: <\/b>Sara Mor\u00e1n Fag\u00fandez<\/li>\n<li><b>M\u00fasica<\/b>: Nuria Rodr\u00edguez Mart\u00edn<\/li>\n<li><b>Religi\u00f3n<\/b>: Lourdes Ramos Jim\u00e9nez<\/li>\n<\/ul>\n","protected":false},"excerpt":{"rendered":"<p>HORARIO 2\u00ba EP &nbsp; LUNES MARTES MI\u00c9RCOLES JUEVES VIERNES 9: 00 &#8211; 9:30 RELIGI\u00d3N \/ ATED LENGUA LENGUA LENGUA LENGUA 9:30 &#8211; 10:00 INGL\u00c9S LENGUA LENGUA LENGUA LENGUA 10:00 &#8211; 11:00 LENGUA &nbsp; LENGUA MATEM\u00c1T. INGL\u00c9S RELIGI\u00d3N \/ ATED 11:00 &#8211; 12:00 MATEM\u00c1T. MATEM\u00c1T. MATEM\u00c1T. MATEM\u00c1T. INGL\u00c9S 12:00 &#8211; 12:30 RECREO 12:30 &#8211; 13:15 CC. [&hellip;]<\/p>\n","protected":false},"author":13548,"featured_media":0,"parent":0,"menu_order":0,"comment_status":"closed","ping_status":"closed","template":"","meta":{"_et_pb_use_builder":"","_et_pb_old_content":"","_et_gb_content_width":"","ngg_post_thumbnail":0,"footnotes":""},"aioseo_notices":[],"_links":{"self":[{"href":"https:\/\/blogsaverroes.juntadeandalucia.es\/ceipsanpablosevilla\/wp-json\/wp\/v2\/pages\/1226"}],"collection":[{"href":"https:\/\/blogsaverroes.juntadeandalucia.es\/ceipsanpablosevilla\/wp-json\/wp\/v2\/pages"}],"about":[{"href":"https:\/\/blogsaverroes.juntadeandalucia.es\/ceipsanpablosevilla\/wp-json\/wp\/v2\/types\/page"}],"author":[{"embeddable":true,"href":"https:\/\/blogsaverroes.juntadeandalucia.es\/ceipsanpablosevilla\/wp-json\/wp\/v2\/users\/13548"}],"replies":[{"embeddable":true,"href":"https:\/\/blogsaverroes.juntadeandalucia.es\/ceipsanpablosevilla\/wp-json\/wp\/v2\/comments?post=1226"}],"version-history":[{"count":4,"href":"https:\/\/blogsaverroes.juntadeandalucia.es\/ceipsanpablosevilla\/wp-json\/wp\/v2\/pages\/1226\/revisions"}],"predecessor-version":[{"id":1482,"href":"https:\/\/blogsaverroes.juntadeandalucia.es\/ceipsanpablosevilla\/wp-json\/wp\/v2\/pages\/1226\/revisions\/1482"}],"wp:attachment":[{"href":"https:\/\/blogsaverroes.juntadeandalucia.es\/ceipsanpablosevilla\/wp-json\/wp\/v2\/media?parent=1226"}],"curies":[{"name":"wp","href":"https:\/\/api.w.org\/{rel}","templated":true}]}}