{"id":1246,"date":"2022-02-15T11:06:15","date_gmt":"2022-02-15T10:06:15","guid":{"rendered":"https:\/\/blogsaverroes.juntadeandalucia.es\/ceipsanpablosevilla\/?page_id=1246"},"modified":"2023-01-25T10:33:00","modified_gmt":"2023-01-25T09:33:00","slug":"actividades-del-aula-6o-e-p","status":"publish","type":"page","link":"https:\/\/blogsaverroes.juntadeandalucia.es\/ceipsanpablosevilla\/actividades-del-aula-6o-e-p\/","title":{"rendered":"Actividades del Aula 6\u00ba E.P."},"content":{"rendered":"<p><span style=\"color: #ff6600\"><strong><span style=\"font-size: 14pt\">Final de Trimestre&nbsp;<\/span><\/strong><\/span><\/p>\n<p>Algunos recuerdos de nuestras \u00faltimas actividades del 2022<\/p>\n<p>Descarga el Archivo: <a href=\"https:\/\/blogsaverroes.juntadeandalucia.es\/ceipsanpablosevilla\/files\/2023\/01\/FINAL-DE-TRIMESTRE.pptx\"><strong>FINAL DE TRIMESTRE<\/strong><\/a><\/p>\n<hr>\n<p><span style=\"font-size: 14pt\"><strong><span style=\"color: #ff6600\">Taller de Inform\u00e1tica y Rob\u00f3tica<\/span><\/strong><\/span><\/p>\n<p>&nbsp;Los alumnos de sexto curso han participado en un taller de inform\u00e1tica y rob\u00f3tica de la Fundaci\u00f3n Cajasol.<\/p>\n<p>Descarga el archivo: <a href=\"https:\/\/blogsaverroes.juntadeandalucia.es\/ceipsanpablosevilla\/files\/2023\/01\/TALLER-DE-INFORM\u00c1TICA.pptx\"><strong>TALLER DE INFORM\u00c1TICA<\/strong><\/a><\/p>\n<hr>\n<p><strong><span style=\"color: #3366ff;font-size: 14pt\">Laboratorio de Ciencias<\/span><\/strong><\/p>\n<p>Mil gracias, Ascen, por traer la Ciencia a clase de una forma tan divertida y pr\u00e1ctica.<\/p>\nngg_shortcode_0_placeholder\n<div>&nbsp;<\/div>\n<div><strong><span style=\"font-size: 14pt;color: #ff0000\">Representamos los diferentes tipos de c\u00e9lulas<\/span><\/strong><\/div>\n<div>&nbsp;<\/div>\n<div>ngg_shortcode_1_placeholder<\/div>\n<div>&nbsp;<\/div>\n<hr>\n<p><strong>PROYECTO DE CIENCIAS DE 5\u00ba (Curso 21\/22)<\/strong><\/p>\n<p><strong>&#8220;DESCUBRIMOS EL UNIVERSO&#8221;<\/strong><\/p>\nngg_shortcode_2_placeholder\n<p><strong>&#8220;CATAPULTA&#8221;<\/strong><\/p>\n<div dir=\"auto\">Construimos nuestra primera m\u00e1quina simple: una catapulta.&nbsp;<\/div>\n<div dir=\"auto\">La probamos y a competir!!!<\/div>\n<div dir=\"auto\">&nbsp;<\/div>\n<div dir=\"auto\">ngg_shortcode_3_placeholder<\/div>\n<div class=\"gmail_quote\">\n<div dir=\"auto\">\n<div dir=\"auto\">&nbsp;<\/div>\n<div dir=\"auto\"><strong>\u00a1\u00a1GRACIAS SE\u00d1O!!<\/strong><\/div>\n<div dir=\"auto\">&nbsp;<\/div>\n<div dir=\"auto\">Hoy nos ha tocado despedir a la Se\u00f1o Roc\u00edo.&nbsp; Aunque todav\u00eda sea una estudiante universitaria ha demostrado estar muy ilusionada por escoger el camino de la educaci\u00f3n como su futuro profesional.&nbsp; \u00a1Muchas gracias por acompa\u00f1arnos!<\/div>\n<\/div>\n<\/div>\n<div dir=\"auto\">&nbsp;<\/div>\n<p><img loading=\"lazy\" decoding=\"async\" class=\"aligncenter size-full wp-image-1449\" src=\"https:\/\/blogsaverroes.juntadeandalucia.es\/ceipsanpablosevilla\/files\/2022\/06\/GRACIAS-SE\u00d1O.jpg\" alt=\"GRACIAS SE\u00d1O\" width=\"461\" height=\"213\" srcset=\"https:\/\/blogsaverroes.juntadeandalucia.es\/ceipsanpablosevilla\/files\/2022\/06\/GRACIAS-SE\u00d1O.jpg 461w, https:\/\/blogsaverroes.juntadeandalucia.es\/ceipsanpablosevilla\/files\/2022\/06\/GRACIAS-SE\u00d1O-300x139.jpg 300w\" sizes=\"(max-width: 461px) 100vw, 461px\" \/><\/p>\n<div>&nbsp;<\/div>\n<p>&nbsp;<\/p>\n","protected":false},"excerpt":{"rendered":"<p>Final de Trimestre&nbsp; Algunos recuerdos de nuestras \u00faltimas actividades del 2022 Descarga el Archivo: FINAL DE TRIMESTRE Taller de Inform\u00e1tica y Rob\u00f3tica &nbsp;Los alumnos de sexto curso han participado en un taller de inform\u00e1tica y rob\u00f3tica de la Fundaci\u00f3n Cajasol. Descarga el archivo: TALLER DE INFORM\u00c1TICA Laboratorio de Ciencias Mil gracias, Ascen, por traer la [&hellip;]<\/p>\n","protected":false},"author":13548,"featured_media":0,"parent":0,"menu_order":0,"comment_status":"closed","ping_status":"closed","template":"","meta":{"_et_pb_use_builder":"","_et_pb_old_content":"","_et_gb_content_width":"","ngg_post_thumbnail":0,"footnotes":""},"aioseo_notices":[],"_links":{"self":[{"href":"https:\/\/blogsaverroes.juntadeandalucia.es\/ceipsanpablosevilla\/wp-json\/wp\/v2\/pages\/1246"}],"collection":[{"href":"https:\/\/blogsaverroes.juntadeandalucia.es\/ceipsanpablosevilla\/wp-json\/wp\/v2\/pages"}],"about":[{"href":"https:\/\/blogsaverroes.juntadeandalucia.es\/ceipsanpablosevilla\/wp-json\/wp\/v2\/types\/page"}],"author":[{"embeddable":true,"href":"https:\/\/blogsaverroes.juntadeandalucia.es\/ceipsanpablosevilla\/wp-json\/wp\/v2\/users\/13548"}],"replies":[{"embeddable":true,"href":"https:\/\/blogsaverroes.juntadeandalucia.es\/ceipsanpablosevilla\/wp-json\/wp\/v2\/comments?post=1246"}],"version-history":[{"count":9,"href":"https:\/\/blogsaverroes.juntadeandalucia.es\/ceipsanpablosevilla\/wp-json\/wp\/v2\/pages\/1246\/revisions"}],"predecessor-version":[{"id":1804,"href":"https:\/\/blogsaverroes.juntadeandalucia.es\/ceipsanpablosevilla\/wp-json\/wp\/v2\/pages\/1246\/revisions\/1804"}],"wp:attachment":[{"href":"https:\/\/blogsaverroes.juntadeandalucia.es\/ceipsanpablosevilla\/wp-json\/wp\/v2\/media?parent=1246"}],"curies":[{"name":"wp","href":"https:\/\/api.w.org\/{rel}","templated":true}]}}