{"id":1260,"date":"2022-02-15T11:08:18","date_gmt":"2022-02-15T10:08:18","guid":{"rendered":"https:\/\/blogsaverroes.juntadeandalucia.es\/ceipsanpablosevilla\/?page_id=1260"},"modified":"2022-04-26T10:40:54","modified_gmt":"2022-04-26T09:40:54","slug":"eoa","status":"publish","type":"page","link":"https:\/\/blogsaverroes.juntadeandalucia.es\/ceipsanpablosevilla\/eoa\/","title":{"rendered":"EOA"},"content":{"rendered":"<p><strong><u>EQUIPO DE ORIENTACI\u00d3N Y APOYO (EOA)<\/u><\/strong><\/p>\n<p>El Equipo de Orientaci\u00f3n y Apoyo (EOA) es una estructura de coordinaci\u00f3n docente responsable de asesorar al profesorado en la planificaci\u00f3n, desarrollo y evaluaci\u00f3n de las actuaciones de orientaci\u00f3n y de las medidas de atenci\u00f3n a la diversidad del centro as\u00ed como de llevar a cabo las actuaciones de atenci\u00f3n espec\u00edfica y de apoyo especializado.<\/p>\n<p>El EOA est\u00e1 compuesto por distintos especialistas en Atenci\u00f3n a la Diversidad: la orientadora, el profesorado de Pedagog\u00eda Terap\u00e9utica (PT), el profesorado de Audici\u00f3n y Lenguaje (<u>AL y AL especialista en Lengua de Signos<\/u>) y por la Profesional T\u00e9cnica de Integraci\u00f3n Social (PTIS). A su vez hay una persona responsable de dicho equipo que ejerce de coordinadora.<\/p>\n<p>La intervenci\u00f3n del EOA est\u00e1 dirigida no s\u00f3lo al alumnado (entre nuestras funciones est\u00e1 la del asesoramiento especializado, adem\u00e1s de la atenci\u00f3n educativa al alumnado que por sus necesidades especiales requiere de nuestra ayuda), sino tambi\u00e9n al profesorado, al centro educativo y a las familias.<\/p>\n<p>&nbsp;<\/p>\n","protected":false},"excerpt":{"rendered":"<p>EQUIPO DE ORIENTACI\u00d3N Y APOYO (EOA) El Equipo de Orientaci\u00f3n y Apoyo (EOA) es una estructura de coordinaci\u00f3n docente responsable de asesorar al profesorado en la planificaci\u00f3n, desarrollo y evaluaci\u00f3n de las actuaciones de orientaci\u00f3n y de las medidas de atenci\u00f3n a la diversidad del centro as\u00ed como de llevar a cabo las actuaciones de [&hellip;]<\/p>\n","protected":false},"author":13548,"featured_media":0,"parent":0,"menu_order":0,"comment_status":"closed","ping_status":"closed","template":"","meta":{"_et_pb_use_builder":"","_et_pb_old_content":"","_et_gb_content_width":"","ngg_post_thumbnail":0,"footnotes":""},"aioseo_notices":[],"_links":{"self":[{"href":"https:\/\/blogsaverroes.juntadeandalucia.es\/ceipsanpablosevilla\/wp-json\/wp\/v2\/pages\/1260"}],"collection":[{"href":"https:\/\/blogsaverroes.juntadeandalucia.es\/ceipsanpablosevilla\/wp-json\/wp\/v2\/pages"}],"about":[{"href":"https:\/\/blogsaverroes.juntadeandalucia.es\/ceipsanpablosevilla\/wp-json\/wp\/v2\/types\/page"}],"author":[{"embeddable":true,"href":"https:\/\/blogsaverroes.juntadeandalucia.es\/ceipsanpablosevilla\/wp-json\/wp\/v2\/users\/13548"}],"replies":[{"embeddable":true,"href":"https:\/\/blogsaverroes.juntadeandalucia.es\/ceipsanpablosevilla\/wp-json\/wp\/v2\/comments?post=1260"}],"version-history":[{"count":4,"href":"https:\/\/blogsaverroes.juntadeandalucia.es\/ceipsanpablosevilla\/wp-json\/wp\/v2\/pages\/1260\/revisions"}],"predecessor-version":[{"id":1363,"href":"https:\/\/blogsaverroes.juntadeandalucia.es\/ceipsanpablosevilla\/wp-json\/wp\/v2\/pages\/1260\/revisions\/1363"}],"wp:attachment":[{"href":"https:\/\/blogsaverroes.juntadeandalucia.es\/ceipsanpablosevilla\/wp-json\/wp\/v2\/media?parent=1260"}],"curies":[{"name":"wp","href":"https:\/\/api.w.org\/{rel}","templated":true}]}}