{"id":1403,"date":"2022-05-19T10:47:56","date_gmt":"2022-05-19T09:47:56","guid":{"rendered":"https:\/\/blogsaverroes.juntadeandalucia.es\/ceipsanpablosevilla\/?page_id=1403"},"modified":"2022-11-29T14:34:51","modified_gmt":"2022-11-29T13:34:51","slug":"actividades-del-centro","status":"publish","type":"page","link":"https:\/\/blogsaverroes.juntadeandalucia.es\/ceipsanpablosevilla\/actividades-del-centro\/","title":{"rendered":"Actividades del Centro"},"content":{"rendered":"<div><strong><span style=\"text-decoration: underline;color: #ff9900\"><span style=\"font-size: 14pt\">&#8220;D\u00cdA DEL FLAMENCO EN EL CEIP SAN PABLO&#8221;<\/span><\/span><\/strong><\/div>\n<div>&nbsp;<\/div>\n<div>\n<div dir=\"ltr\"><span style=\"font-family: arial, helvetica, sans-serif\">El 16 de noviembre celebramos que el Flamenco es Patrimonio de la Humanidad desde el 2010. En nuestro cole San Pablo&nbsp; lo hemos conmemorado realizando actividades art\u00edsticas y l\u00fadicas. Con buena m\u00fasica flamenca grabada y en directo.<\/span><\/div>\n<div dir=\"ltr\">\n<div><span style=\"font-family: arial, helvetica, sans-serif\">Tambi\u00e9n hemos trabajado con este genially sobre el flamenco&#8230;\u00a1\u00a1Ole!!<\/span><\/div>\n<div>&nbsp;<\/div>\n<div><a href=\"https:\/\/view.genial.ly\/602ea13099d9040d946fb8b1\/interactive-content-el-flamenco-de-andalucia\" target=\"_blank\" rel=\"noopener noreferrer\" data-saferedirecturl=\"https:\/\/www.google.com\/url?q=https:\/\/view.genial.ly\/602ea13099d9040d946fb8b1\/interactive-content-el-flamenco-de-andalucia&amp;source=gmail&amp;ust=1669810697748000&amp;usg=AOvVaw1fjmUlT8qjnqCcPN3Gnq7c\">Video Promocional &#8211; El flamenco de Andaluc\u00eda (genial.ly)<\/a><\/div>\n<\/div>\n<\/div>\n<div>ngg_shortcode_0_placeholder<div style=\"width: 1080px;\" class=\"wp-video\"><!--[if lt IE 9]><script>document.createElement('video');<\/script><![endif]-->\n<video class=\"wp-video-shortcode\" id=\"video-1403-1\" width=\"1080\" height=\"608\" preload=\"metadata\" controls=\"controls\"><source type=\"video\/mp4\" src=\"https:\/\/blogsaverroes.juntadeandalucia.es\/ceipsanpablosevilla\/files\/2022\/11\/flamenco.mp4?_=1\" \/><a href=\"https:\/\/blogsaverroes.juntadeandalucia.es\/ceipsanpablosevilla\/files\/2022\/11\/flamenco.mp4\">https:\/\/blogsaverroes.juntadeandalucia.es\/ceipsanpablosevilla\/files\/2022\/11\/flamenco.mp4<\/a><\/video><\/div><\/p>\n<\/div>\n<div>\n<div>\n<div>\n<div style=\"width: 352px;\" class=\"wp-video\"><video class=\"wp-video-shortcode\" id=\"video-1403-2\" width=\"352\" height=\"640\" preload=\"metadata\" controls=\"controls\"><source type=\"video\/mp4\" src=\"https:\/\/blogsaverroes.juntadeandalucia.es\/ceipsanpablosevilla\/files\/2022\/11\/Video-de-Nuria.mp4?_=2\" \/><a href=\"https:\/\/blogsaverroes.juntadeandalucia.es\/ceipsanpablosevilla\/files\/2022\/11\/Video-de-Nuria.mp4\">https:\/\/blogsaverroes.juntadeandalucia.es\/ceipsanpablosevilla\/files\/2022\/11\/Video-de-Nuria.mp4<\/a><\/video><\/div>\n<\/div>\n<div><span style=\"font-size: 14pt;color: #cc99ff\"><b><u>CELEBRACI\u00d3N DEL D\u00cdA INTERNACIONAL DE LA ELIMINACI\u00d3N DE VIOLENCIA CONTRA LA MUJER<\/u><\/b><\/span><\/div>\n<div>&nbsp;<\/div>\n<div><a href=\"https:\/\/blogsaverroes.juntadeandalucia.es\/ceipsanpablosevilla\/files\/2022\/11\/TEXTO-COMPLETO-25-N-6\u00ba.pdf\">Descargar PDF &#8211; D\u00cdA INTERNACIONAL ELIMINACION VIOLENCIA MUJER<\/a><\/div>\n<div>&nbsp;<\/div>\n<div>Elaborado por el alumnado de 6\u00ba curso<\/div>\n<div>Coordinadores: Manuel Balbuena y Rebeca Esteban<\/div>\n<\/div>\n<div>\n<p>Hoy celebramos el d\u00eda internacional de la eliminaci\u00f3n de la violencia contra la mujer.<br \/>\nCreemos que entre todos podemos crear un futuro libre de violencia. Juntemos<br \/>\nnuestras fuerzas para superar esta situaci\u00f3n. Todos juntos y juntas podemos parar la<br \/>\nviolencia de g\u00e9nero.<\/p>\n<p>Queremos que todos entendamos que las mujeres y los hombres tenemos los mismos<br \/>\nderechos de vestirnos, de jugar, de pensar y de elegir con quien nos podemos<br \/>\nrelacionar y a qu\u00e9 profesi\u00f3n dedicarnos. Todos y todas somos libres de hacer lo que<br \/>\nqueramos, \u00a1Somos libres! No existe ropa que identifique g\u00e9neros, sino personas, \u00bfpor<br \/>\nqu\u00e9 un ni\u00f1o no puede llevar ropa rosa sin que le insulten? \u00bfPor qu\u00e9 una ni\u00f1a no puede<br \/>\nllevar el pelo muy corto? No hay raz\u00f3n para cuestionar a un ni\u00f1o que lleve ropa rosa o<br \/>\na una ni\u00f1a que lleve el pelo corto. Queremos cambiar estereotipos y tener libertad para<br \/>\nvestirnos y jugar como queramos.<\/p>\n<p>Necesitamos m\u00e1s voces por nosotras para alzar la voz y unir nuestras fuerzas.<br \/>\nMientras haya m\u00e1s mujeres fuertes tendremos m\u00e1s voces por nosotras. Hombres y<br \/>\nmujeres somos iguales. Ni\u00f1os y ni\u00f1as somos iguales. Chicos y chicas sois iguales. Y<br \/>\nporque somos iguales, tenemos derecho a no ser insultadas, no ser agredidas, no<br \/>\nsentirnos rechazadas ni juzgadas. Nosotras pedimos igualdad por todas las mujeres<br \/>\nque ya no est\u00e1n aqu\u00ed debido a la violencia de g\u00e9nero. Queremos representar que las<br \/>\nmujeres somos libres, no somos un objeto para ser de nadie y recordaros que si<br \/>\ndecimos NO es NO.<\/p>\n<p>Para frenar la violencia contra la mujer necesitamos personas valientes y comprender<br \/>\nla importancia de que esta realidad cambie. S\u00ed ves algo as\u00ed no mires para otro lado,<br \/>\nact\u00faa. Es importante concienciarnos de que est\u00e1 en nuestras manos cambiar esta<br \/>\nsituaci\u00f3n, a trav\u00e9s de importantes herramientas como la educaci\u00f3n y el di\u00e1logo; la<br \/>\nempat\u00eda y la solidaridad.<\/p>\n<p>\u00a1Sabemos que t\u00fa tambi\u00e9n puedes ser valiente!<\/p>\nngg_shortcode_1_placeholder<\/div>\n<\/div>\n<div style=\"text-align: left\"><span style=\"font-size: 14pt\"><strong><b><span style=\"color: #6aa84f\"><u>TALLER DE RECICLAJE EN SEGUNDO Y TERCER CICLO<\/u><\/span><\/b><\/strong><\/span><\/div>\n<div>&nbsp;<\/div>\n<div>\n<div class=\"gmail_attr\"><span style=\"color: #000000\">Los alumnos de tercero y cuarto se han unido para recibir un taller sobre reciclaje. \u00a1Ha sido muy divertido!<\/span><\/div>\n<div>ngg_shortcode_2_placeholder<\/div>\n<\/div>\n<div>&nbsp;<\/div>\n<div>&nbsp;<\/div>\n<div>&nbsp;<\/div>\n<div>\n<hr>\n<\/div>\n<div>&nbsp;<\/div>\n<div style=\"text-align: center\"><span style=\"color: #ff9900\"><strong><span style=\"font-size: 14pt\">DISFRUTANDO DE NUEVOS JUEGOS EN LOS RECREOS CON NUESTRA &#8220;AULA DE JAQUE&#8221;<\/span><\/strong><\/span><\/div>\n<div>&nbsp;<\/div>\n<div>ngg_shortcode_3_placeholder<\/div>\n<div>&nbsp;<\/div>\n<div>&nbsp;<\/div>\n<div style=\"text-align: center\">&nbsp;<\/div>\n<div style=\"text-align: center\">&nbsp;<\/div>\n<div>\n<div class=\"gmail_quote\">\n<div style=\"text-align: center\">\n<hr>\n<p><span style=\"color: #99cc00\"><strong><span style=\"font-size: 14pt\">\u201cCOMIENZAN LAS LABORES PARA CREAR NUESTRO HUERTO ESCOLAR\u201d<\/span><\/strong><\/span><\/p>\n<\/div>\n<\/div>\n<\/div>\n<div style=\"text-align: center\">&nbsp;<\/div>\n<div>ngg_shortcode_4_placeholder<\/div>\n<div>&nbsp;<\/div>\n<div style=\"text-align: center\">&nbsp;<\/div>\n<div style=\"text-align: center\">\n<hr>\n<\/div>\n<p style=\"text-align: center\"><strong><span style=\"font-size: 14pt\">JORNADAS DEPORTIVAS CEIP SAN PABLO 21\/22<br \/>\n<\/span><\/strong><\/p>\nngg_shortcode_5_placeholder\n","protected":false},"excerpt":{"rendered":"<p>&#8220;D\u00cdA DEL FLAMENCO EN EL CEIP SAN PABLO&#8221; &nbsp; El 16 de noviembre celebramos que el Flamenco es Patrimonio de la Humanidad desde el 2010. En nuestro cole San Pablo&nbsp; lo hemos conmemorado realizando actividades art\u00edsticas y l\u00fadicas. Con buena m\u00fasica flamenca grabada y en directo. Tambi\u00e9n hemos trabajado con este genially sobre el flamenco&#8230;\u00a1\u00a1Ole!! [&hellip;]<\/p>\n","protected":false},"author":13548,"featured_media":0,"parent":0,"menu_order":0,"comment_status":"closed","ping_status":"closed","template":"","meta":{"_et_pb_use_builder":"","_et_pb_old_content":"","_et_gb_content_width":"","ngg_post_thumbnail":0,"footnotes":""},"aioseo_notices":[],"_links":{"self":[{"href":"https:\/\/blogsaverroes.juntadeandalucia.es\/ceipsanpablosevilla\/wp-json\/wp\/v2\/pages\/1403"}],"collection":[{"href":"https:\/\/blogsaverroes.juntadeandalucia.es\/ceipsanpablosevilla\/wp-json\/wp\/v2\/pages"}],"about":[{"href":"https:\/\/blogsaverroes.juntadeandalucia.es\/ceipsanpablosevilla\/wp-json\/wp\/v2\/types\/page"}],"author":[{"embeddable":true,"href":"https:\/\/blogsaverroes.juntadeandalucia.es\/ceipsanpablosevilla\/wp-json\/wp\/v2\/users\/13548"}],"replies":[{"embeddable":true,"href":"https:\/\/blogsaverroes.juntadeandalucia.es\/ceipsanpablosevilla\/wp-json\/wp\/v2\/comments?post=1403"}],"version-history":[{"count":8,"href":"https:\/\/blogsaverroes.juntadeandalucia.es\/ceipsanpablosevilla\/wp-json\/wp\/v2\/pages\/1403\/revisions"}],"predecessor-version":[{"id":1790,"href":"https:\/\/blogsaverroes.juntadeandalucia.es\/ceipsanpablosevilla\/wp-json\/wp\/v2\/pages\/1403\/revisions\/1790"}],"wp:attachment":[{"href":"https:\/\/blogsaverroes.juntadeandalucia.es\/ceipsanpablosevilla\/wp-json\/wp\/v2\/media?parent=1403"}],"curies":[{"name":"wp","href":"https:\/\/api.w.org\/{rel}","templated":true}]}}