{"id":1851,"date":"2023-03-16T09:49:44","date_gmt":"2023-03-16T08:49:44","guid":{"rendered":"https:\/\/blogsaverroes.juntadeandalucia.es\/ceipsanpablosevilla\/?page_id=1851"},"modified":"2023-09-27T09:21:54","modified_gmt":"2023-09-27T08:21:54","slug":"ipasen","status":"publish","type":"page","link":"https:\/\/blogsaverroes.juntadeandalucia.es\/ceipsanpablosevilla\/ipasen\/","title":{"rendered":"IPASEN"},"content":{"rendered":"<div>\n<p dir=\"ltr\"><img loading=\"lazy\" decoding=\"async\" class=\"alignleft wp-image-1040\" src=\"https:\/\/blogsaverroes.juntadeandalucia.es\/ceipsanpablosevilla\/files\/2021\/11\/pasen-300x300.png\" alt=\"\" width=\"281\" height=\"281\"><\/p>\n<p dir=\"ltr\">Para facilitar la comunicaci\u00f3n entre el centro y las familias se empezar\u00e1 a hacer uso de la plataforma PASEN habilitada por la Consejer\u00eda de Educaci\u00f3n y Deporte. Para acceder a la misma, deben darse de alta siguiendo los siguientes pasos:<\/p>\n<ul>\n<li>\n<p dir=\"ltr\" role=\"presentation\">Acceder a la aplicaci\u00f3n web PASEN, si lo hacen desde un PC, o descargar la aplicaci\u00f3n iPasen para m\u00f3vil o tablet.<\/p>\n<\/li>\n<li>\n<p dir=\"ltr\" role=\"presentation\">Realizar el autologin (adjuntamos un v\u00eddeo tutorial donde se explica la manera de proceder)<\/p>\n<\/li>\n<\/ul>\n<ul>\n<li>\n<p dir=\"ltr\" role=\"presentation\">Aconsejamos que instalen la app en el m\u00f3vil para obtener notificaciones instant\u00e1neas de avisos enviados desde el centro educativo.<\/p>\n<\/li>\n<\/ul>\n<p dir=\"ltr\">Aquellas familias que tengan alg\u00fan problema en el acceso se lo har\u00e1n saber al tutor\/a de su hijo.&nbsp;<\/p>\n<p dir=\"ltr\">&nbsp;<\/p>\n<p dir=\"ltr\">Para comenzar, podr\u00e1n comunicar o justificar las faltas a trav\u00e9s de la aplicaci\u00f3n. Mandamos tambi\u00e9n adjunto un video explicativo.<\/p>\n<ul>\n<li><a href=\"https:\/\/www.youtube.com\/watch?v=zOanzI08qSg\" target=\"_blank\" rel=\"noopener noreferrer\" data-saferedirecturl=\"https:\/\/www.google.com\/url?q=https:\/\/www.youtube.com\/watch?v%3DzOanzI08qSg&amp;source=gmail&amp;ust=1695889078885000&amp;usg=AOvVaw1pBdZEz9hDBTknpmYwOrOe\"><em><strong>Video<\/strong><\/em> <em><strong>explicativo<\/strong><\/em><\/a> para que las familias puedan restablecer la contrase\u00f1a de correo electr\u00f3nico g.educaand de sus hijos.<\/li>\n<li><em><strong><a href=\"https:\/\/www.youtube.com\/watch?v=3z6eWjQWnuc&amp;list=PLY2rQpGwZ_BLsW_EHfNPK78AWDX0b51uw&amp;index=21\"><span id=\"m_1908586835383273319gmail-m_-6520994469144210927m_8517491543909919468m_2500849215875058665gmail-docs-internal-guid-03a4e2bd-7fff-f6b4-3771-67689dba7ef4\">Video explicativo para acceder desde la Web PASEN<\/span><\/a><\/strong><\/em><\/li>\n<li><em><strong><a href=\"https:\/\/www.youtube.com\/watch?v=cHLova48ULE\">V\u00eddeo explicativo para acceder desde la aplicaci\u00f3n iPasen<\/a><\/strong><\/em><\/li>\n<\/ul>\n<\/div>\n<ul>\n<li><em><strong><a href=\"https:\/\/www.youtube.com\/watch?v=W3a7pt1hqr8&amp;list=PLY2rQpGwZ_BLsW_EHfNPK78AWDX0b51uw&amp;index=20\">V\u00eddeo explicativo para comunicar y justificar las faltas<\/a><\/strong><\/em><\/li>\n<\/ul>\n<div>\n<p>&nbsp;<\/p>\n<\/div>\n","protected":false},"excerpt":{"rendered":"<p>Para facilitar la comunicaci\u00f3n entre el centro y las familias se empezar\u00e1 a hacer uso de la plataforma PASEN habilitada por la Consejer\u00eda de Educaci\u00f3n y Deporte. Para acceder a la misma, deben darse de alta siguiendo los siguientes pasos: Acceder a la aplicaci\u00f3n web PASEN, si lo hacen desde un PC, o descargar la [&hellip;]<\/p>\n","protected":false},"author":13548,"featured_media":0,"parent":0,"menu_order":0,"comment_status":"closed","ping_status":"closed","template":"","meta":{"_et_pb_use_builder":"","_et_pb_old_content":"","_et_gb_content_width":"","ngg_post_thumbnail":0,"footnotes":""},"aioseo_notices":[],"_links":{"self":[{"href":"https:\/\/blogsaverroes.juntadeandalucia.es\/ceipsanpablosevilla\/wp-json\/wp\/v2\/pages\/1851"}],"collection":[{"href":"https:\/\/blogsaverroes.juntadeandalucia.es\/ceipsanpablosevilla\/wp-json\/wp\/v2\/pages"}],"about":[{"href":"https:\/\/blogsaverroes.juntadeandalucia.es\/ceipsanpablosevilla\/wp-json\/wp\/v2\/types\/page"}],"author":[{"embeddable":true,"href":"https:\/\/blogsaverroes.juntadeandalucia.es\/ceipsanpablosevilla\/wp-json\/wp\/v2\/users\/13548"}],"replies":[{"embeddable":true,"href":"https:\/\/blogsaverroes.juntadeandalucia.es\/ceipsanpablosevilla\/wp-json\/wp\/v2\/comments?post=1851"}],"version-history":[{"count":3,"href":"https:\/\/blogsaverroes.juntadeandalucia.es\/ceipsanpablosevilla\/wp-json\/wp\/v2\/pages\/1851\/revisions"}],"predecessor-version":[{"id":1872,"href":"https:\/\/blogsaverroes.juntadeandalucia.es\/ceipsanpablosevilla\/wp-json\/wp\/v2\/pages\/1851\/revisions\/1872"}],"wp:attachment":[{"href":"https:\/\/blogsaverroes.juntadeandalucia.es\/ceipsanpablosevilla\/wp-json\/wp\/v2\/media?parent=1851"}],"curies":[{"name":"wp","href":"https:\/\/api.w.org\/{rel}","templated":true}]}}