{"id":840,"date":"2020-12-18T08:38:52","date_gmt":"2020-12-18T07:38:52","guid":{"rendered":"https:\/\/blogsaverroes.juntadeandalucia.es\/pre\/plantilla-pencil\/?page_id=840"},"modified":"2022-04-21T11:37:59","modified_gmt":"2022-04-21T10:37:59","slug":"ampa","status":"publish","type":"page","link":"https:\/\/blogsaverroes.juntadeandalucia.es\/ceipsanpablosevilla\/ampa\/","title":{"rendered":"AFA"},"content":{"rendered":"<p>La AFA es la Asociaci\u00f3n de Familias de Alumnos. \u00c9sta es la nueva designaci\u00f3n de las anteriores AMPAS (Asociaci\u00f3n de Madres y Padres de Alumnos)<\/p>\n<p><img loading=\"lazy\" decoding=\"async\" class=\"size-full wp-image-1341 aligncenter\" src=\"https:\/\/blogsaverroes.juntadeandalucia.es\/ceipsanpablosevilla\/files\/2022\/04\/afa-logo.png\" alt=\"Logo AFA\" width=\"155\" height=\"155\" srcset=\"https:\/\/blogsaverroes.juntadeandalucia.es\/ceipsanpablosevilla\/files\/2022\/04\/afa-logo.png 155w, https:\/\/blogsaverroes.juntadeandalucia.es\/ceipsanpablosevilla\/files\/2022\/04\/afa-logo-150x150.png 150w\" sizes=\"(max-width: 155px) 100vw, 155px\" \/><\/p>\n<h1><strong><span style=\"font-size: 18pt;color: #339966\">FUNCIONES DE LA AFA<\/span><\/strong><\/h1>\n<p>Las asociaciones de familias&nbsp; de alumnos son un cauce fundamental para posibilitar la participaci\u00f3n de las familias o tutores del alumnado, en su caso, en las actividades de los centros docentes. Para ello tendr\u00e1n aquellas finalidades que se fijen en sus estatutos, dentro de las siguientes:<\/p>\n<ul>\n<li>Asistir a los padres, madres o tutores legales en todo aquello que concierne a la educaci\u00f3n de sus hijos e hijas o pupilos.<\/li>\n<li>Colaborar en las actividades educativas de los centros, y en las actividades complementarias y extraescolares de los mismos.<\/li>\n<li>Organizar actividades culturales y deportivas.<\/li>\n<li>Promover la participaci\u00f3n de los padres, madres o tutores del alumnado en la gesti\u00f3n del Centro.<\/li>\n<li>Asistir a los padres, madres o tutores legales del alumnado en el ejercicio de su derecho a intervenir en el control y gesti\u00f3n de los centros sostenidos con fondos p\u00fablicos.<\/li>\n<li>Facilitar la representaci\u00f3n y participaci\u00f3n de los padres, madres o tutores legales del alumnado en los Consejos Escolares de los centros sostenidos con fondos p\u00fablicos, para lo cual podr\u00e1n presentar candidaturas en los correspondientes procesos electorales.<\/li>\n<li>Promover el desarrollo de programas de Educaci\u00f3n Familiar.<\/li>\n<li>Representar a los padres, madres o tutores asociados a las mismas ante las instancias educativas y otros organismos.<\/li>\n<\/ul>\n<p>M\u00e1s informaci\u00f3n en el siguiente enlace : <a href=\"https:\/\/www.juntadeandalucia.es\/educacion\/portals\/web\/ced\/ampa-y-asociaciones\">https:\/\/www.juntadeandalucia.es\/educacion\/portals\/web\/ced\/ampa-y-asociaciones<\/a><\/p>\n","protected":false},"excerpt":{"rendered":"<p>La AFA es la Asociaci\u00f3n de Familias de Alumnos. \u00c9sta es la nueva designaci\u00f3n de las anteriores AMPAS (Asociaci\u00f3n de Madres y Padres de Alumnos) FUNCIONES DE LA AFA Las asociaciones de familias&nbsp; de alumnos son un cauce fundamental para posibilitar la participaci\u00f3n de las familias o tutores del alumnado, en su caso, en las [&hellip;]<\/p>\n","protected":false},"author":13548,"featured_media":0,"parent":0,"menu_order":0,"comment_status":"closed","ping_status":"closed","template":"","meta":{"_et_pb_use_builder":"off","_et_pb_old_content":"","_et_gb_content_width":"","ngg_post_thumbnail":0,"footnotes":""},"aioseo_notices":[],"_links":{"self":[{"href":"https:\/\/blogsaverroes.juntadeandalucia.es\/ceipsanpablosevilla\/wp-json\/wp\/v2\/pages\/840"}],"collection":[{"href":"https:\/\/blogsaverroes.juntadeandalucia.es\/ceipsanpablosevilla\/wp-json\/wp\/v2\/pages"}],"about":[{"href":"https:\/\/blogsaverroes.juntadeandalucia.es\/ceipsanpablosevilla\/wp-json\/wp\/v2\/types\/page"}],"author":[{"embeddable":true,"href":"https:\/\/blogsaverroes.juntadeandalucia.es\/ceipsanpablosevilla\/wp-json\/wp\/v2\/users\/13548"}],"replies":[{"embeddable":true,"href":"https:\/\/blogsaverroes.juntadeandalucia.es\/ceipsanpablosevilla\/wp-json\/wp\/v2\/comments?post=840"}],"version-history":[{"count":6,"href":"https:\/\/blogsaverroes.juntadeandalucia.es\/ceipsanpablosevilla\/wp-json\/wp\/v2\/pages\/840\/revisions"}],"predecessor-version":[{"id":1344,"href":"https:\/\/blogsaverroes.juntadeandalucia.es\/ceipsanpablosevilla\/wp-json\/wp\/v2\/pages\/840\/revisions\/1344"}],"wp:attachment":[{"href":"https:\/\/blogsaverroes.juntadeandalucia.es\/ceipsanpablosevilla\/wp-json\/wp\/v2\/media?parent=840"}],"curies":[{"name":"wp","href":"https:\/\/api.w.org\/{rel}","templated":true}]}}