{"id":845,"date":"2020-12-18T08:40:01","date_gmt":"2020-12-18T07:40:01","guid":{"rendered":"https:\/\/blogsaverroes.juntadeandalucia.es\/pre\/plantilla-pencil\/?page_id=845"},"modified":"2021-11-22T11:47:40","modified_gmt":"2021-11-22T10:47:40","slug":"aula-matinal","status":"publish","type":"page","link":"https:\/\/blogsaverroes.juntadeandalucia.es\/ceipsanpablosevilla\/aula-matinal\/","title":{"rendered":"Aula matinal"},"content":{"rendered":"<p><img loading=\"lazy\" decoding=\"async\" class=\"size-full wp-image-1061 aligncenter\" src=\"https:\/\/blogsaverroes.juntadeandalucia.es\/ceipsanpablosevilla\/files\/2021\/11\/cabecera-aula-matinal.jpg\" alt=\"\" width=\"551\" height=\"287\" srcset=\"https:\/\/blogsaverroes.juntadeandalucia.es\/ceipsanpablosevilla\/files\/2021\/11\/cabecera-aula-matinal.jpg 551w, https:\/\/blogsaverroes.juntadeandalucia.es\/ceipsanpablosevilla\/files\/2021\/11\/cabecera-aula-matinal-480x250.jpg 480w\" sizes=\"(min-width: 0px) and (max-width: 480px) 480px, (min-width: 481px) 551px, 100vw\" \/><\/p>\n<p>El aula matinal es un servicio que ofrece el centro a aquellas familias que tienen imposibilidad de traer a sus hijos\/as al colegio por la ma\u00f1ana.<\/p>\n<p>La empresa encargada de gestionar el servicio de Aula Matinal durante el <strong>Curso Escolar 2021\/2022 es EULEN S.A <\/strong>a trav\u00e9s de su marca <strong>EULEN EDUCA<\/strong><strong>&nbsp;<\/strong><\/p>\n<p>La entrada al aula se realiza por la puerta de la calle Caracoles.<\/p>\n<p><strong>Los monitores recoger\u00e1n a los alumnos en la entrada desde las 7:30 y cada 15 minutos. Los horarios de acceso son los siguientes:<\/strong><\/p>\n<p>7:30 , 7:45 , 8:00 , 8:15 , 8:30 y 8:45.<\/p>\n<p>A las 9 h cada alumno se dirige a su fila correspondiente acompa\u00f1ado por sus monitores.<\/p>\n<p><strong>E<\/strong><strong>ulen Educa<\/strong> har\u00e1 de este espacio un lugar donde Conciliaci\u00f3n y Educaci\u00f3n vayan de la mano. La programaci\u00f3n que se desarrollar\u00e1 durante el curso 2021\/2022 tiene como eje principal la Educaci\u00f3n en Valores, entendida esta como un proceso de aprendizaje centrado en la adquisici\u00f3n de h\u00e1bitos sociales, educaci\u00f3n para la convivencia, el respeto y la igualdad.<\/p>\n<p>Acceda a la plataforma EDUCA EULEN <a href=\"https:\/\/educa.eulen.com\/\"><strong>https:\/\/educa.eulen.com\/<\/strong><\/a> para:<\/p>\n<ul>\n<li>Recibos emitidos durante todo el curso<\/li>\n<li>Usos\/asistencias mensuales, en base a los cuales se calcula su aportaci\u00f3n<\/li>\n<li><strong>Mandato SEPA de domiciliaci\u00f3n del servicio del que hace <\/strong><\/li>\n<li><strong>Modificaci\u00f3n de los datos de domiciliaci\u00f3n <\/strong><\/li>\n<\/ul>\n<p><strong>&nbsp;<\/strong>Por \u00faltimo, queremos comunicarle que los recibos se emiten a <strong>mes vencido<\/strong>.<\/p>\n<p style=\"text-align: center\"><strong>&nbsp;<\/strong><strong>\u00a1\u00a1GRACIAS POR CONFIAR EN NOSOTROS!!<\/strong><\/p>\n<p><img loading=\"lazy\" decoding=\"async\" class=\"size-full wp-image-1065 aligncenter\" src=\"https:\/\/blogsaverroes.juntadeandalucia.es\/ceipsanpablosevilla\/files\/2021\/11\/eulen.png\" alt=\"\" width=\"180\" height=\"71\"><\/p>\n<p><strong>Documentos del aula matinal:<\/strong><\/p>\n<p><span style=\"color: #3366ff\">&#8211;<em><strong><a style=\"color: #3366ff\" href=\"https:\/\/blogsaverroes.juntadeandalucia.es\/ceipsanpablosevilla\/files\/2021\/11\/Solicitud-Servicios-Complementarios.pdf\">Solicitud Servicios Complementarios<\/a><\/strong><\/em><\/span><\/p>\n<p><span style=\"color: #3366ff\"><em><strong>&#8211;<a style=\"color: #3366ff\" href=\"https:\/\/blogsaverroes.juntadeandalucia.es\/ceipsanpablosevilla\/files\/2021\/11\/solicitud_baja_SERVICIOS-COMPLEMENTARIOS-1.pdf\">Solicitud_baja_SERVICIOS COMPLEMENTARIOS<\/a><\/strong><\/em><\/span><\/p>\n<p><span style=\"color: #3366ff\"><em><strong>&#8211;<a style=\"color: #3366ff\" href=\"https:\/\/blogsaverroes.juntadeandalucia.es\/ceipsanpablosevilla\/files\/2021\/11\/Precios-servicios-complementarios-3-8-2021.pdf\">Precios-servicios-complementarios-3-8-2021<\/a><\/strong><\/em><\/span><\/p>\n<p><span style=\"font-size: 12pt\"><strong>Normativa web junta de Andaluc\u00eda sobre Aula Matinal:<\/strong><\/span><\/p>\n<p><strong><span style=\"color: #3366ff\"><a style=\"color: #3366ff\" href=\"https:\/\/www.juntadeandalucia.es\/educacion\/portals\/web\/ced\/aula-matinal\">https:\/\/www.juntadeandalucia.es\/educacion\/portals\/web\/ced\/aula-matinal<\/a><\/span><\/strong><\/p>\n<p>&nbsp;<\/p>\n<p>&nbsp;<\/p>\n","protected":false},"excerpt":{"rendered":"<p>El aula matinal es un servicio que ofrece el centro a aquellas familias que tienen imposibilidad de traer a sus hijos\/as al colegio por la ma\u00f1ana. La empresa encargada de gestionar el servicio de Aula Matinal durante el Curso Escolar 2021\/2022 es EULEN S.A a trav\u00e9s de su marca EULEN EDUCA&nbsp; La entrada al aula [&hellip;]<\/p>\n","protected":false},"author":13548,"featured_media":0,"parent":0,"menu_order":0,"comment_status":"closed","ping_status":"closed","template":"","meta":{"_et_pb_use_builder":"off","_et_pb_old_content":"","_et_gb_content_width":"","ngg_post_thumbnail":0,"footnotes":""},"aioseo_notices":[],"_links":{"self":[{"href":"https:\/\/blogsaverroes.juntadeandalucia.es\/ceipsanpablosevilla\/wp-json\/wp\/v2\/pages\/845"}],"collection":[{"href":"https:\/\/blogsaverroes.juntadeandalucia.es\/ceipsanpablosevilla\/wp-json\/wp\/v2\/pages"}],"about":[{"href":"https:\/\/blogsaverroes.juntadeandalucia.es\/ceipsanpablosevilla\/wp-json\/wp\/v2\/types\/page"}],"author":[{"embeddable":true,"href":"https:\/\/blogsaverroes.juntadeandalucia.es\/ceipsanpablosevilla\/wp-json\/wp\/v2\/users\/13548"}],"replies":[{"embeddable":true,"href":"https:\/\/blogsaverroes.juntadeandalucia.es\/ceipsanpablosevilla\/wp-json\/wp\/v2\/comments?post=845"}],"version-history":[{"count":6,"href":"https:\/\/blogsaverroes.juntadeandalucia.es\/ceipsanpablosevilla\/wp-json\/wp\/v2\/pages\/845\/revisions"}],"predecessor-version":[{"id":1067,"href":"https:\/\/blogsaverroes.juntadeandalucia.es\/ceipsanpablosevilla\/wp-json\/wp\/v2\/pages\/845\/revisions\/1067"}],"wp:attachment":[{"href":"https:\/\/blogsaverroes.juntadeandalucia.es\/ceipsanpablosevilla\/wp-json\/wp\/v2\/media?parent=845"}],"curies":[{"name":"wp","href":"https:\/\/api.w.org\/{rel}","templated":true}]}}