{"id":853,"date":"2020-12-18T08:50:47","date_gmt":"2020-12-18T07:50:47","guid":{"rendered":"https:\/\/blogsaverroes.juntadeandalucia.es\/pre\/plantilla-pencil\/?page_id=853"},"modified":"2021-11-25T12:16:12","modified_gmt":"2021-11-25T11:16:12","slug":"nuestra-historia","status":"publish","type":"page","link":"https:\/\/blogsaverroes.juntadeandalucia.es\/ceipsanpablosevilla\/nuestra-historia\/","title":{"rendered":"Nuestra Historia"},"content":{"rendered":"<p>[et_pb_section fb_built=&#8221;1&#8243; disabled_on=&#8221;off|off|off&#8221; _builder_version=&#8221;3.23.3&#8243; custom_padding=&#8221;0px||0px|&#8221; z_index_tablet=&#8221;500&#8243; box_shadow_horizontal_tablet=&#8221;0px&#8221; box_shadow_vertical_tablet=&#8221;0px&#8221; box_shadow_blur_tablet=&#8221;40px&#8221; box_shadow_spread_tablet=&#8221;0px&#8221;][et_pb_row column_structure=&#8221;2_3,1_3&#8243; _builder_version=&#8221;3.25&#8243; background_size=&#8221;initial&#8221; background_position=&#8221;top_left&#8221; background_repeat=&#8221;repeat&#8221;][et_pb_column type=&#8221;2_3&#8243; _builder_version=&#8221;3.0.47&#8243; custom_padding=&#8221;|||&#8221; custom_padding__hover=&#8221;|||&#8221;][et_pb_image src=&#8221;https:\/\/blogsaverroes.juntadeandalucia.es\/ceipsanpablosevilla\/files\/2020\/02\/elcentro.png&#8221; admin_label=&#8221;Imagen de la portada&#8221; _builder_version=&#8221;4.5.0&#8243; vertical_offset_tablet=&#8221;0&#8243; horizontal_offset_tablet=&#8221;0&#8243; z_index_tablet=&#8221;500&#8243; box_shadow_horizontal_tablet=&#8221;0px&#8221; box_shadow_vertical_tablet=&#8221;0px&#8221; box_shadow_blur_tablet=&#8221;40px&#8221; box_shadow_spread_tablet=&#8221;0px&#8221; title_text=&#8221;elcentro&#8221; hover_enabled=&#8221;0&#8243;][\/et_pb_image][et_pb_text admin_label=&#8221;Texto descriptivo&#8221; _builder_version=&#8221;3.27.4&#8243; z_index_tablet=&#8221;500&#8243; text_text_shadow_horizontal_length_tablet=&#8221;0px&#8221; text_text_shadow_vertical_length_tablet=&#8221;0px&#8221; text_text_shadow_blur_strength_tablet=&#8221;1px&#8221; link_text_shadow_horizontal_length_tablet=&#8221;0px&#8221; link_text_shadow_vertical_length_tablet=&#8221;0px&#8221; link_text_shadow_blur_strength_tablet=&#8221;1px&#8221; ul_text_shadow_horizontal_length_tablet=&#8221;0px&#8221; ul_text_shadow_vertical_length_tablet=&#8221;0px&#8221; ul_text_shadow_blur_strength_tablet=&#8221;1px&#8221; ol_text_shadow_horizontal_length_tablet=&#8221;0px&#8221; ol_text_shadow_vertical_length_tablet=&#8221;0px&#8221; ol_text_shadow_blur_strength_tablet=&#8221;1px&#8221; quote_text_shadow_horizontal_length_tablet=&#8221;0px&#8221; quote_text_shadow_vertical_length_tablet=&#8221;0px&#8221; quote_text_shadow_blur_strength_tablet=&#8221;1px&#8221; header_text_shadow_horizontal_length_tablet=&#8221;0px&#8221; header_text_shadow_vertical_length_tablet=&#8221;0px&#8221; header_text_shadow_blur_strength_tablet=&#8221;1px&#8221; header_2_text_shadow_horizontal_length_tablet=&#8221;0px&#8221; header_2_text_shadow_vertical_length_tablet=&#8221;0px&#8221; header_2_text_shadow_blur_strength_tablet=&#8221;1px&#8221; header_3_text_shadow_horizontal_length_tablet=&#8221;0px&#8221; header_3_text_shadow_vertical_length_tablet=&#8221;0px&#8221; header_3_text_shadow_blur_strength_tablet=&#8221;1px&#8221; header_4_text_shadow_horizontal_length_tablet=&#8221;0px&#8221; header_4_text_shadow_vertical_length_tablet=&#8221;0px&#8221; header_4_text_shadow_blur_strength_tablet=&#8221;1px&#8221; header_5_text_shadow_horizontal_length_tablet=&#8221;0px&#8221; header_5_text_shadow_vertical_length_tablet=&#8221;0px&#8221; header_5_text_shadow_blur_strength_tablet=&#8221;1px&#8221; header_6_text_shadow_horizontal_length_tablet=&#8221;0px&#8221; header_6_text_shadow_vertical_length_tablet=&#8221;0px&#8221; header_6_text_shadow_blur_strength_tablet=&#8221;1px&#8221; box_shadow_horizontal_tablet=&#8221;0px&#8221; box_shadow_vertical_tablet=&#8221;0px&#8221; box_shadow_blur_tablet=&#8221;40px&#8221; box_shadow_spread_tablet=&#8221;0px&#8221;]<\/p>\n<h2>HISTORIA<span>\u00a0<\/span>DE<span>\u00a0<\/span>NUESTRO<span>\u00a0<\/span>COLEGIO<\/h2>\n<p><span style=\"font-size: 14px\"><\/span><\/p>\n<p><span style=\"font-size: 14px\">Nuestro colegio se inaugura en el curso 1965\/66, coge su nombre de la barriada en la<\/span><span style=\"font-size: 14px\">\u00a0<\/span><span style=\"font-size: 14px\">que se encuentra ubicado: el Pol\u00edgono de San Pablo. Esta barriada fue constru\u00edda a<\/span><span style=\"font-size: 14px\">\u00a0<\/span><span style=\"font-size: 14px\">principios de los a\u00f1os 60 del pasado siglo con objeto de dar vivienda digna a las<\/span><span style=\"font-size: 14px\">\u00a0<\/span><span style=\"font-size: 14px\">numerosas<\/span><span style=\"font-size: 14px\">\u00a0<\/span><span style=\"font-size: 14px\">familias<\/span><span style=\"font-size: 14px\">\u00a0<\/span><span style=\"font-size: 14px\">que<\/span><span style=\"font-size: 14px\">\u00a0<\/span><span style=\"font-size: 14px\">fueron<\/span><span style=\"font-size: 14px\">\u00a0<\/span><span style=\"font-size: 14px\">damnificadas<\/span><span style=\"font-size: 14px\">\u00a0<\/span><span style=\"font-size: 14px\">por<\/span><span style=\"font-size: 14px\">\u00a0<\/span><span style=\"font-size: 14px\">las<\/span><span style=\"font-size: 14px\">\u00a0<\/span><span style=\"font-size: 14px\">inundaciones<\/span><span style=\"font-size: 14px\">\u00a0<\/span><span style=\"font-size: 14px\">que sufri\u00f3 Sevilla<\/span><span style=\"font-size: 14px\">\u00a0<\/span><span style=\"font-size: 14px\">en<\/span><span style=\"font-size: 14px\">\u00a0<\/span><span style=\"font-size: 14px\">aquellos<\/span><span style=\"font-size: 14px\">\u00a0<\/span><span style=\"font-size: 14px\">a\u00f1os. Pero adem\u00e1s se construyeron viviendas para familias numerosas y<\/span><span style=\"font-size: 14px\">\u00a0<\/span><span style=\"font-size: 14px\">familias de clase media ( profesiones liberales en su mayor\u00eda), aunando as\u00ed una<\/span><span style=\"font-size: 14px\">\u00a0<\/span><span style=\"font-size: 14px\">diversidad<\/span><span style=\"font-size: 14px\">\u00a0<\/span><span style=\"font-size: 14px\">de<\/span><span style=\"font-size: 14px\">\u00a0<\/span><span style=\"font-size: 14px\">situaciones<\/span><span style=\"font-size: 14px\">\u00a0<\/span><span style=\"font-size: 14px\">culturales y<\/span><span style=\"font-size: 14px\">\u00a0<\/span><span style=\"font-size: 14px\">econ\u00f3micas<\/span><span style=\"font-size: 14px\">\u00a0<\/span><span style=\"font-size: 14px\">pioneras en<\/span><span style=\"font-size: 14px\">\u00a0<\/span><span style=\"font-size: 14px\">aquella<\/span><span style=\"font-size: 14px\">\u00a0<\/span><span style=\"font-size: 14px\">\u00e9poca.<\/span><\/p>\n<p>\u00a0<span style=\"font-size: 14px\">El<\/span><span style=\"font-size: 14px\">\u00a0<\/span><span style=\"font-size: 14px\">pol\u00edgono<\/span><span style=\"font-size: 14px\">\u00a0<\/span><span style=\"font-size: 14px\">se<\/span><span style=\"font-size: 14px\">\u00a0<\/span><span style=\"font-size: 14px\">asent\u00f3<\/span><span style=\"font-size: 14px\">\u00a0<\/span><span style=\"font-size: 14px\">sobre<\/span><span style=\"font-size: 14px\">\u00a0<\/span><span style=\"font-size: 14px\">los<\/span><span style=\"font-size: 14px\">\u00a0<\/span><span style=\"font-size: 14px\">solares<\/span><span style=\"font-size: 14px\">\u00a0<\/span><span style=\"font-size: 14px\">de<\/span><span style=\"font-size: 14px\">\u00a0<\/span><span style=\"font-size: 14px\">las<\/span><span style=\"font-size: 14px\">\u00a0<\/span><span style=\"font-size: 14px\">antiguas huertas<\/span><span style=\"font-size: 14px\">\u00a0<\/span><span style=\"font-size: 14px\">que exist\u00edas<\/span><span style=\"font-size: 14px\">\u00a0<\/span><span style=\"font-size: 14px\">en<\/span><span style=\"font-size: 14px\">\u00a0<\/span><span style=\"font-size: 14px\">la<\/span><span style=\"font-size: 14px\">\u00a0<\/span><span style=\"font-size: 14px\">zona<\/span><span style=\"font-size: 14px\">\u00a0<\/span><span style=\"font-size: 14px\">este de la ciudad y est\u00e1 dividido a su vez por peque\u00f1os \u201cbarrios\u201d conocidos con<\/span><span style=\"font-size: 14px\">\u00a0<\/span><span style=\"font-size: 14px\">\u00a0<\/span><span style=\"font-size: 14px\">letras de la<\/span><span style=\"font-size: 14px\">\u00a0<\/span><span style=\"font-size: 14px\">\u201cA\u201d<\/span><span style=\"font-size: 14px\">\u00a0<\/span><span style=\"font-size: 14px\">a<\/span><span style=\"font-size: 14px\">\u00a0<\/span><span style=\"font-size: 14px\">la<\/span><span style=\"font-size: 14px\">\u00a0<\/span><span style=\"font-size: 14px\">\u201cE\u201d.<\/span><\/p>\n<p>\u00a0<span style=\"font-size: 14px\">Al ser uno de los barrios de la periferia de Sevilla, en sus inicios, sus serpenteantes<\/span><span style=\"font-size: 14px\">\u00a0<\/span><span style=\"font-size: 14px\">calles y plazas sol\u00edan dar cobijo a los maleantes que corr\u00edan a esconderse a trav\u00e9s de<\/span><span style=\"font-size: 14px\">\u00a0<\/span><span style=\"font-size: 14px\">sus laber\u00ednticas formas y eran dif\u00edciles de capturar, de ah\u00ed sali\u00f3 el calificativo de<\/span><span style=\"font-size: 14px\">\u00a0<\/span><span style=\"font-size: 14px\">\u201cpoligonero\u201d<\/span><span style=\"font-size: 14px\">\u00a0<\/span><span style=\"font-size: 14px\">con<\/span><span style=\"font-size: 14px\">\u00a0<\/span><span style=\"font-size: 14px\">el<\/span><span style=\"font-size: 14px\">\u00a0<\/span><span style=\"font-size: 14px\">que<\/span><span style=\"font-size: 14px\">\u00a0<\/span><span style=\"font-size: 14px\">fueron<\/span><span style=\"font-size: 14px\">\u00a0<\/span><span style=\"font-size: 14px\">conocidos,<\/span><span style=\"font-size: 14px\">\u00a0<\/span><span style=\"font-size: 14px\">y<\/span><span style=\"font-size: 14px\">\u00a0<\/span><span style=\"font-size: 14px\">a\u00fan<\/span><span style=\"font-size: 14px\">\u00a0<\/span><span style=\"font-size: 14px\">lo<\/span><span style=\"font-size: 14px\">\u00a0<\/span><span style=\"font-size: 14px\">son<\/span><span style=\"font-size: 14px\">\u00a0<\/span><span style=\"font-size: 14px\">(con<\/span><span style=\"font-size: 14px\">\u00a0<\/span><span style=\"font-size: 14px\">el<\/span><span style=\"font-size: 14px\">\u00a0<\/span><span style=\"font-size: 14px\">tiempo<\/span><span style=\"font-size: 14px\">\u00a0<\/span><span style=\"font-size: 14px\">con<\/span><span style=\"font-size: 14px\">\u00a0<\/span><span style=\"font-size: 14px\">orgullo),<\/span><span style=\"font-size: 14px\">\u00a0<\/span><span style=\"font-size: 14px\">todos<\/span><span style=\"font-size: 14px\">\u00a0<\/span><span style=\"font-size: 14px\">los<\/span><span style=\"font-size: 14px\">\u00a0<\/span><span style=\"font-size: 14px\">habitantes<\/span><span style=\"font-size: 14px\">\u00a0<\/span><span style=\"font-size: 14px\">del barrio.<\/span><\/p>\n<p>\u00a0<span style=\"font-size: 14px\">El transcurrir de los tiempos y el dejar de ser periferia de la ciudad, los actos<\/span><span style=\"font-size: 14px\">\u00a0<\/span><span style=\"font-size: 14px\">vand\u00e1licos<\/span><span style=\"font-size: 14px\">\u00a0<\/span><span style=\"font-size: 14px\">y<\/span><span style=\"font-size: 14px\">\u00a0<\/span><span style=\"font-size: 14px\">los<\/span><span style=\"font-size: 14px\">\u00a0<\/span><span style=\"font-size: 14px\">v\u00e1ndalos<\/span><span style=\"font-size: 14px\">\u00a0<\/span><span style=\"font-size: 14px\">se<\/span><span style=\"font-size: 14px\">\u00a0<\/span><span style=\"font-size: 14px\">han<\/span><span style=\"font-size: 14px\">\u00a0<\/span><span style=\"font-size: 14px\">extinguido<\/span><span style=\"font-size: 14px\">\u00a0<\/span><span style=\"font-size: 14px\">casi<\/span><span style=\"font-size: 14px\">\u00a0<\/span><span style=\"font-size: 14px\">en<\/span><span style=\"font-size: 14px\">\u00a0<\/span><span style=\"font-size: 14px\">su<\/span><span style=\"font-size: 14px\">\u00a0<\/span><span style=\"font-size: 14px\">totalidad,<\/span><span style=\"font-size: 14px\">\u00a0<\/span><span style=\"font-size: 14px\">aunque<\/span><span style=\"font-size: 14px\">\u00a0<\/span><span style=\"font-size: 14px\">a\u00fan<\/span><span style=\"font-size: 14px\">\u00a0<\/span><span style=\"font-size: 14px\">siguen<\/span><span style=\"font-size: 14px\">\u00a0<\/span><span style=\"font-size: 14px\">existiendo por<\/span><span style=\"font-size: 14px\">\u00a0<\/span><span style=\"font-size: 14px\">sus calles<\/span><span style=\"font-size: 14px\">\u00a0<\/span><span style=\"font-size: 14px\">algunos personajes pintorescos.<\/span><\/p>\n<p>[\/et_pb_text][\/et_pb_column][et_pb_column type=&#8221;1_3&#8243; _builder_version=&#8221;3.0.47&#8243; custom_padding=&#8221;|||&#8221; custom_padding__hover=&#8221;|||&#8221;][et_pb_sidebar area=&#8221;sidebar-1&#8243; _builder_version=&#8221;3.23.3&#8243; z_index_tablet=&#8221;500&#8243; header_text_shadow_horizontal_length_tablet=&#8221;0px&#8221; header_text_shadow_vertical_length_tablet=&#8221;0px&#8221; header_text_shadow_blur_strength_tablet=&#8221;1px&#8221; body_text_shadow_horizontal_length_tablet=&#8221;0px&#8221; body_text_shadow_vertical_length_tablet=&#8221;0px&#8221; body_text_shadow_blur_strength_tablet=&#8221;1px&#8221; box_shadow_horizontal_tablet=&#8221;0px&#8221; box_shadow_vertical_tablet=&#8221;0px&#8221; box_shadow_blur_tablet=&#8221;40px&#8221; box_shadow_spread_tablet=&#8221;0px&#8221; text_shadow_horizontal_length_tablet=&#8221;0px&#8221; text_shadow_vertical_length_tablet=&#8221;0px&#8221; text_shadow_blur_strength_tablet=&#8221;1px&#8221;][\/et_pb_sidebar][\/et_pb_column][\/et_pb_row][\/et_pb_section]<\/p>\n","protected":false},"excerpt":{"rendered":"<p>HISTORIA\u00a0DE\u00a0NUESTRO\u00a0COLEGIO Nuestro colegio se inaugura en el curso 1965\/66, coge su nombre de la barriada en la\u00a0que se encuentra ubicado: el Pol\u00edgono de San Pablo. Esta barriada fue constru\u00edda a\u00a0principios de los a\u00f1os 60 del pasado siglo con objeto de dar vivienda digna a las\u00a0numerosas\u00a0familias\u00a0que\u00a0fueron\u00a0damnificadas\u00a0por\u00a0las\u00a0inundaciones\u00a0que sufri\u00f3 Sevilla\u00a0en\u00a0aquellos\u00a0a\u00f1os. Pero adem\u00e1s se construyeron viviendas para familias numerosas [&hellip;]<\/p>\n","protected":false},"author":13548,"featured_media":0,"parent":0,"menu_order":0,"comment_status":"closed","ping_status":"closed","template":"","meta":{"_et_pb_use_builder":"on","_et_pb_old_content":"","_et_gb_content_width":"","ngg_post_thumbnail":0,"footnotes":""},"aioseo_notices":[],"_links":{"self":[{"href":"https:\/\/blogsaverroes.juntadeandalucia.es\/ceipsanpablosevilla\/wp-json\/wp\/v2\/pages\/853"}],"collection":[{"href":"https:\/\/blogsaverroes.juntadeandalucia.es\/ceipsanpablosevilla\/wp-json\/wp\/v2\/pages"}],"about":[{"href":"https:\/\/blogsaverroes.juntadeandalucia.es\/ceipsanpablosevilla\/wp-json\/wp\/v2\/types\/page"}],"author":[{"embeddable":true,"href":"https:\/\/blogsaverroes.juntadeandalucia.es\/ceipsanpablosevilla\/wp-json\/wp\/v2\/users\/13548"}],"replies":[{"embeddable":true,"href":"https:\/\/blogsaverroes.juntadeandalucia.es\/ceipsanpablosevilla\/wp-json\/wp\/v2\/comments?post=853"}],"version-history":[{"count":7,"href":"https:\/\/blogsaverroes.juntadeandalucia.es\/ceipsanpablosevilla\/wp-json\/wp\/v2\/pages\/853\/revisions"}],"predecessor-version":[{"id":1075,"href":"https:\/\/blogsaverroes.juntadeandalucia.es\/ceipsanpablosevilla\/wp-json\/wp\/v2\/pages\/853\/revisions\/1075"}],"wp:attachment":[{"href":"https:\/\/blogsaverroes.juntadeandalucia.es\/ceipsanpablosevilla\/wp-json\/wp\/v2\/media?parent=853"}],"curies":[{"name":"wp","href":"https:\/\/api.w.org\/{rel}","templated":true}]}}