{"id":970,"date":"2021-10-19T11:46:08","date_gmt":"2021-10-19T10:46:08","guid":{"rendered":"https:\/\/blogsaverroes.juntadeandalucia.es\/ceipsanpablosevilla\/?page_id=970"},"modified":"2023-06-01T11:17:12","modified_gmt":"2023-06-01T10:17:12","slug":"horarios","status":"publish","type":"page","link":"https:\/\/blogsaverroes.juntadeandalucia.es\/ceipsanpablosevilla\/horarios\/","title":{"rendered":"Horarios e Impresos"},"content":{"rendered":"<p>El horario de secretar\u00eda es el siguiente:<\/p>\n<p>&#8211; <strong>Sin cita previa<\/strong>: De lunes a viernes de 9,30 a 10,30<\/p>\n<p>&#8211; <strong>Con cita previa:<\/strong> de lunes a viernes de 12,45 a 13,30.<\/p>\n<p>*<i>Durante el per\u00edodo de escolarizaci\u00f3n y solicitud de los servicios complementarios, el horario de secretar\u00eda var\u00eda siendo de 9:30 a 12:00 horas.<\/i><\/p>\n<div class=\"yj6qo ajU\">\n<div id=\":236\" class=\"ajR\" role=\"button\" aria-label=\"Ocultar contenido ampliado\" data-tooltip=\"Ocultar contenido ampliado\"><img decoding=\"async\" class=\"ajT\" src=\"https:\/\/ssl.gstatic.com\/ui\/v1\/icons\/mail\/images\/cleardot.gif\">Desde esta secci\u00f3n podr\u00e1 descargar los diferentes documentos que precise para las gestiones administrativas del Centro.<\/div>\n<\/div>\n<div class=\"adL\">\n<p>Toda la documentaci\u00f3n, salvo excepciones, deber\u00e1 ser entregada en la Secretar\u00eda del colegio para su correspondiente registro de entrada.<\/p>\n<p><span style=\"font-size: 14pt\"><strong>Admisi\u00f3n<\/strong><\/span><\/p>\n<ul class=\"listado\">\n<li class=\"item\">\n<p class=\"title icopdf\"><a title=\"Pulse para visualizar el documento:&nbsp;ANEXO III\" href=\"https:\/\/www.juntadeandalucia.es\/educacion\/portals\/delegate\/content\/7e1d7b27-eaa4-42e7-bfa3-ac436db80ed6\/ANEXO%20III\" target=\"_blank\" rel=\"noopener noreferrer\">ANEXO III. <\/a><a title=\"Pulse para visualizar el documento:&nbsp;ANEXO III\" href=\"https:\/\/www.juntadeandalucia.es\/educacion\/portals\/delegate\/content\/7e1d7b27-eaa4-42e7-bfa3-ac436db80ed6\/ANEXO%20III\" target=\"_blank\" rel=\"noopener noreferrer\">Solicitud de admisi\u00f3n en segundo ciclo de Educaci\u00f3n Infantil, Educaci\u00f3n Primaria, Educaci\u00f3n Especial, E.S.O. y Bachillerato (v\u00e1lido del 1 al 31 de Marzo).<\/a><\/p>\n<\/li>\n<\/ul>\n<ul class=\"listado\">\n<li class=\"item\">\n<p class=\"title icopdf\"><a title=\"Pulse para visualizar el documento:&nbsp;ANEXO IX\" href=\"https:\/\/www.juntadeandalucia.es\/educacion\/portals\/delegate\/content\/dcec9582-b20c-494b-bfbd-2886c7b8be94\/ANEXO%20IX\" target=\"_blank\" rel=\"noopener noreferrer\">ANEXO IX. <\/a><a title=\"Pulse para visualizar el documento:&nbsp;ANEXO IX\" href=\"https:\/\/www.juntadeandalucia.es\/educacion\/portals\/delegate\/content\/dcec9582-b20c-494b-bfbd-2886c7b8be94\/ANEXO%20IX\" target=\"_blank\" rel=\"noopener noreferrer\">Solicitud Procedimiento Extraordinario de Admisi\u00f3n (Todo el a\u00f1o salvo Marzo)<\/a>.<\/p>\n<\/li>\n<\/ul>\n<p>&nbsp;<\/p>\n<p><span style=\"font-size: 14pt\"><strong>Matriculaci\u00f3n<\/strong><\/span><\/p>\n<ul>\n<li><a href=\"https:\/\/www.juntadeandalucia.es\/educacion\/portals\/delegate\/content\/d26442b2-4b4a-433a-9c1e-e1790a29f781\/ANEXO%20IV\">ANEXO IV<\/a>. <a href=\"https:\/\/www.juntadeandalucia.es\/educacion\/portales\/documents\/100629\/260395\/01.%20ANEXO%20IV\/7326903b-efb6-506f-57bd-2f93eff2e05b?version=2.0\">Matr\u00edcula en segundo ciclo de Educaci\u00f3n Infantil (Del 1 al 7 de Junio).<\/a>&nbsp;&nbsp;<\/li>\n<\/ul>\n<ul>\n<li><a href=\"https:\/\/www.juntadeandalucia.es\/educacion\/portals\/delegate\/content\/55fad88e-7bb3-40e3-bbe4-198107487345\/ANEXO%20V\">ANEXO V<\/a>. <a href=\"https:\/\/www.juntadeandalucia.es\/educacion\/portales\/documents\/100629\/260395\/02.%20ANEXO%20V\/25d3391c-58ef-0a40-9681-f13e0842e608?version=2.0\">Matr\u00edcula en Educaci\u00f3n Primaria (Del 1 al 7 de Junio).<\/a><\/li>\n<\/ul>\n<\/div>\n<ul>\n<li><a href=\"https:\/\/www.juntadeandalucia.es\/educacion\/portales\/documents\/100629\/260395\/06.%20ANEXO%20RELIGI%C3%93N\/e1aa9d91-b12b-3a56-85b5-2a2969fbcf13?version=2.0\">ANEXO I. Solicitud para Cursar la Ense\u00f1anza de Religi\u00f3n.<\/a><\/li>\n<\/ul>\n<p>&nbsp;<\/p>\n<p><strong><span style=\"font-size: 14pt\">Horario Actividades Extraescolares CEIP San Pablo 2023\/2024<\/span><\/strong><\/p>\n<ul>\n<li><a title=\"DOCUMENTO INFORMATIVO ACTIVIDADES EXTRAESCOLARES CURSO ESCOLAR 2023\/2024\" href=\"https:\/\/blogsaverroes.juntadeandalucia.es\/ceipsanpablosevilla\/files\/2023\/05\/HORARIO-SAN-PABLO-CURSO-23-24-EDICION-0.pdf\">DOCUMENTO INFORMATIVO ACTIVIDADES EXTRAESCOLARES CURSO ESCOLAR 2023\/2024<\/a><\/li>\n<\/ul>\n<p>&nbsp;<\/p>\n<div class=\"adL\">\n<p><span style=\"font-size: 14pt\"><strong>Servicios Complementarios<\/strong><\/span><\/p>\n<p>&#8211; Solicitud ( Del 1 al 12 de junio).<\/p>\n<ul>\n<li><a href=\"https:\/\/www.juntadeandalucia.es\/educacion\/portals\/delegate\/content\/6c4342f7-1581-4c26-bc7e-2e49b4b64cee\/Anexo%20II.-%20Servicio%20de%20Aula%20Matinal,%20Comedor%20Escolar%20y%20actividades%20Extraescolares\">ANEXO II.-<\/a> <a href=\"https:\/\/www.juntadeandalucia.es\/educacion\/portals\/delegate\/content\/6c4342f7-1581-4c26-bc7e-2e49b4b64cee\/Anexo%20II.-%20Servicio%20de%20Aula%20Matinal,%20Comedor%20Escolar%20y%20actividades%20Extraescolares\">Servicio de Aula Matinal, Comedor Escolar y actividades Extraescolares<\/a><\/li>\n<\/ul>\n<p>&#8211; Autorizaci\u00f3n SERVICIOS COMPLEMENTARIOS (Acompa\u00f1a la solicitud).<\/p>\n<ul>\n<li><a href=\"https:\/\/blogsaverroes.juntadeandalucia.es\/ceipsanpablosevilla\/files\/2021\/11\/AUTORIZACI\u00d3N-SS.CC..pdf\">Autorizaci\u00f3n Servicios Complementarios<\/a>&nbsp;<\/li>\n<\/ul>\n<p>&#8211; Bonificaci\u00f3n SS. Complementarios (Primera semana de Septiembre)<\/p>\n<ul>\n<li><a href=\"https:\/\/www.juntadeandalucia.es\/educacion\/portals\/delegate\/content\/fcc8b9c5-53ad-46ca-9098-80d7b3c81097\/Anexo%20V.-%20Gratuidad\/bonificaci%C3%B3n%20del%20precio%20p%C3%BAblico%20por%20los%20servicios%20complementarios%20de%20Aula%20Matinal,%20Comedor%20Escolar%20y%20Actividades%20Extraescolares\">ANEXO V.- <\/a><a href=\"https:\/\/www.juntadeandalucia.es\/educacion\/portals\/delegate\/content\/fcc8b9c5-53ad-46ca-9098-80d7b3c81097\/Anexo%20V.-%20Gratuidad\/bonificaci%C3%B3n%20del%20precio%20p%C3%BAblico%20por%20los%20servicios%20complementarios%20de%20Aula%20Matinal,%20Comedor%20Escolar%20y%20Actividades%20Extraescolares\">Gratuidad\/bonificaci\u00f3n del precio p\u00fablico por los servicios complementarios de Aula Matinal, Comedor Escolar y Actividades Extraescolares<\/a><\/li>\n<\/ul>\n<p>&#8211; Baja Servicios Complementarios ( A. Matinal, Comedor&#8230;.)<\/p>\n<ul>\n<li><a href=\"https:\/\/blogsaverroes.juntadeandalucia.es\/ceipsanpablosevilla\/files\/2021\/11\/solicitud_baja_SERVICIOS-COMPLEMENTARIOS.pdf\">Solicitud baja SERVICIOS COMPLEMENTARIOS<\/a><\/li>\n<\/ul>\n<p>Todas estas gestiones se pueden hacer telem\u00e1ticamente en la <span style=\"font-size: 12pt\"><strong><a href=\"https:\/\/www.juntadeandalucia.es\/educacion\/secretariavirtual\/\">Secretar\u00eda Virtual de la Junta de Andaluc\u00eda<\/a>.<\/strong><\/span><\/p>\n<p>Otros documentos de inter\u00e9s:<\/p>\n<ul>\n<li><a href=\"https:\/\/blogsaverroes.juntadeandalucia.es\/ceipsanpablosevilla\/files\/2022\/02\/09-ANEXO-VIII-MODELO-BAJAS.pdf\">09-ANEXO VIII MODELO BAJAS<\/a><\/li>\n<li><a href=\"https:\/\/blogsaverroes.juntadeandalucia.es\/ceipsanpablosevilla\/files\/2022\/02\/14-ANEXO-XIII-JUSTIFICANTE-AUSENCIA-ALUMNADO.pdf\">14-ANEXO XIII JUSTIFICANTE AUSENCIA ALUMNADO<\/a><\/li>\n<\/ul>\n<\/div>\n","protected":false},"excerpt":{"rendered":"<p>El horario de secretar\u00eda es el siguiente: &#8211; Sin cita previa: De lunes a viernes de 9,30 a 10,30 &#8211; Con cita previa: de lunes a viernes de 12,45 a 13,30. *Durante el per\u00edodo de escolarizaci\u00f3n y solicitud de los servicios complementarios, el horario de secretar\u00eda var\u00eda siendo de 9:30 a 12:00 horas. Desde esta [&hellip;]<\/p>\n","protected":false},"author":13548,"featured_media":0,"parent":0,"menu_order":0,"comment_status":"closed","ping_status":"closed","template":"","meta":{"_et_pb_use_builder":"off","_et_pb_old_content":"","_et_gb_content_width":"","ngg_post_thumbnail":0,"footnotes":""},"aioseo_notices":[],"_links":{"self":[{"href":"https:\/\/blogsaverroes.juntadeandalucia.es\/ceipsanpablosevilla\/wp-json\/wp\/v2\/pages\/970"}],"collection":[{"href":"https:\/\/blogsaverroes.juntadeandalucia.es\/ceipsanpablosevilla\/wp-json\/wp\/v2\/pages"}],"about":[{"href":"https:\/\/blogsaverroes.juntadeandalucia.es\/ceipsanpablosevilla\/wp-json\/wp\/v2\/types\/page"}],"author":[{"embeddable":true,"href":"https:\/\/blogsaverroes.juntadeandalucia.es\/ceipsanpablosevilla\/wp-json\/wp\/v2\/users\/13548"}],"replies":[{"embeddable":true,"href":"https:\/\/blogsaverroes.juntadeandalucia.es\/ceipsanpablosevilla\/wp-json\/wp\/v2\/comments?post=970"}],"version-history":[{"count":20,"href":"https:\/\/blogsaverroes.juntadeandalucia.es\/ceipsanpablosevilla\/wp-json\/wp\/v2\/pages\/970\/revisions"}],"predecessor-version":[{"id":1867,"href":"https:\/\/blogsaverroes.juntadeandalucia.es\/ceipsanpablosevilla\/wp-json\/wp\/v2\/pages\/970\/revisions\/1867"}],"wp:attachment":[{"href":"https:\/\/blogsaverroes.juntadeandalucia.es\/ceipsanpablosevilla\/wp-json\/wp\/v2\/media?parent=970"}],"curies":[{"name":"wp","href":"https:\/\/api.w.org\/{rel}","templated":true}]}}