{"id":24,"date":"2023-04-24T15:11:58","date_gmt":"2023-04-24T15:11:58","guid":{"rendered":"https:\/\/blogsaverroes.juntadeandalucia.es\/ceipsanroquetolox\/?page_id=24"},"modified":"2023-11-16T09:44:13","modified_gmt":"2023-11-16T08:44:13","slug":"programaciones","status":"publish","type":"page","link":"https:\/\/blogsaverroes.juntadeandalucia.es\/ceipsanroquetolox\/programaciones\/","title":{"rendered":"Programaciones"},"content":{"rendered":"<p>[et_pb_section fb_built=&#8221;1&#8243; _builder_version=&#8221;3.22&#8243; collapsed=&#8221;off&#8221; global_colors_info=&#8221;{}&#8221;][et_pb_row _builder_version=&#8221;3.25&#8243; background_size=&#8221;initial&#8221; background_position=&#8221;top_left&#8221; background_repeat=&#8221;repeat&#8221; global_colors_info=&#8221;{}&#8221;][et_pb_column type=&#8221;4_4&#8243; _builder_version=&#8221;3.25&#8243; custom_padding=&#8221;|||&#8221; global_colors_info=&#8221;{}&#8221; custom_padding__hover=&#8221;|||&#8221;][et_pb_tabs active_tab_background_color=&#8221;#2b76df&#8221; inactive_tab_background_color=&#8221;#3a5063&#8243; admin_label=&#8221;Pesta\u00f1as de los bloques de ense\u00f1anzas&#8221; _builder_version=&#8221;4.14.5&#8243; tab_text_color=&#8221;#ffffff&#8221; body_font=&#8221;Rubik||||||||&#8221; body_line_height=&#8221;2em&#8221; tab_font=&#8221;Rubik|700|||||||&#8221; tab_line_height=&#8221;2em&#8221; background_color=&#8221;rgba(0,0,0,0.04)&#8221; max_width_last_edited=&#8221;off|desktop&#8221; module_alignment=&#8221;right&#8221; custom_margin=&#8221;|||&#8221; custom_margin_last_edited=&#8221;off|desktop&#8221; custom_padding=&#8221;|||&#8221; animation_style=&#8221;zoom&#8221; animation_intensity_zoom=&#8221;10%&#8221; hover_enabled=&#8221;0&#8243; z_index_tablet=&#8221;500&#8243; body_text_shadow_horizontal_length_tablet=&#8221;0px&#8221; body_text_shadow_vertical_length_tablet=&#8221;0px&#8221; body_text_shadow_blur_strength_tablet=&#8221;1px&#8221; tab_text_shadow_horizontal_length_tablet=&#8221;0px&#8221; tab_text_shadow_vertical_length_tablet=&#8221;0px&#8221; tab_text_shadow_blur_strength_tablet=&#8221;1px&#8221; body_link_text_shadow_horizontal_length_tablet=&#8221;0px&#8221; body_link_text_shadow_vertical_length_tablet=&#8221;0px&#8221; body_link_text_shadow_blur_strength_tablet=&#8221;1px&#8221; body_ul_text_shadow_horizontal_length_tablet=&#8221;0px&#8221; body_ul_text_shadow_vertical_length_tablet=&#8221;0px&#8221; body_ul_text_shadow_blur_strength_tablet=&#8221;1px&#8221; body_ol_text_shadow_horizontal_length_tablet=&#8221;0px&#8221; body_ol_text_shadow_vertical_length_tablet=&#8221;0px&#8221; body_ol_text_shadow_blur_strength_tablet=&#8221;1px&#8221; body_quote_text_shadow_horizontal_length_tablet=&#8221;0px&#8221; body_quote_text_shadow_vertical_length_tablet=&#8221;0px&#8221; body_quote_text_shadow_blur_strength_tablet=&#8221;1px&#8221; border_radii=&#8221;on|10px|10px|10px|10px&#8221; border_width_all=&#8221;0px&#8221; border_color_all=&#8221;#ffffff&#8221; box_shadow_horizontal_tablet=&#8221;0px&#8221; box_shadow_vertical_tablet=&#8221;0px&#8221; box_shadow_blur_tablet=&#8221;40px&#8221; box_shadow_spread_tablet=&#8221;0px&#8221; locked=&#8221;off&#8221; global_colors_info=&#8221;{}&#8221; sticky_enabled=&#8221;0&#8243;][et_pb_tab title=&#8221;Infantil&#8221; _builder_version=&#8221;4.14.5&#8243; body_font=&#8221;||||||||&#8221; tab_font=&#8221;||||||||&#8221; hover_enabled=&#8221;0&#8243; body_line_height_tablet=&#8221;1.7em&#8221; body_line_height_phone=&#8221;1.7em&#8221; background_color_gradient_direction_tablet=&#8221;180deg&#8221; background_color_gradient_direction_phone=&#8221;180deg&#8221; background_color_gradient_start_position_tablet=&#8221;0%&#8221; background_color_gradient_start_position_phone=&#8221;0%&#8221; background_color_gradient_end_position_tablet=&#8221;100%&#8221; background_color_gradient_end_position_phone=&#8221;100%&#8221; hover_transition_duration_tablet=&#8221;300ms&#8221; hover_transition_duration_phone=&#8221;300ms&#8221; hover_transition_delay_tablet=&#8221;0ms&#8221; hover_transition_delay_phone=&#8221;0ms&#8221; body_text_shadow_horizontal_length_tablet=&#8221;0px&#8221; body_text_shadow_horizontal_length_phone=&#8221;0px&#8221; body_text_shadow_vertical_length_tablet=&#8221;0px&#8221; body_text_shadow_vertical_length_phone=&#8221;0px&#8221; body_text_shadow_blur_strength_tablet=&#8221;1px&#8221; body_text_shadow_blur_strength_phone=&#8221;1px&#8221; tab_text_shadow_horizontal_length_tablet=&#8221;0px&#8221; tab_text_shadow_horizontal_length_phone=&#8221;0px&#8221; tab_text_shadow_vertical_length_tablet=&#8221;0px&#8221; tab_text_shadow_vertical_length_phone=&#8221;0px&#8221; tab_text_shadow_blur_strength_tablet=&#8221;1px&#8221; tab_text_shadow_blur_strength_phone=&#8221;1px&#8221; body_link_text_shadow_horizontal_length_tablet=&#8221;0px&#8221; body_link_text_shadow_horizontal_length_phone=&#8221;0px&#8221; body_link_text_shadow_vertical_length_tablet=&#8221;0px&#8221; body_link_text_shadow_vertical_length_phone=&#8221;0px&#8221; body_link_text_shadow_blur_strength_tablet=&#8221;1px&#8221; body_link_text_shadow_blur_strength_phone=&#8221;1px&#8221; body_ul_text_shadow_horizontal_length_tablet=&#8221;0px&#8221; body_ul_text_shadow_horizontal_length_phone=&#8221;0px&#8221; body_ul_text_shadow_vertical_length_tablet=&#8221;0px&#8221; body_ul_text_shadow_vertical_length_phone=&#8221;0px&#8221; body_ul_text_shadow_blur_strength_tablet=&#8221;1px&#8221; body_ul_text_shadow_blur_strength_phone=&#8221;1px&#8221; body_ol_text_shadow_horizontal_length_tablet=&#8221;0px&#8221; body_ol_text_shadow_horizontal_length_phone=&#8221;0px&#8221; body_ol_text_shadow_vertical_length_tablet=&#8221;0px&#8221; body_ol_text_shadow_vertical_length_phone=&#8221;0px&#8221; body_ol_text_shadow_blur_strength_tablet=&#8221;1px&#8221; body_ol_text_shadow_blur_strength_phone=&#8221;1px&#8221; body_quote_text_shadow_horizontal_length_tablet=&#8221;0px&#8221; body_quote_text_shadow_horizontal_length_phone=&#8221;0px&#8221; body_quote_text_shadow_vertical_length_tablet=&#8221;0px&#8221; body_quote_text_shadow_vertical_length_phone=&#8221;0px&#8221; body_quote_text_shadow_blur_strength_tablet=&#8221;1px&#8221; body_quote_text_shadow_blur_strength_phone=&#8221;1px&#8221; global_colors_info=&#8221;{}&#8221; sticky_enabled=&#8221;0&#8243;]<\/p>\n<ol>\n<li><a href=\"https:\/\/drive.google.com\/file\/d\/1B7rezeV_f__6E-mrIfADJCZ44W48LSEv\/view?usp=share_link\">Descubrimiento y Exploraci\u00f3n del Entorno<\/a><\/li>\n<li><a href=\"https:\/\/drive.google.com\/file\/d\/1JAlMpSjS3ipq9nIPG-B7FixdlS77CJq8\/view?usp=share_link\">Comunicaci\u00f3n y Representaci\u00f3n de la Realidad<\/a><\/li>\n<li><a href=\"https:\/\/drive.google.com\/file\/d\/1YjEYvRwymp5AKpCo0oxxdr4GHiS0FdBF\/view?usp=share_link\">Crecimiento en Armon\u00eda<\/a><\/li>\n<li><a href=\"https:\/\/drive.google.com\/file\/d\/1Cv3J7F5GiiSdkKP3nTt14U5cFg18LUzk\/view?usp=share_link\">Religi\u00f3n Cat\u00f3lica<\/a><\/li>\n<\/ol>\n<p>[\/et_pb_tab][et_pb_tab title=&#8221;Primaria&#8221; _builder_version=&#8221;4.14.5&#8243; body_font=&#8221;||||||||&#8221; tab_font=&#8221;||||||||&#8221; hover_enabled=&#8221;0&#8243; body_line_height_tablet=&#8221;1.7em&#8221; body_line_height_phone=&#8221;1.7em&#8221; background_color_gradient_direction_tablet=&#8221;180deg&#8221; background_color_gradient_direction_phone=&#8221;180deg&#8221; background_color_gradient_start_position_tablet=&#8221;0%&#8221; background_color_gradient_start_position_phone=&#8221;0%&#8221; background_color_gradient_end_position_tablet=&#8221;100%&#8221; background_color_gradient_end_position_phone=&#8221;100%&#8221; hover_transition_duration_tablet=&#8221;300ms&#8221; hover_transition_duration_phone=&#8221;300ms&#8221; hover_transition_delay_tablet=&#8221;0ms&#8221; hover_transition_delay_phone=&#8221;0ms&#8221; body_text_shadow_horizontal_length_tablet=&#8221;0px&#8221; body_text_shadow_horizontal_length_phone=&#8221;0px&#8221; body_text_shadow_vertical_length_tablet=&#8221;0px&#8221; body_text_shadow_vertical_length_phone=&#8221;0px&#8221; body_text_shadow_blur_strength_tablet=&#8221;1px&#8221; body_text_shadow_blur_strength_phone=&#8221;1px&#8221; tab_text_shadow_horizontal_length_tablet=&#8221;0px&#8221; tab_text_shadow_horizontal_length_phone=&#8221;0px&#8221; tab_text_shadow_vertical_length_tablet=&#8221;0px&#8221; tab_text_shadow_vertical_length_phone=&#8221;0px&#8221; tab_text_shadow_blur_strength_tablet=&#8221;1px&#8221; tab_text_shadow_blur_strength_phone=&#8221;1px&#8221; body_link_text_shadow_horizontal_length_tablet=&#8221;0px&#8221; body_link_text_shadow_horizontal_length_phone=&#8221;0px&#8221; body_link_text_shadow_vertical_length_tablet=&#8221;0px&#8221; body_link_text_shadow_vertical_length_phone=&#8221;0px&#8221; body_link_text_shadow_blur_strength_tablet=&#8221;1px&#8221; body_link_text_shadow_blur_strength_phone=&#8221;1px&#8221; body_ul_text_shadow_horizontal_length_tablet=&#8221;0px&#8221; body_ul_text_shadow_horizontal_length_phone=&#8221;0px&#8221; body_ul_text_shadow_vertical_length_tablet=&#8221;0px&#8221; body_ul_text_shadow_vertical_length_phone=&#8221;0px&#8221; body_ul_text_shadow_blur_strength_tablet=&#8221;1px&#8221; body_ul_text_shadow_blur_strength_phone=&#8221;1px&#8221; body_ol_text_shadow_horizontal_length_tablet=&#8221;0px&#8221; body_ol_text_shadow_horizontal_length_phone=&#8221;0px&#8221; body_ol_text_shadow_vertical_length_tablet=&#8221;0px&#8221; body_ol_text_shadow_vertical_length_phone=&#8221;0px&#8221; body_ol_text_shadow_blur_strength_tablet=&#8221;1px&#8221; body_ol_text_shadow_blur_strength_phone=&#8221;1px&#8221; body_quote_text_shadow_horizontal_length_tablet=&#8221;0px&#8221; body_quote_text_shadow_horizontal_length_phone=&#8221;0px&#8221; body_quote_text_shadow_vertical_length_tablet=&#8221;0px&#8221; body_quote_text_shadow_vertical_length_phone=&#8221;0px&#8221; body_quote_text_shadow_blur_strength_tablet=&#8221;1px&#8221; body_quote_text_shadow_blur_strength_phone=&#8221;1px&#8221; global_colors_info=&#8221;{}&#8221; sticky_enabled=&#8221;0&#8243;]<\/p>\n<table style=\"border-collapse: collapse;width: 100%\">\n<tbody>\n<tr>\n<td style=\"width: 33.978398%\"><a href=\"https:\/\/drive.google.com\/file\/d\/1D5uVQJms5xk1qhyxK6HuVuI0nferEJsO\/view?usp=share_link\">Matem\u00e1ticas<\/a><\/td>\n<td style=\"width: 66.021602%\"><a href=\"https:\/\/drive.google.com\/file\/d\/1H3MbgGzi_TLf0p2qfj9-_fqhfEThCtiS\/view?usp=share_link\">Educaci\u00f3n F\u00edsica<\/a><\/td>\n<\/tr>\n<tr>\n<td style=\"width: 33.978398%\"><a href=\"https:\/\/drive.google.com\/file\/d\/1S-eL-1yvBo8ebO_9pRNmNKmrQjj70vHL\/view?usp=share_link\">Lengua Espa\u00f1ola<\/a><\/td>\n<td style=\"width: 66.021602%\"><a href=\"https:\/\/drive.google.com\/file\/d\/12nrKY9hGKH8BFAGRwRh6wtIdZPhCy6TD\/view?usp=share_link\">Educaci\u00f3n Art\u00edstica<\/a><\/td>\n<\/tr>\n<tr>\n<td style=\"width: 33.978398%\"><a href=\"https:\/\/drive.google.com\/file\/d\/1BF21oobAVwbMWMuYobSWu_p-uZQzMyVr\/view?usp=share_link\">Ing\u00e9s<\/a><\/td>\n<td style=\"width: 66.021602%\"><a href=\"https:\/\/drive.google.com\/file\/d\/1RnMj8yIr5Gr77FAwJVThYvf4s_bSDRkG\/view?usp=share_link\">Religi\u00f3n Cat\u00f3lica<\/a><\/td>\n<\/tr>\n<tr>\n<td style=\"width: 33.978398%\"><a href=\"https:\/\/drive.google.com\/file\/d\/1pYAaP6jj9uCVbG5aUwKhH29jUOWvXWMk\/view?usp=share_link\">Conocimiento del Medio Natural Social y Cultural<\/a><\/td>\n<td style=\"width: 66.021602%\"><a href=\"https:\/\/drive.google.com\/file\/d\/1Ap7X8J1H0YObfbtDMIPFaq9G08GVEiIa\/view?usp=share_link\">Franc\u00e9s<\/a><\/td>\n<\/tr>\n<\/tbody>\n<\/table>\n<p>&nbsp;<\/p>\n<p>[\/et_pb_tab][et_pb_tab title=&#8221;Secundaria&#8221; _builder_version=&#8221;4.14.5&#8243; body_font=&#8221;||||||||&#8221; tab_font=&#8221;||||||||&#8221; hover_enabled=&#8221;0&#8243; body_line_height_tablet=&#8221;1.7em&#8221; body_line_height_phone=&#8221;1.7em&#8221; background_color_gradient_direction_tablet=&#8221;180deg&#8221; background_color_gradient_direction_phone=&#8221;180deg&#8221; background_color_gradient_start_position_tablet=&#8221;0%&#8221; background_color_gradient_start_position_phone=&#8221;0%&#8221; background_color_gradient_end_position_tablet=&#8221;100%&#8221; background_color_gradient_end_position_phone=&#8221;100%&#8221; hover_transition_duration_tablet=&#8221;300ms&#8221; hover_transition_duration_phone=&#8221;300ms&#8221; hover_transition_delay_tablet=&#8221;0ms&#8221; hover_transition_delay_phone=&#8221;0ms&#8221; body_text_shadow_horizontal_length_tablet=&#8221;0px&#8221; body_text_shadow_horizontal_length_phone=&#8221;0px&#8221; body_text_shadow_vertical_length_tablet=&#8221;0px&#8221; body_text_shadow_vertical_length_phone=&#8221;0px&#8221; body_text_shadow_blur_strength_tablet=&#8221;1px&#8221; body_text_shadow_blur_strength_phone=&#8221;1px&#8221; tab_text_shadow_horizontal_length_tablet=&#8221;0px&#8221; tab_text_shadow_horizontal_length_phone=&#8221;0px&#8221; tab_text_shadow_vertical_length_tablet=&#8221;0px&#8221; tab_text_shadow_vertical_length_phone=&#8221;0px&#8221; tab_text_shadow_blur_strength_tablet=&#8221;1px&#8221; tab_text_shadow_blur_strength_phone=&#8221;1px&#8221; body_link_text_shadow_horizontal_length_tablet=&#8221;0px&#8221; body_link_text_shadow_horizontal_length_phone=&#8221;0px&#8221; body_link_text_shadow_vertical_length_tablet=&#8221;0px&#8221; body_link_text_shadow_vertical_length_phone=&#8221;0px&#8221; body_link_text_shadow_blur_strength_tablet=&#8221;1px&#8221; body_link_text_shadow_blur_strength_phone=&#8221;1px&#8221; body_ul_text_shadow_horizontal_length_tablet=&#8221;0px&#8221; body_ul_text_shadow_horizontal_length_phone=&#8221;0px&#8221; body_ul_text_shadow_vertical_length_tablet=&#8221;0px&#8221; body_ul_text_shadow_vertical_length_phone=&#8221;0px&#8221; body_ul_text_shadow_blur_strength_tablet=&#8221;1px&#8221; body_ul_text_shadow_blur_strength_phone=&#8221;1px&#8221; body_ol_text_shadow_horizontal_length_tablet=&#8221;0px&#8221; body_ol_text_shadow_horizontal_length_phone=&#8221;0px&#8221; body_ol_text_shadow_vertical_length_tablet=&#8221;0px&#8221; body_ol_text_shadow_vertical_length_phone=&#8221;0px&#8221; body_ol_text_shadow_blur_strength_tablet=&#8221;1px&#8221; body_ol_text_shadow_blur_strength_phone=&#8221;1px&#8221; body_quote_text_shadow_horizontal_length_tablet=&#8221;0px&#8221; body_quote_text_shadow_horizontal_length_phone=&#8221;0px&#8221; body_quote_text_shadow_vertical_length_tablet=&#8221;0px&#8221; body_quote_text_shadow_vertical_length_phone=&#8221;0px&#8221; body_quote_text_shadow_blur_strength_tablet=&#8221;1px&#8221; body_quote_text_shadow_blur_strength_phone=&#8221;1px&#8221; global_colors_info=&#8221;{}&#8221; sticky_enabled=&#8221;0&#8243;]<\/p>\n<table style=\"border-collapse: collapse;width: 128.996282%;height: 253px\">\n<tbody>\n<tr>\n<td style=\"width: 25.698219%\"><a href=\"https:\/\/drive.google.com\/file\/d\/1CEGRxuI8PRbBI0Gq49s-Lvjfsg6oVBs-\/view?usp=share_link\">Matem\u00e1ticas<\/a><\/td>\n<td style=\"width: 85.454197%\"><a href=\"https:\/\/drive.google.com\/file\/d\/1UQobjKUSHqowxtczfW4QB2pxtyo7Ok0m\/view?usp=share_link\">Educaci\u00f3n F\u00edsica<\/a><\/td>\n<\/tr>\n<tr>\n<td style=\"width: 25.698219%\"><a href=\"https:\/\/drive.google.com\/file\/d\/1qs9zCfBOJYAwK8xh5ILl0Xz3vlhnEf_G\/view?usp=share_link\">Lengua Espa\u00f1ola y Literatura<\/a><\/td>\n<td style=\"width: 85.454197%\"><a href=\"https:\/\/drive.google.com\/file\/d\/1qChiz6lECs7PoxMrTj9O2IMFa4Tj3nJ1\/view?usp=share_link\">M\u00fasica<\/a><\/td>\n<\/tr>\n<tr>\n<td style=\"width: 25.698219%\"><a href=\"https:\/\/drive.google.com\/file\/d\/1dTf33t0ICWlvRwGy-XOpCaXfwr6LSNiV\/view?usp=share_link\">Ing\u00e9s<\/a><\/td>\n<td style=\"width: 85.454197%\"><a href=\"https:\/\/drive.google.com\/file\/d\/1A_qN8uF7HSXj9H2DKoJUsjupKXrpNKKI\/view?usp=share_link\">Religi\u00f3n Cat\u00f3lica<\/a><\/td>\n<\/tr>\n<tr>\n<td style=\"width: 25.698219%\"><a href=\"https:\/\/drive.google.com\/file\/d\/1SUxMczWHdbt-2ONXGoF_GqojO339ZH6V\/view?usp=share_link\">Geograf\u00eda e Historia<\/a><\/td>\n<td style=\"width: 85.454197%\"><a href=\"https:\/\/drive.google.com\/file\/d\/1Z3AS8w0rU1aN8flOaBJoHZPFr5ipjfp7\/view?usp=share_link\">Franc\u00e9s<\/a><\/td>\n<\/tr>\n<tr>\n<td style=\"width: 25.698219%\"><a href=\"https:\/\/drive.google.com\/file\/d\/1_FVPm1DkAU6t_5OM7Vjb2k1r-cULuyi4\/view?usp=share_link\">F\u00edsica y Qu\u00edmica<\/a><\/td>\n<td style=\"width: 85.454197%\"><a href=\"https:\/\/drive.google.com\/file\/d\/1aPN3fAatzK2oJd8bZ91Mi22vtuzD__Kn\/view?usp=share_link\">Tecnolog\u00eda y Digitalizaci\u00f3n<\/a><\/td>\n<\/tr>\n<tr>\n<td style=\"width: 25.698219%\"><a href=\"https:\/\/drive.google.com\/file\/d\/1BAPoCf4dw0x5FC7cGaGYYVNux1VtpNzN\/view?usp=share_link\">Computaci\u00f3n y Rob\u00f3tica<\/a><\/td>\n<td style=\"width: 85.454197%\"><a href=\"https:\/\/drive.google.com\/file\/d\/1Sf3oTgVMFjr-6gK317u4zf1rftA82ySC\/view?usp=share_link\">Pl\u00e1stica Visual y Audiovisual<\/a><\/td>\n<\/tr>\n<tr>\n<td style=\"width: 25.698219%\"><a href=\"https:\/\/drive.google.com\/file\/d\/1It0B_Rg1u4hxZ0OzGTgJoOlgtG41acmU\/view?usp=share_link\">Educaci\u00f3n en Valores C\u00edvicos y \u00c9ticos<\/a><\/td>\n<td style=\"width: 85.454197%\"><a href=\"https:\/\/drive.google.com\/file\/d\/122b_FGd3waHppa0x8tiyMNgszuhLIYqL\/view?usp=share_link\">Biolog\u00eda y Geolog\u00eda<\/a><\/td>\n<\/tr>\n<\/tbody>\n<\/table>\n<p>&nbsp;<\/p>\n<p>[\/et_pb_tab][\/et_pb_tabs][\/et_pb_column][\/et_pb_row][\/et_pb_section]<\/p>\n","protected":false},"excerpt":{"rendered":"<p>Descubrimiento y Exploraci\u00f3n del Entorno Comunicaci\u00f3n y Representaci\u00f3n de la Realidad Crecimiento en Armon\u00eda Religi\u00f3n Cat\u00f3lica Matem\u00e1ticas Educaci\u00f3n F\u00edsica Lengua Espa\u00f1ola Educaci\u00f3n Art\u00edstica Ing\u00e9s Religi\u00f3n Cat\u00f3lica Conocimiento del Medio Natural Social y Cultural Franc\u00e9s &nbsp; Matem\u00e1ticas Educaci\u00f3n F\u00edsica Lengua Espa\u00f1ola y Literatura M\u00fasica Ing\u00e9s Religi\u00f3n Cat\u00f3lica Geograf\u00eda e Historia Franc\u00e9s F\u00edsica y Qu\u00edmica Tecnolog\u00eda y [&hellip;]<\/p>\n","protected":false},"author":17948,"featured_media":0,"parent":0,"menu_order":0,"comment_status":"closed","ping_status":"closed","template":"","meta":{"_et_pb_use_builder":"on","_et_pb_old_content":"","_et_gb_content_width":"","ngg_post_thumbnail":0,"footnotes":""},"aioseo_notices":[],"_links":{"self":[{"href":"https:\/\/blogsaverroes.juntadeandalucia.es\/ceipsanroquetolox\/wp-json\/wp\/v2\/pages\/24"}],"collection":[{"href":"https:\/\/blogsaverroes.juntadeandalucia.es\/ceipsanroquetolox\/wp-json\/wp\/v2\/pages"}],"about":[{"href":"https:\/\/blogsaverroes.juntadeandalucia.es\/ceipsanroquetolox\/wp-json\/wp\/v2\/types\/page"}],"author":[{"embeddable":true,"href":"https:\/\/blogsaverroes.juntadeandalucia.es\/ceipsanroquetolox\/wp-json\/wp\/v2\/users\/17948"}],"replies":[{"embeddable":true,"href":"https:\/\/blogsaverroes.juntadeandalucia.es\/ceipsanroquetolox\/wp-json\/wp\/v2\/comments?post=24"}],"version-history":[{"count":11,"href":"https:\/\/blogsaverroes.juntadeandalucia.es\/ceipsanroquetolox\/wp-json\/wp\/v2\/pages\/24\/revisions"}],"predecessor-version":[{"id":3666,"href":"https:\/\/blogsaverroes.juntadeandalucia.es\/ceipsanroquetolox\/wp-json\/wp\/v2\/pages\/24\/revisions\/3666"}],"wp:attachment":[{"href":"https:\/\/blogsaverroes.juntadeandalucia.es\/ceipsanroquetolox\/wp-json\/wp\/v2\/media?parent=24"}],"curies":[{"name":"wp","href":"https:\/\/api.w.org\/{rel}","templated":true}]}}