{"id":64,"date":"2020-01-09T11:41:42","date_gmt":"2020-01-09T10:41:42","guid":{"rendered":"http:\/\/blogsaverroes.juntadeandalucia.es\/pre\/nuevoceipv2\/?page_id=64"},"modified":"2023-05-12T08:45:29","modified_gmt":"2023-05-12T07:45:29","slug":"biblioteca","status":"publish","type":"page","link":"https:\/\/blogsaverroes.juntadeandalucia.es\/ceipsanroquetolox\/biblioteca\/","title":{"rendered":"Biblioteca"},"content":{"rendered":"<p>[et_pb_section fb_built=&#8221;1&#8243; disabled_on=&#8221;off|off|off&#8221; _builder_version=&#8221;3.23.3&#8243; custom_padding=&#8221;0px||0px|&#8221; z_index_tablet=&#8221;500&#8243; box_shadow_horizontal_tablet=&#8221;0px&#8221; box_shadow_vertical_tablet=&#8221;0px&#8221; box_shadow_blur_tablet=&#8221;40px&#8221; box_shadow_spread_tablet=&#8221;0px&#8221; global_colors_info=&#8221;{}&#8221;][et_pb_row column_structure=&#8221;2_3,1_3&#8243; _builder_version=&#8221;3.25&#8243; background_size=&#8221;initial&#8221; background_position=&#8221;top_left&#8221; background_repeat=&#8221;repeat&#8221; global_colors_info=&#8221;{}&#8221;][et_pb_column type=&#8221;2_3&#8243; _builder_version=&#8221;3.0.47&#8243; custom_padding=&#8221;|||&#8221; global_colors_info=&#8221;{}&#8221; custom_padding__hover=&#8221;|||&#8221;][et_pb_image src=&#8221;https:\/\/blogsaverroes.juntadeandalucia.es\/ceipsanroquetolox\/files\/2020\/01\/cabecera-interior-4.jpg&#8221; admin_label=&#8221;Imagen de la portada&#8221; _builder_version=&#8221;4.5.0&#8243; vertical_offset_tablet=&#8221;0&#8243; horizontal_offset_tablet=&#8221;0&#8243; z_index_tablet=&#8221;500&#8243; box_shadow_horizontal_tablet=&#8221;0px&#8221; box_shadow_vertical_tablet=&#8221;0px&#8221; box_shadow_blur_tablet=&#8221;40px&#8221; box_shadow_spread_tablet=&#8221;0px&#8221; global_colors_info=&#8221;{}&#8221;][\/et_pb_image][et_pb_text admin_label=&#8221;Texto descriptivo&#8221; _builder_version=&#8221;4.14.5&#8243; hover_enabled=&#8221;0&#8243; z_index_tablet=&#8221;500&#8243; text_text_shadow_horizontal_length_tablet=&#8221;0px&#8221; text_text_shadow_vertical_length_tablet=&#8221;0px&#8221; text_text_shadow_blur_strength_tablet=&#8221;1px&#8221; link_text_shadow_horizontal_length_tablet=&#8221;0px&#8221; link_text_shadow_vertical_length_tablet=&#8221;0px&#8221; link_text_shadow_blur_strength_tablet=&#8221;1px&#8221; ul_text_shadow_horizontal_length_tablet=&#8221;0px&#8221; ul_text_shadow_vertical_length_tablet=&#8221;0px&#8221; ul_text_shadow_blur_strength_tablet=&#8221;1px&#8221; ol_text_shadow_horizontal_length_tablet=&#8221;0px&#8221; ol_text_shadow_vertical_length_tablet=&#8221;0px&#8221; ol_text_shadow_blur_strength_tablet=&#8221;1px&#8221; quote_text_shadow_horizontal_length_tablet=&#8221;0px&#8221; quote_text_shadow_vertical_length_tablet=&#8221;0px&#8221; quote_text_shadow_blur_strength_tablet=&#8221;1px&#8221; header_text_shadow_horizontal_length_tablet=&#8221;0px&#8221; header_text_shadow_vertical_length_tablet=&#8221;0px&#8221; header_text_shadow_blur_strength_tablet=&#8221;1px&#8221; header_2_text_shadow_horizontal_length_tablet=&#8221;0px&#8221; header_2_text_shadow_vertical_length_tablet=&#8221;0px&#8221; header_2_text_shadow_blur_strength_tablet=&#8221;1px&#8221; header_3_text_shadow_horizontal_length_tablet=&#8221;0px&#8221; header_3_text_shadow_vertical_length_tablet=&#8221;0px&#8221; header_3_text_shadow_blur_strength_tablet=&#8221;1px&#8221; header_4_text_shadow_horizontal_length_tablet=&#8221;0px&#8221; header_4_text_shadow_vertical_length_tablet=&#8221;0px&#8221; header_4_text_shadow_blur_strength_tablet=&#8221;1px&#8221; header_5_text_shadow_horizontal_length_tablet=&#8221;0px&#8221; header_5_text_shadow_vertical_length_tablet=&#8221;0px&#8221; header_5_text_shadow_blur_strength_tablet=&#8221;1px&#8221; header_6_text_shadow_horizontal_length_tablet=&#8221;0px&#8221; header_6_text_shadow_vertical_length_tablet=&#8221;0px&#8221; header_6_text_shadow_blur_strength_tablet=&#8221;1px&#8221; box_shadow_horizontal_tablet=&#8221;0px&#8221; box_shadow_vertical_tablet=&#8221;0px&#8221; box_shadow_blur_tablet=&#8221;40px&#8221; box_shadow_spread_tablet=&#8221;0px&#8221; global_colors_info=&#8221;{}&#8221; sticky_enabled=&#8221;0&#8243;]<\/p>\n<h2>Biblioteca<\/h2>\n<p>En primer lugar, me presento, mi nombre es Andr\u00e9s Pe\u00f1a Toro y tengo el placer de ser coordinador de la biblioteca escolar del centro en el presente curso acad\u00e9mico 2022 a 2023<\/p>\n<p>Considero oportuno clasificar las actuaciones de la biblioteca en acciones a corto, medio y largo plazo. Con la idea de que con ello se de forma al proyecto educativo de nuestro centro independientemente de la continuidad de los maestros y maestras que conforman el claustro.<\/p>\n<p>[\/et_pb_text][et_pb_tabs active_tab_background_color=&#8221;#2b76df&#8221; inactive_tab_background_color=&#8221;#3a5063&#8243; admin_label=&#8221;Pesta\u00f1as de los bloques de ense\u00f1anzas&#8221; _builder_version=&#8221;4.14.5&#8243; tab_text_color=&#8221;#ffffff&#8221; body_font=&#8221;Rubik||||||||&#8221; body_line_height=&#8221;2em&#8221; tab_font=&#8221;Rubik|700|||||||&#8221; tab_line_height=&#8221;2em&#8221; background_color=&#8221;rgba(0,0,0,0.04)&#8221; max_width_last_edited=&#8221;off|desktop&#8221; module_alignment=&#8221;right&#8221; custom_margin=&#8221;|||&#8221; custom_margin_last_edited=&#8221;off|desktop&#8221; custom_padding=&#8221;|||&#8221; animation_style=&#8221;zoom&#8221; animation_intensity_zoom=&#8221;10%&#8221; hover_enabled=&#8221;0&#8243; z_index_tablet=&#8221;500&#8243; body_text_shadow_horizontal_length_tablet=&#8221;0px&#8221; body_text_shadow_vertical_length_tablet=&#8221;0px&#8221; body_text_shadow_blur_strength_tablet=&#8221;1px&#8221; tab_text_shadow_horizontal_length_tablet=&#8221;0px&#8221; tab_text_shadow_vertical_length_tablet=&#8221;0px&#8221; tab_text_shadow_blur_strength_tablet=&#8221;1px&#8221; body_link_text_shadow_horizontal_length_tablet=&#8221;0px&#8221; body_link_text_shadow_vertical_length_tablet=&#8221;0px&#8221; body_link_text_shadow_blur_strength_tablet=&#8221;1px&#8221; body_ul_text_shadow_horizontal_length_tablet=&#8221;0px&#8221; body_ul_text_shadow_vertical_length_tablet=&#8221;0px&#8221; body_ul_text_shadow_blur_strength_tablet=&#8221;1px&#8221; body_ol_text_shadow_horizontal_length_tablet=&#8221;0px&#8221; body_ol_text_shadow_vertical_length_tablet=&#8221;0px&#8221; body_ol_text_shadow_blur_strength_tablet=&#8221;1px&#8221; body_quote_text_shadow_horizontal_length_tablet=&#8221;0px&#8221; body_quote_text_shadow_vertical_length_tablet=&#8221;0px&#8221; body_quote_text_shadow_blur_strength_tablet=&#8221;1px&#8221; border_radii=&#8221;on|10px|10px|10px|10px&#8221; border_width_all=&#8221;0px&#8221; border_color_all=&#8221;#ffffff&#8221; box_shadow_horizontal_tablet=&#8221;0px&#8221; box_shadow_vertical_tablet=&#8221;0px&#8221; box_shadow_blur_tablet=&#8221;40px&#8221; box_shadow_spread_tablet=&#8221;0px&#8221; global_colors_info=&#8221;{}&#8221; sticky_enabled=&#8221;0&#8243;][et_pb_tab title=&#8221;Objetivos&#8221; _builder_version=&#8221;4.14.5&#8243; body_font=&#8221;||||||||&#8221; tab_font=&#8221;||||||||&#8221; hover_enabled=&#8221;0&#8243; body_line_height_tablet=&#8221;1.7em&#8221; body_line_height_phone=&#8221;1.7em&#8221; background_color_gradient_direction_tablet=&#8221;180deg&#8221; background_color_gradient_direction_phone=&#8221;180deg&#8221; background_color_gradient_start_position_tablet=&#8221;0%&#8221; background_color_gradient_start_position_phone=&#8221;0%&#8221; background_color_gradient_end_position_tablet=&#8221;100%&#8221; background_color_gradient_end_position_phone=&#8221;100%&#8221; hover_transition_duration_tablet=&#8221;300ms&#8221; hover_transition_duration_phone=&#8221;300ms&#8221; hover_transition_delay_tablet=&#8221;0ms&#8221; hover_transition_delay_phone=&#8221;0ms&#8221; body_text_shadow_horizontal_length_tablet=&#8221;0px&#8221; body_text_shadow_horizontal_length_phone=&#8221;0px&#8221; body_text_shadow_vertical_length_tablet=&#8221;0px&#8221; body_text_shadow_vertical_length_phone=&#8221;0px&#8221; body_text_shadow_blur_strength_tablet=&#8221;1px&#8221; body_text_shadow_blur_strength_phone=&#8221;1px&#8221; tab_text_shadow_horizontal_length_tablet=&#8221;0px&#8221; tab_text_shadow_horizontal_length_phone=&#8221;0px&#8221; tab_text_shadow_vertical_length_tablet=&#8221;0px&#8221; tab_text_shadow_vertical_length_phone=&#8221;0px&#8221; tab_text_shadow_blur_strength_tablet=&#8221;1px&#8221; tab_text_shadow_blur_strength_phone=&#8221;1px&#8221; body_link_text_shadow_horizontal_length_tablet=&#8221;0px&#8221; body_link_text_shadow_horizontal_length_phone=&#8221;0px&#8221; body_link_text_shadow_vertical_length_tablet=&#8221;0px&#8221; body_link_text_shadow_vertical_length_phone=&#8221;0px&#8221; body_link_text_shadow_blur_strength_tablet=&#8221;1px&#8221; body_link_text_shadow_blur_strength_phone=&#8221;1px&#8221; body_ul_text_shadow_horizontal_length_tablet=&#8221;0px&#8221; body_ul_text_shadow_horizontal_length_phone=&#8221;0px&#8221; body_ul_text_shadow_vertical_length_tablet=&#8221;0px&#8221; body_ul_text_shadow_vertical_length_phone=&#8221;0px&#8221; body_ul_text_shadow_blur_strength_tablet=&#8221;1px&#8221; body_ul_text_shadow_blur_strength_phone=&#8221;1px&#8221; body_ol_text_shadow_horizontal_length_tablet=&#8221;0px&#8221; body_ol_text_shadow_horizontal_length_phone=&#8221;0px&#8221; body_ol_text_shadow_vertical_length_tablet=&#8221;0px&#8221; body_ol_text_shadow_vertical_length_phone=&#8221;0px&#8221; body_ol_text_shadow_blur_strength_tablet=&#8221;1px&#8221; body_ol_text_shadow_blur_strength_phone=&#8221;1px&#8221; body_quote_text_shadow_horizontal_length_tablet=&#8221;0px&#8221; body_quote_text_shadow_horizontal_length_phone=&#8221;0px&#8221; body_quote_text_shadow_vertical_length_tablet=&#8221;0px&#8221; body_quote_text_shadow_vertical_length_phone=&#8221;0px&#8221; body_quote_text_shadow_blur_strength_tablet=&#8221;1px&#8221; body_quote_text_shadow_blur_strength_phone=&#8221;1px&#8221; global_colors_info=&#8221;{}&#8221; sticky_enabled=&#8221;0&#8243;]<\/p>\n<p>Continuar actuando sobre el espacio f\u00edsico, la ordenaci\u00f3n y la disponibilidad de los fondos de la biblioteca para conseguir una biblioteca digna, din\u00e1mica y atractiva para el alumnado.<br \/>Crear y fomentar el h\u00e1bito y el gusto de leer, y desarrollar la imaginaci\u00f3n y la creatividad a trav\u00e9s de los recursos que ofrece la biblioteca.<br \/>Iniciar a los alumnos en los h\u00e1bitos de comportamiento en la biblioteca y en la metodolog\u00eda bibliotecaria en aras a su integraci\u00f3n en el trabajo diario del aula.<br \/>Continuar poniendo en funcionamiento la BECREA del edificio de Calle Nueva.<br \/>Acercar e implicar a las familias en el desarrollo lector del alumnado a trav\u00e9s del programa Comunica<br \/>Utilizar el programa Comunica para dinamizar tareas lectoras en el transcurrir cotidiano de nuestro centro.<br \/>Fomentar desde el equipo de apoyo la realizaci\u00f3n de cuentacuentos y representaciones literarias que atraigan hacia la lectura al alumnado.<br \/>Elaborar con el consenso del claustro un itinerario lector por ciclos y niveles.<br \/>Establecer una red de colaboradores entre los alumnos y alumnas de ciclos avanzados.<\/p>\n<p>&nbsp;<\/p>\n<p>[\/et_pb_tab][et_pb_tab title=&#8221;Normas de funcionamiento&#8221; _builder_version=&#8221;4.14.5&#8243; body_font=&#8221;||||||||&#8221; tab_font=&#8221;||||||||&#8221; hover_enabled=&#8221;0&#8243; body_line_height_tablet=&#8221;1.7em&#8221; body_line_height_phone=&#8221;1.7em&#8221; background_color_gradient_direction_tablet=&#8221;180deg&#8221; background_color_gradient_direction_phone=&#8221;180deg&#8221; background_color_gradient_start_position_tablet=&#8221;0%&#8221; background_color_gradient_start_position_phone=&#8221;0%&#8221; background_color_gradient_end_position_tablet=&#8221;100%&#8221; background_color_gradient_end_position_phone=&#8221;100%&#8221; hover_transition_duration_tablet=&#8221;300ms&#8221; hover_transition_duration_phone=&#8221;300ms&#8221; hover_transition_delay_tablet=&#8221;0ms&#8221; hover_transition_delay_phone=&#8221;0ms&#8221; body_text_shadow_horizontal_length_tablet=&#8221;0px&#8221; body_text_shadow_horizontal_length_phone=&#8221;0px&#8221; body_text_shadow_vertical_length_tablet=&#8221;0px&#8221; body_text_shadow_vertical_length_phone=&#8221;0px&#8221; body_text_shadow_blur_strength_tablet=&#8221;1px&#8221; body_text_shadow_blur_strength_phone=&#8221;1px&#8221; tab_text_shadow_horizontal_length_tablet=&#8221;0px&#8221; tab_text_shadow_horizontal_length_phone=&#8221;0px&#8221; tab_text_shadow_vertical_length_tablet=&#8221;0px&#8221; tab_text_shadow_vertical_length_phone=&#8221;0px&#8221; tab_text_shadow_blur_strength_tablet=&#8221;1px&#8221; tab_text_shadow_blur_strength_phone=&#8221;1px&#8221; body_link_text_shadow_horizontal_length_tablet=&#8221;0px&#8221; body_link_text_shadow_horizontal_length_phone=&#8221;0px&#8221; body_link_text_shadow_vertical_length_tablet=&#8221;0px&#8221; body_link_text_shadow_vertical_length_phone=&#8221;0px&#8221; body_link_text_shadow_blur_strength_tablet=&#8221;1px&#8221; body_link_text_shadow_blur_strength_phone=&#8221;1px&#8221; body_ul_text_shadow_horizontal_length_tablet=&#8221;0px&#8221; body_ul_text_shadow_horizontal_length_phone=&#8221;0px&#8221; body_ul_text_shadow_vertical_length_tablet=&#8221;0px&#8221; body_ul_text_shadow_vertical_length_phone=&#8221;0px&#8221; body_ul_text_shadow_blur_strength_tablet=&#8221;1px&#8221; body_ul_text_shadow_blur_strength_phone=&#8221;1px&#8221; body_ol_text_shadow_horizontal_length_tablet=&#8221;0px&#8221; body_ol_text_shadow_horizontal_length_phone=&#8221;0px&#8221; body_ol_text_shadow_vertical_length_tablet=&#8221;0px&#8221; body_ol_text_shadow_vertical_length_phone=&#8221;0px&#8221; body_ol_text_shadow_blur_strength_tablet=&#8221;1px&#8221; body_ol_text_shadow_blur_strength_phone=&#8221;1px&#8221; body_quote_text_shadow_horizontal_length_tablet=&#8221;0px&#8221; body_quote_text_shadow_horizontal_length_phone=&#8221;0px&#8221; body_quote_text_shadow_vertical_length_tablet=&#8221;0px&#8221; body_quote_text_shadow_vertical_length_phone=&#8221;0px&#8221; body_quote_text_shadow_blur_strength_tablet=&#8221;1px&#8221; body_quote_text_shadow_blur_strength_phone=&#8221;1px&#8221; global_colors_info=&#8221;{}&#8221; sticky_enabled=&#8221;0&#8243;]<\/p>\n<p>De manera previa a formular las actuaciones debemos recordar las normas de funcionamiento de nuestra biblioteca escolar:<\/p>\n<p>Podr\u00e1n utilizar la Biblioteca todos los miembros de esta comunidad educativa para fines lectores, formativos o l\u00fadicos.<br \/>La Biblioteca funcionar\u00e1 en horario lectivo. Dicho horario figurar\u00e1 a la entrada de la sala.<br \/>Todo el personal del Centro es responsable de la conservaci\u00f3n de la Biblioteca y de mantenerla en perfecto uso.<br \/>El profesor o profesora que utilice la biblioteca es responsable del control de los alumnos\/as y de los fondos existentes.<br \/>El maestro o maestra responsable de la vigilancia de la biblioteca se encargar\u00e1 del ordenamiento de los libros utilizados por el alumnado durante su turno de vigilancia.<br \/>No se podr\u00e1 retirar ning\u00fan fondo bibliotecario (libros, v\u00eddeo, cD, DvD\u2026) sin ser registrado por el encargado o miembro del equipo de apoyo de la BE.<br \/>El material inform\u00e1tico (ordenador e impresora) y el material consumible (folios, l\u00e1pices, cartulinas\u2026) existente en el \u00e1rea de gesti\u00f3n de la BE est\u00e1 reservado exclusivamente para fines organizativos de la misma. Para uso de actividades con ordenadores se utilizar\u00e1n los dem\u00e1s terminales inform\u00e1ticos existentes en la BE.<br \/>Todos los usuarios tendr\u00e1n un carnet de biblioteca.<br \/>El alumnado deber\u00e1 devolver el libro, como m\u00e1ximo, quince d\u00edas despu\u00e9s de la fecha de entrega.<br \/>Los libros de consulta no se prestan.<br \/>El uso de Internet en la Biblioteca ser\u00e1 exclusivamente para fines educativos. El usuario y la fecha ser\u00e1n registrados y la duraci\u00f3n m\u00e1xima de la conexi\u00f3n ser\u00e1 de quince minutos si existe demanda por otros alumnos o alumnas.<br \/>Si un alumno o alumna se retrasa injustificadamente en la devoluci\u00f3n, no podr\u00e1 obtener nuevos pr\u00e9stamos hasta que la devoluci\u00f3n se produzca.<br \/>Los libros gravemente deteriorados o perdidos, deber\u00e1n ser repuestos por los responsables.<\/p>\n<p>&nbsp;<\/p>\n<p>[\/et_pb_tab][et_pb_tab title=&#8221;Actuaciones&#8221; _builder_version=&#8221;4.14.5&#8243; body_font=&#8221;||||||||&#8221; tab_font=&#8221;||||||||&#8221; hover_enabled=&#8221;0&#8243; body_line_height_tablet=&#8221;1.7em&#8221; body_line_height_phone=&#8221;1.7em&#8221; background_color_gradient_direction_tablet=&#8221;180deg&#8221; background_color_gradient_direction_phone=&#8221;180deg&#8221; background_color_gradient_start_position_tablet=&#8221;0%&#8221; background_color_gradient_start_position_phone=&#8221;0%&#8221; background_color_gradient_end_position_tablet=&#8221;100%&#8221; background_color_gradient_end_position_phone=&#8221;100%&#8221; hover_transition_duration_tablet=&#8221;300ms&#8221; hover_transition_duration_phone=&#8221;300ms&#8221; hover_transition_delay_tablet=&#8221;0ms&#8221; hover_transition_delay_phone=&#8221;0ms&#8221; body_text_shadow_horizontal_length_tablet=&#8221;0px&#8221; body_text_shadow_horizontal_length_phone=&#8221;0px&#8221; body_text_shadow_vertical_length_tablet=&#8221;0px&#8221; body_text_shadow_vertical_length_phone=&#8221;0px&#8221; body_text_shadow_blur_strength_tablet=&#8221;1px&#8221; body_text_shadow_blur_strength_phone=&#8221;1px&#8221; tab_text_shadow_horizontal_length_tablet=&#8221;0px&#8221; tab_text_shadow_horizontal_length_phone=&#8221;0px&#8221; tab_text_shadow_vertical_length_tablet=&#8221;0px&#8221; tab_text_shadow_vertical_length_phone=&#8221;0px&#8221; tab_text_shadow_blur_strength_tablet=&#8221;1px&#8221; tab_text_shadow_blur_strength_phone=&#8221;1px&#8221; body_link_text_shadow_horizontal_length_tablet=&#8221;0px&#8221; body_link_text_shadow_horizontal_length_phone=&#8221;0px&#8221; body_link_text_shadow_vertical_length_tablet=&#8221;0px&#8221; body_link_text_shadow_vertical_length_phone=&#8221;0px&#8221; body_link_text_shadow_blur_strength_tablet=&#8221;1px&#8221; body_link_text_shadow_blur_strength_phone=&#8221;1px&#8221; body_ul_text_shadow_horizontal_length_tablet=&#8221;0px&#8221; body_ul_text_shadow_horizontal_length_phone=&#8221;0px&#8221; body_ul_text_shadow_vertical_length_tablet=&#8221;0px&#8221; body_ul_text_shadow_vertical_length_phone=&#8221;0px&#8221; body_ul_text_shadow_blur_strength_tablet=&#8221;1px&#8221; body_ul_text_shadow_blur_strength_phone=&#8221;1px&#8221; body_ol_text_shadow_horizontal_length_tablet=&#8221;0px&#8221; body_ol_text_shadow_horizontal_length_phone=&#8221;0px&#8221; body_ol_text_shadow_vertical_length_tablet=&#8221;0px&#8221; body_ol_text_shadow_vertical_length_phone=&#8221;0px&#8221; body_ol_text_shadow_blur_strength_tablet=&#8221;1px&#8221; body_ol_text_shadow_blur_strength_phone=&#8221;1px&#8221; body_quote_text_shadow_horizontal_length_tablet=&#8221;0px&#8221; body_quote_text_shadow_horizontal_length_phone=&#8221;0px&#8221; body_quote_text_shadow_vertical_length_tablet=&#8221;0px&#8221; body_quote_text_shadow_vertical_length_phone=&#8221;0px&#8221; body_quote_text_shadow_blur_strength_tablet=&#8221;1px&#8221; body_quote_text_shadow_blur_strength_phone=&#8221;1px&#8221; global_colors_info=&#8221;{}&#8221; sticky_enabled=&#8221;0&#8243;]<\/p>\n<p>Actuaciones a corto plazo<\/p>\n<p>Asignaci\u00f3n de la funci\u00f3n de decoraci\u00f3n y parte art\u00edstica al compa\u00f1ero especialista del \u00e1rea de Educaci\u00f3n Pl\u00e1stica.<\/p>\n<p>Empezar el pr\u00e9stamo de libros.<br \/>Elaboraci\u00f3n de carnets de nuevos lectores y deteriorados<br \/>Informatizaci\u00f3n de los recursos de la Biblioteca con el programa Abies (especialmente de la biblioteca de secundaria).<br \/>Catalogaci\u00f3n de los fondos seg\u00fan la C.D.U., y darlos a conocer entre el profesorado.(nuevas colecciones)<br \/>Decoraci\u00f3n de las bibliotecas para hacer de ellas un lugar acogedor.<br \/>Adquisici\u00f3n de fondos teniendo en cuenta las carencias reales de la Biblioteca y las preferencias de los alumnos y alumnas, as\u00ed como el presupuesto econ\u00f3mico del centro.<br \/>Bookstrairlers elaborados por alumnado del centro.<br \/>\uf020Revisi\u00f3n y expurgo de los fondos.<br \/>Cuentacuentos \u201cla historia del d\u00eda de las Mozas\u201d<br \/>Teatro escolar D\u00eda de las Mozas<br \/>El carnaval de Tolox. Bailes de Carnaval. Or\u00edgenes. Musically<br \/>Recreaci\u00f3n Hist\u00f3rica Hisn Tulus. Centr\u00e1ndonos en el desarrollo de la agricultura en el SXVI.<\/p>\n<p>ACTUACIONES A MEDIO PLAZO<\/p>\n<p>Elaboraci\u00f3n de un itinerario lector que incluya lecturas obligatorias para cada nivel.<br \/>Incorporaci\u00f3n del teatro a partir de 3\u00ba EP haciendo al menos una representaci\u00f3n por curso acad\u00e9mico.<br \/>Elaboraci\u00f3n del blog de la biblioteca escolar donde se oferten:<br \/>-Lecturas digitales por niveles<\/p>\n<p>\u2013 Agenda de actividades culturales de la localidad y<\/p>\n<p>Entorno.<\/p>\n<p>\u2013 Cuentacuentos<\/p>\n<p>Apadrinamiento lector (organizar jornadas en las que ni\u00f1os de niveles avanzados puedan leer a sus apadrinados lectores durante el curso)<br \/>ACTUACIONES A LARGO PLAZO<\/p>\n<p>Creaci\u00f3n de clubes de lectura dinamizados por maestros y maestras de desde 5\u00ba EP hasta secundaria.<br \/>Integrar las UDIS con la biblioteca<\/p>\n<p><a href=\"#top\">Enlace 2<\/a><\/p>\n<p>[\/et_pb_tab][\/et_pb_tabs][\/et_pb_column][et_pb_column type=&#8221;1_3&#8243; _builder_version=&#8221;3.0.47&#8243; custom_padding=&#8221;|||&#8221; global_colors_info=&#8221;{}&#8221; custom_padding__hover=&#8221;|||&#8221;][et_pb_sidebar area=&#8221;sidebar-1&#8243; _builder_version=&#8221;3.23.3&#8243; z_index_tablet=&#8221;500&#8243; header_text_shadow_horizontal_length_tablet=&#8221;0px&#8221; header_text_shadow_vertical_length_tablet=&#8221;0px&#8221; header_text_shadow_blur_strength_tablet=&#8221;1px&#8221; body_text_shadow_horizontal_length_tablet=&#8221;0px&#8221; body_text_shadow_vertical_length_tablet=&#8221;0px&#8221; body_text_shadow_blur_strength_tablet=&#8221;1px&#8221; box_shadow_horizontal_tablet=&#8221;0px&#8221; box_shadow_vertical_tablet=&#8221;0px&#8221; box_shadow_blur_tablet=&#8221;40px&#8221; box_shadow_spread_tablet=&#8221;0px&#8221; text_shadow_horizontal_length_tablet=&#8221;0px&#8221; text_shadow_vertical_length_tablet=&#8221;0px&#8221; text_shadow_blur_strength_tablet=&#8221;1px&#8221; global_colors_info=&#8221;{}&#8221;][\/et_pb_sidebar][\/et_pb_column][\/et_pb_row][\/et_pb_section]<\/p>\n","protected":false},"excerpt":{"rendered":"<p>Biblioteca En primer lugar, me presento, mi nombre es Andr\u00e9s Pe\u00f1a Toro y tengo el placer de ser coordinador de la biblioteca escolar del centro en el presente curso acad\u00e9mico 2022 a 2023 Considero oportuno clasificar las actuaciones de la biblioteca en acciones a corto, medio y largo plazo. Con la idea de que con [&hellip;]<\/p>\n","protected":false},"author":17948,"featured_media":0,"parent":0,"menu_order":0,"comment_status":"closed","ping_status":"closed","template":"","meta":{"_et_pb_use_builder":"on","_et_pb_old_content":"","_et_gb_content_width":"","ngg_post_thumbnail":0,"footnotes":""},"aioseo_notices":[],"_links":{"self":[{"href":"https:\/\/blogsaverroes.juntadeandalucia.es\/ceipsanroquetolox\/wp-json\/wp\/v2\/pages\/64"}],"collection":[{"href":"https:\/\/blogsaverroes.juntadeandalucia.es\/ceipsanroquetolox\/wp-json\/wp\/v2\/pages"}],"about":[{"href":"https:\/\/blogsaverroes.juntadeandalucia.es\/ceipsanroquetolox\/wp-json\/wp\/v2\/types\/page"}],"author":[{"embeddable":true,"href":"https:\/\/blogsaverroes.juntadeandalucia.es\/ceipsanroquetolox\/wp-json\/wp\/v2\/users\/17948"}],"replies":[{"embeddable":true,"href":"https:\/\/blogsaverroes.juntadeandalucia.es\/ceipsanroquetolox\/wp-json\/wp\/v2\/comments?post=64"}],"version-history":[{"count":5,"href":"https:\/\/blogsaverroes.juntadeandalucia.es\/ceipsanroquetolox\/wp-json\/wp\/v2\/pages\/64\/revisions"}],"predecessor-version":[{"id":3394,"href":"https:\/\/blogsaverroes.juntadeandalucia.es\/ceipsanroquetolox\/wp-json\/wp\/v2\/pages\/64\/revisions\/3394"}],"wp:attachment":[{"href":"https:\/\/blogsaverroes.juntadeandalucia.es\/ceipsanroquetolox\/wp-json\/wp\/v2\/media?parent=64"}],"curies":[{"name":"wp","href":"https:\/\/api.w.org\/{rel}","templated":true}]}}