{"id":853,"date":"2020-12-18T08:50:47","date_gmt":"2020-12-18T07:50:47","guid":{"rendered":"https:\/\/blogsaverroes.juntadeandalucia.es\/pre\/plantilla-pencil\/?page_id=853"},"modified":"2023-05-12T07:53:32","modified_gmt":"2023-05-12T06:53:32","slug":"nuestra-historia","status":"publish","type":"page","link":"https:\/\/blogsaverroes.juntadeandalucia.es\/ceipsanroquetolox\/nuestra-historia\/","title":{"rendered":"Nuestra Historia"},"content":{"rendered":"<div class=\"cw cf\">\n<div class=\"cw-c cf\">\n<div class=\"c cf pr pr-0 pr-150 pr-320 pr-365 pr-390 pr-400\">\n<div class=\"c-c cf\">\n<div class=\"b b-text cf\">\n<div class=\"b-c b-text-c b-s b-s-t60 b-s-b60 b-cs cf\">\n<div class=\"b-img-w\">\n<div class=\"b-img-c\"><img loading=\"lazy\" decoding=\"async\" id=\"wnd_ImageBlock_472249363_img\" src=\"https:\/\/be3b9cd8a2.cbaul-cdnwnd.com\/cda889eb1df71307ab906b69ca7c9b89\/200000010-a7fa3a7fa6\/tolox2-1024x272.jpg?ph=be3b9cd8a2\" alt=\"\" width=\"1024\" height=\"272\"><\/div>\n<\/div>\n<p>El C.E.I.P &#8220;San Roque&#8221; est\u00e1 compuesto por dos edificios: el de C\/ Nueva y el de C\/ Encina. En C\/ Nueva se encuentran escolarizados los alumnos y alumnas de Educaci\u00f3n Infantil del 2\u00ba ciclo y los de 1\u00ba y 2\u00ba de Secundaria.&nbsp;<\/p>\n<\/div>\n<\/div>\n<\/div>\n<\/div>\n<\/div>\n<\/div>\n<div class=\"b b-text cf\">\n<div class=\"b-c b-text-c b-s b-s-t60 b-s-b60 b-cs cf\">\n<p>Este edificio se encuentra a la entrada del pueblo y fue construido en el a\u00f1o 1984.<\/p>\n<p>Dispone de patio, gimnasio cubierto, sal\u00f3n de actos, aula de audiovisuales, laboratorio, despachos de direcci\u00f3n y administraci\u00f3n, ademas de seis aulas y un aula del profesorado para reuniones varias.<\/p>\n<p>En C\/ Encina se encuentran escolarizados los alumnos y alumnas de Educaci\u00f3n Primaria. Este edificio se encuentra en una zona m\u00e1s c\u00e9ntrica del pueblo, a unos 600 metros del otro edificio.&nbsp;<\/p>\n<p>Este edificio cuenta con 6 aulas ordianarias, un aula de m\u00fasica, un aula de PT, una biblioteca, un aula de adultos, una sala del profesorado, un patio&#8230;&nbsp;<\/p>\n<p>&#8211; Horario lectivo&nbsp;<\/p>\n<p><strong>EDUCACI\u00d3N SECUNDARIA: lunes a viernes de 8:00 a 14:30 H (recreo de 11:00 a 11:30 H)<\/strong> <strong>EDUCACI\u00d3N INFANTIL: lunes a viernes de 9:00 a 14:00 H (recreo de 11:30 a 12:30 H)<\/strong>&nbsp;<\/p>\n<p><strong>EDUCACI\u00d3N PRIMARIA: lunes a viernes de 9:00 a 14:00 H (recreo de 11:00 a 11:30 H)<\/strong>&nbsp;<\/p>\n<p>&#8211; Horario no lectivo Lunes de 16:00 a 17:00 H: atenci\u00f3n a padres y madres. Lunes de 17:00 a 19:00 H: reuniones, claustro, consejo escolar&#8230;<\/p>\n<\/div>\n<\/div>\n<div class=\"cw cf\">\n<div class=\"cw-c cf\">\n<div class=\"c cf pr pr-0 pr-150 pr-320 pr-365 pr-390 pr-400 pr-480 pr-600\">\n<div class=\"c-c cf\">\n<div class=\"b b-text cf\">\n<div class=\"b-c b-text-c b-s b-s-t60 b-s-b60 b-cs cf\">\n<h1>&nbsp;<\/h1>\n<\/div>\n<\/div>\n<\/div>\n<\/div>\n<\/div>\n<\/div>\n","protected":false},"excerpt":{"rendered":"<p>El C.E.I.P &#8220;San Roque&#8221; est\u00e1 compuesto por dos edificios: el de C\/ Nueva y el de C\/ Encina. En C\/ Nueva se encuentran escolarizados los alumnos y alumnas de Educaci\u00f3n Infantil del 2\u00ba ciclo y los de 1\u00ba y 2\u00ba de Secundaria.&nbsp; Este edificio se encuentra a la entrada del pueblo y fue construido en [&hellip;]<\/p>\n","protected":false},"author":17948,"featured_media":0,"parent":0,"menu_order":0,"comment_status":"closed","ping_status":"closed","template":"","meta":{"_et_pb_use_builder":"off","_et_pb_old_content":"","_et_gb_content_width":"","ngg_post_thumbnail":0,"footnotes":""},"aioseo_notices":[],"_links":{"self":[{"href":"https:\/\/blogsaverroes.juntadeandalucia.es\/ceipsanroquetolox\/wp-json\/wp\/v2\/pages\/853"}],"collection":[{"href":"https:\/\/blogsaverroes.juntadeandalucia.es\/ceipsanroquetolox\/wp-json\/wp\/v2\/pages"}],"about":[{"href":"https:\/\/blogsaverroes.juntadeandalucia.es\/ceipsanroquetolox\/wp-json\/wp\/v2\/types\/page"}],"author":[{"embeddable":true,"href":"https:\/\/blogsaverroes.juntadeandalucia.es\/ceipsanroquetolox\/wp-json\/wp\/v2\/users\/17948"}],"replies":[{"embeddable":true,"href":"https:\/\/blogsaverroes.juntadeandalucia.es\/ceipsanroquetolox\/wp-json\/wp\/v2\/comments?post=853"}],"version-history":[{"count":3,"href":"https:\/\/blogsaverroes.juntadeandalucia.es\/ceipsanroquetolox\/wp-json\/wp\/v2\/pages\/853\/revisions"}],"predecessor-version":[{"id":3372,"href":"https:\/\/blogsaverroes.juntadeandalucia.es\/ceipsanroquetolox\/wp-json\/wp\/v2\/pages\/853\/revisions\/3372"}],"wp:attachment":[{"href":"https:\/\/blogsaverroes.juntadeandalucia.es\/ceipsanroquetolox\/wp-json\/wp\/v2\/media?parent=853"}],"curies":[{"name":"wp","href":"https:\/\/api.w.org\/{rel}","templated":true}]}}