{"id":2475,"date":"2017-12-04T06:32:06","date_gmt":"2017-12-04T06:32:06","guid":{"rendered":"https:\/\/blogsaverroes.juntadeandalucia.es\/ceipsanroquevillablanca\/?page_id=2475"},"modified":"2018-01-23T11:30:19","modified_gmt":"2018-01-23T11:30:19","slug":"telefonofax","status":"publish","type":"page","link":"https:\/\/blogsaverroes.juntadeandalucia.es\/ceipsanroquevillablanca\/telefonofax\/","title":{"rendered":"Tel\u00e9fono\/fax"},"content":{"rendered":"<p>L\u00ednea m\u00f3vil: 697952475<\/p>\n<p>L\u00ednea fija: 959349904<\/p>\n<p>Fax: 959349903<\/p>\n<p>&nbsp;<\/p>\n","protected":false},"excerpt":{"rendered":"<p>L\u00ednea m\u00f3vil: 697952475 L\u00ednea fija: 959349904 Fax: 959349903 &nbsp;<\/p>\n","protected":false},"author":5231,"featured_media":0,"parent":0,"menu_order":0,"comment_status":"closed","ping_status":"closed","template":"","meta":{"ngg_post_thumbnail":0,"footnotes":"","_mc_calendar":[]},"aioseo_notices":[],"_links":{"self":[{"href":"https:\/\/blogsaverroes.juntadeandalucia.es\/ceipsanroquevillablanca\/wp-json\/wp\/v2\/pages\/2475"}],"collection":[{"href":"https:\/\/blogsaverroes.juntadeandalucia.es\/ceipsanroquevillablanca\/wp-json\/wp\/v2\/pages"}],"about":[{"href":"https:\/\/blogsaverroes.juntadeandalucia.es\/ceipsanroquevillablanca\/wp-json\/wp\/v2\/types\/page"}],"author":[{"embeddable":true,"href":"https:\/\/blogsaverroes.juntadeandalucia.es\/ceipsanroquevillablanca\/wp-json\/wp\/v2\/users\/5231"}],"replies":[{"embeddable":true,"href":"https:\/\/blogsaverroes.juntadeandalucia.es\/ceipsanroquevillablanca\/wp-json\/wp\/v2\/comments?post=2475"}],"version-history":[{"count":4,"href":"https:\/\/blogsaverroes.juntadeandalucia.es\/ceipsanroquevillablanca\/wp-json\/wp\/v2\/pages\/2475\/revisions"}],"predecessor-version":[{"id":2659,"href":"https:\/\/blogsaverroes.juntadeandalucia.es\/ceipsanroquevillablanca\/wp-json\/wp\/v2\/pages\/2475\/revisions\/2659"}],"wp:attachment":[{"href":"https:\/\/blogsaverroes.juntadeandalucia.es\/ceipsanroquevillablanca\/wp-json\/wp\/v2\/media?parent=2475"}],"curies":[{"name":"wp","href":"https:\/\/api.w.org\/{rel}","templated":true}]}}