{"id":2494,"date":"2017-12-04T06:47:30","date_gmt":"2017-12-04T06:47:30","guid":{"rendered":"https:\/\/blogsaverroes.juntadeandalucia.es\/ceipsanroquevillablanca\/?page_id=2494"},"modified":"2018-01-23T11:54:26","modified_gmt":"2018-01-23T11:54:26","slug":"edificio-de-infantil","status":"publish","type":"page","link":"https:\/\/blogsaverroes.juntadeandalucia.es\/ceipsanroquevillablanca\/edificio-de-infantil\/","title":{"rendered":"Infantil"},"content":{"rendered":"<p>Edificio de una planta con seis aulas ordinarias, sala de PT\/AL, sala del profesorado, sal\u00f3n de usos m\u00faltiples y almac\u00e9n de recursos.<\/p>\n<p>Dispone de amplio patio de recreo y zona semicubierta en la parte posterior que comunica con el acceso al comedor.<\/p>\n","protected":false},"excerpt":{"rendered":"<p>Edificio de una planta con seis aulas ordinarias, sala de PT\/AL, sala del profesorado, sal\u00f3n de usos m\u00faltiples y almac\u00e9n de recursos. Dispone de amplio patio de recreo y zona semicubierta en la parte&#46;&#46;&#46;<\/p>\n","protected":false},"author":5231,"featured_media":0,"parent":0,"menu_order":0,"comment_status":"closed","ping_status":"closed","template":"","meta":{"ngg_post_thumbnail":0,"footnotes":"","_mc_calendar":[]},"aioseo_notices":[],"_links":{"self":[{"href":"https:\/\/blogsaverroes.juntadeandalucia.es\/ceipsanroquevillablanca\/wp-json\/wp\/v2\/pages\/2494"}],"collection":[{"href":"https:\/\/blogsaverroes.juntadeandalucia.es\/ceipsanroquevillablanca\/wp-json\/wp\/v2\/pages"}],"about":[{"href":"https:\/\/blogsaverroes.juntadeandalucia.es\/ceipsanroquevillablanca\/wp-json\/wp\/v2\/types\/page"}],"author":[{"embeddable":true,"href":"https:\/\/blogsaverroes.juntadeandalucia.es\/ceipsanroquevillablanca\/wp-json\/wp\/v2\/users\/5231"}],"replies":[{"embeddable":true,"href":"https:\/\/blogsaverroes.juntadeandalucia.es\/ceipsanroquevillablanca\/wp-json\/wp\/v2\/comments?post=2494"}],"version-history":[{"count":3,"href":"https:\/\/blogsaverroes.juntadeandalucia.es\/ceipsanroquevillablanca\/wp-json\/wp\/v2\/pages\/2494\/revisions"}],"predecessor-version":[{"id":2665,"href":"https:\/\/blogsaverroes.juntadeandalucia.es\/ceipsanroquevillablanca\/wp-json\/wp\/v2\/pages\/2494\/revisions\/2665"}],"wp:attachment":[{"href":"https:\/\/blogsaverroes.juntadeandalucia.es\/ceipsanroquevillablanca\/wp-json\/wp\/v2\/media?parent=2494"}],"curies":[{"name":"wp","href":"https:\/\/api.w.org\/{rel}","templated":true}]}}