{"id":2499,"date":"2017-12-04T06:47:30","date_gmt":"2017-12-04T06:47:30","guid":{"rendered":"https:\/\/blogsaverroes.juntadeandalucia.es\/ceipsanroquevillablanca\/?page_id=2499"},"modified":"2018-01-24T09:58:35","modified_gmt":"2018-01-24T09:58:35","slug":"educacion-primaria","status":"publish","type":"page","link":"https:\/\/blogsaverroes.juntadeandalucia.es\/ceipsanroquevillablanca\/educacion-primaria\/","title":{"rendered":"Educaci\u00f3n Primaria"},"content":{"rendered":"<p>Al igual que ocurre en la etapa de Infantil, el n\u00famero de unidades en Primaria viene determinado por la matr\u00edcula de cada curso escolar, aunque en la \u00faltima d\u00e9cada se va consolidando la tendencia de contar con dos unidades en cada nivel, de entre 15 y 20 alumnos y alumnas por clase.<\/p>\n","protected":false},"excerpt":{"rendered":"<p>Al igual que ocurre en la etapa de Infantil, el n\u00famero de unidades en Primaria viene determinado por la matr\u00edcula de cada curso escolar, aunque en la \u00faltima d\u00e9cada se va consolidando la tendencia&#46;&#46;&#46;<\/p>\n","protected":false},"author":5231,"featured_media":0,"parent":0,"menu_order":0,"comment_status":"closed","ping_status":"closed","template":"","meta":{"ngg_post_thumbnail":0,"footnotes":"","_mc_calendar":[]},"aioseo_notices":[],"_links":{"self":[{"href":"https:\/\/blogsaverroes.juntadeandalucia.es\/ceipsanroquevillablanca\/wp-json\/wp\/v2\/pages\/2499"}],"collection":[{"href":"https:\/\/blogsaverroes.juntadeandalucia.es\/ceipsanroquevillablanca\/wp-json\/wp\/v2\/pages"}],"about":[{"href":"https:\/\/blogsaverroes.juntadeandalucia.es\/ceipsanroquevillablanca\/wp-json\/wp\/v2\/types\/page"}],"author":[{"embeddable":true,"href":"https:\/\/blogsaverroes.juntadeandalucia.es\/ceipsanroquevillablanca\/wp-json\/wp\/v2\/users\/5231"}],"replies":[{"embeddable":true,"href":"https:\/\/blogsaverroes.juntadeandalucia.es\/ceipsanroquevillablanca\/wp-json\/wp\/v2\/comments?post=2499"}],"version-history":[{"count":4,"href":"https:\/\/blogsaverroes.juntadeandalucia.es\/ceipsanroquevillablanca\/wp-json\/wp\/v2\/pages\/2499\/revisions"}],"predecessor-version":[{"id":2680,"href":"https:\/\/blogsaverroes.juntadeandalucia.es\/ceipsanroquevillablanca\/wp-json\/wp\/v2\/pages\/2499\/revisions\/2680"}],"wp:attachment":[{"href":"https:\/\/blogsaverroes.juntadeandalucia.es\/ceipsanroquevillablanca\/wp-json\/wp\/v2\/media?parent=2499"}],"curies":[{"name":"wp","href":"https:\/\/api.w.org\/{rel}","templated":true}]}}