{"id":2501,"date":"2017-12-04T06:47:30","date_gmt":"2017-12-04T06:47:30","guid":{"rendered":"https:\/\/blogsaverroes.juntadeandalucia.es\/ceipsanroquevillablanca\/?page_id=2501"},"modified":"2018-01-24T10:32:33","modified_gmt":"2018-01-24T10:32:33","slug":"audicion-y-lenguaje-2","status":"publish","type":"page","link":"https:\/\/blogsaverroes.juntadeandalucia.es\/ceipsanroquevillablanca\/audicion-y-lenguaje-2\/","title":{"rendered":"Audici\u00f3n y Lenguaje"},"content":{"rendered":"<p>Unidad, con especialista adscrito al Centro a tiempo completo, para atender al alumnado de Infantil y Primaria con necesidades espec\u00edficas de apoyo educativo&nbsp; que, seg\u00fan su&nbsp; diagn\u00f3stico y dictamen de escolarizaci\u00f3n,&nbsp; requieran atenci\u00f3n especializada relacionada con&nbsp; trastornos del lenguaje y\/o comunicaci\u00f3n, en parte o a lo largo de su escolarizaci\u00f3n.<\/p>\n","protected":false},"excerpt":{"rendered":"<p>Unidad, con especialista adscrito al Centro a tiempo completo, para atender al alumnado de Infantil y Primaria con necesidades espec\u00edficas de apoyo educativo&nbsp; que, seg\u00fan su&nbsp; diagn\u00f3stico y dictamen de escolarizaci\u00f3n,&nbsp; requieran atenci\u00f3n especializada&#46;&#46;&#46;<\/p>\n","protected":false},"author":5231,"featured_media":0,"parent":0,"menu_order":0,"comment_status":"closed","ping_status":"closed","template":"","meta":{"ngg_post_thumbnail":0,"footnotes":"","_mc_calendar":[]},"aioseo_notices":[],"_links":{"self":[{"href":"https:\/\/blogsaverroes.juntadeandalucia.es\/ceipsanroquevillablanca\/wp-json\/wp\/v2\/pages\/2501"}],"collection":[{"href":"https:\/\/blogsaverroes.juntadeandalucia.es\/ceipsanroquevillablanca\/wp-json\/wp\/v2\/pages"}],"about":[{"href":"https:\/\/blogsaverroes.juntadeandalucia.es\/ceipsanroquevillablanca\/wp-json\/wp\/v2\/types\/page"}],"author":[{"embeddable":true,"href":"https:\/\/blogsaverroes.juntadeandalucia.es\/ceipsanroquevillablanca\/wp-json\/wp\/v2\/users\/5231"}],"replies":[{"embeddable":true,"href":"https:\/\/blogsaverroes.juntadeandalucia.es\/ceipsanroquevillablanca\/wp-json\/wp\/v2\/comments?post=2501"}],"version-history":[{"count":5,"href":"https:\/\/blogsaverroes.juntadeandalucia.es\/ceipsanroquevillablanca\/wp-json\/wp\/v2\/pages\/2501\/revisions"}],"predecessor-version":[{"id":2689,"href":"https:\/\/blogsaverroes.juntadeandalucia.es\/ceipsanroquevillablanca\/wp-json\/wp\/v2\/pages\/2501\/revisions\/2689"}],"wp:attachment":[{"href":"https:\/\/blogsaverroes.juntadeandalucia.es\/ceipsanroquevillablanca\/wp-json\/wp\/v2\/media?parent=2501"}],"curies":[{"name":"wp","href":"https:\/\/api.w.org\/{rel}","templated":true}]}}