{"id":2511,"date":"2017-12-04T06:47:30","date_gmt":"2017-12-04T06:47:30","guid":{"rendered":"https:\/\/blogsaverroes.juntadeandalucia.es\/ceipsanroquevillablanca\/?page_id=2511"},"modified":"2018-04-13T10:24:04","modified_gmt":"2018-04-13T10:24:04","slug":"programa-aldea","status":"publish","type":"page","link":"https:\/\/blogsaverroes.juntadeandalucia.es\/ceipsanroquevillablanca\/programa-aldea\/","title":{"rendered":"Programa Aldea"},"content":{"rendered":"<p>Desde el CEIP San Roque se pone en marcha el Programa ALDEA ofertado por la Consejer\u00eda de Educaci\u00f3n de Andaluc\u00eda, con objeto de llevar a los centros educativos la educaci\u00f3n ambiental de forma pr\u00e1ctica y colaborativa. Dicho programa va a seguir tres l\u00edneas de actuaci\u00f3n claramente diferenciadas que lo que persiguen es trabajar y desarrollar, &nbsp;de forma integral, la conservaci\u00f3n y la sostenibilidad en el alumnado de nuestra escuela. Las l\u00edneas son:<\/p>\n<ul>\n<li><strong>Ecohuerto.<\/strong> Hemos puesto en marcha un huerto ecol\u00f3gico en el que el alumnado ha ido plantando y manteniendo los diferentes especies que hemos sembrado. El fin es despertar en ellos una cultura emprendedora que puedan llevar a otros \u00e1mbitos de su vida, as\u00ed como desarrollar h\u00e1bitos de conservaci\u00f3n y de vida saludables.<\/li>\n<li><strong>Semillas.<\/strong> Estamos construyendo un vivero que nos permita producir especies propias de la zona para poder llevarlas al medio natural y, por otro lado, sembrar especies de plantas arom\u00e1ticas y flores para crear un jard\u00edn escolar.<\/li>\n<li><strong>Recapacicla.<\/strong> Promover una conciencia ecol\u00f3gica y medioambiental trabajando aspectos como la REDUCCI\u00d3N, REUTILIZACI\u00d3N Y RECICLAJE (las tres R) &nbsp;una conciencia ecol\u00f3gica que les haga reflexionar sobre el modelo de vida que llevamos y su sostenibilidad.<\/li>\n<\/ul>\n","protected":false},"excerpt":{"rendered":"<p>Desde el CEIP San Roque se pone en marcha el Programa ALDEA ofertado por la Consejer\u00eda de Educaci\u00f3n de Andaluc\u00eda, con objeto de llevar a los centros educativos la educaci\u00f3n ambiental de forma pr\u00e1ctica&#46;&#46;&#46;<\/p>\n","protected":false},"author":5231,"featured_media":0,"parent":0,"menu_order":0,"comment_status":"closed","ping_status":"closed","template":"","meta":{"ngg_post_thumbnail":0,"footnotes":"","_mc_calendar":[]},"aioseo_notices":[],"_links":{"self":[{"href":"https:\/\/blogsaverroes.juntadeandalucia.es\/ceipsanroquevillablanca\/wp-json\/wp\/v2\/pages\/2511"}],"collection":[{"href":"https:\/\/blogsaverroes.juntadeandalucia.es\/ceipsanroquevillablanca\/wp-json\/wp\/v2\/pages"}],"about":[{"href":"https:\/\/blogsaverroes.juntadeandalucia.es\/ceipsanroquevillablanca\/wp-json\/wp\/v2\/types\/page"}],"author":[{"embeddable":true,"href":"https:\/\/blogsaverroes.juntadeandalucia.es\/ceipsanroquevillablanca\/wp-json\/wp\/v2\/users\/5231"}],"replies":[{"embeddable":true,"href":"https:\/\/blogsaverroes.juntadeandalucia.es\/ceipsanroquevillablanca\/wp-json\/wp\/v2\/comments?post=2511"}],"version-history":[{"count":3,"href":"https:\/\/blogsaverroes.juntadeandalucia.es\/ceipsanroquevillablanca\/wp-json\/wp\/v2\/pages\/2511\/revisions"}],"predecessor-version":[{"id":2714,"href":"https:\/\/blogsaverroes.juntadeandalucia.es\/ceipsanroquevillablanca\/wp-json\/wp\/v2\/pages\/2511\/revisions\/2714"}],"wp:attachment":[{"href":"https:\/\/blogsaverroes.juntadeandalucia.es\/ceipsanroquevillablanca\/wp-json\/wp\/v2\/media?parent=2511"}],"curies":[{"name":"wp","href":"https:\/\/api.w.org\/{rel}","templated":true}]}}