{"id":2619,"date":"2017-12-04T10:19:57","date_gmt":"2017-12-04T10:19:57","guid":{"rendered":"https:\/\/blogsaverroes.juntadeandalucia.es\/ceipsanroquevillablanca\/?page_id=2619"},"modified":"2018-11-28T11:52:49","modified_gmt":"2018-11-28T11:52:49","slug":"personal-docente","status":"publish","type":"page","link":"https:\/\/blogsaverroes.juntadeandalucia.es\/ceipsanroquevillablanca\/personal-docente\/","title":{"rendered":"Personal Docente"},"content":{"rendered":"<pre>Tutora de 3 a\u00f1os:&nbsp; Celia Inarejos Fresnada. \r\n\r\nTutora de 4 a\u00f1os A:&nbsp; Loli Mart\u00edn Ponce. \r\n\r\nTutora de 4 a\u00f1os B:&nbsp; Yoana Mar\u00edn Pinar.\r\n\r\nTutora de 5 a\u00f1os A:&nbsp; Maribel Reyes Evangelista. \r\n\r\nTutora 5 a\u00f1os B: Vanessa Bento Gonz\u00e1lez. \r\n\r\nApoyo a Infantil:&nbsp; Esther M\u00aa Robles Mu\u00f1oz. \r\n\r\nTutora de 1\u00ba: Sonia Gallego Mart\u00edn. \r\n\r\nTutora de 2\u00baA:&nbsp;M\u00aa Celeste Barreda Mora. \r\n\r\nTutor de 2\u00baB:&nbsp;Miguel Ignacio Delgado Cot\u00e1n. \r\n\r\nTutora de 3\u00baA: Laura Arias Gonz\u00e1lez. \r\n\r\nTutora de 3\u00ba B:&nbsp;Concepci\u00f3n Carmona Zalvide. \r\n\r\nTutora de 4\u00baA:&nbsp; Ver\u00f3nica Suero S\u00e1nchez. \r\n\r\nTutor de 4\u00baB: Pablo Hern\u00e1ndez G\u00f3mez.  \r\n\r\nTutora de 5\u00baA y especialista de M\u00fasica:&nbsp;Ana M\u00aa Serrano Reyes. \r\n\r\nTutora de 5\u00baB y especialista de Franc\u00e9s: Manuela R. Mu\u00f1oz Garc\u00eda.\r\n\r\nTutora de 6\u00baA:&nbsp; Mar\u00eda \u00c1vila Jim\u00e9nez. \r\n\r\nTutora de 6\u00baB:&nbsp; Violeta Mart\u00ednez Gordillo. \r\n\r\nApoyo a Primaria:&nbsp;Bella E. Pulido Medina. \r\n\r\nEspecialista de Educaci\u00f3n F\u00edsica:&nbsp;Antonio Barbosa G\u00f3mez. \r\n\r\nEspecialista de Pedagog\u00eda Terap\u00e9utica:&nbsp; Elisa M\u00aa Almod\u00f3var Delgado.\r\n\r\nEspecilista de Audici\u00f3n y Lenguaje:&nbsp; \u00d3scar F. Ranea Vivar.\r\n\r\nEspecialista de Religi\u00f3n Cat\u00f3lica:&nbsp; Mar\u00eda Casta\u00f1o Casta\u00f1o.\r\n\r\nEspecialista de Interculturalidad a tiempo parcial: Ricardo M. Carlos Redondo\r\n\r\n<\/pre>\n<p>&nbsp;<\/p>\n<p>&nbsp;<\/p>\n","protected":false},"excerpt":{"rendered":"<p>Tutora de 3 a\u00f1os:&nbsp; Celia Inarejos Fresnada. Tutora de 4 a\u00f1os A:&nbsp; Loli Mart\u00edn Ponce. Tutora de 4 a\u00f1os B:&nbsp; Yoana Mar\u00edn Pinar. Tutora de 5 a\u00f1os A:&nbsp; Maribel Reyes Evangelista. Tutora 5 a\u00f1os&#46;&#46;&#46;<\/p>\n","protected":false},"author":5231,"featured_media":0,"parent":0,"menu_order":0,"comment_status":"closed","ping_status":"closed","template":"","meta":{"ngg_post_thumbnail":0,"footnotes":"","_mc_calendar":[]},"aioseo_notices":[],"_links":{"self":[{"href":"https:\/\/blogsaverroes.juntadeandalucia.es\/ceipsanroquevillablanca\/wp-json\/wp\/v2\/pages\/2619"}],"collection":[{"href":"https:\/\/blogsaverroes.juntadeandalucia.es\/ceipsanroquevillablanca\/wp-json\/wp\/v2\/pages"}],"about":[{"href":"https:\/\/blogsaverroes.juntadeandalucia.es\/ceipsanroquevillablanca\/wp-json\/wp\/v2\/types\/page"}],"author":[{"embeddable":true,"href":"https:\/\/blogsaverroes.juntadeandalucia.es\/ceipsanroquevillablanca\/wp-json\/wp\/v2\/users\/5231"}],"replies":[{"embeddable":true,"href":"https:\/\/blogsaverroes.juntadeandalucia.es\/ceipsanroquevillablanca\/wp-json\/wp\/v2\/comments?post=2619"}],"version-history":[{"count":8,"href":"https:\/\/blogsaverroes.juntadeandalucia.es\/ceipsanroquevillablanca\/wp-json\/wp\/v2\/pages\/2619\/revisions"}],"predecessor-version":[{"id":2732,"href":"https:\/\/blogsaverroes.juntadeandalucia.es\/ceipsanroquevillablanca\/wp-json\/wp\/v2\/pages\/2619\/revisions\/2732"}],"wp:attachment":[{"href":"https:\/\/blogsaverroes.juntadeandalucia.es\/ceipsanroquevillablanca\/wp-json\/wp\/v2\/media?parent=2619"}],"curies":[{"name":"wp","href":"https:\/\/api.w.org\/{rel}","templated":true}]}}