{"id":35,"date":"2015-03-13T08:21:43","date_gmt":"2015-03-13T08:21:43","guid":{"rendered":"http:\/\/blogsaverroes.juntadeandalucia.es\/pre\/ceip\/?page_id=35"},"modified":"2017-09-25T09:09:46","modified_gmt":"2017-09-25T09:09:46","slug":"el-centro-2","status":"publish","type":"page","link":"https:\/\/blogsaverroes.juntadeandalucia.es\/ceipsanroquevillablanca\/el-centro-2\/","title":{"rendered":"Datos del centro"},"content":{"rendered":"<h4><strong>Datos de contacto<\/strong><\/h4>\n<p>C.E.I.P. San Roque.&nbsp;<\/p>\n<p><strong>Direcci\u00f3n:<\/strong>&nbsp;&nbsp;Calle Hermanos Pinz\u00f3n, 7. CP. 21590. &nbsp;Villablanca (Huelva).&nbsp;<\/p>\n<p><strong>Tel\u00e9fono:<\/strong> 959349904.&nbsp;<\/p>\n<p style=\"text-align: justify\"><strong>Fax:<\/strong> 959349903.&nbsp;<br \/>\n<strong>Email:<\/strong>&nbsp;21002987.edu@juntadeandalucia.es<\/p>\n<h4><strong>Horarios<\/strong><\/h4>\n<p>Reflejar el horario de apertura del centro: aula matinal, actividades lectivas, Plan de Acompa\u00f1amiento, talleres extraescolares organizados desde el AMPA, etc.<\/p>\n<h4><strong>Oferta educativa<\/strong><\/h4>\n<p>Nuestro centro tiene oferta educativa para los Ciclos de Educaci\u00f3n Infantil (de 3 a 5 a\u00f1os) y de Educaci\u00f3n Primaria (de 1\u00ba a 6\u00ba de Primaria).&nbsp;<\/p>\n<h4><strong>Instalaciones<\/strong><\/h4>\n<p><!-- default-view.php -->\n<div\n\tclass=\"ngg-galleryoverview default-view\n\t ngg-ajax-pagination-none\t\"\n\tid=\"ngg-gallery-7bd57b0a1e84a07a972d91eb4118437e-1\">\n\n\t\t<!-- Thumbnails -->\n\t\t\t\t<div id=\"ngg-image-0\" class=\"ngg-gallery-thumbnail-box\n\t\t\t\t\t\t\t\t\t\t\t\"\n\t\t\t>\n\t\t\t\t\t\t<div class=\"ngg-gallery-thumbnail\">\n\t\t\t<a href=\"https:\/\/blogsaverroes.juntadeandalucia.es\/ceipsanroquevillablanca\/wp-content\/uploads\/sites\/792\/nggallery\/instalaciones\/instalacion01.jpg\"\n\t\t\t\ttitle=\"\"\n\t\t\t\tdata-src=\"https:\/\/blogsaverroes.juntadeandalucia.es\/ceipsanroquevillablanca\/wp-content\/uploads\/sites\/792\/nggallery\/instalaciones\/instalacion01.jpg\"\n\t\t\t\tdata-thumbnail=\"https:\/\/blogsaverroes.juntadeandalucia.es\/ceipsanroquevillablanca\/wp-content\/uploads\/sites\/792\/nggallery\/instalaciones\/thumbs\/thumbs_instalacion01.jpg\"\n\t\t\t\tdata-image-id=\"16\"\n\t\t\t\tdata-title=\"instalacion01\"\n\t\t\t\tdata-description=\"\"\n\t\t\t\tdata-image-slug=\"instalacion01\"\n\t\t\t\tclass=\"ngg-fancybox\" rel=\"7bd57b0a1e84a07a972d91eb4118437e\">\n\t\t\t\t<img\n\t\t\t\t\ttitle=\"instalacion01\"\n\t\t\t\t\talt=\"instalacion01\"\n\t\t\t\t\tsrc=\"https:\/\/blogsaverroes.juntadeandalucia.es\/ceipsanroquevillablanca\/wp-content\/uploads\/sites\/792\/nggallery\/instalaciones\/thumbs\/thumbs_instalacion01.jpg\"\n\t\t\t\t\twidth=\"120\"\n\t\t\t\t\theight=\"90\"\n\t\t\t\t\tstyle=\"max-width:100%;\"\n\t\t\t\t\/>\n\t\t\t<\/a>\n\t\t<\/div>\n\t\t\t\t\t\t\t<\/div>\n\t\t\t\n\t\t\t\t<div id=\"ngg-image-1\" class=\"ngg-gallery-thumbnail-box\n\t\t\t\t\t\t\t\t\t\t\t\"\n\t\t\t>\n\t\t\t\t\t\t<div class=\"ngg-gallery-thumbnail\">\n\t\t\t<a href=\"https:\/\/blogsaverroes.juntadeandalucia.es\/ceipsanroquevillablanca\/wp-content\/uploads\/sites\/792\/nggallery\/instalaciones\/instalacion02.jpg\"\n\t\t\t\ttitle=\"\"\n\t\t\t\tdata-src=\"https:\/\/blogsaverroes.juntadeandalucia.es\/ceipsanroquevillablanca\/wp-content\/uploads\/sites\/792\/nggallery\/instalaciones\/instalacion02.jpg\"\n\t\t\t\tdata-thumbnail=\"https:\/\/blogsaverroes.juntadeandalucia.es\/ceipsanroquevillablanca\/wp-content\/uploads\/sites\/792\/nggallery\/instalaciones\/thumbs\/thumbs_instalacion02.jpg\"\n\t\t\t\tdata-image-id=\"17\"\n\t\t\t\tdata-title=\"instalacion02\"\n\t\t\t\tdata-description=\"\"\n\t\t\t\tdata-image-slug=\"instalacion02\"\n\t\t\t\tclass=\"ngg-fancybox\" rel=\"7bd57b0a1e84a07a972d91eb4118437e\">\n\t\t\t\t<img\n\t\t\t\t\ttitle=\"instalacion02\"\n\t\t\t\t\talt=\"instalacion02\"\n\t\t\t\t\tsrc=\"https:\/\/blogsaverroes.juntadeandalucia.es\/ceipsanroquevillablanca\/wp-content\/uploads\/sites\/792\/nggallery\/instalaciones\/thumbs\/thumbs_instalacion02.jpg\"\n\t\t\t\t\twidth=\"120\"\n\t\t\t\t\theight=\"90\"\n\t\t\t\t\tstyle=\"max-width:100%;\"\n\t\t\t\t\/>\n\t\t\t<\/a>\n\t\t<\/div>\n\t\t\t\t\t\t\t<\/div>\n\t\t\t\n\t\t\t\t<div id=\"ngg-image-2\" class=\"ngg-gallery-thumbnail-box\n\t\t\t\t\t\t\t\t\t\t\t\"\n\t\t\t>\n\t\t\t\t\t\t<div class=\"ngg-gallery-thumbnail\">\n\t\t\t<a href=\"https:\/\/blogsaverroes.juntadeandalucia.es\/ceipsanroquevillablanca\/wp-content\/uploads\/sites\/792\/nggallery\/instalaciones\/instalacion03.jpg\"\n\t\t\t\ttitle=\"\"\n\t\t\t\tdata-src=\"https:\/\/blogsaverroes.juntadeandalucia.es\/ceipsanroquevillablanca\/wp-content\/uploads\/sites\/792\/nggallery\/instalaciones\/instalacion03.jpg\"\n\t\t\t\tdata-thumbnail=\"https:\/\/blogsaverroes.juntadeandalucia.es\/ceipsanroquevillablanca\/wp-content\/uploads\/sites\/792\/nggallery\/instalaciones\/thumbs\/thumbs_instalacion03.jpg\"\n\t\t\t\tdata-image-id=\"18\"\n\t\t\t\tdata-title=\"instalacion03\"\n\t\t\t\tdata-description=\"\"\n\t\t\t\tdata-image-slug=\"instalacion03\"\n\t\t\t\tclass=\"ngg-fancybox\" rel=\"7bd57b0a1e84a07a972d91eb4118437e\">\n\t\t\t\t<img\n\t\t\t\t\ttitle=\"instalacion03\"\n\t\t\t\t\talt=\"instalacion03\"\n\t\t\t\t\tsrc=\"https:\/\/blogsaverroes.juntadeandalucia.es\/ceipsanroquevillablanca\/wp-content\/uploads\/sites\/792\/nggallery\/instalaciones\/thumbs\/thumbs_instalacion03.jpg\"\n\t\t\t\t\twidth=\"120\"\n\t\t\t\t\theight=\"90\"\n\t\t\t\t\tstyle=\"max-width:100%;\"\n\t\t\t\t\/>\n\t\t\t<\/a>\n\t\t<\/div>\n\t\t\t\t\t\t\t<\/div>\n\t\t\t\n\t\t\t\t<div id=\"ngg-image-3\" class=\"ngg-gallery-thumbnail-box\n\t\t\t\t\t\t\t\t\t\t\t\"\n\t\t\t>\n\t\t\t\t\t\t<div class=\"ngg-gallery-thumbnail\">\n\t\t\t<a href=\"https:\/\/blogsaverroes.juntadeandalucia.es\/ceipsanroquevillablanca\/wp-content\/uploads\/sites\/792\/nggallery\/instalaciones\/instalacion04.jpg\"\n\t\t\t\ttitle=\"\"\n\t\t\t\tdata-src=\"https:\/\/blogsaverroes.juntadeandalucia.es\/ceipsanroquevillablanca\/wp-content\/uploads\/sites\/792\/nggallery\/instalaciones\/instalacion04.jpg\"\n\t\t\t\tdata-thumbnail=\"https:\/\/blogsaverroes.juntadeandalucia.es\/ceipsanroquevillablanca\/wp-content\/uploads\/sites\/792\/nggallery\/instalaciones\/thumbs\/thumbs_instalacion04.jpg\"\n\t\t\t\tdata-image-id=\"19\"\n\t\t\t\tdata-title=\"instalacion04\"\n\t\t\t\tdata-description=\"\"\n\t\t\t\tdata-image-slug=\"instalacion04\"\n\t\t\t\tclass=\"ngg-fancybox\" rel=\"7bd57b0a1e84a07a972d91eb4118437e\">\n\t\t\t\t<img\n\t\t\t\t\ttitle=\"instalacion04\"\n\t\t\t\t\talt=\"instalacion04\"\n\t\t\t\t\tsrc=\"https:\/\/blogsaverroes.juntadeandalucia.es\/ceipsanroquevillablanca\/wp-content\/uploads\/sites\/792\/nggallery\/instalaciones\/thumbs\/thumbs_instalacion04.jpg\"\n\t\t\t\t\twidth=\"120\"\n\t\t\t\t\theight=\"90\"\n\t\t\t\t\tstyle=\"max-width:100%;\"\n\t\t\t\t\/>\n\t\t\t<\/a>\n\t\t<\/div>\n\t\t\t\t\t\t\t<\/div>\n\t\t\t\n\t\t\t\t<div id=\"ngg-image-4\" class=\"ngg-gallery-thumbnail-box\n\t\t\t\t\t\t\t\t\t\t\t\"\n\t\t\t>\n\t\t\t\t\t\t<div class=\"ngg-gallery-thumbnail\">\n\t\t\t<a href=\"https:\/\/blogsaverroes.juntadeandalucia.es\/ceipsanroquevillablanca\/wp-content\/uploads\/sites\/792\/nggallery\/instalaciones\/pactoestado.webp\"\n\t\t\t\ttitle=\"\"\n\t\t\t\tdata-src=\"https:\/\/blogsaverroes.juntadeandalucia.es\/ceipsanroquevillablanca\/wp-content\/uploads\/sites\/792\/nggallery\/instalaciones\/pactoestado.webp\"\n\t\t\t\tdata-thumbnail=\"https:\/\/blogsaverroes.juntadeandalucia.es\/ceipsanroquevillablanca\/wp-content\/uploads\/sites\/792\/nggallery\/instalaciones\/thumbs\/thumbs_pactoestado.webp\"\n\t\t\t\tdata-image-id=\"20\"\n\t\t\t\tdata-title=\"pactoestado\"\n\t\t\t\tdata-description=\"\"\n\t\t\t\tdata-image-slug=\"pactoestado\"\n\t\t\t\tclass=\"ngg-fancybox\" rel=\"7bd57b0a1e84a07a972d91eb4118437e\">\n\t\t\t\t<img\n\t\t\t\t\ttitle=\"pactoestado\"\n\t\t\t\t\talt=\"pactoestado\"\n\t\t\t\t\tsrc=\"https:\/\/blogsaverroes.juntadeandalucia.es\/ceipsanroquevillablanca\/wp-content\/uploads\/sites\/792\/nggallery\/instalaciones\/thumbs\/thumbs_pactoestado.webp\"\n\t\t\t\t\twidth=\"120\"\n\t\t\t\t\theight=\"90\"\n\t\t\t\t\tstyle=\"max-width:100%;\"\n\t\t\t\t\/>\n\t\t\t<\/a>\n\t\t<\/div>\n\t\t\t\t\t\t\t<\/div>\n\t\t\t\n\t\n\t<br style=\"clear: both\" \/>\n\n\t\t<div class=\"slideshowlink\">\n\t\t<a href='https:\/\/blogsaverroes.juntadeandalucia.es\/ceipsanroquevillablanca\/el-centro-2\/nggallery\/slideshow'>[Mostrar presentaci\u00f3n de diapositivas]<\/a>\n\n\t<\/div>\n\t\n\t\t<!-- Pagination -->\n\t\t<div class='ngg-clear'><\/div>\t<\/div>\n<\/p>\n","protected":false},"excerpt":{"rendered":"<p>Datos de contacto C.E.I.P. San Roque.&nbsp; Direcci\u00f3n:&nbsp;&nbsp;Calle Hermanos Pinz\u00f3n, 7. CP. 21590. &nbsp;Villablanca (Huelva).&nbsp; Tel\u00e9fono: 959349904.&nbsp; Fax: 959349903.&nbsp; Email:&nbsp;21002987.edu@juntadeandalucia.es Horarios Reflejar el horario de apertura del centro: aula matinal, actividades lectivas, Plan de Acompa\u00f1amiento,&#46;&#46;&#46;<\/p>\n","protected":false},"author":1,"featured_media":0,"parent":0,"menu_order":0,"comment_status":"closed","ping_status":"open","template":"","meta":{"ngg_post_thumbnail":0,"footnotes":"","_mc_calendar":[]},"aioseo_notices":[],"_links":{"self":[{"href":"https:\/\/blogsaverroes.juntadeandalucia.es\/ceipsanroquevillablanca\/wp-json\/wp\/v2\/pages\/35"}],"collection":[{"href":"https:\/\/blogsaverroes.juntadeandalucia.es\/ceipsanroquevillablanca\/wp-json\/wp\/v2\/pages"}],"about":[{"href":"https:\/\/blogsaverroes.juntadeandalucia.es\/ceipsanroquevillablanca\/wp-json\/wp\/v2\/types\/page"}],"author":[{"embeddable":true,"href":"https:\/\/blogsaverroes.juntadeandalucia.es\/ceipsanroquevillablanca\/wp-json\/wp\/v2\/users\/1"}],"replies":[{"embeddable":true,"href":"https:\/\/blogsaverroes.juntadeandalucia.es\/ceipsanroquevillablanca\/wp-json\/wp\/v2\/comments?post=35"}],"version-history":[{"count":9,"href":"https:\/\/blogsaverroes.juntadeandalucia.es\/ceipsanroquevillablanca\/wp-json\/wp\/v2\/pages\/35\/revisions"}],"predecessor-version":[{"id":2280,"href":"https:\/\/blogsaverroes.juntadeandalucia.es\/ceipsanroquevillablanca\/wp-json\/wp\/v2\/pages\/35\/revisions\/2280"}],"wp:attachment":[{"href":"https:\/\/blogsaverroes.juntadeandalucia.es\/ceipsanroquevillablanca\/wp-json\/wp\/v2\/media?parent=35"}],"curies":[{"name":"wp","href":"https:\/\/api.w.org\/{rel}","templated":true}]}}