{"id":2855,"date":"2020-11-24T12:35:24","date_gmt":"2020-11-24T11:35:24","guid":{"rendered":"http:\/\/blogsaverroes.juntadeandalucia.es\/ceipsansebastian\/?page_id=2855"},"modified":"2021-04-16T11:56:27","modified_gmt":"2021-04-16T09:56:27","slug":"video-cuentos","status":"publish","type":"page","link":"https:\/\/blogsaverroes.juntadeandalucia.es\/ceipsansebastian\/biblioteca\/video-cuentos\/","title":{"rendered":"VIDEO CUENTOS"},"content":{"rendered":"<p>El d\u00eda 22 de marzo se celebra <strong>el d\u00eda mundial del agua <\/strong>para recordarnos su importancia en nuestro d\u00eda a d\u00eda. Para ello nuestra se\u00f1o Carmela da voz a una gota de agua para que los peque\u00f1os aprendan con este videocuento.<\/p>\n<p style=\"text-align: center\"><em>Soy una gota<br \/>\n<\/em><\/p>\n<p><iframe loading=\"lazy\" title=\"Soy una gota\" width=\"843\" height=\"474\" src=\"https:\/\/www.youtube.com\/embed\/hp7G3smRdUk?feature=oembed\" frameborder=\"0\" allow=\"accelerometer; autoplay; clipboard-write; encrypted-media; gyroscope; picture-in-picture\" allowfullscreen><\/iframe><\/p>\n<p>&nbsp;<\/p>\n<p>&nbsp;<\/p>\n<p>Hoy toca escuchar a&#8230;<\/p>\n<p style=\"text-align: center\">&nbsp;&nbsp;&nbsp;&nbsp;&nbsp;&nbsp;&nbsp;&nbsp;&nbsp;&nbsp; nuestros peques de infantil quienes dan voz a este videocuento que trabajamos en <strong>el d\u00eda del padre<\/strong>. \u00bfD\u00f3nde se encuentran los besos? \u00bfC\u00f3mo son? Escucha las dulces voces de nuestros ni\u00f1os\/as del CEIP San Sebasti\u00e1n.<\/p>\n<p style=\"text-align: center\"><em>Besos para cada momento<\/em><\/p>\n<p><iframe loading=\"lazy\" title=\"Besos para cada momento\" width=\"843\" height=\"474\" src=\"https:\/\/www.youtube.com\/embed\/3UTv-ESRJds?feature=oembed\" frameborder=\"0\" allow=\"accelerometer; autoplay; clipboard-write; encrypted-media; gyroscope; picture-in-picture\" allowfullscreen><\/iframe><\/p>\n<p>&nbsp;<\/p>\n<p style=\"text-align: left\">Para la celebraci\u00f3n del <strong>d\u00eda Internacional de la Mujer<\/strong>, desde la biblioteca de nuestro colegio encontramos este cuento digital para los m\u00e1s peque\u00f1os.<\/p>\n<p style=\"text-align: center\"><em>Mam\u00e1 Robot<\/em><\/p>\n<p><iframe loading=\"lazy\" title=\"Mam\u00e1 Robot\" width=\"843\" height=\"474\" src=\"https:\/\/www.youtube.com\/embed\/NsPIGk0hqlA?feature=oembed\" frameborder=\"0\" allow=\"accelerometer; autoplay; clipboard-write; encrypted-media; gyroscope; picture-in-picture\" allowfullscreen><\/iframe><\/p>\n<p>&nbsp;<\/p>\n<p><span style=\"color: #ff0000\"><em><strong>\u00abYO SER\u00c9 TRES MIL MILLONES DE NI\u00d1OS\u00bb.<\/strong><\/em><\/span><\/p>\n<p>DESDE LA BIBLIOTECA Y EN EL D\u00cdA DE HOY, hemos trabajado este cuento, del cual se ha realizado un booktrailer, elaborado con las voces de nuestro alumnado, con una dulzura que merece ser escuchado en cualquier momento.<\/p>\n<p>Gracias a todos, esto es lo que realmente importa en la vida.<\/p>\n<p><iframe loading=\"lazy\" title=\"Yo ser\u00e9 tres mil millones de ni\u00f1os\" width=\"843\" height=\"474\" src=\"https:\/\/www.youtube.com\/embed\/XLkyP03oEq8?feature=oembed\" frameborder=\"0\" allow=\"accelerometer; autoplay; clipboard-write; encrypted-media; gyroscope; picture-in-picture\" allowfullscreen><\/iframe><\/p>\n<p>&nbsp;<\/p>\n<p><em><strong><span style=\"color: #ff0000\">\u00abLA PRINCESA ABURRIDA\u00bb<\/span><\/strong><\/em><\/p>\n<p><iframe loading=\"lazy\" title=\"La Princesa Aburrida\" width=\"843\" height=\"474\" src=\"https:\/\/www.youtube.com\/embed\/4XunnpwK_kM?feature=oembed\" frameborder=\"0\" allow=\"accelerometer; autoplay; clipboard-write; encrypted-media; gyroscope; picture-in-picture\" allowfullscreen><\/iframe><\/p>\n<p>&nbsp;<\/p>\n<p>D\u00cdA DE LA PAZ 2021<\/p>\n<p>LEONOR Y LA PALOMA DE LA PAZ<\/p>\n<p><iframe loading=\"lazy\" title=\"Leonor y la Paloma de la Paz\" width=\"843\" height=\"474\" src=\"https:\/\/www.youtube.com\/embed\/85z0ZBT1P1g?feature=oembed\" frameborder=\"0\" allow=\"accelerometer; autoplay; clipboard-write; encrypted-media; gyroscope; picture-in-picture\" allowfullscreen><\/iframe><\/p>\n","protected":false},"excerpt":{"rendered":"<p>El d\u00eda 22 de marzo se celebra el d\u00eda mundial del agua para recordarnos su importancia en nuestro d\u00eda a d\u00eda. Para ello nuestra se\u00f1o&hellip;<\/p>\n","protected":false},"author":3474,"featured_media":0,"parent":113,"menu_order":0,"comment_status":"closed","ping_status":"closed","template":"page-template-full.php","meta":{"ngg_post_thumbnail":0,"footnotes":"","_mc_calendar":[]},"aioseo_notices":[],"_links":{"self":[{"href":"https:\/\/blogsaverroes.juntadeandalucia.es\/ceipsansebastian\/wp-json\/wp\/v2\/pages\/2855"}],"collection":[{"href":"https:\/\/blogsaverroes.juntadeandalucia.es\/ceipsansebastian\/wp-json\/wp\/v2\/pages"}],"about":[{"href":"https:\/\/blogsaverroes.juntadeandalucia.es\/ceipsansebastian\/wp-json\/wp\/v2\/types\/page"}],"author":[{"embeddable":true,"href":"https:\/\/blogsaverroes.juntadeandalucia.es\/ceipsansebastian\/wp-json\/wp\/v2\/users\/3474"}],"replies":[{"embeddable":true,"href":"https:\/\/blogsaverroes.juntadeandalucia.es\/ceipsansebastian\/wp-json\/wp\/v2\/comments?post=2855"}],"version-history":[{"count":7,"href":"https:\/\/blogsaverroes.juntadeandalucia.es\/ceipsansebastian\/wp-json\/wp\/v2\/pages\/2855\/revisions"}],"predecessor-version":[{"id":3076,"href":"https:\/\/blogsaverroes.juntadeandalucia.es\/ceipsansebastian\/wp-json\/wp\/v2\/pages\/2855\/revisions\/3076"}],"up":[{"embeddable":true,"href":"https:\/\/blogsaverroes.juntadeandalucia.es\/ceipsansebastian\/wp-json\/wp\/v2\/pages\/113"}],"wp:attachment":[{"href":"https:\/\/blogsaverroes.juntadeandalucia.es\/ceipsansebastian\/wp-json\/wp\/v2\/media?parent=2855"}],"curies":[{"name":"wp","href":"https:\/\/api.w.org\/{rel}","templated":true}]}}