{"id":44,"date":"2023-09-04T12:00:15","date_gmt":"2023-09-04T10:00:15","guid":{"rendered":"http:\/\/blogsaverroes.juntadeandalucia.es\/pre\/ceip\/?page_id=44"},"modified":"2024-11-06T11:58:14","modified_gmt":"2024-11-06T10:58:14","slug":"planes-y-proyectos","status":"publish","type":"page","link":"https:\/\/blogsaverroes.juntadeandalucia.es\/ceipsansebastian\/planes-y-proyectos\/","title":{"rendered":"PLANES Y PROGRAMAS"},"content":{"rendered":"<table id=\"Gen_Id_000001\" class=\"table table-header-sticky-top table-hover table-bordered table-striped table-collapsable-SNC tabla-SNC TableData table-319\">\n<thead>\n<tr class=\"menuContextual\">\n<th class=\"text-left cabecera \">\n<div class=\"d-block\">Plan\/Proyecto\/Programa<br \/>\nEducativo<\/div>\n<\/th>\n<th class=\"text-left cabecera \">\n<div class=\"d-block\">Per\u00edodo de aplicaci\u00f3n<\/div>\n<\/th>\n<\/tr>\n<\/thead>\n<tbody>\n<tr class=\"menuContextual snc-row-0\">\n<td class=\"enlaceTabla text-left snc-col-0 cuerpo1  celdaConEnlaces\" rowspan=\"1\">\n<div class=\"d-block\"><span class=\"texto-SNC \">Plan de igualdad de g\u00e9nero en educaci\u00f3n<\/span><\/div>\n<\/td>\n<td class=\"text-left snc-col-1 cuerpo1  celdaConEnlaces\">\n<div class=\"d-block\"><span class=\"texto-SNC \">Permanentemente<\/span><\/div>\n<\/td>\n<\/tr>\n<tr class=\"menuContextual snc-row-1\">\n<td class=\"enlaceTabla text-left snc-col-0 cuerpo2  celdaConEnlaces\" rowspan=\"1\">\n<div class=\"d-block\"><span class=\"texto-SNC \">Plan de apertura de centros docentes<\/span><\/div>\n<\/td>\n<td class=\"text-left snc-col-1 cuerpo2  celdaConEnlaces\">\n<div class=\"d-block\"><span class=\"texto-SNC \">Permanentemente<\/span><\/div>\n<\/td>\n<\/tr>\n<tr class=\"menuContextual snc-row-2\">\n<td class=\"enlaceTabla text-left snc-col-0 cuerpo1  celdaConEnlaces\" rowspan=\"1\">\n<div class=\"d-block\"><span class=\"texto-SNC \">Plan de Salud Laboral y P.R.L.<\/span><\/div>\n<\/td>\n<td class=\"text-left snc-col-1 cuerpo1  celdaConEnlaces\">\n<div class=\"d-block\"><span class=\"texto-SNC \">Permanentemente<\/span><\/div>\n<\/td>\n<\/tr>\n<tr class=\"menuContextual snc-row-3\">\n<td class=\"enlaceTabla text-left snc-col-0 cuerpo2  celdaConEnlaces\" rowspan=\"1\">\n<div class=\"d-block\"><span class=\"texto-SNC \">Organizaci\u00f3n y Funcionamiento de las Bibliotecas Escolares<\/span><\/div>\n<\/td>\n<td class=\"text-left snc-col-1 cuerpo2  celdaConEnlaces\">\n<div class=\"d-block\"><span class=\"texto-SNC \">Permanentemente<\/span><\/div>\n<\/td>\n<\/tr>\n<tr class=\"menuContextual snc-row-4\">\n<td class=\"enlaceTabla text-left snc-col-0 cuerpo1  celdaConEnlaces\" rowspan=\"1\">\n<div class=\"d-block\"><span class=\"texto-SNC \">Pr\u00e1cticum Grado Maestro<\/span><\/div>\n<\/td>\n<td class=\"text-left snc-col-1 cuerpo1  celdaConEnlaces\">\n<div class=\"d-block\"><span class=\"texto-SNC \">DESDE 01\/09\/2024 &#8211; 31\/08\/2025<\/span><\/div>\n<\/td>\n<\/tr>\n<tr class=\"menuContextual snc-row-5\">\n<td class=\"enlaceTabla text-left snc-col-0 cuerpo2  celdaConEnlaces\" rowspan=\"1\">\n<div class=\"d-block\"><span class=\"texto-SNC \">Red Andaluza Escuela: \u00abEspacio de Paz\u00bb<\/span><\/div>\n<\/td>\n<td class=\"text-left snc-col-1 cuerpo2  celdaConEnlaces\">\n<div class=\"d-block\"><span class=\"texto-SNC \">DESDE 01\/09\/2024 &#8211; 31\/08\/2025<\/span><\/div>\n<\/td>\n<\/tr>\n<tr class=\"menuContextual snc-row-6\">\n<td class=\"enlaceTabla text-left snc-col-0 cuerpo1  celdaConEnlaces\" rowspan=\"1\">\n<div class=\"d-block\"><span class=\"texto-SNC \">Transformaci\u00f3n Digital Educativa<\/span><\/div>\n<\/td>\n<td class=\"text-left snc-col-1 cuerpo1  celdaConEnlaces\">\n<div class=\"d-block\"><span class=\"texto-SNC \">DESDE 01\/09\/2024 &#8211; 31\/08\/2025<\/span><\/div>\n<\/td>\n<\/tr>\n<\/tbody>\n<\/table>\n<p style=\"text-align: justify\">&nbsp;<\/p>\n","protected":false},"excerpt":{"rendered":"<p>Plan\/Proyecto\/Programa Educativo Per\u00edodo de aplicaci\u00f3n Plan de igualdad de g\u00e9nero en educaci\u00f3n Permanentemente Plan de apertura de centros docentes Permanentemente Plan de Salud Laboral y&hellip;<\/p>\n","protected":false},"author":1,"featured_media":0,"parent":0,"menu_order":0,"comment_status":"open","ping_status":"closed","template":"","meta":{"ngg_post_thumbnail":0,"footnotes":"","_mc_calendar":[]},"aioseo_notices":[],"_links":{"self":[{"href":"https:\/\/blogsaverroes.juntadeandalucia.es\/ceipsansebastian\/wp-json\/wp\/v2\/pages\/44"}],"collection":[{"href":"https:\/\/blogsaverroes.juntadeandalucia.es\/ceipsansebastian\/wp-json\/wp\/v2\/pages"}],"about":[{"href":"https:\/\/blogsaverroes.juntadeandalucia.es\/ceipsansebastian\/wp-json\/wp\/v2\/types\/page"}],"author":[{"embeddable":true,"href":"https:\/\/blogsaverroes.juntadeandalucia.es\/ceipsansebastian\/wp-json\/wp\/v2\/users\/1"}],"replies":[{"embeddable":true,"href":"https:\/\/blogsaverroes.juntadeandalucia.es\/ceipsansebastian\/wp-json\/wp\/v2\/comments?post=44"}],"version-history":[{"count":17,"href":"https:\/\/blogsaverroes.juntadeandalucia.es\/ceipsansebastian\/wp-json\/wp\/v2\/pages\/44\/revisions"}],"predecessor-version":[{"id":4246,"href":"https:\/\/blogsaverroes.juntadeandalucia.es\/ceipsansebastian\/wp-json\/wp\/v2\/pages\/44\/revisions\/4246"}],"wp:attachment":[{"href":"https:\/\/blogsaverroes.juntadeandalucia.es\/ceipsansebastian\/wp-json\/wp\/v2\/media?parent=44"}],"curies":[{"name":"wp","href":"https:\/\/api.w.org\/{rel}","templated":true}]}}