{"id":871,"date":"2015-03-16T07:25:46","date_gmt":"2015-03-16T07:25:46","guid":{"rendered":"http:\/\/blogsaverroes.juntadeandalucia.es\/pre\/ceip\/?page_id=106"},"modified":"2024-11-07T09:26:20","modified_gmt":"2024-11-07T08:26:20","slug":"actividades-extraescolares","status":"publish","type":"page","link":"https:\/\/blogsaverroes.juntadeandalucia.es\/ceipsansebastian\/actividades-extraescolares\/","title":{"rendered":"ACTIVIDADES EXTRAESCOLARES"},"content":{"rendered":"<h4 style=\"text-align: justify\">Actividades extraescolares<\/h4>\n<p style=\"text-align: justify\"><a href=\"http:\/\/blogsaverroes.juntadeandalucia.es\/ceipsansebastian\/files\/2015\/03\/talleres.jpg\"><img loading=\"lazy\" decoding=\"async\" class=\" alignnone wp-image-228 size-medium alignleft\" src=\"http:\/\/blogsaverroes.juntadeandalucia.es\/ceipsansebastian\/files\/2015\/03\/talleres-300x199.jpg\" alt=\"\" width=\"300\" height=\"199\" srcset=\"https:\/\/blogsaverroes.juntadeandalucia.es\/ceipsansebastian\/files\/2015\/03\/talleres-300x199.jpg 300w, https:\/\/blogsaverroes.juntadeandalucia.es\/ceipsansebastian\/files\/2015\/03\/talleres-1024x682.jpg 1024w, https:\/\/blogsaverroes.juntadeandalucia.es\/ceipsansebastian\/files\/2015\/03\/talleres.jpg 1280w\" sizes=\"(max-width: 300px) 100vw, 300px\" \/><\/a><\/p>\n<p style=\"text-align: justify\">Las actividades extraescolares tienen lugar en horario de tarde, desde las 16:00&nbsp;hasta las 18.00, y en ellas se lleva a cabo la actividad de Ingl\u00e9s.<\/p>\n<p style=\"text-align: justify\">Para hacer posible la realizaci\u00f3n de estas actividades fuera del horario lectivo,&nbsp;el Centro&nbsp;abre sus instalaciones hasta las 18.00 todos los d\u00edas lectivos con excepci\u00f3n de los viernes. Horarios<\/p>\n<p>&nbsp;<\/p>\n<p>ACTIVIDADES EXTRAESCOLARES CURSO 24\/25: PROA, ENSE\u00d1ANZA DIGITAL, P\u00c1DEL.<\/p>\n<p style=\"text-align: justify\">Las Actividades Extraescolares se podr\u00e1n solicitar durante el plazo de matr\u00edcula a primeros de junio.<\/p>\n","protected":false},"excerpt":{"rendered":"<p>Actividades extraescolares Las actividades extraescolares tienen lugar en horario de tarde, desde las 16:00&nbsp;hasta las 18.00, y en ellas se lleva a cabo la actividad&hellip;<\/p>\n","protected":false},"author":1,"featured_media":0,"parent":0,"menu_order":0,"comment_status":"open","ping_status":"open","template":"","meta":{"ngg_post_thumbnail":0,"footnotes":"","_mc_calendar":[]},"aioseo_notices":[],"_links":{"self":[{"href":"https:\/\/blogsaverroes.juntadeandalucia.es\/ceipsansebastian\/wp-json\/wp\/v2\/pages\/871"}],"collection":[{"href":"https:\/\/blogsaverroes.juntadeandalucia.es\/ceipsansebastian\/wp-json\/wp\/v2\/pages"}],"about":[{"href":"https:\/\/blogsaverroes.juntadeandalucia.es\/ceipsansebastian\/wp-json\/wp\/v2\/types\/page"}],"author":[{"embeddable":true,"href":"https:\/\/blogsaverroes.juntadeandalucia.es\/ceipsansebastian\/wp-json\/wp\/v2\/users\/1"}],"replies":[{"embeddable":true,"href":"https:\/\/blogsaverroes.juntadeandalucia.es\/ceipsansebastian\/wp-json\/wp\/v2\/comments?post=871"}],"version-history":[{"count":14,"href":"https:\/\/blogsaverroes.juntadeandalucia.es\/ceipsansebastian\/wp-json\/wp\/v2\/pages\/871\/revisions"}],"predecessor-version":[{"id":4250,"href":"https:\/\/blogsaverroes.juntadeandalucia.es\/ceipsansebastian\/wp-json\/wp\/v2\/pages\/871\/revisions\/4250"}],"wp:attachment":[{"href":"https:\/\/blogsaverroes.juntadeandalucia.es\/ceipsansebastian\/wp-json\/wp\/v2\/media?parent=871"}],"curies":[{"name":"wp","href":"https:\/\/api.w.org\/{rel}","templated":true}]}}